{"id":9329,"date":"2026-04-16T20:55:50","date_gmt":"2026-04-16T20:55:50","guid":{"rendered":"https:\/\/tunisia-savory.com\/?post_type=product&#038;p=9329"},"modified":"2026-04-28T12:58:01","modified_gmt":"2026-04-28T12:58:01","slug":"anchois-a-lhuile","status":"publish","type":"product","link":"https:\/\/tunisia-savory.com\/ar\/product\/anchois-a-lhuile\/","title":{"rendered":"Anchois \u00e0 l&rsquo;huile"},"content":{"rendered":"","protected":false},"excerpt":{"rendered":"","protected":false},"featured_media":9681,"comment_status":"closed","ping_status":"closed","template":"","meta":[],"product_brand":[],"product_cat":[356],"product_tag":[],"class_list":{"0":"post-9329","1":"product","2":"type-product","3":"status-publish","4":"has-post-thumbnail","6":"product_cat-signature-savory","8":"first","9":"instock","10":"shipping-taxable","11":"purchasable","12":"product-type-variable","13":"has-default-attributes"},"yoast_head":"<!-- This site is optimized with the Yoast SEO plugin v27.4 - https:\/\/yoast.com\/product\/yoast-seo-wordpress\/ -->\n<title>Anchois \u00e0 l\u2019huile d\u2019olive \u2013 Tunisia Savory<\/title>\n<meta name=\"description\" content=\"Savourez nos anchois \u00e0 l\u2019huile, pr\u00e9par\u00e9s artisanalement en Tunisie. Go\u00fbt intense, 100% naturel, parfaits pour salades, pizzas et ap\u00e9ritifs.\" \/>\n<meta name=\"robots\" content=\"index, follow, max-snippet:-1, max-image-preview:large, max-video-preview:-1\" \/>\n<link rel=\"canonical\" href=\"https:\/\/tunisia-savory.com\/ar\/product\/anchois-a-lhuile\/\" \/>\n<meta property=\"og:locale\" content=\"ar_AR\" \/>\n<meta property=\"og:type\" content=\"article\" \/>\n<meta property=\"og:title\" content=\"Anchois \u00e0 l\u2019huile d\u2019olive \u2013 Tunisia Savory\" \/>\n<meta property=\"og:description\" content=\"Savourez nos anchois \u00e0 l\u2019huile, pr\u00e9par\u00e9s artisanalement en Tunisie. Go\u00fbt intense, 100% naturel, parfaits pour salades, pizzas et ap\u00e9ritifs.\" \/>\n<meta property=\"og:url\" content=\"https:\/\/tunisia-savory.com\/ar\/product\/anchois-a-lhuile\/\" \/>\n<meta property=\"og:site_name\" content=\"Tunisia-savory.com\" \/>\n<meta property=\"article:publisher\" content=\"https:\/\/www.facebook.com\/profile.php?id=61584505435972\" \/>\n<meta property=\"article:modified_time\" content=\"2026-04-28T12:58:01+00:00\" \/>\n<meta property=\"og:image\" content=\"https:\/\/tunisia-savory.com\/wp-content\/uploads\/2026\/04\/Anchois-a-lhuile.png\" \/>\n\t<meta property=\"og:image:width\" content=\"700\" \/>\n\t<meta property=\"og:image:height\" content=\"800\" \/>\n\t<meta property=\"og:image:type\" content=\"image\/png\" \/>\n<meta name=\"twitter:card\" content=\"summary_large_image\" \/>\n<meta name=\"twitter:label1\" content=\"\u0648\u0642\u062a \u0627\u0644\u0642\u0631\u0627\u0621\u0629 \u0627\u0644\u0645\u064f\u0642\u062f\u0651\u0631\" \/>\n\t<meta name=\"twitter:data1\" content=\"\u062f\u0642\u064a\u0642\u0629 \u0648\u0627\u062d\u062f\u0629\" \/>\n<script type=\"application\/ld+json\" class=\"yoast-schema-graph\">{\"@context\":\"https:\\\/\\\/schema.org\",\"@graph\":[{\"@type\":\"WebPage\",\"@id\":\"https:\\\/\\\/tunisia-savory.com\\\/produit\\\/anchois-a-lhuile\\\/\",\"url\":\"https:\\\/\\\/tunisia-savory.com\\\/produit\\\/anchois-a-lhuile\\\/\",\"name\":\"Anchois \u00e0 l\u2019huile d\u2019olive \u2013 Tunisia Savory\",\"isPartOf\":{\"@id\":\"https:\\\/\\\/tunisia-savory.com\\\/#website\"},\"primaryImageOfPage\":{\"@id\":\"https:\\\/\\\/tunisia-savory.com\\\/produit\\\/anchois-a-lhuile\\\/#primaryimage\"},\"image\":{\"@id\":\"https:\\\/\\\/tunisia-savory.com\\\/produit\\\/anchois-a-lhuile\\\/#primaryimage\"},\"thumbnailUrl\":\"https:\\\/\\\/tunisia-savory.com\\\/wp-content\\\/uploads\\\/2026\\\/04\\\/Anchois-a-lhuile.png\",\"datePublished\":\"2026-04-16T20:55:50+00:00\",\"dateModified\":\"2026-04-28T12:58:01+00:00\",\"description\":\"Savourez nos anchois \u00e0 l\u2019huile, pr\u00e9par\u00e9s artisanalement en Tunisie. Go\u00fbt intense, 100% naturel, parfaits pour salades, pizzas et ap\u00e9ritifs.\",\"breadcrumb\":{\"@id\":\"https:\\\/\\\/tunisia-savory.com\\\/produit\\\/anchois-a-lhuile\\\/#breadcrumb\"},\"inLanguage\":\"ar\",\"potentialAction\":[{\"@type\":\"ReadAction\",\"target\":[\"https:\\\/\\\/tunisia-savory.com\\\/produit\\\/anchois-a-lhuile\\\/\"]}]},{\"@type\":\"ImageObject\",\"inLanguage\":\"ar\",\"@id\":\"https:\\\/\\\/tunisia-savory.com\\\/produit\\\/anchois-a-lhuile\\\/#primaryimage\",\"url\":\"https:\\\/\\\/tunisia-savory.com\\\/wp-content\\\/uploads\\\/2026\\\/04\\\/Anchois-a-lhuile.png\",\"contentUrl\":\"https:\\\/\\\/tunisia-savory.com\\\/wp-content\\\/uploads\\\/2026\\\/04\\\/Anchois-a-lhuile.png\",\"width\":700,\"height\":800,\"caption\":\"Anchois \u00e0 l\u2019huile\"},{\"@type\":\"BreadcrumbList\",\"@id\":\"https:\\\/\\\/tunisia-savory.com\\\/produit\\\/anchois-a-lhuile\\\/#breadcrumb\",\"itemListElement\":[{\"@type\":\"ListItem\",\"position\":1,\"name\":\"Accueil\",\"item\":\"https:\\\/\\\/tunisia-savory.com\\\/\"},{\"@type\":\"ListItem\",\"position\":2,\"name\":\"Boutique\",\"item\":\"https:\\\/\\\/tunisia-savory.com\\\/boutique-epicerie-tunisie\\\/\"},{\"@type\":\"ListItem\",\"position\":3,\"name\":\"Anchois \u00e0 l&rsquo;huile\"}]},{\"@type\":\"WebSite\",\"@id\":\"https:\\\/\\\/tunisia-savory.com\\\/#website\",\"url\":\"https:\\\/\\\/tunisia-savory.com\\\/\",\"name\":\"Tunisia-savory.com\",\"description\":\"Tunisia-savory.com\",\"publisher\":{\"@id\":\"https:\\\/\\\/tunisia-savory.com\\\/#organization\"},\"potentialAction\":[{\"@type\":\"SearchAction\",\"target\":{\"@type\":\"EntryPoint\",\"urlTemplate\":\"https:\\\/\\\/tunisia-savory.com\\\/?s={search_term_string}\"},\"query-input\":{\"@type\":\"PropertyValueSpecification\",\"valueRequired\":true,\"valueName\":\"search_term_string\"}}],\"inLanguage\":\"ar\"},{\"@type\":\"Organization\",\"@id\":\"https:\\\/\\\/tunisia-savory.com\\\/#organization\",\"name\":\"Tunisia-savory.com\",\"url\":\"https:\\\/\\\/tunisia-savory.com\\\/\",\"logo\":{\"@type\":\"ImageObject\",\"inLanguage\":\"ar\",\"@id\":\"https:\\\/\\\/tunisia-savory.com\\\/#\\\/schema\\\/logo\\\/image\\\/\",\"url\":\"https:\\\/\\\/tunisia-savory.com\\\/wp-content\\\/uploads\\\/2026\\\/01\\\/logo-dark.png\",\"contentUrl\":\"https:\\\/\\\/tunisia-savory.com\\\/wp-content\\\/uploads\\\/2026\\\/01\\\/logo-dark.png\",\"width\":552,\"height\":132,\"caption\":\"Tunisia-savory.com\"},\"image\":{\"@id\":\"https:\\\/\\\/tunisia-savory.com\\\/#\\\/schema\\\/logo\\\/image\\\/\"},\"sameAs\":[\"https:\\\/\\\/www.facebook.com\\\/profile.php?id=61584505435972\",\"https:\\\/\\\/www.instagram.com\\\/tunisiasavory\\\/\"]}]}<\/script>\n<!-- \/ Yoast SEO plugin. -->","yoast_head_json":{"title":"Anchois \u00e0 l\u2019huile d\u2019olive \u2013 Tunisia Savory","description":"Savourez nos anchois \u00e0 l\u2019huile, pr\u00e9par\u00e9s artisanalement en Tunisie. Go\u00fbt intense, 100% naturel, parfaits pour salades, pizzas et ap\u00e9ritifs.","robots":{"index":"index","follow":"follow","max-snippet":"max-snippet:-1","max-image-preview":"max-image-preview:large","max-video-preview":"max-video-preview:-1"},"canonical":"https:\/\/tunisia-savory.com\/ar\/product\/anchois-a-lhuile\/","og_locale":"ar_AR","og_type":"article","og_title":"Anchois \u00e0 l\u2019huile d\u2019olive \u2013 Tunisia Savory","og_description":"Savourez nos anchois \u00e0 l\u2019huile, pr\u00e9par\u00e9s artisanalement en Tunisie. Go\u00fbt intense, 100% naturel, parfaits pour salades, pizzas et ap\u00e9ritifs.","og_url":"https:\/\/tunisia-savory.com\/ar\/product\/anchois-a-lhuile\/","og_site_name":"Tunisia-savory.com","article_publisher":"https:\/\/www.facebook.com\/profile.php?id=61584505435972","article_modified_time":"2026-04-28T12:58:01+00:00","og_image":[{"width":700,"height":800,"url":"https:\/\/tunisia-savory.com\/wp-content\/uploads\/2026\/04\/Anchois-a-lhuile.png","type":"image\/png"}],"twitter_card":"summary_large_image","twitter_misc":{"\u0648\u0642\u062a \u0627\u0644\u0642\u0631\u0627\u0621\u0629 \u0627\u0644\u0645\u064f\u0642\u062f\u0651\u0631":"\u062f\u0642\u064a\u0642\u0629 \u0648\u0627\u062d\u062f\u0629"},"schema":{"@context":"https:\/\/schema.org","@graph":[{"@type":"WebPage","@id":"https:\/\/tunisia-savory.com\/produit\/anchois-a-lhuile\/","url":"https:\/\/tunisia-savory.com\/produit\/anchois-a-lhuile\/","name":"Anchois \u00e0 l\u2019huile d\u2019olive \u2013 Tunisia Savory","isPartOf":{"@id":"https:\/\/tunisia-savory.com\/#website"},"primaryImageOfPage":{"@id":"https:\/\/tunisia-savory.com\/produit\/anchois-a-lhuile\/#primaryimage"},"image":{"@id":"https:\/\/tunisia-savory.com\/produit\/anchois-a-lhuile\/#primaryimage"},"thumbnailUrl":"https:\/\/tunisia-savory.com\/wp-content\/uploads\/2026\/04\/Anchois-a-lhuile.png","datePublished":"2026-04-16T20:55:50+00:00","dateModified":"2026-04-28T12:58:01+00:00","description":"Savourez nos anchois \u00e0 l\u2019huile, pr\u00e9par\u00e9s artisanalement en Tunisie. Go\u00fbt intense, 100% naturel, parfaits pour salades, pizzas et ap\u00e9ritifs.","breadcrumb":{"@id":"https:\/\/tunisia-savory.com\/produit\/anchois-a-lhuile\/#breadcrumb"},"inLanguage":"ar","potentialAction":[{"@type":"ReadAction","target":["https:\/\/tunisia-savory.com\/produit\/anchois-a-lhuile\/"]}]},{"@type":"ImageObject","inLanguage":"ar","@id":"https:\/\/tunisia-savory.com\/produit\/anchois-a-lhuile\/#primaryimage","url":"https:\/\/tunisia-savory.com\/wp-content\/uploads\/2026\/04\/Anchois-a-lhuile.png","contentUrl":"https:\/\/tunisia-savory.com\/wp-content\/uploads\/2026\/04\/Anchois-a-lhuile.png","width":700,"height":800,"caption":"Anchois \u00e0 l\u2019huile"},{"@type":"BreadcrumbList","@id":"https:\/\/tunisia-savory.com\/produit\/anchois-a-lhuile\/#breadcrumb","itemListElement":[{"@type":"ListItem","position":1,"name":"Accueil","item":"https:\/\/tunisia-savory.com\/"},{"@type":"ListItem","position":2,"name":"Boutique","item":"https:\/\/tunisia-savory.com\/boutique-epicerie-tunisie\/"},{"@type":"ListItem","position":3,"name":"Anchois \u00e0 l&rsquo;huile"}]},{"@type":"WebSite","@id":"https:\/\/tunisia-savory.com\/#website","url":"https:\/\/tunisia-savory.com\/","name":"Tunisia-savory.com","description":"Tunisia-savory.com","publisher":{"@id":"https:\/\/tunisia-savory.com\/#organization"},"potentialAction":[{"@type":"SearchAction","target":{"@type":"EntryPoint","urlTemplate":"https:\/\/tunisia-savory.com\/?s={search_term_string}"},"query-input":{"@type":"PropertyValueSpecification","valueRequired":true,"valueName":"search_term_string"}}],"inLanguage":"ar"},{"@type":"Organization","@id":"https:\/\/tunisia-savory.com\/#organization","name":"Tunisia-savory.com","url":"https:\/\/tunisia-savory.com\/","logo":{"@type":"ImageObject","inLanguage":"ar","@id":"https:\/\/tunisia-savory.com\/#\/schema\/logo\/image\/","url":"https:\/\/tunisia-savory.com\/wp-content\/uploads\/2026\/01\/logo-dark.png","contentUrl":"https:\/\/tunisia-savory.com\/wp-content\/uploads\/2026\/01\/logo-dark.png","width":552,"height":132,"caption":"Tunisia-savory.com"},"image":{"@id":"https:\/\/tunisia-savory.com\/#\/schema\/logo\/image\/"},"sameAs":["https:\/\/www.facebook.com\/profile.php?id=61584505435972","https:\/\/www.instagram.com\/tunisiasavory\/"]}]}},"_links":{"self":[{"href":"https:\/\/tunisia-savory.com\/ar\/wp-json\/wp\/v2\/product\/9329","targetHints":{"allow":["GET"]}}],"collection":[{"href":"https:\/\/tunisia-savory.com\/ar\/wp-json\/wp\/v2\/product"}],"about":[{"href":"https:\/\/tunisia-savory.com\/ar\/wp-json\/wp\/v2\/types\/product"}],"replies":[{"embeddable":true,"href":"https:\/\/tunisia-savory.com\/ar\/wp-json\/wp\/v2\/comments?post=9329"}],"version-history":[{"count":1,"href":"https:\/\/tunisia-savory.com\/ar\/wp-json\/wp\/v2\/product\/9329\/revisions"}],"predecessor-version":[{"id":9334,"href":"https:\/\/tunisia-savory.com\/ar\/wp-json\/wp\/v2\/product\/9329\/revisions\/9334"}],"wp:featuredmedia":[{"embeddable":true,"href":"https:\/\/tunisia-savory.com\/ar\/wp-json\/wp\/v2\/media\/9681"}],"wp:attachment":[{"href":"https:\/\/tunisia-savory.com\/ar\/wp-json\/wp\/v2\/media?parent=9329"}],"wp:term":[{"taxonomy":"product_brand","embeddable":true,"href":"https:\/\/tunisia-savory.com\/ar\/wp-json\/wp\/v2\/product_brand?post=9329"},{"taxonomy":"product_cat","embeddable":true,"href":"https:\/\/tunisia-savory.com\/ar\/wp-json\/wp\/v2\/product_cat?post=9329"},{"taxonomy":"product_tag","embeddable":true,"href":"https:\/\/tunisia-savory.com\/ar\/wp-json\/wp\/v2\/product_tag?post=9329"}],"curies":[{"name":"wp","href":"https:\/\/api.w.org\/{rel}","templated":true}]}}