{"id":9058,"date":"2026-04-05T13:35:47","date_gmt":"2026-04-05T13:35:47","guid":{"rendered":"https:\/\/tunisia-savory.com\/?post_type=product&#038;p=9058"},"modified":"2026-04-28T13:57:02","modified_gmt":"2026-04-28T13:57:02","slug":"pack-miel-foret-bsissa-caroube","status":"publish","type":"product","link":"https:\/\/tunisia-savory.com\/ar\/product\/pack-miel-foret-bsissa-caroube\/","title":{"rendered":"Pack miel de for\u00eat et bsissa de caroube"},"content":{"rendered":"<p data-path-to-node=\"2\"><b data-path-to-node=\"2\" data-index-in-node=\"0\">Pack \u00c9nergie &amp; Vitalit\u00e9 : Miel de For\u00eat et Bsissa de Caroube \ud83c\udf6f\ud83c\udf3f<\/b><\/p>\n<p data-path-to-node=\"3\">Faites-vous plaisir, ainsi qu&rsquo;\u00e0 votre famille, avec le \u00ab\u00a0combo\u00a0\u00bb naturel id\u00e9al pour faire le plein d&rsquo;\u00e9nergie et booster votre immunit\u00e9 ! Ce pack r\u00e9unit les d\u00e9lices de la for\u00eat tunisienne et l&rsquo;authenticit\u00e9 de la Bsissa fait-maison :<\/p>\n<ul data-path-to-node=\"4\">\n<li>\n<p data-path-to-node=\"4,0,0\"><b data-path-to-node=\"4,0,0\" data-index-in-node=\"0\">1 kg de Bsissa de Caroube :<\/b> Parfum\u00e9e, riche en fibres et tr\u00e8s rassasiante pour tenir toute la journ\u00e9e. C&rsquo;est le petit-d\u00e9jeuner sain par excellence pour vous et vos enfants.<\/p>\n<\/li>\n<li>\n<p data-path-to-node=\"4,1,0\"><b data-path-to-node=\"4,1,0\" data-index-in-node=\"0\">500 g de Miel de For\u00eat :<\/b> Un miel pur et 100 % naturel, aux doux ar\u00f4mes bois\u00e9s. C&rsquo;est la meilleure alternative saine pour sucrer et sublimer votre Bsissa avec une douceur exquise.<\/p>\n<\/li>\n<\/ul>\n<p data-path-to-node=\"5\"><b data-path-to-node=\"5\" data-index-in-node=\"0\">Pourquoi choisir ce pack ?<\/b> Parce qu&rsquo;il est 100 % naturel, sans conservateurs, et allie un maximum de bienfaits au bon go\u00fbt d&rsquo;antan. M\u00e9langez la Bsissa avec un filet d&rsquo;huile d&rsquo;olive, arrosez-la de notre miel pur, et savourez le meilleur des petits-d\u00e9jeuners sains !<\/p>","protected":false},"excerpt":{"rendered":"<p data-path-to-node=\"2\"><b data-path-to-node=\"2\" data-index-in-node=\"0\">Pack Miel de For\u00eat &amp; Bsissa de Caroube \u2013 69 DT ! \ud83c\udf6f\ud83c\udf3f<\/b><\/p>\n<p data-path-to-node=\"3\">Le combo 100% naturel et sans conservateurs pour un petit-d\u00e9jeuner sain et plein de vitalit\u00e9 :<\/p>\n<ul data-path-to-node=\"4\">\n<li>\n<p data-path-to-node=\"4,0,0\"><b data-path-to-node=\"4,0,0\" data-index-in-node=\"0\">1 kg de Bsissa de Caroube :<\/b> Nourrissante et riche en fibres.<\/p>\n<\/li>\n<li>\n<p data-path-to-node=\"4,1,0\"><b data-path-to-node=\"4,1,0\" data-index-in-node=\"0\">500 g de Miel de For\u00eat :<\/b> Pur et authentique pour sucrer sainement votre bol.<\/p>\n<\/li>\n<\/ul>","protected":false},"featured_media":9062,"comment_status":"closed","ping_status":"closed","template":"","meta":[],"product_brand":[],"product_cat":[355],"product_tag":[],"class_list":{"0":"post-9058","1":"product","2":"type-product","3":"status-publish","4":"has-post-thumbnail","6":"product_cat-packs-coffrets","8":"first","9":"instock","10":"shipping-taxable","11":"purchasable","12":"product-type-simple"},"yoast_head":"<!-- This site is optimized with the Yoast SEO plugin v27.4 - https:\/\/yoast.com\/product\/yoast-seo-wordpress\/ -->\n<title>Pack Miel For\u00eat Bsissa Caroube \u2013 Gourmand Tunisien<\/title>\n<meta name=\"description\" content=\"D\u00e9couvrez un pack gourmand tunisien : miel de for\u00eat, bsissa et caroube. Un m\u00e9lange naturel et \u00e9nerg\u00e9tique pour bien commencer la journ\u00e9e.\" \/>\n<meta name=\"robots\" content=\"index, follow, max-snippet:-1, max-image-preview:large, max-video-preview:-1\" \/>\n<link rel=\"canonical\" href=\"https:\/\/tunisia-savory.com\/ar\/product\/pack-miel-foret-bsissa-caroube\/\" \/>\n<meta property=\"og:locale\" content=\"ar_AR\" \/>\n<meta property=\"og:type\" content=\"article\" \/>\n<meta property=\"og:title\" content=\"Pack Miel For\u00eat Bsissa Caroube \u2013 Gourmand Tunisien\" \/>\n<meta property=\"og:description\" content=\"D\u00e9couvrez un pack gourmand tunisien : miel de for\u00eat, bsissa et caroube. Un m\u00e9lange naturel et \u00e9nerg\u00e9tique pour bien commencer la journ\u00e9e.\" \/>\n<meta property=\"og:url\" content=\"https:\/\/tunisia-savory.com\/ar\/product\/pack-miel-foret-bsissa-caroube\/\" \/>\n<meta property=\"og:site_name\" content=\"Tunisia-savory.com\" \/>\n<meta property=\"article:publisher\" content=\"https:\/\/www.facebook.com\/profile.php?id=61584505435972\" \/>\n<meta property=\"article:modified_time\" content=\"2026-04-28T13:57:02+00:00\" \/>\n<meta property=\"og:image\" content=\"https:\/\/tunisia-savory.com\/wp-content\/uploads\/2026\/04\/Gemini_Generated_Image_5xglow5xglow5xgl-1-800x800.png\" \/>\n\t<meta property=\"og:image:width\" content=\"800\" \/>\n\t<meta property=\"og:image:height\" content=\"800\" \/>\n\t<meta property=\"og:image:type\" content=\"image\/png\" \/>\n<meta name=\"twitter:card\" content=\"summary_large_image\" \/>\n<meta name=\"twitter:label1\" content=\"\u0648\u0642\u062a \u0627\u0644\u0642\u0631\u0627\u0621\u0629 \u0627\u0644\u0645\u064f\u0642\u062f\u0651\u0631\" \/>\n\t<meta name=\"twitter:data1\" content=\"\u062f\u0642\u064a\u0642\u0629 \u0648\u0627\u062d\u062f\u0629\" \/>\n<script type=\"application\/ld+json\" class=\"yoast-schema-graph\">{\"@context\":\"https:\\\/\\\/schema.org\",\"@graph\":[{\"@type\":\"WebPage\",\"@id\":\"https:\\\/\\\/tunisia-savory.com\\\/produit\\\/pack-miel-foret-bsissa-caroube\\\/\",\"url\":\"https:\\\/\\\/tunisia-savory.com\\\/produit\\\/pack-miel-foret-bsissa-caroube\\\/\",\"name\":\"Pack Miel For\u00eat Bsissa Caroube \u2013 Gourmand Tunisien\",\"isPartOf\":{\"@id\":\"https:\\\/\\\/tunisia-savory.com\\\/#website\"},\"primaryImageOfPage\":{\"@id\":\"https:\\\/\\\/tunisia-savory.com\\\/produit\\\/pack-miel-foret-bsissa-caroube\\\/#primaryimage\"},\"image\":{\"@id\":\"https:\\\/\\\/tunisia-savory.com\\\/produit\\\/pack-miel-foret-bsissa-caroube\\\/#primaryimage\"},\"thumbnailUrl\":\"https:\\\/\\\/tunisia-savory.com\\\/wp-content\\\/uploads\\\/2026\\\/04\\\/Gemini_Generated_Image_5xglow5xglow5xgl-1.png\",\"datePublished\":\"2026-04-05T13:35:47+00:00\",\"dateModified\":\"2026-04-28T13:57:02+00:00\",\"description\":\"D\u00e9couvrez un pack gourmand tunisien : miel de for\u00eat, bsissa et caroube. Un m\u00e9lange naturel et \u00e9nerg\u00e9tique pour bien commencer la journ\u00e9e.\",\"breadcrumb\":{\"@id\":\"https:\\\/\\\/tunisia-savory.com\\\/produit\\\/pack-miel-foret-bsissa-caroube\\\/#breadcrumb\"},\"inLanguage\":\"ar\",\"potentialAction\":[{\"@type\":\"ReadAction\",\"target\":[\"https:\\\/\\\/tunisia-savory.com\\\/produit\\\/pack-miel-foret-bsissa-caroube\\\/\"]}]},{\"@type\":\"ImageObject\",\"inLanguage\":\"ar\",\"@id\":\"https:\\\/\\\/tunisia-savory.com\\\/produit\\\/pack-miel-foret-bsissa-caroube\\\/#primaryimage\",\"url\":\"https:\\\/\\\/tunisia-savory.com\\\/wp-content\\\/uploads\\\/2026\\\/04\\\/Gemini_Generated_Image_5xglow5xglow5xgl-1.png\",\"contentUrl\":\"https:\\\/\\\/tunisia-savory.com\\\/wp-content\\\/uploads\\\/2026\\\/04\\\/Gemini_Generated_Image_5xglow5xglow5xgl-1.png\",\"width\":2048,\"height\":2048},{\"@type\":\"BreadcrumbList\",\"@id\":\"https:\\\/\\\/tunisia-savory.com\\\/produit\\\/pack-miel-foret-bsissa-caroube\\\/#breadcrumb\",\"itemListElement\":[{\"@type\":\"ListItem\",\"position\":1,\"name\":\"Accueil\",\"item\":\"https:\\\/\\\/tunisia-savory.com\\\/\"},{\"@type\":\"ListItem\",\"position\":2,\"name\":\"Boutique\",\"item\":\"https:\\\/\\\/tunisia-savory.com\\\/boutique-epicerie-tunisie\\\/\"},{\"@type\":\"ListItem\",\"position\":3,\"name\":\"Pack miel de for\u00eat et bsissa de caroube\"}]},{\"@type\":\"WebSite\",\"@id\":\"https:\\\/\\\/tunisia-savory.com\\\/#website\",\"url\":\"https:\\\/\\\/tunisia-savory.com\\\/\",\"name\":\"Tunisia-savory.com\",\"description\":\"Tunisia-savory.com\",\"publisher\":{\"@id\":\"https:\\\/\\\/tunisia-savory.com\\\/#organization\"},\"potentialAction\":[{\"@type\":\"SearchAction\",\"target\":{\"@type\":\"EntryPoint\",\"urlTemplate\":\"https:\\\/\\\/tunisia-savory.com\\\/?s={search_term_string}\"},\"query-input\":{\"@type\":\"PropertyValueSpecification\",\"valueRequired\":true,\"valueName\":\"search_term_string\"}}],\"inLanguage\":\"ar\"},{\"@type\":\"Organization\",\"@id\":\"https:\\\/\\\/tunisia-savory.com\\\/#organization\",\"name\":\"Tunisia-savory.com\",\"url\":\"https:\\\/\\\/tunisia-savory.com\\\/\",\"logo\":{\"@type\":\"ImageObject\",\"inLanguage\":\"ar\",\"@id\":\"https:\\\/\\\/tunisia-savory.com\\\/#\\\/schema\\\/logo\\\/image\\\/\",\"url\":\"https:\\\/\\\/tunisia-savory.com\\\/wp-content\\\/uploads\\\/2026\\\/01\\\/logo-dark.png\",\"contentUrl\":\"https:\\\/\\\/tunisia-savory.com\\\/wp-content\\\/uploads\\\/2026\\\/01\\\/logo-dark.png\",\"width\":552,\"height\":132,\"caption\":\"Tunisia-savory.com\"},\"image\":{\"@id\":\"https:\\\/\\\/tunisia-savory.com\\\/#\\\/schema\\\/logo\\\/image\\\/\"},\"sameAs\":[\"https:\\\/\\\/www.facebook.com\\\/profile.php?id=61584505435972\",\"https:\\\/\\\/www.instagram.com\\\/tunisiasavory\\\/\"]}]}<\/script>\n<!-- \/ Yoast SEO plugin. -->","yoast_head_json":{"title":"Pack Miel For\u00eat Bsissa Caroube \u2013 Gourmand Tunisien","description":"D\u00e9couvrez un pack gourmand tunisien : miel de for\u00eat, bsissa et caroube. Un m\u00e9lange naturel et \u00e9nerg\u00e9tique pour bien commencer la journ\u00e9e.","robots":{"index":"index","follow":"follow","max-snippet":"max-snippet:-1","max-image-preview":"max-image-preview:large","max-video-preview":"max-video-preview:-1"},"canonical":"https:\/\/tunisia-savory.com\/ar\/product\/pack-miel-foret-bsissa-caroube\/","og_locale":"ar_AR","og_type":"article","og_title":"Pack Miel For\u00eat Bsissa Caroube \u2013 Gourmand Tunisien","og_description":"D\u00e9couvrez un pack gourmand tunisien : miel de for\u00eat, bsissa et caroube. Un m\u00e9lange naturel et \u00e9nerg\u00e9tique pour bien commencer la journ\u00e9e.","og_url":"https:\/\/tunisia-savory.com\/ar\/product\/pack-miel-foret-bsissa-caroube\/","og_site_name":"Tunisia-savory.com","article_publisher":"https:\/\/www.facebook.com\/profile.php?id=61584505435972","article_modified_time":"2026-04-28T13:57:02+00:00","og_image":[{"width":800,"height":800,"url":"https:\/\/tunisia-savory.com\/wp-content\/uploads\/2026\/04\/Gemini_Generated_Image_5xglow5xglow5xgl-1-800x800.png","type":"image\/png"}],"twitter_card":"summary_large_image","twitter_misc":{"\u0648\u0642\u062a \u0627\u0644\u0642\u0631\u0627\u0621\u0629 \u0627\u0644\u0645\u064f\u0642\u062f\u0651\u0631":"\u062f\u0642\u064a\u0642\u0629 \u0648\u0627\u062d\u062f\u0629"},"schema":{"@context":"https:\/\/schema.org","@graph":[{"@type":"WebPage","@id":"https:\/\/tunisia-savory.com\/produit\/pack-miel-foret-bsissa-caroube\/","url":"https:\/\/tunisia-savory.com\/produit\/pack-miel-foret-bsissa-caroube\/","name":"Pack Miel For\u00eat Bsissa Caroube \u2013 Gourmand Tunisien","isPartOf":{"@id":"https:\/\/tunisia-savory.com\/#website"},"primaryImageOfPage":{"@id":"https:\/\/tunisia-savory.com\/produit\/pack-miel-foret-bsissa-caroube\/#primaryimage"},"image":{"@id":"https:\/\/tunisia-savory.com\/produit\/pack-miel-foret-bsissa-caroube\/#primaryimage"},"thumbnailUrl":"https:\/\/tunisia-savory.com\/wp-content\/uploads\/2026\/04\/Gemini_Generated_Image_5xglow5xglow5xgl-1.png","datePublished":"2026-04-05T13:35:47+00:00","dateModified":"2026-04-28T13:57:02+00:00","description":"D\u00e9couvrez un pack gourmand tunisien : miel de for\u00eat, bsissa et caroube. Un m\u00e9lange naturel et \u00e9nerg\u00e9tique pour bien commencer la journ\u00e9e.","breadcrumb":{"@id":"https:\/\/tunisia-savory.com\/produit\/pack-miel-foret-bsissa-caroube\/#breadcrumb"},"inLanguage":"ar","potentialAction":[{"@type":"ReadAction","target":["https:\/\/tunisia-savory.com\/produit\/pack-miel-foret-bsissa-caroube\/"]}]},{"@type":"ImageObject","inLanguage":"ar","@id":"https:\/\/tunisia-savory.com\/produit\/pack-miel-foret-bsissa-caroube\/#primaryimage","url":"https:\/\/tunisia-savory.com\/wp-content\/uploads\/2026\/04\/Gemini_Generated_Image_5xglow5xglow5xgl-1.png","contentUrl":"https:\/\/tunisia-savory.com\/wp-content\/uploads\/2026\/04\/Gemini_Generated_Image_5xglow5xglow5xgl-1.png","width":2048,"height":2048},{"@type":"BreadcrumbList","@id":"https:\/\/tunisia-savory.com\/produit\/pack-miel-foret-bsissa-caroube\/#breadcrumb","itemListElement":[{"@type":"ListItem","position":1,"name":"Accueil","item":"https:\/\/tunisia-savory.com\/"},{"@type":"ListItem","position":2,"name":"Boutique","item":"https:\/\/tunisia-savory.com\/boutique-epicerie-tunisie\/"},{"@type":"ListItem","position":3,"name":"Pack miel de for\u00eat et bsissa de caroube"}]},{"@type":"WebSite","@id":"https:\/\/tunisia-savory.com\/#website","url":"https:\/\/tunisia-savory.com\/","name":"Tunisia-savory.com","description":"Tunisia-savory.com","publisher":{"@id":"https:\/\/tunisia-savory.com\/#organization"},"potentialAction":[{"@type":"SearchAction","target":{"@type":"EntryPoint","urlTemplate":"https:\/\/tunisia-savory.com\/?s={search_term_string}"},"query-input":{"@type":"PropertyValueSpecification","valueRequired":true,"valueName":"search_term_string"}}],"inLanguage":"ar"},{"@type":"Organization","@id":"https:\/\/tunisia-savory.com\/#organization","name":"Tunisia-savory.com","url":"https:\/\/tunisia-savory.com\/","logo":{"@type":"ImageObject","inLanguage":"ar","@id":"https:\/\/tunisia-savory.com\/#\/schema\/logo\/image\/","url":"https:\/\/tunisia-savory.com\/wp-content\/uploads\/2026\/01\/logo-dark.png","contentUrl":"https:\/\/tunisia-savory.com\/wp-content\/uploads\/2026\/01\/logo-dark.png","width":552,"height":132,"caption":"Tunisia-savory.com"},"image":{"@id":"https:\/\/tunisia-savory.com\/#\/schema\/logo\/image\/"},"sameAs":["https:\/\/www.facebook.com\/profile.php?id=61584505435972","https:\/\/www.instagram.com\/tunisiasavory\/"]}]}},"_links":{"self":[{"href":"https:\/\/tunisia-savory.com\/ar\/wp-json\/wp\/v2\/product\/9058","targetHints":{"allow":["GET"]}}],"collection":[{"href":"https:\/\/tunisia-savory.com\/ar\/wp-json\/wp\/v2\/product"}],"about":[{"href":"https:\/\/tunisia-savory.com\/ar\/wp-json\/wp\/v2\/types\/product"}],"replies":[{"embeddable":true,"href":"https:\/\/tunisia-savory.com\/ar\/wp-json\/wp\/v2\/comments?post=9058"}],"version-history":[{"count":3,"href":"https:\/\/tunisia-savory.com\/ar\/wp-json\/wp\/v2\/product\/9058\/revisions"}],"predecessor-version":[{"id":9200,"href":"https:\/\/tunisia-savory.com\/ar\/wp-json\/wp\/v2\/product\/9058\/revisions\/9200"}],"wp:featuredmedia":[{"embeddable":true,"href":"https:\/\/tunisia-savory.com\/ar\/wp-json\/wp\/v2\/media\/9062"}],"wp:attachment":[{"href":"https:\/\/tunisia-savory.com\/ar\/wp-json\/wp\/v2\/media?parent=9058"}],"wp:term":[{"taxonomy":"product_brand","embeddable":true,"href":"https:\/\/tunisia-savory.com\/ar\/wp-json\/wp\/v2\/product_brand?post=9058"},{"taxonomy":"product_cat","embeddable":true,"href":"https:\/\/tunisia-savory.com\/ar\/wp-json\/wp\/v2\/product_cat?post=9058"},{"taxonomy":"product_tag","embeddable":true,"href":"https:\/\/tunisia-savory.com\/ar\/wp-json\/wp\/v2\/product_tag?post=9058"}],"curies":[{"name":"wp","href":"https:\/\/api.w.org\/{rel}","templated":true}]}}