{"id":8795,"date":"2026-03-24T21:08:50","date_gmt":"2026-03-24T21:08:50","guid":{"rendered":"https:\/\/tunisia-savory.com\/?post_type=product&#038;p=8795"},"modified":"2026-04-28T15:00:20","modified_gmt":"2026-04-28T15:00:20","slug":"mosaique-gourmande","status":"publish","type":"product","link":"https:\/\/tunisia-savory.com\/ar\/product\/mosaique-gourmande\/","title":{"rendered":"Salade Mosa\u00efque Gourmande"},"content":{"rendered":"","protected":false},"excerpt":{"rendered":"<section class=\"text-token-text-primary w-full focus:outline-none [--shadow-height:45px] has-data-writing-block:pointer-events-none has-data-writing-block:-mt-(--shadow-height) has-data-writing-block:pt-(--shadow-height) [&amp;:has([data-writing-block])&gt;*]:pointer-events-auto [content-visibility:auto] supports-[content-visibility:auto]:[contain-intrinsic-size:auto_100lvh] R6Vx5W_threadScrollVars scroll-mb-[calc(var(--scroll-root-safe-area-inset-bottom,0px)+var(--thread-response-height))] scroll-mt-[calc(var(--header-height)+min(200px,max(70px,20svh)))]\" dir=\"auto\" data-turn-id=\"request-WEB:179f99d8-3fbc-492b-85b1-3c17f7598f67-23\" data-testid=\"conversation-turn-48\" data-scroll-anchor=\"false\" data-turn=\"assistant\">\n<div class=\"text-base my-auto mx-auto pb-10 [--thread-content-margin:var(--thread-content-margin-xs,calc(var(--spacing)*4))] @w-sm\/main:[--thread-content-margin:var(--thread-content-margin-sm,calc(var(--spacing)*6))] @w-lg\/main:[--thread-content-margin:var(--thread-content-margin-lg,calc(var(--spacing)*16))] px-(--thread-content-margin)\">\n<div class=\"[--thread-content-max-width:40rem] @w-lg\/main:[--thread-content-max-width:48rem] mx-auto max-w-(--thread-content-max-width) flex-1 group\/turn-messages focus-visible:outline-hidden relative flex w-full min-w-0 flex-col agent-turn\">\n<div class=\"flex max-w-full flex-col gap-4 grow\">\n<div class=\"min-h-8 text-message relative flex w-full flex-col items-end gap-2 text-start break-words whitespace-normal outline-none keyboard-focused:focus-ring [.text-message+&amp;]:mt-1\" dir=\"auto\" tabindex=\"0\" data-message-author-role=\"assistant\" data-message-id=\"84302705-b015-4f1a-8073-db4ccce6a234\" data-message-model-slug=\"gpt-5-3-mini\" data-turn-start-message=\"true\">\n<div class=\"flex w-full flex-col gap-1 empty:hidden\">\n<div class=\"streaming-animation markdown prose dark:prose-invert w-full wrap-break-word light markdown-new-styling\">\n<p data-start=\"66\" data-end=\"251\" data-is-last-node=\"\" data-is-only-node=\"\">Salade Mosa\u00efque Gourmande compos\u00e9e de tomates s\u00e9ch\u00e9es, olives, noix et \u00e9pices. Une recette savoureuse et \u00e9quilibr\u00e9e aux saveurs m\u00e9diterran\u00e9ennes, id\u00e9ale en entr\u00e9e ou accompagnement.<\/p>\n<\/div>\n<\/div>\n<\/div>\n<\/div>\n<\/div>\n<\/div>\n<\/section>\n<div class=\"pointer-events-none -mt-px h-px translate-y-[calc(var(--scroll-root-safe-area-inset-bottom)-14*var(--spacing))]\" aria-hidden=\"true\"><\/div>","protected":false},"featured_media":8796,"comment_status":"closed","ping_status":"closed","template":"","meta":[],"product_brand":[111],"product_cat":[356],"product_tag":[],"class_list":{"0":"post-8795","1":"product","2":"type-product","3":"status-publish","4":"has-post-thumbnail","6":"product_brand-tunisiasavory","7":"product_cat-signature-savory","9":"first","10":"instock","11":"shipping-taxable","12":"purchasable","13":"product-type-simple"},"yoast_head":"<!-- This site is optimized with the Yoast SEO plugin v27.4 - https:\/\/yoast.com\/product\/yoast-seo-wordpress\/ -->\n<title>Salade Gourmande Mosa\u00efque \u2013 Saveurs de Tunisie<\/title>\n<meta name=\"description\" content=\"D\u00e9couvrez la salade mosa\u00efque gourmande, une sp\u00e9cialit\u00e9 tunisienne savoureuse et \u00e9quilibr\u00e9e, id\u00e9ale en entr\u00e9e ou repas l\u00e9ger m\u00e9diterran\u00e9en.\" \/>\n<meta name=\"robots\" content=\"index, follow, max-snippet:-1, max-image-preview:large, max-video-preview:-1\" \/>\n<link rel=\"canonical\" href=\"https:\/\/tunisia-savory.com\/ar\/product\/mosaique-gourmande\/\" \/>\n<meta property=\"og:locale\" content=\"ar_AR\" \/>\n<meta property=\"og:type\" content=\"article\" \/>\n<meta property=\"og:title\" content=\"Salade Gourmande Mosa\u00efque \u2013 Saveurs de Tunisie\" \/>\n<meta property=\"og:description\" content=\"D\u00e9couvrez la salade mosa\u00efque gourmande, une sp\u00e9cialit\u00e9 tunisienne savoureuse et \u00e9quilibr\u00e9e, id\u00e9ale en entr\u00e9e ou repas l\u00e9ger m\u00e9diterran\u00e9en.\" \/>\n<meta property=\"og:url\" content=\"https:\/\/tunisia-savory.com\/ar\/product\/mosaique-gourmande\/\" \/>\n<meta property=\"og:site_name\" content=\"Tunisia-savory.com\" \/>\n<meta property=\"article:publisher\" content=\"https:\/\/www.facebook.com\/profile.php?id=61584505435972\" \/>\n<meta property=\"article:modified_time\" content=\"2026-04-28T15:00:20+00:00\" \/>\n<meta property=\"og:image\" content=\"https:\/\/tunisia-savory.com\/wp-content\/uploads\/2026\/03\/Gemini_Generated_Image_tdw6m6tdw6m6tdw6-800x800.png\" \/>\n\t<meta property=\"og:image:width\" content=\"800\" \/>\n\t<meta property=\"og:image:height\" content=\"800\" \/>\n\t<meta property=\"og:image:type\" content=\"image\/png\" \/>\n<meta name=\"twitter:card\" content=\"summary_large_image\" \/>\n<meta name=\"twitter:label1\" content=\"\u0648\u0642\u062a \u0627\u0644\u0642\u0631\u0627\u0621\u0629 \u0627\u0644\u0645\u064f\u0642\u062f\u0651\u0631\" \/>\n\t<meta name=\"twitter:data1\" content=\"\u062f\u0642\u064a\u0642\u0629 \u0648\u0627\u062d\u062f\u0629\" \/>\n<script type=\"application\/ld+json\" class=\"yoast-schema-graph\">{\"@context\":\"https:\\\/\\\/schema.org\",\"@graph\":[{\"@type\":\"WebPage\",\"@id\":\"https:\\\/\\\/tunisia-savory.com\\\/produit\\\/mosaique-gourmande\\\/\",\"url\":\"https:\\\/\\\/tunisia-savory.com\\\/produit\\\/mosaique-gourmande\\\/\",\"name\":\"Salade Gourmande Mosa\u00efque \u2013 Saveurs de Tunisie\",\"isPartOf\":{\"@id\":\"https:\\\/\\\/tunisia-savory.com\\\/#website\"},\"primaryImageOfPage\":{\"@id\":\"https:\\\/\\\/tunisia-savory.com\\\/produit\\\/mosaique-gourmande\\\/#primaryimage\"},\"image\":{\"@id\":\"https:\\\/\\\/tunisia-savory.com\\\/produit\\\/mosaique-gourmande\\\/#primaryimage\"},\"thumbnailUrl\":\"https:\\\/\\\/tunisia-savory.com\\\/wp-content\\\/uploads\\\/2026\\\/03\\\/Gemini_Generated_Image_tdw6m6tdw6m6tdw6.png\",\"datePublished\":\"2026-03-24T21:08:50+00:00\",\"dateModified\":\"2026-04-28T15:00:20+00:00\",\"description\":\"D\u00e9couvrez la salade mosa\u00efque gourmande, une sp\u00e9cialit\u00e9 tunisienne savoureuse et \u00e9quilibr\u00e9e, id\u00e9ale en entr\u00e9e ou repas l\u00e9ger m\u00e9diterran\u00e9en.\",\"breadcrumb\":{\"@id\":\"https:\\\/\\\/tunisia-savory.com\\\/produit\\\/mosaique-gourmande\\\/#breadcrumb\"},\"inLanguage\":\"ar\",\"potentialAction\":[{\"@type\":\"ReadAction\",\"target\":[\"https:\\\/\\\/tunisia-savory.com\\\/produit\\\/mosaique-gourmande\\\/\"]}]},{\"@type\":\"ImageObject\",\"inLanguage\":\"ar\",\"@id\":\"https:\\\/\\\/tunisia-savory.com\\\/produit\\\/mosaique-gourmande\\\/#primaryimage\",\"url\":\"https:\\\/\\\/tunisia-savory.com\\\/wp-content\\\/uploads\\\/2026\\\/03\\\/Gemini_Generated_Image_tdw6m6tdw6m6tdw6.png\",\"contentUrl\":\"https:\\\/\\\/tunisia-savory.com\\\/wp-content\\\/uploads\\\/2026\\\/03\\\/Gemini_Generated_Image_tdw6m6tdw6m6tdw6.png\",\"width\":2048,\"height\":2048},{\"@type\":\"BreadcrumbList\",\"@id\":\"https:\\\/\\\/tunisia-savory.com\\\/produit\\\/mosaique-gourmande\\\/#breadcrumb\",\"itemListElement\":[{\"@type\":\"ListItem\",\"position\":1,\"name\":\"Accueil\",\"item\":\"https:\\\/\\\/tunisia-savory.com\\\/\"},{\"@type\":\"ListItem\",\"position\":2,\"name\":\"Boutique\",\"item\":\"https:\\\/\\\/tunisia-savory.com\\\/boutique-epicerie-tunisie\\\/\"},{\"@type\":\"ListItem\",\"position\":3,\"name\":\"Salade Mosa\u00efque Gourmande\"}]},{\"@type\":\"WebSite\",\"@id\":\"https:\\\/\\\/tunisia-savory.com\\\/#website\",\"url\":\"https:\\\/\\\/tunisia-savory.com\\\/\",\"name\":\"Tunisia-savory.com\",\"description\":\"Tunisia-savory.com\",\"publisher\":{\"@id\":\"https:\\\/\\\/tunisia-savory.com\\\/#organization\"},\"potentialAction\":[{\"@type\":\"SearchAction\",\"target\":{\"@type\":\"EntryPoint\",\"urlTemplate\":\"https:\\\/\\\/tunisia-savory.com\\\/?s={search_term_string}\"},\"query-input\":{\"@type\":\"PropertyValueSpecification\",\"valueRequired\":true,\"valueName\":\"search_term_string\"}}],\"inLanguage\":\"ar\"},{\"@type\":\"Organization\",\"@id\":\"https:\\\/\\\/tunisia-savory.com\\\/#organization\",\"name\":\"Tunisia-savory.com\",\"url\":\"https:\\\/\\\/tunisia-savory.com\\\/\",\"logo\":{\"@type\":\"ImageObject\",\"inLanguage\":\"ar\",\"@id\":\"https:\\\/\\\/tunisia-savory.com\\\/#\\\/schema\\\/logo\\\/image\\\/\",\"url\":\"https:\\\/\\\/tunisia-savory.com\\\/wp-content\\\/uploads\\\/2026\\\/01\\\/logo-dark.png\",\"contentUrl\":\"https:\\\/\\\/tunisia-savory.com\\\/wp-content\\\/uploads\\\/2026\\\/01\\\/logo-dark.png\",\"width\":552,\"height\":132,\"caption\":\"Tunisia-savory.com\"},\"image\":{\"@id\":\"https:\\\/\\\/tunisia-savory.com\\\/#\\\/schema\\\/logo\\\/image\\\/\"},\"sameAs\":[\"https:\\\/\\\/www.facebook.com\\\/profile.php?id=61584505435972\",\"https:\\\/\\\/www.instagram.com\\\/tunisiasavory\\\/\"]}]}<\/script>\n<!-- \/ Yoast SEO plugin. -->","yoast_head_json":{"title":"Salade Gourmande Mosa\u00efque \u2013 Saveurs de Tunisie","description":"D\u00e9couvrez la salade mosa\u00efque gourmande, une sp\u00e9cialit\u00e9 tunisienne savoureuse et \u00e9quilibr\u00e9e, id\u00e9ale en entr\u00e9e ou repas l\u00e9ger m\u00e9diterran\u00e9en.","robots":{"index":"index","follow":"follow","max-snippet":"max-snippet:-1","max-image-preview":"max-image-preview:large","max-video-preview":"max-video-preview:-1"},"canonical":"https:\/\/tunisia-savory.com\/ar\/product\/mosaique-gourmande\/","og_locale":"ar_AR","og_type":"article","og_title":"Salade Gourmande Mosa\u00efque \u2013 Saveurs de Tunisie","og_description":"D\u00e9couvrez la salade mosa\u00efque gourmande, une sp\u00e9cialit\u00e9 tunisienne savoureuse et \u00e9quilibr\u00e9e, id\u00e9ale en entr\u00e9e ou repas l\u00e9ger m\u00e9diterran\u00e9en.","og_url":"https:\/\/tunisia-savory.com\/ar\/product\/mosaique-gourmande\/","og_site_name":"Tunisia-savory.com","article_publisher":"https:\/\/www.facebook.com\/profile.php?id=61584505435972","article_modified_time":"2026-04-28T15:00:20+00:00","og_image":[{"width":800,"height":800,"url":"https:\/\/tunisia-savory.com\/wp-content\/uploads\/2026\/03\/Gemini_Generated_Image_tdw6m6tdw6m6tdw6-800x800.png","type":"image\/png"}],"twitter_card":"summary_large_image","twitter_misc":{"\u0648\u0642\u062a \u0627\u0644\u0642\u0631\u0627\u0621\u0629 \u0627\u0644\u0645\u064f\u0642\u062f\u0651\u0631":"\u062f\u0642\u064a\u0642\u0629 \u0648\u0627\u062d\u062f\u0629"},"schema":{"@context":"https:\/\/schema.org","@graph":[{"@type":"WebPage","@id":"https:\/\/tunisia-savory.com\/produit\/mosaique-gourmande\/","url":"https:\/\/tunisia-savory.com\/produit\/mosaique-gourmande\/","name":"Salade Gourmande Mosa\u00efque \u2013 Saveurs de Tunisie","isPartOf":{"@id":"https:\/\/tunisia-savory.com\/#website"},"primaryImageOfPage":{"@id":"https:\/\/tunisia-savory.com\/produit\/mosaique-gourmande\/#primaryimage"},"image":{"@id":"https:\/\/tunisia-savory.com\/produit\/mosaique-gourmande\/#primaryimage"},"thumbnailUrl":"https:\/\/tunisia-savory.com\/wp-content\/uploads\/2026\/03\/Gemini_Generated_Image_tdw6m6tdw6m6tdw6.png","datePublished":"2026-03-24T21:08:50+00:00","dateModified":"2026-04-28T15:00:20+00:00","description":"D\u00e9couvrez la salade mosa\u00efque gourmande, une sp\u00e9cialit\u00e9 tunisienne savoureuse et \u00e9quilibr\u00e9e, id\u00e9ale en entr\u00e9e ou repas l\u00e9ger m\u00e9diterran\u00e9en.","breadcrumb":{"@id":"https:\/\/tunisia-savory.com\/produit\/mosaique-gourmande\/#breadcrumb"},"inLanguage":"ar","potentialAction":[{"@type":"ReadAction","target":["https:\/\/tunisia-savory.com\/produit\/mosaique-gourmande\/"]}]},{"@type":"ImageObject","inLanguage":"ar","@id":"https:\/\/tunisia-savory.com\/produit\/mosaique-gourmande\/#primaryimage","url":"https:\/\/tunisia-savory.com\/wp-content\/uploads\/2026\/03\/Gemini_Generated_Image_tdw6m6tdw6m6tdw6.png","contentUrl":"https:\/\/tunisia-savory.com\/wp-content\/uploads\/2026\/03\/Gemini_Generated_Image_tdw6m6tdw6m6tdw6.png","width":2048,"height":2048},{"@type":"BreadcrumbList","@id":"https:\/\/tunisia-savory.com\/produit\/mosaique-gourmande\/#breadcrumb","itemListElement":[{"@type":"ListItem","position":1,"name":"Accueil","item":"https:\/\/tunisia-savory.com\/"},{"@type":"ListItem","position":2,"name":"Boutique","item":"https:\/\/tunisia-savory.com\/boutique-epicerie-tunisie\/"},{"@type":"ListItem","position":3,"name":"Salade Mosa\u00efque Gourmande"}]},{"@type":"WebSite","@id":"https:\/\/tunisia-savory.com\/#website","url":"https:\/\/tunisia-savory.com\/","name":"Tunisia-savory.com","description":"Tunisia-savory.com","publisher":{"@id":"https:\/\/tunisia-savory.com\/#organization"},"potentialAction":[{"@type":"SearchAction","target":{"@type":"EntryPoint","urlTemplate":"https:\/\/tunisia-savory.com\/?s={search_term_string}"},"query-input":{"@type":"PropertyValueSpecification","valueRequired":true,"valueName":"search_term_string"}}],"inLanguage":"ar"},{"@type":"Organization","@id":"https:\/\/tunisia-savory.com\/#organization","name":"Tunisia-savory.com","url":"https:\/\/tunisia-savory.com\/","logo":{"@type":"ImageObject","inLanguage":"ar","@id":"https:\/\/tunisia-savory.com\/#\/schema\/logo\/image\/","url":"https:\/\/tunisia-savory.com\/wp-content\/uploads\/2026\/01\/logo-dark.png","contentUrl":"https:\/\/tunisia-savory.com\/wp-content\/uploads\/2026\/01\/logo-dark.png","width":552,"height":132,"caption":"Tunisia-savory.com"},"image":{"@id":"https:\/\/tunisia-savory.com\/#\/schema\/logo\/image\/"},"sameAs":["https:\/\/www.facebook.com\/profile.php?id=61584505435972","https:\/\/www.instagram.com\/tunisiasavory\/"]}]}},"_links":{"self":[{"href":"https:\/\/tunisia-savory.com\/ar\/wp-json\/wp\/v2\/product\/8795","targetHints":{"allow":["GET"]}}],"collection":[{"href":"https:\/\/tunisia-savory.com\/ar\/wp-json\/wp\/v2\/product"}],"about":[{"href":"https:\/\/tunisia-savory.com\/ar\/wp-json\/wp\/v2\/types\/product"}],"replies":[{"embeddable":true,"href":"https:\/\/tunisia-savory.com\/ar\/wp-json\/wp\/v2\/comments?post=8795"}],"version-history":[{"count":3,"href":"https:\/\/tunisia-savory.com\/ar\/wp-json\/wp\/v2\/product\/8795\/revisions"}],"predecessor-version":[{"id":9695,"href":"https:\/\/tunisia-savory.com\/ar\/wp-json\/wp\/v2\/product\/8795\/revisions\/9695"}],"wp:featuredmedia":[{"embeddable":true,"href":"https:\/\/tunisia-savory.com\/ar\/wp-json\/wp\/v2\/media\/8796"}],"wp:attachment":[{"href":"https:\/\/tunisia-savory.com\/ar\/wp-json\/wp\/v2\/media?parent=8795"}],"wp:term":[{"taxonomy":"product_brand","embeddable":true,"href":"https:\/\/tunisia-savory.com\/ar\/wp-json\/wp\/v2\/product_brand?post=8795"},{"taxonomy":"product_cat","embeddable":true,"href":"https:\/\/tunisia-savory.com\/ar\/wp-json\/wp\/v2\/product_cat?post=8795"},{"taxonomy":"product_tag","embeddable":true,"href":"https:\/\/tunisia-savory.com\/ar\/wp-json\/wp\/v2\/product_tag?post=8795"}],"curies":[{"name":"wp","href":"https:\/\/api.w.org\/{rel}","templated":true}]}}