{"id":8002,"date":"2026-02-05T21:38:35","date_gmt":"2026-02-05T21:38:35","guid":{"rendered":"https:\/\/tunisia-savory.com\/?post_type=product&#038;p=8002"},"modified":"2026-04-28T14:11:30","modified_gmt":"2026-04-28T14:11:30","slug":"miel-de-foret","status":"publish","type":"product","link":"https:\/\/tunisia-savory.com\/ar\/product\/miel-de-foret\/","title":{"rendered":"Miel de For\u00eat"},"content":{"rendered":"","protected":false},"excerpt":{"rendered":"<p>\u0639\u0633\u0644 \u0627\u0644\u0632\u0646\u062c\u0628\u064a\u0644 \u0648\u0627\u0644\u0644\u064a\u0645\u0648\u0646 \u0627\u0644\u062a\u0648\u0646\u0633\u064a Savory \u0637\u0628\u064a\u0639\u064a 100\u066a\u060c \u064a\u062c\u0645\u0639 \u0628\u064a\u0646 \u0627\u0644\u0639\u0633\u0644 \u0627\u0644\u062a\u0648\u0646\u0633\u064a \u0627\u0644\u0646\u0642\u064a\u060c \u0627\u0644\u0632\u0646\u062c\u0628\u064a\u0644 \u0627\u0644\u0645\u0636\u0627\u062f \u0644\u0644\u0627\u0644\u062a\u0647\u0627\u0628\u0627\u062a\u060c \u0648\u0627\u0644\u0644\u064a\u0645\u0648\u0646 \u0627\u0644\u0645\u0646\u0634\u0637. \u0645\u062b\u0627\u0644\u064a \u0644\u062a\u0639\u0632\u064a\u0632 \u0627\u0644\u0645\u0646\u0627\u0639\u0629\u060c \u062a\u062d\u0633\u064a\u0646 \u0627\u0644\u0647\u0636\u0645\u060c \u0648\u0645\u0646\u062d \u0627\u0644\u0637\u0627\u0642\u0629 \u0648\u0627\u0644\u062d\u064a\u0648\u064a\u0629. \u062e\u062f\u0645\u0629 \u062a\u0648\u0635\u064a\u0644 \u0633\u0631\u064a\u0639\u0629 \u0645\u062a\u0627\u062d\u0629 \u0641\u064a \u0643\u0627\u0645\u0644 \u062a\u0648\u0646\u0633.<\/p>","protected":false},"featured_media":8006,"comment_status":"open","ping_status":"closed","template":"","meta":[],"product_brand":[111],"product_cat":[353],"product_tag":[84],"class_list":{"0":"post-8002","1":"product","2":"type-product","3":"status-publish","4":"has-post-thumbnail","6":"product_brand-tunisiasavory","7":"product_cat-naturel-terroir","8":"product_tag-produits-du-petit-dejeuner","10":"first","11":"instock","12":"shipping-taxable","13":"purchasable","14":"product-type-variable","15":"has-default-attributes"},"yoast_head":"<!-- This site is optimized with the Yoast SEO plugin v27.4 - https:\/\/yoast.com\/product\/yoast-seo-wordpress\/ -->\n<title>Miel de For\u00eat \u2013 Pur Miel Naturel de Tunisie<\/title>\n<meta name=\"description\" content=\"Miel de for\u00eat tunisien 100% naturel, riche en min\u00e9raux et au go\u00fbt intense. Id\u00e9al pour \u00e9nergie, immunit\u00e9 et bien-\u00eatre quotidien.\" \/>\n<meta name=\"robots\" content=\"index, follow, max-snippet:-1, max-image-preview:large, max-video-preview:-1\" \/>\n<link rel=\"canonical\" href=\"https:\/\/tunisia-savory.com\/ar\/product\/miel-de-foret\/\" \/>\n<meta property=\"og:locale\" content=\"ar_AR\" \/>\n<meta property=\"og:type\" content=\"article\" \/>\n<meta property=\"og:title\" content=\"Miel de For\u00eat \u2013 Pur Miel Naturel de Tunisie\" \/>\n<meta property=\"og:description\" content=\"Miel de for\u00eat tunisien 100% naturel, riche en min\u00e9raux et au go\u00fbt intense. Id\u00e9al pour \u00e9nergie, immunit\u00e9 et bien-\u00eatre quotidien.\" \/>\n<meta property=\"og:url\" content=\"https:\/\/tunisia-savory.com\/ar\/product\/miel-de-foret\/\" \/>\n<meta property=\"og:site_name\" content=\"Tunisia-savory.com\" \/>\n<meta property=\"article:publisher\" content=\"https:\/\/www.facebook.com\/profile.php?id=61584505435972\" \/>\n<meta property=\"article:modified_time\" content=\"2026-04-28T14:11:30+00:00\" \/>\n<meta property=\"og:image\" content=\"https:\/\/tunisia-savory.com\/wp-content\/uploads\/2026\/02\/IMG_3327-800x800.webp\" \/>\n\t<meta property=\"og:image:width\" content=\"800\" \/>\n\t<meta property=\"og:image:height\" content=\"800\" \/>\n\t<meta property=\"og:image:type\" content=\"image\/webp\" \/>\n<meta name=\"twitter:card\" content=\"summary_large_image\" \/>\n<meta name=\"twitter:label1\" content=\"\u0648\u0642\u062a \u0627\u0644\u0642\u0631\u0627\u0621\u0629 \u0627\u0644\u0645\u064f\u0642\u062f\u0651\u0631\" \/>\n\t<meta name=\"twitter:data1\" content=\"\u062f\u0642\u064a\u0642\u0629 \u0648\u0627\u062d\u062f\u0629\" \/>\n<script type=\"application\/ld+json\" class=\"yoast-schema-graph\">{\"@context\":\"https:\\\/\\\/schema.org\",\"@graph\":[{\"@type\":\"WebPage\",\"@id\":\"https:\\\/\\\/tunisia-savory.com\\\/produit\\\/miel-de-foret\\\/\",\"url\":\"https:\\\/\\\/tunisia-savory.com\\\/produit\\\/miel-de-foret\\\/\",\"name\":\"Miel de For\u00eat \u2013 Pur Miel Naturel de Tunisie\",\"isPartOf\":{\"@id\":\"https:\\\/\\\/tunisia-savory.com\\\/#website\"},\"primaryImageOfPage\":{\"@id\":\"https:\\\/\\\/tunisia-savory.com\\\/produit\\\/miel-de-foret\\\/#primaryimage\"},\"image\":{\"@id\":\"https:\\\/\\\/tunisia-savory.com\\\/produit\\\/miel-de-foret\\\/#primaryimage\"},\"thumbnailUrl\":\"https:\\\/\\\/tunisia-savory.com\\\/wp-content\\\/uploads\\\/2026\\\/02\\\/IMG_3327-scaled.webp\",\"datePublished\":\"2026-02-05T21:38:35+00:00\",\"dateModified\":\"2026-04-28T14:11:30+00:00\",\"description\":\"Miel de for\u00eat tunisien 100% naturel, riche en min\u00e9raux et au go\u00fbt intense. Id\u00e9al pour \u00e9nergie, immunit\u00e9 et bien-\u00eatre quotidien.\",\"breadcrumb\":{\"@id\":\"https:\\\/\\\/tunisia-savory.com\\\/produit\\\/miel-de-foret\\\/#breadcrumb\"},\"inLanguage\":\"ar\",\"potentialAction\":[{\"@type\":\"ReadAction\",\"target\":[\"https:\\\/\\\/tunisia-savory.com\\\/produit\\\/miel-de-foret\\\/\"]}]},{\"@type\":\"ImageObject\",\"inLanguage\":\"ar\",\"@id\":\"https:\\\/\\\/tunisia-savory.com\\\/produit\\\/miel-de-foret\\\/#primaryimage\",\"url\":\"https:\\\/\\\/tunisia-savory.com\\\/wp-content\\\/uploads\\\/2026\\\/02\\\/IMG_3327-scaled.webp\",\"contentUrl\":\"https:\\\/\\\/tunisia-savory.com\\\/wp-content\\\/uploads\\\/2026\\\/02\\\/IMG_3327-scaled.webp\",\"width\":2560,\"height\":2560},{\"@type\":\"BreadcrumbList\",\"@id\":\"https:\\\/\\\/tunisia-savory.com\\\/produit\\\/miel-de-foret\\\/#breadcrumb\",\"itemListElement\":[{\"@type\":\"ListItem\",\"position\":1,\"name\":\"Accueil\",\"item\":\"https:\\\/\\\/tunisia-savory.com\\\/\"},{\"@type\":\"ListItem\",\"position\":2,\"name\":\"Boutique\",\"item\":\"https:\\\/\\\/tunisia-savory.com\\\/boutique-epicerie-tunisie\\\/\"},{\"@type\":\"ListItem\",\"position\":3,\"name\":\"Miel de For\u00eat\"}]},{\"@type\":\"WebSite\",\"@id\":\"https:\\\/\\\/tunisia-savory.com\\\/#website\",\"url\":\"https:\\\/\\\/tunisia-savory.com\\\/\",\"name\":\"Tunisia-savory.com\",\"description\":\"Tunisia-savory.com\",\"publisher\":{\"@id\":\"https:\\\/\\\/tunisia-savory.com\\\/#organization\"},\"potentialAction\":[{\"@type\":\"SearchAction\",\"target\":{\"@type\":\"EntryPoint\",\"urlTemplate\":\"https:\\\/\\\/tunisia-savory.com\\\/?s={search_term_string}\"},\"query-input\":{\"@type\":\"PropertyValueSpecification\",\"valueRequired\":true,\"valueName\":\"search_term_string\"}}],\"inLanguage\":\"ar\"},{\"@type\":\"Organization\",\"@id\":\"https:\\\/\\\/tunisia-savory.com\\\/#organization\",\"name\":\"Tunisia-savory.com\",\"url\":\"https:\\\/\\\/tunisia-savory.com\\\/\",\"logo\":{\"@type\":\"ImageObject\",\"inLanguage\":\"ar\",\"@id\":\"https:\\\/\\\/tunisia-savory.com\\\/#\\\/schema\\\/logo\\\/image\\\/\",\"url\":\"https:\\\/\\\/tunisia-savory.com\\\/wp-content\\\/uploads\\\/2026\\\/01\\\/logo-dark.png\",\"contentUrl\":\"https:\\\/\\\/tunisia-savory.com\\\/wp-content\\\/uploads\\\/2026\\\/01\\\/logo-dark.png\",\"width\":552,\"height\":132,\"caption\":\"Tunisia-savory.com\"},\"image\":{\"@id\":\"https:\\\/\\\/tunisia-savory.com\\\/#\\\/schema\\\/logo\\\/image\\\/\"},\"sameAs\":[\"https:\\\/\\\/www.facebook.com\\\/profile.php?id=61584505435972\",\"https:\\\/\\\/www.instagram.com\\\/tunisiasavory\\\/\"]}]}<\/script>\n<!-- \/ Yoast SEO plugin. -->","yoast_head_json":{"title":"Miel de For\u00eat \u2013 Pur Miel Naturel de Tunisie","description":"Miel de for\u00eat tunisien 100% naturel, riche en min\u00e9raux et au go\u00fbt intense. Id\u00e9al pour \u00e9nergie, immunit\u00e9 et bien-\u00eatre quotidien.","robots":{"index":"index","follow":"follow","max-snippet":"max-snippet:-1","max-image-preview":"max-image-preview:large","max-video-preview":"max-video-preview:-1"},"canonical":"https:\/\/tunisia-savory.com\/ar\/product\/miel-de-foret\/","og_locale":"ar_AR","og_type":"article","og_title":"Miel de For\u00eat \u2013 Pur Miel Naturel de Tunisie","og_description":"Miel de for\u00eat tunisien 100% naturel, riche en min\u00e9raux et au go\u00fbt intense. Id\u00e9al pour \u00e9nergie, immunit\u00e9 et bien-\u00eatre quotidien.","og_url":"https:\/\/tunisia-savory.com\/ar\/product\/miel-de-foret\/","og_site_name":"Tunisia-savory.com","article_publisher":"https:\/\/www.facebook.com\/profile.php?id=61584505435972","article_modified_time":"2026-04-28T14:11:30+00:00","og_image":[{"width":800,"height":800,"url":"https:\/\/tunisia-savory.com\/wp-content\/uploads\/2026\/02\/IMG_3327-800x800.webp","type":"image\/webp"}],"twitter_card":"summary_large_image","twitter_misc":{"\u0648\u0642\u062a \u0627\u0644\u0642\u0631\u0627\u0621\u0629 \u0627\u0644\u0645\u064f\u0642\u062f\u0651\u0631":"\u062f\u0642\u064a\u0642\u0629 \u0648\u0627\u062d\u062f\u0629"},"schema":{"@context":"https:\/\/schema.org","@graph":[{"@type":"WebPage","@id":"https:\/\/tunisia-savory.com\/produit\/miel-de-foret\/","url":"https:\/\/tunisia-savory.com\/produit\/miel-de-foret\/","name":"Miel de For\u00eat \u2013 Pur Miel Naturel de Tunisie","isPartOf":{"@id":"https:\/\/tunisia-savory.com\/#website"},"primaryImageOfPage":{"@id":"https:\/\/tunisia-savory.com\/produit\/miel-de-foret\/#primaryimage"},"image":{"@id":"https:\/\/tunisia-savory.com\/produit\/miel-de-foret\/#primaryimage"},"thumbnailUrl":"https:\/\/tunisia-savory.com\/wp-content\/uploads\/2026\/02\/IMG_3327-scaled.webp","datePublished":"2026-02-05T21:38:35+00:00","dateModified":"2026-04-28T14:11:30+00:00","description":"Miel de for\u00eat tunisien 100% naturel, riche en min\u00e9raux et au go\u00fbt intense. Id\u00e9al pour \u00e9nergie, immunit\u00e9 et bien-\u00eatre quotidien.","breadcrumb":{"@id":"https:\/\/tunisia-savory.com\/produit\/miel-de-foret\/#breadcrumb"},"inLanguage":"ar","potentialAction":[{"@type":"ReadAction","target":["https:\/\/tunisia-savory.com\/produit\/miel-de-foret\/"]}]},{"@type":"ImageObject","inLanguage":"ar","@id":"https:\/\/tunisia-savory.com\/produit\/miel-de-foret\/#primaryimage","url":"https:\/\/tunisia-savory.com\/wp-content\/uploads\/2026\/02\/IMG_3327-scaled.webp","contentUrl":"https:\/\/tunisia-savory.com\/wp-content\/uploads\/2026\/02\/IMG_3327-scaled.webp","width":2560,"height":2560},{"@type":"BreadcrumbList","@id":"https:\/\/tunisia-savory.com\/produit\/miel-de-foret\/#breadcrumb","itemListElement":[{"@type":"ListItem","position":1,"name":"Accueil","item":"https:\/\/tunisia-savory.com\/"},{"@type":"ListItem","position":2,"name":"Boutique","item":"https:\/\/tunisia-savory.com\/boutique-epicerie-tunisie\/"},{"@type":"ListItem","position":3,"name":"Miel de For\u00eat"}]},{"@type":"WebSite","@id":"https:\/\/tunisia-savory.com\/#website","url":"https:\/\/tunisia-savory.com\/","name":"Tunisia-savory.com","description":"Tunisia-savory.com","publisher":{"@id":"https:\/\/tunisia-savory.com\/#organization"},"potentialAction":[{"@type":"SearchAction","target":{"@type":"EntryPoint","urlTemplate":"https:\/\/tunisia-savory.com\/?s={search_term_string}"},"query-input":{"@type":"PropertyValueSpecification","valueRequired":true,"valueName":"search_term_string"}}],"inLanguage":"ar"},{"@type":"Organization","@id":"https:\/\/tunisia-savory.com\/#organization","name":"Tunisia-savory.com","url":"https:\/\/tunisia-savory.com\/","logo":{"@type":"ImageObject","inLanguage":"ar","@id":"https:\/\/tunisia-savory.com\/#\/schema\/logo\/image\/","url":"https:\/\/tunisia-savory.com\/wp-content\/uploads\/2026\/01\/logo-dark.png","contentUrl":"https:\/\/tunisia-savory.com\/wp-content\/uploads\/2026\/01\/logo-dark.png","width":552,"height":132,"caption":"Tunisia-savory.com"},"image":{"@id":"https:\/\/tunisia-savory.com\/#\/schema\/logo\/image\/"},"sameAs":["https:\/\/www.facebook.com\/profile.php?id=61584505435972","https:\/\/www.instagram.com\/tunisiasavory\/"]}]}},"_links":{"self":[{"href":"https:\/\/tunisia-savory.com\/ar\/wp-json\/wp\/v2\/product\/8002","targetHints":{"allow":["GET"]}}],"collection":[{"href":"https:\/\/tunisia-savory.com\/ar\/wp-json\/wp\/v2\/product"}],"about":[{"href":"https:\/\/tunisia-savory.com\/ar\/wp-json\/wp\/v2\/types\/product"}],"replies":[{"embeddable":true,"href":"https:\/\/tunisia-savory.com\/ar\/wp-json\/wp\/v2\/comments?post=8002"}],"version-history":[{"count":3,"href":"https:\/\/tunisia-savory.com\/ar\/wp-json\/wp\/v2\/product\/8002\/revisions"}],"predecessor-version":[{"id":9686,"href":"https:\/\/tunisia-savory.com\/ar\/wp-json\/wp\/v2\/product\/8002\/revisions\/9686"}],"wp:featuredmedia":[{"embeddable":true,"href":"https:\/\/tunisia-savory.com\/ar\/wp-json\/wp\/v2\/media\/8006"}],"wp:attachment":[{"href":"https:\/\/tunisia-savory.com\/ar\/wp-json\/wp\/v2\/media?parent=8002"}],"wp:term":[{"taxonomy":"product_brand","embeddable":true,"href":"https:\/\/tunisia-savory.com\/ar\/wp-json\/wp\/v2\/product_brand?post=8002"},{"taxonomy":"product_cat","embeddable":true,"href":"https:\/\/tunisia-savory.com\/ar\/wp-json\/wp\/v2\/product_cat?post=8002"},{"taxonomy":"product_tag","embeddable":true,"href":"https:\/\/tunisia-savory.com\/ar\/wp-json\/wp\/v2\/product_tag?post=8002"}],"curies":[{"name":"wp","href":"https:\/\/api.w.org\/{rel}","templated":true}]}}