{"id":7770,"date":"2026-01-30T22:05:41","date_gmt":"2026-01-30T22:05:41","guid":{"rendered":"https:\/\/tunisia-savory.com\/?post_type=product&#038;p=7770"},"modified":"2026-04-28T14:19:32","modified_gmt":"2026-04-28T14:19:32","slug":"salade-signature-savory-formage","status":"publish","type":"product","link":"https:\/\/tunisia-savory.com\/ar\/product\/salade-signature-savory-formage\/","title":{"rendered":"Salade signature savory formage"},"content":{"rendered":"<h2>\ud83e\udd57 Salade Signature Savory Formage \u2013 Tunisia Savory<\/h2>\n<p>La Salade Signature Savory formage est une cr\u00e9ation exclusive de Tunisia Savory, \u00e9labor\u00e9e par nos soins \u00e0 partir d\u2019ingr\u00e9dients soigneusement s\u00e9lectionn\u00e9s pour leur qualit\u00e9 et leur authenticit\u00e9.<\/p>\n<p>Cette salade gourmande associe des tomates s\u00e9ch\u00e9es savoureuses, des olives noires intenses, des olives grill\u00e9es au go\u00fbt l\u00e9g\u00e8rement fum\u00e9, des artichauts fondants, et du fromage Tastouri, reconnu pour sa texture d\u00e9licate et son caract\u00e8re unique.<\/p>\n<p>Pens\u00e9e et pr\u00e9par\u00e9e dans notre atelier, cette salade signature maison incarne le savoir-faire artisanal de Tunisia Savory et l\u2019esprit de la cuisine m\u00e9diterran\u00e9enne. Elle est id\u00e9ale en entr\u00e9e ou en plat l\u00e9ger, pour une pause fra\u00eeche, \u00e9quilibr\u00e9e et pleine de saveurs.<\/p>\n<ul>\n<li>Recette exclusive Tunisia Savory<\/li>\n<li>Produit artisanal<\/li>\n<li>Ingr\u00e9dients de qualit\u00e9<\/li>\n<li>Saveurs m\u00e9diterran\u00e9ennes<\/li>\n<\/ul>","protected":false},"excerpt":{"rendered":"<p>Une cr\u00e9ation maison sign\u00e9e Tunisia Savory, pr\u00e9par\u00e9e avec des tomates s\u00e9ch\u00e9es, olives noires, olives grill\u00e9es, artichauts et du fromage Tastouri.<br \/>\nUne salade m\u00e9diterran\u00e9enne gourmande, fra\u00eeche et riche en saveurs authentiques.<\/p>","protected":false},"featured_media":7771,"comment_status":"closed","ping_status":"closed","template":"","meta":[],"product_brand":[111],"product_cat":[356],"product_tag":[],"class_list":{"0":"post-7770","1":"product","2":"type-product","3":"status-publish","4":"has-post-thumbnail","6":"product_brand-tunisiasavory","7":"product_cat-signature-savory","9":"first","10":"instock","11":"shipping-taxable","12":"purchasable","13":"product-type-simple"},"yoast_head":"<!-- This site is optimized with the Yoast SEO plugin v27.4 - https:\/\/yoast.com\/product\/yoast-seo-wordpress\/ -->\n<title>Salade Signature Savory Fromage \u2013 Fra\u00eeche &amp; Gourmande<\/title>\n<meta name=\"description\" content=\"D\u00e9couvrez la salade signature Savory au fromage : fra\u00eeche, savoureuse et inspir\u00e9e de la cuisine tunisienne pour un repas l\u00e9ger et gourmand.\" \/>\n<meta name=\"robots\" content=\"index, follow, max-snippet:-1, max-image-preview:large, max-video-preview:-1\" \/>\n<link rel=\"canonical\" href=\"https:\/\/tunisia-savory.com\/ar\/product\/salade-signature-savory-formage\/\" \/>\n<meta property=\"og:locale\" content=\"ar_AR\" \/>\n<meta property=\"og:type\" content=\"article\" \/>\n<meta property=\"og:title\" content=\"Salade Signature Savory Fromage \u2013 Fra\u00eeche &amp; Gourmande\" \/>\n<meta property=\"og:description\" content=\"D\u00e9couvrez la salade signature Savory au fromage : fra\u00eeche, savoureuse et inspir\u00e9e de la cuisine tunisienne pour un repas l\u00e9ger et gourmand.\" \/>\n<meta property=\"og:url\" content=\"https:\/\/tunisia-savory.com\/ar\/product\/salade-signature-savory-formage\/\" \/>\n<meta property=\"og:site_name\" content=\"Tunisia-savory.com\" \/>\n<meta property=\"article:publisher\" content=\"https:\/\/www.facebook.com\/profile.php?id=61584505435972\" \/>\n<meta property=\"article:modified_time\" content=\"2026-04-28T14:19:32+00:00\" \/>\n<meta property=\"og:image\" content=\"https:\/\/tunisia-savory.com\/wp-content\/uploads\/2026\/01\/WhatsApp-Image-2026-01-24-at-7.24.43-PM.jpeg\" \/>\n\t<meta property=\"og:image:width\" content=\"853\" \/>\n\t<meta property=\"og:image:height\" content=\"1280\" \/>\n\t<meta property=\"og:image:type\" content=\"image\/jpeg\" \/>\n<meta name=\"twitter:card\" content=\"summary_large_image\" \/>\n<meta name=\"twitter:label1\" content=\"\u0648\u0642\u062a \u0627\u0644\u0642\u0631\u0627\u0621\u0629 \u0627\u0644\u0645\u064f\u0642\u062f\u0651\u0631\" \/>\n\t<meta name=\"twitter:data1\" content=\"\u062f\u0642\u064a\u0642\u0629 \u0648\u0627\u062d\u062f\u0629\" \/>\n<script type=\"application\/ld+json\" class=\"yoast-schema-graph\">{\"@context\":\"https:\\\/\\\/schema.org\",\"@graph\":[{\"@type\":\"WebPage\",\"@id\":\"https:\\\/\\\/tunisia-savory.com\\\/produit\\\/salade-signature-savory-formage\\\/\",\"url\":\"https:\\\/\\\/tunisia-savory.com\\\/produit\\\/salade-signature-savory-formage\\\/\",\"name\":\"Salade Signature Savory Fromage \u2013 Fra\u00eeche & Gourmande\",\"isPartOf\":{\"@id\":\"https:\\\/\\\/tunisia-savory.com\\\/#website\"},\"primaryImageOfPage\":{\"@id\":\"https:\\\/\\\/tunisia-savory.com\\\/produit\\\/salade-signature-savory-formage\\\/#primaryimage\"},\"image\":{\"@id\":\"https:\\\/\\\/tunisia-savory.com\\\/produit\\\/salade-signature-savory-formage\\\/#primaryimage\"},\"thumbnailUrl\":\"https:\\\/\\\/tunisia-savory.com\\\/wp-content\\\/uploads\\\/2026\\\/01\\\/WhatsApp-Image-2026-01-24-at-7.24.43-PM.jpeg\",\"datePublished\":\"2026-01-30T22:05:41+00:00\",\"dateModified\":\"2026-04-28T14:19:32+00:00\",\"description\":\"D\u00e9couvrez la salade signature Savory au fromage : fra\u00eeche, savoureuse et inspir\u00e9e de la cuisine tunisienne pour un repas l\u00e9ger et gourmand.\",\"breadcrumb\":{\"@id\":\"https:\\\/\\\/tunisia-savory.com\\\/produit\\\/salade-signature-savory-formage\\\/#breadcrumb\"},\"inLanguage\":\"ar\",\"potentialAction\":[{\"@type\":\"ReadAction\",\"target\":[\"https:\\\/\\\/tunisia-savory.com\\\/produit\\\/salade-signature-savory-formage\\\/\"]}]},{\"@type\":\"ImageObject\",\"inLanguage\":\"ar\",\"@id\":\"https:\\\/\\\/tunisia-savory.com\\\/produit\\\/salade-signature-savory-formage\\\/#primaryimage\",\"url\":\"https:\\\/\\\/tunisia-savory.com\\\/wp-content\\\/uploads\\\/2026\\\/01\\\/WhatsApp-Image-2026-01-24-at-7.24.43-PM.jpeg\",\"contentUrl\":\"https:\\\/\\\/tunisia-savory.com\\\/wp-content\\\/uploads\\\/2026\\\/01\\\/WhatsApp-Image-2026-01-24-at-7.24.43-PM.jpeg\",\"width\":853,\"height\":1280},{\"@type\":\"BreadcrumbList\",\"@id\":\"https:\\\/\\\/tunisia-savory.com\\\/produit\\\/salade-signature-savory-formage\\\/#breadcrumb\",\"itemListElement\":[{\"@type\":\"ListItem\",\"position\":1,\"name\":\"Accueil\",\"item\":\"https:\\\/\\\/tunisia-savory.com\\\/\"},{\"@type\":\"ListItem\",\"position\":2,\"name\":\"Boutique\",\"item\":\"https:\\\/\\\/tunisia-savory.com\\\/boutique-epicerie-tunisie\\\/\"},{\"@type\":\"ListItem\",\"position\":3,\"name\":\"Salade signature savory formage\"}]},{\"@type\":\"WebSite\",\"@id\":\"https:\\\/\\\/tunisia-savory.com\\\/#website\",\"url\":\"https:\\\/\\\/tunisia-savory.com\\\/\",\"name\":\"Tunisia-savory.com\",\"description\":\"Tunisia-savory.com\",\"publisher\":{\"@id\":\"https:\\\/\\\/tunisia-savory.com\\\/#organization\"},\"potentialAction\":[{\"@type\":\"SearchAction\",\"target\":{\"@type\":\"EntryPoint\",\"urlTemplate\":\"https:\\\/\\\/tunisia-savory.com\\\/?s={search_term_string}\"},\"query-input\":{\"@type\":\"PropertyValueSpecification\",\"valueRequired\":true,\"valueName\":\"search_term_string\"}}],\"inLanguage\":\"ar\"},{\"@type\":\"Organization\",\"@id\":\"https:\\\/\\\/tunisia-savory.com\\\/#organization\",\"name\":\"Tunisia-savory.com\",\"url\":\"https:\\\/\\\/tunisia-savory.com\\\/\",\"logo\":{\"@type\":\"ImageObject\",\"inLanguage\":\"ar\",\"@id\":\"https:\\\/\\\/tunisia-savory.com\\\/#\\\/schema\\\/logo\\\/image\\\/\",\"url\":\"https:\\\/\\\/tunisia-savory.com\\\/wp-content\\\/uploads\\\/2026\\\/01\\\/logo-dark.png\",\"contentUrl\":\"https:\\\/\\\/tunisia-savory.com\\\/wp-content\\\/uploads\\\/2026\\\/01\\\/logo-dark.png\",\"width\":552,\"height\":132,\"caption\":\"Tunisia-savory.com\"},\"image\":{\"@id\":\"https:\\\/\\\/tunisia-savory.com\\\/#\\\/schema\\\/logo\\\/image\\\/\"},\"sameAs\":[\"https:\\\/\\\/www.facebook.com\\\/profile.php?id=61584505435972\",\"https:\\\/\\\/www.instagram.com\\\/tunisiasavory\\\/\"]}]}<\/script>\n<!-- \/ Yoast SEO plugin. -->","yoast_head_json":{"title":"Salade Signature Savory Fromage \u2013 Fra\u00eeche & Gourmande","description":"D\u00e9couvrez la salade signature Savory au fromage : fra\u00eeche, savoureuse et inspir\u00e9e de la cuisine tunisienne pour un repas l\u00e9ger et gourmand.","robots":{"index":"index","follow":"follow","max-snippet":"max-snippet:-1","max-image-preview":"max-image-preview:large","max-video-preview":"max-video-preview:-1"},"canonical":"https:\/\/tunisia-savory.com\/ar\/product\/salade-signature-savory-formage\/","og_locale":"ar_AR","og_type":"article","og_title":"Salade Signature Savory Fromage \u2013 Fra\u00eeche & Gourmande","og_description":"D\u00e9couvrez la salade signature Savory au fromage : fra\u00eeche, savoureuse et inspir\u00e9e de la cuisine tunisienne pour un repas l\u00e9ger et gourmand.","og_url":"https:\/\/tunisia-savory.com\/ar\/product\/salade-signature-savory-formage\/","og_site_name":"Tunisia-savory.com","article_publisher":"https:\/\/www.facebook.com\/profile.php?id=61584505435972","article_modified_time":"2026-04-28T14:19:32+00:00","og_image":[{"width":853,"height":1280,"url":"https:\/\/tunisia-savory.com\/wp-content\/uploads\/2026\/01\/WhatsApp-Image-2026-01-24-at-7.24.43-PM.jpeg","type":"image\/jpeg"}],"twitter_card":"summary_large_image","twitter_misc":{"\u0648\u0642\u062a \u0627\u0644\u0642\u0631\u0627\u0621\u0629 \u0627\u0644\u0645\u064f\u0642\u062f\u0651\u0631":"\u062f\u0642\u064a\u0642\u0629 \u0648\u0627\u062d\u062f\u0629"},"schema":{"@context":"https:\/\/schema.org","@graph":[{"@type":"WebPage","@id":"https:\/\/tunisia-savory.com\/produit\/salade-signature-savory-formage\/","url":"https:\/\/tunisia-savory.com\/produit\/salade-signature-savory-formage\/","name":"Salade Signature Savory Fromage \u2013 Fra\u00eeche & Gourmande","isPartOf":{"@id":"https:\/\/tunisia-savory.com\/#website"},"primaryImageOfPage":{"@id":"https:\/\/tunisia-savory.com\/produit\/salade-signature-savory-formage\/#primaryimage"},"image":{"@id":"https:\/\/tunisia-savory.com\/produit\/salade-signature-savory-formage\/#primaryimage"},"thumbnailUrl":"https:\/\/tunisia-savory.com\/wp-content\/uploads\/2026\/01\/WhatsApp-Image-2026-01-24-at-7.24.43-PM.jpeg","datePublished":"2026-01-30T22:05:41+00:00","dateModified":"2026-04-28T14:19:32+00:00","description":"D\u00e9couvrez la salade signature Savory au fromage : fra\u00eeche, savoureuse et inspir\u00e9e de la cuisine tunisienne pour un repas l\u00e9ger et gourmand.","breadcrumb":{"@id":"https:\/\/tunisia-savory.com\/produit\/salade-signature-savory-formage\/#breadcrumb"},"inLanguage":"ar","potentialAction":[{"@type":"ReadAction","target":["https:\/\/tunisia-savory.com\/produit\/salade-signature-savory-formage\/"]}]},{"@type":"ImageObject","inLanguage":"ar","@id":"https:\/\/tunisia-savory.com\/produit\/salade-signature-savory-formage\/#primaryimage","url":"https:\/\/tunisia-savory.com\/wp-content\/uploads\/2026\/01\/WhatsApp-Image-2026-01-24-at-7.24.43-PM.jpeg","contentUrl":"https:\/\/tunisia-savory.com\/wp-content\/uploads\/2026\/01\/WhatsApp-Image-2026-01-24-at-7.24.43-PM.jpeg","width":853,"height":1280},{"@type":"BreadcrumbList","@id":"https:\/\/tunisia-savory.com\/produit\/salade-signature-savory-formage\/#breadcrumb","itemListElement":[{"@type":"ListItem","position":1,"name":"Accueil","item":"https:\/\/tunisia-savory.com\/"},{"@type":"ListItem","position":2,"name":"Boutique","item":"https:\/\/tunisia-savory.com\/boutique-epicerie-tunisie\/"},{"@type":"ListItem","position":3,"name":"Salade signature savory formage"}]},{"@type":"WebSite","@id":"https:\/\/tunisia-savory.com\/#website","url":"https:\/\/tunisia-savory.com\/","name":"Tunisia-savory.com","description":"Tunisia-savory.com","publisher":{"@id":"https:\/\/tunisia-savory.com\/#organization"},"potentialAction":[{"@type":"SearchAction","target":{"@type":"EntryPoint","urlTemplate":"https:\/\/tunisia-savory.com\/?s={search_term_string}"},"query-input":{"@type":"PropertyValueSpecification","valueRequired":true,"valueName":"search_term_string"}}],"inLanguage":"ar"},{"@type":"Organization","@id":"https:\/\/tunisia-savory.com\/#organization","name":"Tunisia-savory.com","url":"https:\/\/tunisia-savory.com\/","logo":{"@type":"ImageObject","inLanguage":"ar","@id":"https:\/\/tunisia-savory.com\/#\/schema\/logo\/image\/","url":"https:\/\/tunisia-savory.com\/wp-content\/uploads\/2026\/01\/logo-dark.png","contentUrl":"https:\/\/tunisia-savory.com\/wp-content\/uploads\/2026\/01\/logo-dark.png","width":552,"height":132,"caption":"Tunisia-savory.com"},"image":{"@id":"https:\/\/tunisia-savory.com\/#\/schema\/logo\/image\/"},"sameAs":["https:\/\/www.facebook.com\/profile.php?id=61584505435972","https:\/\/www.instagram.com\/tunisiasavory\/"]}]}},"_links":{"self":[{"href":"https:\/\/tunisia-savory.com\/ar\/wp-json\/wp\/v2\/product\/7770","targetHints":{"allow":["GET"]}}],"collection":[{"href":"https:\/\/tunisia-savory.com\/ar\/wp-json\/wp\/v2\/product"}],"about":[{"href":"https:\/\/tunisia-savory.com\/ar\/wp-json\/wp\/v2\/types\/product"}],"replies":[{"embeddable":true,"href":"https:\/\/tunisia-savory.com\/ar\/wp-json\/wp\/v2\/comments?post=7770"}],"version-history":[{"count":2,"href":"https:\/\/tunisia-savory.com\/ar\/wp-json\/wp\/v2\/product\/7770\/revisions"}],"predecessor-version":[{"id":7774,"href":"https:\/\/tunisia-savory.com\/ar\/wp-json\/wp\/v2\/product\/7770\/revisions\/7774"}],"wp:featuredmedia":[{"embeddable":true,"href":"https:\/\/tunisia-savory.com\/ar\/wp-json\/wp\/v2\/media\/7771"}],"wp:attachment":[{"href":"https:\/\/tunisia-savory.com\/ar\/wp-json\/wp\/v2\/media?parent=7770"}],"wp:term":[{"taxonomy":"product_brand","embeddable":true,"href":"https:\/\/tunisia-savory.com\/ar\/wp-json\/wp\/v2\/product_brand?post=7770"},{"taxonomy":"product_cat","embeddable":true,"href":"https:\/\/tunisia-savory.com\/ar\/wp-json\/wp\/v2\/product_cat?post=7770"},{"taxonomy":"product_tag","embeddable":true,"href":"https:\/\/tunisia-savory.com\/ar\/wp-json\/wp\/v2\/product_tag?post=7770"}],"curies":[{"name":"wp","href":"https:\/\/api.w.org\/{rel}","templated":true}]}}