{"id":7766,"date":"2026-01-30T22:01:42","date_gmt":"2026-01-30T22:01:42","guid":{"rendered":"https:\/\/tunisia-savory.com\/?post_type=product&#038;p=7766"},"modified":"2026-04-28T14:20:31","modified_gmt":"2026-04-28T14:20:31","slug":"salade-signature-savory-mozzarella","status":"publish","type":"product","link":"https:\/\/tunisia-savory.com\/ar\/product\/salade-signature-savory-mozzarella\/","title":{"rendered":"Salade signature savory mozzarella"},"content":{"rendered":"<h2>\ud83e\udd57 Salade Signature Savory Mozzarella \u2013 Tunisia Savory<\/h2>\n<p>D\u00e9couvrez notre Salade Signature Savory Mozzarella, une cr\u00e9ation exclusive de Tunisia Savory, imagin\u00e9e et pr\u00e9par\u00e9e par nos soins avec des ingr\u00e9dients soigneusement s\u00e9lectionn\u00e9s.<\/p>\n<p>Cette salade gourmande associe harmonieusement des tomates s\u00e9ch\u00e9es savoureuses, des olives noires riches en go\u00fbt, des olives grill\u00e9es l\u00e9g\u00e8rement fum\u00e9es, des artichauts fondants, et de d\u00e9licieuses mozzarella cerise fra\u00eeches, pour une exp\u00e9rience authentique et \u00e9quilibr\u00e9e.<\/p>\n<p>Chaque ingr\u00e9dient est choisi pour sa qualit\u00e9 et son authenticit\u00e9 afin d\u2019offrir une salade fra\u00eeche, g\u00e9n\u00e9reuse et pleine de caract\u00e8re. Id\u00e9ale en entr\u00e9e ou en plat l\u00e9ger, notre salade signature maison refl\u00e8te parfaitement le savoir-faire et l\u2019identit\u00e9 culinaire de Tunisia Savory.<\/p>\n<ul>\n<li>Produit artisanal<\/li>\n<li>Recette exclusive Tunisia Savory<\/li>\n<li>Ingr\u00e9dients de qualit\u00e9<\/li>\n<li>Saveurs m\u00e9diterran\u00e9ennes authentiques<\/li>\n<\/ul>","protected":false},"excerpt":{"rendered":"<p>Une cr\u00e9ation maison sign\u00e9e Tunisia Savory, pr\u00e9par\u00e9e avec des tomates s\u00e9ch\u00e9es, olives noires, olives grill\u00e9es, artichauts et mozzarella cerise fra\u00eeche.<br \/>\nUne salade gourmande aux saveurs m\u00e9diterran\u00e9ennes, fra\u00eeche, \u00e9quilibr\u00e9e et pleine de caract\u00e8re.<\/p>","protected":false},"featured_media":7768,"comment_status":"closed","ping_status":"closed","template":"","meta":[],"product_brand":[111],"product_cat":[356],"product_tag":[],"class_list":{"0":"post-7766","1":"product","2":"type-product","3":"status-publish","4":"has-post-thumbnail","6":"product_brand-tunisiasavory","7":"product_cat-signature-savory","9":"first","10":"instock","11":"shipping-taxable","12":"purchasable","13":"product-type-simple"},"yoast_head":"<!-- This site is optimized with the Yoast SEO plugin v27.4 - https:\/\/yoast.com\/product\/yoast-seo-wordpress\/ -->\n<title>Salade Signature Savory Mozzarella \u2013 Fra\u00eeche &amp; Gourmande<\/title>\n<meta name=\"description\" content=\"D\u00e9couvrez la salade signature mozzarella Savory : fra\u00eeche, savoureuse et inspir\u00e9e de la cuisine m\u00e9diterran\u00e9enne pour un repas l\u00e9ger et gourmand.\" \/>\n<meta name=\"robots\" content=\"index, follow, max-snippet:-1, max-image-preview:large, max-video-preview:-1\" \/>\n<link rel=\"canonical\" href=\"https:\/\/tunisia-savory.com\/ar\/product\/salade-signature-savory-mozzarella\/\" \/>\n<meta property=\"og:locale\" content=\"ar_AR\" \/>\n<meta property=\"og:type\" content=\"article\" \/>\n<meta property=\"og:title\" content=\"Salade Signature Savory Mozzarella \u2013 Fra\u00eeche &amp; Gourmande\" \/>\n<meta property=\"og:description\" content=\"D\u00e9couvrez la salade signature mozzarella Savory : fra\u00eeche, savoureuse et inspir\u00e9e de la cuisine m\u00e9diterran\u00e9enne pour un repas l\u00e9ger et gourmand.\" \/>\n<meta property=\"og:url\" content=\"https:\/\/tunisia-savory.com\/ar\/product\/salade-signature-savory-mozzarella\/\" \/>\n<meta property=\"og:site_name\" content=\"Tunisia-savory.com\" \/>\n<meta property=\"article:publisher\" content=\"https:\/\/www.facebook.com\/profile.php?id=61584505435972\" \/>\n<meta property=\"article:modified_time\" content=\"2026-04-28T14:20:31+00:00\" \/>\n<meta property=\"og:image\" content=\"https:\/\/tunisia-savory.com\/wp-content\/uploads\/2026\/01\/WhatsApp-Image-2026-01-24-at-7.24.57-PM.jpeg\" \/>\n\t<meta property=\"og:image:width\" content=\"853\" \/>\n\t<meta property=\"og:image:height\" content=\"1280\" \/>\n\t<meta property=\"og:image:type\" content=\"image\/jpeg\" \/>\n<meta name=\"twitter:card\" content=\"summary_large_image\" \/>\n<meta name=\"twitter:label1\" content=\"\u0648\u0642\u062a \u0627\u0644\u0642\u0631\u0627\u0621\u0629 \u0627\u0644\u0645\u064f\u0642\u062f\u0651\u0631\" \/>\n\t<meta name=\"twitter:data1\" content=\"\u062f\u0642\u064a\u0642\u0629 \u0648\u0627\u062d\u062f\u0629\" \/>\n<script type=\"application\/ld+json\" class=\"yoast-schema-graph\">{\"@context\":\"https:\\\/\\\/schema.org\",\"@graph\":[{\"@type\":\"WebPage\",\"@id\":\"https:\\\/\\\/tunisia-savory.com\\\/produit\\\/salade-signature-savory-mozzarella\\\/\",\"url\":\"https:\\\/\\\/tunisia-savory.com\\\/produit\\\/salade-signature-savory-mozzarella\\\/\",\"name\":\"Salade Signature Savory Mozzarella \u2013 Fra\u00eeche & Gourmande\",\"isPartOf\":{\"@id\":\"https:\\\/\\\/tunisia-savory.com\\\/#website\"},\"primaryImageOfPage\":{\"@id\":\"https:\\\/\\\/tunisia-savory.com\\\/produit\\\/salade-signature-savory-mozzarella\\\/#primaryimage\"},\"image\":{\"@id\":\"https:\\\/\\\/tunisia-savory.com\\\/produit\\\/salade-signature-savory-mozzarella\\\/#primaryimage\"},\"thumbnailUrl\":\"https:\\\/\\\/tunisia-savory.com\\\/wp-content\\\/uploads\\\/2026\\\/01\\\/WhatsApp-Image-2026-01-24-at-7.24.57-PM.jpeg\",\"datePublished\":\"2026-01-30T22:01:42+00:00\",\"dateModified\":\"2026-04-28T14:20:31+00:00\",\"description\":\"D\u00e9couvrez la salade signature mozzarella Savory : fra\u00eeche, savoureuse et inspir\u00e9e de la cuisine m\u00e9diterran\u00e9enne pour un repas l\u00e9ger et gourmand.\",\"breadcrumb\":{\"@id\":\"https:\\\/\\\/tunisia-savory.com\\\/produit\\\/salade-signature-savory-mozzarella\\\/#breadcrumb\"},\"inLanguage\":\"ar\",\"potentialAction\":[{\"@type\":\"ReadAction\",\"target\":[\"https:\\\/\\\/tunisia-savory.com\\\/produit\\\/salade-signature-savory-mozzarella\\\/\"]}]},{\"@type\":\"ImageObject\",\"inLanguage\":\"ar\",\"@id\":\"https:\\\/\\\/tunisia-savory.com\\\/produit\\\/salade-signature-savory-mozzarella\\\/#primaryimage\",\"url\":\"https:\\\/\\\/tunisia-savory.com\\\/wp-content\\\/uploads\\\/2026\\\/01\\\/WhatsApp-Image-2026-01-24-at-7.24.57-PM.jpeg\",\"contentUrl\":\"https:\\\/\\\/tunisia-savory.com\\\/wp-content\\\/uploads\\\/2026\\\/01\\\/WhatsApp-Image-2026-01-24-at-7.24.57-PM.jpeg\",\"width\":853,\"height\":1280},{\"@type\":\"BreadcrumbList\",\"@id\":\"https:\\\/\\\/tunisia-savory.com\\\/produit\\\/salade-signature-savory-mozzarella\\\/#breadcrumb\",\"itemListElement\":[{\"@type\":\"ListItem\",\"position\":1,\"name\":\"Accueil\",\"item\":\"https:\\\/\\\/tunisia-savory.com\\\/\"},{\"@type\":\"ListItem\",\"position\":2,\"name\":\"Boutique\",\"item\":\"https:\\\/\\\/tunisia-savory.com\\\/boutique-epicerie-tunisie\\\/\"},{\"@type\":\"ListItem\",\"position\":3,\"name\":\"Salade signature savory mozzarella\"}]},{\"@type\":\"WebSite\",\"@id\":\"https:\\\/\\\/tunisia-savory.com\\\/#website\",\"url\":\"https:\\\/\\\/tunisia-savory.com\\\/\",\"name\":\"Tunisia-savory.com\",\"description\":\"Tunisia-savory.com\",\"publisher\":{\"@id\":\"https:\\\/\\\/tunisia-savory.com\\\/#organization\"},\"potentialAction\":[{\"@type\":\"SearchAction\",\"target\":{\"@type\":\"EntryPoint\",\"urlTemplate\":\"https:\\\/\\\/tunisia-savory.com\\\/?s={search_term_string}\"},\"query-input\":{\"@type\":\"PropertyValueSpecification\",\"valueRequired\":true,\"valueName\":\"search_term_string\"}}],\"inLanguage\":\"ar\"},{\"@type\":\"Organization\",\"@id\":\"https:\\\/\\\/tunisia-savory.com\\\/#organization\",\"name\":\"Tunisia-savory.com\",\"url\":\"https:\\\/\\\/tunisia-savory.com\\\/\",\"logo\":{\"@type\":\"ImageObject\",\"inLanguage\":\"ar\",\"@id\":\"https:\\\/\\\/tunisia-savory.com\\\/#\\\/schema\\\/logo\\\/image\\\/\",\"url\":\"https:\\\/\\\/tunisia-savory.com\\\/wp-content\\\/uploads\\\/2026\\\/01\\\/logo-dark.png\",\"contentUrl\":\"https:\\\/\\\/tunisia-savory.com\\\/wp-content\\\/uploads\\\/2026\\\/01\\\/logo-dark.png\",\"width\":552,\"height\":132,\"caption\":\"Tunisia-savory.com\"},\"image\":{\"@id\":\"https:\\\/\\\/tunisia-savory.com\\\/#\\\/schema\\\/logo\\\/image\\\/\"},\"sameAs\":[\"https:\\\/\\\/www.facebook.com\\\/profile.php?id=61584505435972\",\"https:\\\/\\\/www.instagram.com\\\/tunisiasavory\\\/\"]}]}<\/script>\n<!-- \/ Yoast SEO plugin. -->","yoast_head_json":{"title":"Salade Signature Savory Mozzarella \u2013 Fra\u00eeche & Gourmande","description":"D\u00e9couvrez la salade signature mozzarella Savory : fra\u00eeche, savoureuse et inspir\u00e9e de la cuisine m\u00e9diterran\u00e9enne pour un repas l\u00e9ger et gourmand.","robots":{"index":"index","follow":"follow","max-snippet":"max-snippet:-1","max-image-preview":"max-image-preview:large","max-video-preview":"max-video-preview:-1"},"canonical":"https:\/\/tunisia-savory.com\/ar\/product\/salade-signature-savory-mozzarella\/","og_locale":"ar_AR","og_type":"article","og_title":"Salade Signature Savory Mozzarella \u2013 Fra\u00eeche & Gourmande","og_description":"D\u00e9couvrez la salade signature mozzarella Savory : fra\u00eeche, savoureuse et inspir\u00e9e de la cuisine m\u00e9diterran\u00e9enne pour un repas l\u00e9ger et gourmand.","og_url":"https:\/\/tunisia-savory.com\/ar\/product\/salade-signature-savory-mozzarella\/","og_site_name":"Tunisia-savory.com","article_publisher":"https:\/\/www.facebook.com\/profile.php?id=61584505435972","article_modified_time":"2026-04-28T14:20:31+00:00","og_image":[{"width":853,"height":1280,"url":"https:\/\/tunisia-savory.com\/wp-content\/uploads\/2026\/01\/WhatsApp-Image-2026-01-24-at-7.24.57-PM.jpeg","type":"image\/jpeg"}],"twitter_card":"summary_large_image","twitter_misc":{"\u0648\u0642\u062a \u0627\u0644\u0642\u0631\u0627\u0621\u0629 \u0627\u0644\u0645\u064f\u0642\u062f\u0651\u0631":"\u062f\u0642\u064a\u0642\u0629 \u0648\u0627\u062d\u062f\u0629"},"schema":{"@context":"https:\/\/schema.org","@graph":[{"@type":"WebPage","@id":"https:\/\/tunisia-savory.com\/produit\/salade-signature-savory-mozzarella\/","url":"https:\/\/tunisia-savory.com\/produit\/salade-signature-savory-mozzarella\/","name":"Salade Signature Savory Mozzarella \u2013 Fra\u00eeche & Gourmande","isPartOf":{"@id":"https:\/\/tunisia-savory.com\/#website"},"primaryImageOfPage":{"@id":"https:\/\/tunisia-savory.com\/produit\/salade-signature-savory-mozzarella\/#primaryimage"},"image":{"@id":"https:\/\/tunisia-savory.com\/produit\/salade-signature-savory-mozzarella\/#primaryimage"},"thumbnailUrl":"https:\/\/tunisia-savory.com\/wp-content\/uploads\/2026\/01\/WhatsApp-Image-2026-01-24-at-7.24.57-PM.jpeg","datePublished":"2026-01-30T22:01:42+00:00","dateModified":"2026-04-28T14:20:31+00:00","description":"D\u00e9couvrez la salade signature mozzarella Savory : fra\u00eeche, savoureuse et inspir\u00e9e de la cuisine m\u00e9diterran\u00e9enne pour un repas l\u00e9ger et gourmand.","breadcrumb":{"@id":"https:\/\/tunisia-savory.com\/produit\/salade-signature-savory-mozzarella\/#breadcrumb"},"inLanguage":"ar","potentialAction":[{"@type":"ReadAction","target":["https:\/\/tunisia-savory.com\/produit\/salade-signature-savory-mozzarella\/"]}]},{"@type":"ImageObject","inLanguage":"ar","@id":"https:\/\/tunisia-savory.com\/produit\/salade-signature-savory-mozzarella\/#primaryimage","url":"https:\/\/tunisia-savory.com\/wp-content\/uploads\/2026\/01\/WhatsApp-Image-2026-01-24-at-7.24.57-PM.jpeg","contentUrl":"https:\/\/tunisia-savory.com\/wp-content\/uploads\/2026\/01\/WhatsApp-Image-2026-01-24-at-7.24.57-PM.jpeg","width":853,"height":1280},{"@type":"BreadcrumbList","@id":"https:\/\/tunisia-savory.com\/produit\/salade-signature-savory-mozzarella\/#breadcrumb","itemListElement":[{"@type":"ListItem","position":1,"name":"Accueil","item":"https:\/\/tunisia-savory.com\/"},{"@type":"ListItem","position":2,"name":"Boutique","item":"https:\/\/tunisia-savory.com\/boutique-epicerie-tunisie\/"},{"@type":"ListItem","position":3,"name":"Salade signature savory mozzarella"}]},{"@type":"WebSite","@id":"https:\/\/tunisia-savory.com\/#website","url":"https:\/\/tunisia-savory.com\/","name":"Tunisia-savory.com","description":"Tunisia-savory.com","publisher":{"@id":"https:\/\/tunisia-savory.com\/#organization"},"potentialAction":[{"@type":"SearchAction","target":{"@type":"EntryPoint","urlTemplate":"https:\/\/tunisia-savory.com\/?s={search_term_string}"},"query-input":{"@type":"PropertyValueSpecification","valueRequired":true,"valueName":"search_term_string"}}],"inLanguage":"ar"},{"@type":"Organization","@id":"https:\/\/tunisia-savory.com\/#organization","name":"Tunisia-savory.com","url":"https:\/\/tunisia-savory.com\/","logo":{"@type":"ImageObject","inLanguage":"ar","@id":"https:\/\/tunisia-savory.com\/#\/schema\/logo\/image\/","url":"https:\/\/tunisia-savory.com\/wp-content\/uploads\/2026\/01\/logo-dark.png","contentUrl":"https:\/\/tunisia-savory.com\/wp-content\/uploads\/2026\/01\/logo-dark.png","width":552,"height":132,"caption":"Tunisia-savory.com"},"image":{"@id":"https:\/\/tunisia-savory.com\/#\/schema\/logo\/image\/"},"sameAs":["https:\/\/www.facebook.com\/profile.php?id=61584505435972","https:\/\/www.instagram.com\/tunisiasavory\/"]}]}},"_links":{"self":[{"href":"https:\/\/tunisia-savory.com\/ar\/wp-json\/wp\/v2\/product\/7766","targetHints":{"allow":["GET"]}}],"collection":[{"href":"https:\/\/tunisia-savory.com\/ar\/wp-json\/wp\/v2\/product"}],"about":[{"href":"https:\/\/tunisia-savory.com\/ar\/wp-json\/wp\/v2\/types\/product"}],"replies":[{"embeddable":true,"href":"https:\/\/tunisia-savory.com\/ar\/wp-json\/wp\/v2\/comments?post=7766"}],"version-history":[{"count":2,"href":"https:\/\/tunisia-savory.com\/ar\/wp-json\/wp\/v2\/product\/7766\/revisions"}],"predecessor-version":[{"id":9687,"href":"https:\/\/tunisia-savory.com\/ar\/wp-json\/wp\/v2\/product\/7766\/revisions\/9687"}],"wp:featuredmedia":[{"embeddable":true,"href":"https:\/\/tunisia-savory.com\/ar\/wp-json\/wp\/v2\/media\/7768"}],"wp:attachment":[{"href":"https:\/\/tunisia-savory.com\/ar\/wp-json\/wp\/v2\/media?parent=7766"}],"wp:term":[{"taxonomy":"product_brand","embeddable":true,"href":"https:\/\/tunisia-savory.com\/ar\/wp-json\/wp\/v2\/product_brand?post=7766"},{"taxonomy":"product_cat","embeddable":true,"href":"https:\/\/tunisia-savory.com\/ar\/wp-json\/wp\/v2\/product_cat?post=7766"},{"taxonomy":"product_tag","embeddable":true,"href":"https:\/\/tunisia-savory.com\/ar\/wp-json\/wp\/v2\/product_tag?post=7766"}],"curies":[{"name":"wp","href":"https:\/\/api.w.org\/{rel}","templated":true}]}}