{"id":7754,"date":"2026-01-30T21:45:06","date_gmt":"2026-01-30T21:45:06","guid":{"rendered":"https:\/\/tunisia-savory.com\/?post_type=product&#038;p=7754"},"modified":"2026-04-28T14:52:10","modified_gmt":"2026-04-28T14:52:10","slug":"figues-seches","status":"publish","type":"product","link":"https:\/\/tunisia-savory.com\/ar\/product\/figues-seches\/","title":{"rendered":"Figues s\u00e8ches"},"content":{"rendered":"<p data-start=\"773\" data-end=\"930\">Nos figues s\u00e8ches proviennent de vergers soigneusement s\u00e9lectionn\u00e9s en Tunisie, o\u00f9 le climat chaud et ensoleill\u00e9 favorise une maturation optimale des fruits.<\/p>\n<p data-start=\"932\" data-end=\"1004\">Apr\u00e8s r\u00e9colte, les figues sont s\u00e9ch\u00e9es naturellement afin de pr\u00e9server :<\/p>\n<ul data-start=\"1005\" data-end=\"1128\">\n<li data-section-id=\"18ep9qp\" data-start=\"1005\" data-end=\"1032\">leur go\u00fbt sucr\u00e9 intense<\/li>\n<li data-section-id=\"gflnlm\" data-start=\"1033\" data-end=\"1096\">leur texture moelleuse ou l\u00e9g\u00e8rement ferme selon la vari\u00e9t\u00e9<\/li>\n<li data-section-id=\"t51ep5\" data-start=\"1097\" data-end=\"1128\">leurs nutriments essentiels<\/li>\n<\/ul>\n<p data-start=\"1130\" data-end=\"1240\">Aucun sucre ajout\u00e9, aucun conservateur, aucun traitement chimique : uniquement la richesse naturelle du fruit.<\/p>","protected":false},"excerpt":{"rendered":"<section class=\"text-token-text-primary w-full focus:outline-none [--shadow-height:45px] has-data-writing-block:pointer-events-none has-data-writing-block:-mt-(--shadow-height) has-data-writing-block:pt-(--shadow-height) [&amp;:has([data-writing-block])&gt;*]:pointer-events-auto [content-visibility:auto] supports-[content-visibility:auto]:[contain-intrinsic-size:auto_100lvh] R6Vx5W_threadScrollVars scroll-mb-[calc(var(--scroll-root-safe-area-inset-bottom,0px)+var(--thread-response-height))] scroll-mt-[calc(var(--header-height)+min(200px,max(70px,20svh)))]\" dir=\"auto\" data-turn-id=\"request-WEB:179f99d8-3fbc-492b-85b1-3c17f7598f67-21\" data-testid=\"conversation-turn-44\" data-scroll-anchor=\"false\" data-turn=\"assistant\">\n<div class=\"text-base my-auto mx-auto pb-10 [--thread-content-margin:var(--thread-content-margin-xs,calc(var(--spacing)*4))] @w-sm\/main:[--thread-content-margin:var(--thread-content-margin-sm,calc(var(--spacing)*6))] @w-lg\/main:[--thread-content-margin:var(--thread-content-margin-lg,calc(var(--spacing)*16))] px-(--thread-content-margin)\">\n<div class=\"[--thread-content-max-width:40rem] @w-lg\/main:[--thread-content-max-width:48rem] mx-auto max-w-(--thread-content-max-width) flex-1 group\/turn-messages focus-visible:outline-hidden relative flex w-full min-w-0 flex-col agent-turn\">\n<div class=\"flex max-w-full flex-col gap-4 grow\">\n<div class=\"min-h-8 text-message relative flex w-full flex-col items-end gap-2 text-start break-words whitespace-normal outline-none keyboard-focused:focus-ring [.text-message+&amp;]:mt-1\" dir=\"auto\" tabindex=\"0\" data-message-author-role=\"assistant\" data-message-id=\"a8c62ffb-9466-4f05-8bb6-2f078fc9faf2\" data-message-model-slug=\"gpt-5-3-mini\" data-turn-start-message=\"true\">\n<div class=\"flex w-full flex-col gap-1 empty:hidden\">\n<div class=\"streaming-animation markdown prose dark:prose-invert w-full wrap-break-word light markdown-new-styling\">\n<p data-start=\"67\" data-end=\"225\" data-is-last-node=\"\" data-is-only-node=\"\">Figues s\u00e8ches 100% naturelles de Tunisie, riches en fibres et en \u00e9nergie. Un fruit sec gourmand et sain, id\u00e9al en collation, petit-d\u00e9jeuner ou en cuisine.<\/p>\n<\/div>\n<\/div>\n<\/div>\n<\/div>\n<\/div>\n<\/div>\n<\/section>\n<div class=\"pointer-events-none -mt-px h-px translate-y-[calc(var(--scroll-root-safe-area-inset-bottom)-14*var(--spacing))]\" aria-hidden=\"true\"><\/div>","protected":false},"featured_media":7759,"comment_status":"closed","ping_status":"closed","template":"","meta":[],"product_brand":[111],"product_cat":[353],"product_tag":[],"class_list":{"0":"post-7754","1":"product","2":"type-product","3":"status-publish","4":"has-post-thumbnail","6":"product_brand-tunisiasavory","7":"product_cat-naturel-terroir","9":"first","10":"instock","11":"sale","12":"shipping-taxable","13":"purchasable","14":"product-type-variable","15":"has-default-attributes"},"yoast_head":"<!-- This site is optimized with the Yoast SEO plugin v27.4 - https:\/\/yoast.com\/product\/yoast-seo-wordpress\/ -->\n<title>Figues S\u00e8ches Tunisiennes \u2013 100% Naturelles &amp; Sucr\u00e9es<\/title>\n<meta name=\"description\" content=\"D\u00e9couvrez les figues s\u00e8ches tunisiennes, riches en fibres et \u00e9nergie naturelle. Un fruit sain et gourmand parfait pour collation ou cuisine.\" \/>\n<meta name=\"robots\" content=\"index, follow, max-snippet:-1, max-image-preview:large, max-video-preview:-1\" \/>\n<link rel=\"canonical\" href=\"https:\/\/tunisia-savory.com\/ar\/product\/figues-seches\/\" \/>\n<meta property=\"og:locale\" content=\"ar_AR\" \/>\n<meta property=\"og:type\" content=\"article\" \/>\n<meta property=\"og:title\" content=\"Figues S\u00e8ches Tunisiennes \u2013 100% Naturelles &amp; Sucr\u00e9es\" \/>\n<meta property=\"og:description\" content=\"D\u00e9couvrez les figues s\u00e8ches tunisiennes, riches en fibres et \u00e9nergie naturelle. Un fruit sain et gourmand parfait pour collation ou cuisine.\" \/>\n<meta property=\"og:url\" content=\"https:\/\/tunisia-savory.com\/ar\/product\/figues-seches\/\" \/>\n<meta property=\"og:site_name\" content=\"Tunisia-savory.com\" \/>\n<meta property=\"article:publisher\" content=\"https:\/\/www.facebook.com\/profile.php?id=61584505435972\" \/>\n<meta property=\"article:modified_time\" content=\"2026-04-28T14:52:10+00:00\" \/>\n<meta property=\"og:image\" content=\"https:\/\/tunisia-savory.com\/wp-content\/uploads\/2026\/01\/Gemini_Generated_Image_4310v64310v64310-800x800.png\" \/>\n\t<meta property=\"og:image:width\" content=\"800\" \/>\n\t<meta property=\"og:image:height\" content=\"800\" \/>\n\t<meta property=\"og:image:type\" content=\"image\/png\" \/>\n<meta name=\"twitter:card\" content=\"summary_large_image\" \/>\n<meta name=\"twitter:label1\" content=\"\u0648\u0642\u062a \u0627\u0644\u0642\u0631\u0627\u0621\u0629 \u0627\u0644\u0645\u064f\u0642\u062f\u0651\u0631\" \/>\n\t<meta name=\"twitter:data1\" content=\"\u062f\u0642\u064a\u0642\u0629 \u0648\u0627\u062d\u062f\u0629\" \/>\n<script type=\"application\/ld+json\" class=\"yoast-schema-graph\">{\"@context\":\"https:\\\/\\\/schema.org\",\"@graph\":[{\"@type\":\"WebPage\",\"@id\":\"https:\\\/\\\/tunisia-savory.com\\\/produit\\\/figues-seches\\\/\",\"url\":\"https:\\\/\\\/tunisia-savory.com\\\/produit\\\/figues-seches\\\/\",\"name\":\"Figues S\u00e8ches Tunisiennes \u2013 100% Naturelles & Sucr\u00e9es\",\"isPartOf\":{\"@id\":\"https:\\\/\\\/tunisia-savory.com\\\/#website\"},\"primaryImageOfPage\":{\"@id\":\"https:\\\/\\\/tunisia-savory.com\\\/produit\\\/figues-seches\\\/#primaryimage\"},\"image\":{\"@id\":\"https:\\\/\\\/tunisia-savory.com\\\/produit\\\/figues-seches\\\/#primaryimage\"},\"thumbnailUrl\":\"https:\\\/\\\/tunisia-savory.com\\\/wp-content\\\/uploads\\\/2026\\\/01\\\/Gemini_Generated_Image_4310v64310v64310.png\",\"datePublished\":\"2026-01-30T21:45:06+00:00\",\"dateModified\":\"2026-04-28T14:52:10+00:00\",\"description\":\"D\u00e9couvrez les figues s\u00e8ches tunisiennes, riches en fibres et \u00e9nergie naturelle. Un fruit sain et gourmand parfait pour collation ou cuisine.\",\"breadcrumb\":{\"@id\":\"https:\\\/\\\/tunisia-savory.com\\\/produit\\\/figues-seches\\\/#breadcrumb\"},\"inLanguage\":\"ar\",\"potentialAction\":[{\"@type\":\"ReadAction\",\"target\":[\"https:\\\/\\\/tunisia-savory.com\\\/produit\\\/figues-seches\\\/\"]}]},{\"@type\":\"ImageObject\",\"inLanguage\":\"ar\",\"@id\":\"https:\\\/\\\/tunisia-savory.com\\\/produit\\\/figues-seches\\\/#primaryimage\",\"url\":\"https:\\\/\\\/tunisia-savory.com\\\/wp-content\\\/uploads\\\/2026\\\/01\\\/Gemini_Generated_Image_4310v64310v64310.png\",\"contentUrl\":\"https:\\\/\\\/tunisia-savory.com\\\/wp-content\\\/uploads\\\/2026\\\/01\\\/Gemini_Generated_Image_4310v64310v64310.png\",\"width\":1024,\"height\":1024},{\"@type\":\"BreadcrumbList\",\"@id\":\"https:\\\/\\\/tunisia-savory.com\\\/produit\\\/figues-seches\\\/#breadcrumb\",\"itemListElement\":[{\"@type\":\"ListItem\",\"position\":1,\"name\":\"Accueil\",\"item\":\"https:\\\/\\\/tunisia-savory.com\\\/\"},{\"@type\":\"ListItem\",\"position\":2,\"name\":\"Boutique\",\"item\":\"https:\\\/\\\/tunisia-savory.com\\\/boutique-epicerie-tunisie\\\/\"},{\"@type\":\"ListItem\",\"position\":3,\"name\":\"Figues s\u00e8ches\"}]},{\"@type\":\"WebSite\",\"@id\":\"https:\\\/\\\/tunisia-savory.com\\\/#website\",\"url\":\"https:\\\/\\\/tunisia-savory.com\\\/\",\"name\":\"Tunisia-savory.com\",\"description\":\"Tunisia-savory.com\",\"publisher\":{\"@id\":\"https:\\\/\\\/tunisia-savory.com\\\/#organization\"},\"potentialAction\":[{\"@type\":\"SearchAction\",\"target\":{\"@type\":\"EntryPoint\",\"urlTemplate\":\"https:\\\/\\\/tunisia-savory.com\\\/?s={search_term_string}\"},\"query-input\":{\"@type\":\"PropertyValueSpecification\",\"valueRequired\":true,\"valueName\":\"search_term_string\"}}],\"inLanguage\":\"ar\"},{\"@type\":\"Organization\",\"@id\":\"https:\\\/\\\/tunisia-savory.com\\\/#organization\",\"name\":\"Tunisia-savory.com\",\"url\":\"https:\\\/\\\/tunisia-savory.com\\\/\",\"logo\":{\"@type\":\"ImageObject\",\"inLanguage\":\"ar\",\"@id\":\"https:\\\/\\\/tunisia-savory.com\\\/#\\\/schema\\\/logo\\\/image\\\/\",\"url\":\"https:\\\/\\\/tunisia-savory.com\\\/wp-content\\\/uploads\\\/2026\\\/01\\\/logo-dark.png\",\"contentUrl\":\"https:\\\/\\\/tunisia-savory.com\\\/wp-content\\\/uploads\\\/2026\\\/01\\\/logo-dark.png\",\"width\":552,\"height\":132,\"caption\":\"Tunisia-savory.com\"},\"image\":{\"@id\":\"https:\\\/\\\/tunisia-savory.com\\\/#\\\/schema\\\/logo\\\/image\\\/\"},\"sameAs\":[\"https:\\\/\\\/www.facebook.com\\\/profile.php?id=61584505435972\",\"https:\\\/\\\/www.instagram.com\\\/tunisiasavory\\\/\"]}]}<\/script>\n<!-- \/ Yoast SEO plugin. -->","yoast_head_json":{"title":"Figues S\u00e8ches Tunisiennes \u2013 100% Naturelles & Sucr\u00e9es","description":"D\u00e9couvrez les figues s\u00e8ches tunisiennes, riches en fibres et \u00e9nergie naturelle. Un fruit sain et gourmand parfait pour collation ou cuisine.","robots":{"index":"index","follow":"follow","max-snippet":"max-snippet:-1","max-image-preview":"max-image-preview:large","max-video-preview":"max-video-preview:-1"},"canonical":"https:\/\/tunisia-savory.com\/ar\/product\/figues-seches\/","og_locale":"ar_AR","og_type":"article","og_title":"Figues S\u00e8ches Tunisiennes \u2013 100% Naturelles & Sucr\u00e9es","og_description":"D\u00e9couvrez les figues s\u00e8ches tunisiennes, riches en fibres et \u00e9nergie naturelle. Un fruit sain et gourmand parfait pour collation ou cuisine.","og_url":"https:\/\/tunisia-savory.com\/ar\/product\/figues-seches\/","og_site_name":"Tunisia-savory.com","article_publisher":"https:\/\/www.facebook.com\/profile.php?id=61584505435972","article_modified_time":"2026-04-28T14:52:10+00:00","og_image":[{"width":800,"height":800,"url":"https:\/\/tunisia-savory.com\/wp-content\/uploads\/2026\/01\/Gemini_Generated_Image_4310v64310v64310-800x800.png","type":"image\/png"}],"twitter_card":"summary_large_image","twitter_misc":{"\u0648\u0642\u062a \u0627\u0644\u0642\u0631\u0627\u0621\u0629 \u0627\u0644\u0645\u064f\u0642\u062f\u0651\u0631":"\u062f\u0642\u064a\u0642\u0629 \u0648\u0627\u062d\u062f\u0629"},"schema":{"@context":"https:\/\/schema.org","@graph":[{"@type":"WebPage","@id":"https:\/\/tunisia-savory.com\/produit\/figues-seches\/","url":"https:\/\/tunisia-savory.com\/produit\/figues-seches\/","name":"Figues S\u00e8ches Tunisiennes \u2013 100% Naturelles & Sucr\u00e9es","isPartOf":{"@id":"https:\/\/tunisia-savory.com\/#website"},"primaryImageOfPage":{"@id":"https:\/\/tunisia-savory.com\/produit\/figues-seches\/#primaryimage"},"image":{"@id":"https:\/\/tunisia-savory.com\/produit\/figues-seches\/#primaryimage"},"thumbnailUrl":"https:\/\/tunisia-savory.com\/wp-content\/uploads\/2026\/01\/Gemini_Generated_Image_4310v64310v64310.png","datePublished":"2026-01-30T21:45:06+00:00","dateModified":"2026-04-28T14:52:10+00:00","description":"D\u00e9couvrez les figues s\u00e8ches tunisiennes, riches en fibres et \u00e9nergie naturelle. Un fruit sain et gourmand parfait pour collation ou cuisine.","breadcrumb":{"@id":"https:\/\/tunisia-savory.com\/produit\/figues-seches\/#breadcrumb"},"inLanguage":"ar","potentialAction":[{"@type":"ReadAction","target":["https:\/\/tunisia-savory.com\/produit\/figues-seches\/"]}]},{"@type":"ImageObject","inLanguage":"ar","@id":"https:\/\/tunisia-savory.com\/produit\/figues-seches\/#primaryimage","url":"https:\/\/tunisia-savory.com\/wp-content\/uploads\/2026\/01\/Gemini_Generated_Image_4310v64310v64310.png","contentUrl":"https:\/\/tunisia-savory.com\/wp-content\/uploads\/2026\/01\/Gemini_Generated_Image_4310v64310v64310.png","width":1024,"height":1024},{"@type":"BreadcrumbList","@id":"https:\/\/tunisia-savory.com\/produit\/figues-seches\/#breadcrumb","itemListElement":[{"@type":"ListItem","position":1,"name":"Accueil","item":"https:\/\/tunisia-savory.com\/"},{"@type":"ListItem","position":2,"name":"Boutique","item":"https:\/\/tunisia-savory.com\/boutique-epicerie-tunisie\/"},{"@type":"ListItem","position":3,"name":"Figues s\u00e8ches"}]},{"@type":"WebSite","@id":"https:\/\/tunisia-savory.com\/#website","url":"https:\/\/tunisia-savory.com\/","name":"Tunisia-savory.com","description":"Tunisia-savory.com","publisher":{"@id":"https:\/\/tunisia-savory.com\/#organization"},"potentialAction":[{"@type":"SearchAction","target":{"@type":"EntryPoint","urlTemplate":"https:\/\/tunisia-savory.com\/?s={search_term_string}"},"query-input":{"@type":"PropertyValueSpecification","valueRequired":true,"valueName":"search_term_string"}}],"inLanguage":"ar"},{"@type":"Organization","@id":"https:\/\/tunisia-savory.com\/#organization","name":"Tunisia-savory.com","url":"https:\/\/tunisia-savory.com\/","logo":{"@type":"ImageObject","inLanguage":"ar","@id":"https:\/\/tunisia-savory.com\/#\/schema\/logo\/image\/","url":"https:\/\/tunisia-savory.com\/wp-content\/uploads\/2026\/01\/logo-dark.png","contentUrl":"https:\/\/tunisia-savory.com\/wp-content\/uploads\/2026\/01\/logo-dark.png","width":552,"height":132,"caption":"Tunisia-savory.com"},"image":{"@id":"https:\/\/tunisia-savory.com\/#\/schema\/logo\/image\/"},"sameAs":["https:\/\/www.facebook.com\/profile.php?id=61584505435972","https:\/\/www.instagram.com\/tunisiasavory\/"]}]}},"_links":{"self":[{"href":"https:\/\/tunisia-savory.com\/ar\/wp-json\/wp\/v2\/product\/7754","targetHints":{"allow":["GET"]}}],"collection":[{"href":"https:\/\/tunisia-savory.com\/ar\/wp-json\/wp\/v2\/product"}],"about":[{"href":"https:\/\/tunisia-savory.com\/ar\/wp-json\/wp\/v2\/types\/product"}],"replies":[{"embeddable":true,"href":"https:\/\/tunisia-savory.com\/ar\/wp-json\/wp\/v2\/comments?post=7754"}],"version-history":[{"count":5,"href":"https:\/\/tunisia-savory.com\/ar\/wp-json\/wp\/v2\/product\/7754\/revisions"}],"predecessor-version":[{"id":9689,"href":"https:\/\/tunisia-savory.com\/ar\/wp-json\/wp\/v2\/product\/7754\/revisions\/9689"}],"wp:featuredmedia":[{"embeddable":true,"href":"https:\/\/tunisia-savory.com\/ar\/wp-json\/wp\/v2\/media\/7759"}],"wp:attachment":[{"href":"https:\/\/tunisia-savory.com\/ar\/wp-json\/wp\/v2\/media?parent=7754"}],"wp:term":[{"taxonomy":"product_brand","embeddable":true,"href":"https:\/\/tunisia-savory.com\/ar\/wp-json\/wp\/v2\/product_brand?post=7754"},{"taxonomy":"product_cat","embeddable":true,"href":"https:\/\/tunisia-savory.com\/ar\/wp-json\/wp\/v2\/product_cat?post=7754"},{"taxonomy":"product_tag","embeddable":true,"href":"https:\/\/tunisia-savory.com\/ar\/wp-json\/wp\/v2\/product_tag?post=7754"}],"curies":[{"name":"wp","href":"https:\/\/api.w.org\/{rel}","templated":true}]}}