{"id":7566,"date":"2026-01-28T21:54:38","date_gmt":"2026-01-28T21:54:38","guid":{"rendered":"https:\/\/tunisia-savory.com\/?post_type=product&#038;p=7566"},"modified":"2026-05-04T14:09:53","modified_gmt":"2026-05-04T14:09:53","slug":"bsissa-poudre-caroub-sahlia","status":"publish","type":"product","link":"https:\/\/tunisia-savory.com\/ar\/product\/bsissa-poudre-caroub-sahlia\/","title":{"rendered":"Bsissa poudre caroub sahlia"},"content":{"rendered":"<p>D\u00e9couvrez notre bsissa \u00e0 la caroube Sahlia, un m\u00e9lange authentique pr\u00e9par\u00e9 selon la tradition tunisienne.<\/p>\n<p>\u2714 \u00c0 base de caroube naturelle<br \/>\n\u2714 Riche en fibres et \u00e9nergie<br \/>\n\u2714 Id\u00e9ale pour petit-d\u00e9jeuner ou encas<\/p>\n<p>Facile \u00e0 pr\u00e9parer avec de l\u2019huile d\u2019olive, du miel ou de l\u2019eau, elle offre une alimentation saine et \u00e9quilibr\u00e9e.<\/p>","protected":false},"excerpt":{"rendered":"<p>Bsissa traditionnelle \u00e0 base de caroube, riche en saveurs et id\u00e9ale pour un petit-d\u00e9jeuner sain et \u00e9nerg\u00e9tique.<\/p>","protected":false},"featured_media":10116,"comment_status":"closed","ping_status":"closed","template":"","meta":[],"product_brand":[111],"product_cat":[348],"product_tag":[],"class_list":{"0":"post-7566","1":"product","2":"type-product","3":"status-publish","4":"has-post-thumbnail","6":"product_brand-tunisiasavory","7":"product_cat-bsissa-artisanale","9":"first","10":"instock","11":"sale","12":"shipping-taxable","13":"purchasable","14":"product-type-variable","15":"has-default-attributes"},"yoast_head":"<!-- This site is optimized with the Yoast SEO plugin v27.4 - https:\/\/yoast.com\/product\/yoast-seo-wordpress\/ -->\n<title>Bsissa Caroube Sahlia | Produit Traditionnel Tunisie<\/title>\n<meta name=\"description\" content=\"Bsissa \u00e0 la caroube Sahlia, riche en \u00e9nergie et id\u00e9ale pour petit-d\u00e9jeuner sain. Produit traditionnel tunisien.\" \/>\n<meta name=\"robots\" content=\"index, follow, max-snippet:-1, max-image-preview:large, max-video-preview:-1\" \/>\n<link rel=\"canonical\" href=\"https:\/\/tunisia-savory.com\/ar\/product\/bsissa-poudre-caroub-sahlia\/\" \/>\n<meta property=\"og:locale\" content=\"ar_AR\" \/>\n<meta property=\"og:type\" content=\"article\" \/>\n<meta property=\"og:title\" content=\"Bsissa Caroube Sahlia | Produit Traditionnel Tunisie\" \/>\n<meta property=\"og:description\" content=\"Bsissa \u00e0 la caroube Sahlia, riche en \u00e9nergie et id\u00e9ale pour petit-d\u00e9jeuner sain. Produit traditionnel tunisien.\" \/>\n<meta property=\"og:url\" content=\"https:\/\/tunisia-savory.com\/ar\/product\/bsissa-poudre-caroub-sahlia\/\" \/>\n<meta property=\"og:site_name\" content=\"Tunisia-savory.com\" \/>\n<meta property=\"article:publisher\" content=\"https:\/\/www.facebook.com\/profile.php?id=61584505435972\" \/>\n<meta property=\"article:modified_time\" content=\"2026-05-04T14:09:53+00:00\" \/>\n<meta property=\"og:image\" content=\"https:\/\/tunisia-savory.com\/wp-content\/uploads\/2026\/01\/Bsissa-a-la-caroube-sahlia.webp\" \/>\n\t<meta property=\"og:image:width\" content=\"800\" \/>\n\t<meta property=\"og:image:height\" content=\"900\" \/>\n\t<meta property=\"og:image:type\" content=\"image\/webp\" \/>\n<meta name=\"twitter:card\" content=\"summary_large_image\" \/>\n<meta name=\"twitter:label1\" content=\"\u0648\u0642\u062a \u0627\u0644\u0642\u0631\u0627\u0621\u0629 \u0627\u0644\u0645\u064f\u0642\u062f\u0651\u0631\" \/>\n\t<meta name=\"twitter:data1\" content=\"\u062f\u0642\u064a\u0642\u0629 \u0648\u0627\u062d\u062f\u0629\" \/>\n<script type=\"application\/ld+json\" class=\"yoast-schema-graph\">{\"@context\":\"https:\\\/\\\/schema.org\",\"@graph\":[{\"@type\":\"WebPage\",\"@id\":\"https:\\\/\\\/tunisia-savory.com\\\/produit\\\/bsissa-poudre-caroub-sahlia\\\/\",\"url\":\"https:\\\/\\\/tunisia-savory.com\\\/produit\\\/bsissa-poudre-caroub-sahlia\\\/\",\"name\":\"Bsissa Caroube Sahlia | Produit Traditionnel Tunisie\",\"isPartOf\":{\"@id\":\"https:\\\/\\\/tunisia-savory.com\\\/#website\"},\"primaryImageOfPage\":{\"@id\":\"https:\\\/\\\/tunisia-savory.com\\\/produit\\\/bsissa-poudre-caroub-sahlia\\\/#primaryimage\"},\"image\":{\"@id\":\"https:\\\/\\\/tunisia-savory.com\\\/produit\\\/bsissa-poudre-caroub-sahlia\\\/#primaryimage\"},\"thumbnailUrl\":\"https:\\\/\\\/tunisia-savory.com\\\/wp-content\\\/uploads\\\/2026\\\/01\\\/Bsissa-a-la-caroube-sahlia.webp\",\"datePublished\":\"2026-01-28T21:54:38+00:00\",\"dateModified\":\"2026-05-04T14:09:53+00:00\",\"description\":\"Bsissa \u00e0 la caroube Sahlia, riche en \u00e9nergie et id\u00e9ale pour petit-d\u00e9jeuner sain. Produit traditionnel tunisien.\",\"breadcrumb\":{\"@id\":\"https:\\\/\\\/tunisia-savory.com\\\/produit\\\/bsissa-poudre-caroub-sahlia\\\/#breadcrumb\"},\"inLanguage\":\"ar\",\"potentialAction\":[{\"@type\":\"ReadAction\",\"target\":[\"https:\\\/\\\/tunisia-savory.com\\\/produit\\\/bsissa-poudre-caroub-sahlia\\\/\"]}]},{\"@type\":\"ImageObject\",\"inLanguage\":\"ar\",\"@id\":\"https:\\\/\\\/tunisia-savory.com\\\/produit\\\/bsissa-poudre-caroub-sahlia\\\/#primaryimage\",\"url\":\"https:\\\/\\\/tunisia-savory.com\\\/wp-content\\\/uploads\\\/2026\\\/01\\\/Bsissa-a-la-caroube-sahlia.webp\",\"contentUrl\":\"https:\\\/\\\/tunisia-savory.com\\\/wp-content\\\/uploads\\\/2026\\\/01\\\/Bsissa-a-la-caroube-sahlia.webp\",\"width\":800,\"height\":900,\"caption\":\"Bsissa \u00e0 la caroube sahlia produit traditionnel tunisien\"},{\"@type\":\"BreadcrumbList\",\"@id\":\"https:\\\/\\\/tunisia-savory.com\\\/produit\\\/bsissa-poudre-caroub-sahlia\\\/#breadcrumb\",\"itemListElement\":[{\"@type\":\"ListItem\",\"position\":1,\"name\":\"Accueil\",\"item\":\"https:\\\/\\\/tunisia-savory.com\\\/\"},{\"@type\":\"ListItem\",\"position\":2,\"name\":\"Boutique\",\"item\":\"https:\\\/\\\/tunisia-savory.com\\\/boutique-epicerie-tunisie\\\/\"},{\"@type\":\"ListItem\",\"position\":3,\"name\":\"Bsissa poudre caroub sahlia\"}]},{\"@type\":\"WebSite\",\"@id\":\"https:\\\/\\\/tunisia-savory.com\\\/#website\",\"url\":\"https:\\\/\\\/tunisia-savory.com\\\/\",\"name\":\"Tunisia-savory.com\",\"description\":\"Tunisia-savory.com\",\"publisher\":{\"@id\":\"https:\\\/\\\/tunisia-savory.com\\\/#organization\"},\"potentialAction\":[{\"@type\":\"SearchAction\",\"target\":{\"@type\":\"EntryPoint\",\"urlTemplate\":\"https:\\\/\\\/tunisia-savory.com\\\/?s={search_term_string}\"},\"query-input\":{\"@type\":\"PropertyValueSpecification\",\"valueRequired\":true,\"valueName\":\"search_term_string\"}}],\"inLanguage\":\"ar\"},{\"@type\":\"Organization\",\"@id\":\"https:\\\/\\\/tunisia-savory.com\\\/#organization\",\"name\":\"Tunisia-savory.com\",\"url\":\"https:\\\/\\\/tunisia-savory.com\\\/\",\"logo\":{\"@type\":\"ImageObject\",\"inLanguage\":\"ar\",\"@id\":\"https:\\\/\\\/tunisia-savory.com\\\/#\\\/schema\\\/logo\\\/image\\\/\",\"url\":\"https:\\\/\\\/tunisia-savory.com\\\/wp-content\\\/uploads\\\/2026\\\/01\\\/logo-dark.png\",\"contentUrl\":\"https:\\\/\\\/tunisia-savory.com\\\/wp-content\\\/uploads\\\/2026\\\/01\\\/logo-dark.png\",\"width\":552,\"height\":132,\"caption\":\"Tunisia-savory.com\"},\"image\":{\"@id\":\"https:\\\/\\\/tunisia-savory.com\\\/#\\\/schema\\\/logo\\\/image\\\/\"},\"sameAs\":[\"https:\\\/\\\/www.facebook.com\\\/profile.php?id=61584505435972\",\"https:\\\/\\\/www.instagram.com\\\/tunisiasavory\\\/\"]}]}<\/script>\n<!-- \/ Yoast SEO plugin. -->","yoast_head_json":{"title":"Bsissa Caroube Sahlia | Produit Traditionnel Tunisie","description":"Bsissa \u00e0 la caroube Sahlia, riche en \u00e9nergie et id\u00e9ale pour petit-d\u00e9jeuner sain. Produit traditionnel tunisien.","robots":{"index":"index","follow":"follow","max-snippet":"max-snippet:-1","max-image-preview":"max-image-preview:large","max-video-preview":"max-video-preview:-1"},"canonical":"https:\/\/tunisia-savory.com\/ar\/product\/bsissa-poudre-caroub-sahlia\/","og_locale":"ar_AR","og_type":"article","og_title":"Bsissa Caroube Sahlia | Produit Traditionnel Tunisie","og_description":"Bsissa \u00e0 la caroube Sahlia, riche en \u00e9nergie et id\u00e9ale pour petit-d\u00e9jeuner sain. Produit traditionnel tunisien.","og_url":"https:\/\/tunisia-savory.com\/ar\/product\/bsissa-poudre-caroub-sahlia\/","og_site_name":"Tunisia-savory.com","article_publisher":"https:\/\/www.facebook.com\/profile.php?id=61584505435972","article_modified_time":"2026-05-04T14:09:53+00:00","og_image":[{"width":800,"height":900,"url":"https:\/\/tunisia-savory.com\/wp-content\/uploads\/2026\/01\/Bsissa-a-la-caroube-sahlia.webp","type":"image\/webp"}],"twitter_card":"summary_large_image","twitter_misc":{"\u0648\u0642\u062a \u0627\u0644\u0642\u0631\u0627\u0621\u0629 \u0627\u0644\u0645\u064f\u0642\u062f\u0651\u0631":"\u062f\u0642\u064a\u0642\u0629 \u0648\u0627\u062d\u062f\u0629"},"schema":{"@context":"https:\/\/schema.org","@graph":[{"@type":"WebPage","@id":"https:\/\/tunisia-savory.com\/produit\/bsissa-poudre-caroub-sahlia\/","url":"https:\/\/tunisia-savory.com\/produit\/bsissa-poudre-caroub-sahlia\/","name":"Bsissa Caroube Sahlia | Produit Traditionnel Tunisie","isPartOf":{"@id":"https:\/\/tunisia-savory.com\/#website"},"primaryImageOfPage":{"@id":"https:\/\/tunisia-savory.com\/produit\/bsissa-poudre-caroub-sahlia\/#primaryimage"},"image":{"@id":"https:\/\/tunisia-savory.com\/produit\/bsissa-poudre-caroub-sahlia\/#primaryimage"},"thumbnailUrl":"https:\/\/tunisia-savory.com\/wp-content\/uploads\/2026\/01\/Bsissa-a-la-caroube-sahlia.webp","datePublished":"2026-01-28T21:54:38+00:00","dateModified":"2026-05-04T14:09:53+00:00","description":"Bsissa \u00e0 la caroube Sahlia, riche en \u00e9nergie et id\u00e9ale pour petit-d\u00e9jeuner sain. Produit traditionnel tunisien.","breadcrumb":{"@id":"https:\/\/tunisia-savory.com\/produit\/bsissa-poudre-caroub-sahlia\/#breadcrumb"},"inLanguage":"ar","potentialAction":[{"@type":"ReadAction","target":["https:\/\/tunisia-savory.com\/produit\/bsissa-poudre-caroub-sahlia\/"]}]},{"@type":"ImageObject","inLanguage":"ar","@id":"https:\/\/tunisia-savory.com\/produit\/bsissa-poudre-caroub-sahlia\/#primaryimage","url":"https:\/\/tunisia-savory.com\/wp-content\/uploads\/2026\/01\/Bsissa-a-la-caroube-sahlia.webp","contentUrl":"https:\/\/tunisia-savory.com\/wp-content\/uploads\/2026\/01\/Bsissa-a-la-caroube-sahlia.webp","width":800,"height":900,"caption":"Bsissa \u00e0 la caroube sahlia produit traditionnel tunisien"},{"@type":"BreadcrumbList","@id":"https:\/\/tunisia-savory.com\/produit\/bsissa-poudre-caroub-sahlia\/#breadcrumb","itemListElement":[{"@type":"ListItem","position":1,"name":"Accueil","item":"https:\/\/tunisia-savory.com\/"},{"@type":"ListItem","position":2,"name":"Boutique","item":"https:\/\/tunisia-savory.com\/boutique-epicerie-tunisie\/"},{"@type":"ListItem","position":3,"name":"Bsissa poudre caroub sahlia"}]},{"@type":"WebSite","@id":"https:\/\/tunisia-savory.com\/#website","url":"https:\/\/tunisia-savory.com\/","name":"Tunisia-savory.com","description":"Tunisia-savory.com","publisher":{"@id":"https:\/\/tunisia-savory.com\/#organization"},"potentialAction":[{"@type":"SearchAction","target":{"@type":"EntryPoint","urlTemplate":"https:\/\/tunisia-savory.com\/?s={search_term_string}"},"query-input":{"@type":"PropertyValueSpecification","valueRequired":true,"valueName":"search_term_string"}}],"inLanguage":"ar"},{"@type":"Organization","@id":"https:\/\/tunisia-savory.com\/#organization","name":"Tunisia-savory.com","url":"https:\/\/tunisia-savory.com\/","logo":{"@type":"ImageObject","inLanguage":"ar","@id":"https:\/\/tunisia-savory.com\/#\/schema\/logo\/image\/","url":"https:\/\/tunisia-savory.com\/wp-content\/uploads\/2026\/01\/logo-dark.png","contentUrl":"https:\/\/tunisia-savory.com\/wp-content\/uploads\/2026\/01\/logo-dark.png","width":552,"height":132,"caption":"Tunisia-savory.com"},"image":{"@id":"https:\/\/tunisia-savory.com\/#\/schema\/logo\/image\/"},"sameAs":["https:\/\/www.facebook.com\/profile.php?id=61584505435972","https:\/\/www.instagram.com\/tunisiasavory\/"]}]}},"_links":{"self":[{"href":"https:\/\/tunisia-savory.com\/ar\/wp-json\/wp\/v2\/product\/7566","targetHints":{"allow":["GET"]}}],"collection":[{"href":"https:\/\/tunisia-savory.com\/ar\/wp-json\/wp\/v2\/product"}],"about":[{"href":"https:\/\/tunisia-savory.com\/ar\/wp-json\/wp\/v2\/types\/product"}],"replies":[{"embeddable":true,"href":"https:\/\/tunisia-savory.com\/ar\/wp-json\/wp\/v2\/comments?post=7566"}],"version-history":[{"count":5,"href":"https:\/\/tunisia-savory.com\/ar\/wp-json\/wp\/v2\/product\/7566\/revisions"}],"predecessor-version":[{"id":10117,"href":"https:\/\/tunisia-savory.com\/ar\/wp-json\/wp\/v2\/product\/7566\/revisions\/10117"}],"wp:featuredmedia":[{"embeddable":true,"href":"https:\/\/tunisia-savory.com\/ar\/wp-json\/wp\/v2\/media\/10116"}],"wp:attachment":[{"href":"https:\/\/tunisia-savory.com\/ar\/wp-json\/wp\/v2\/media?parent=7566"}],"wp:term":[{"taxonomy":"product_brand","embeddable":true,"href":"https:\/\/tunisia-savory.com\/ar\/wp-json\/wp\/v2\/product_brand?post=7566"},{"taxonomy":"product_cat","embeddable":true,"href":"https:\/\/tunisia-savory.com\/ar\/wp-json\/wp\/v2\/product_cat?post=7566"},{"taxonomy":"product_tag","embeddable":true,"href":"https:\/\/tunisia-savory.com\/ar\/wp-json\/wp\/v2\/product_tag?post=7566"}],"curies":[{"name":"wp","href":"https:\/\/api.w.org\/{rel}","templated":true}]}}