{"id":7110,"date":"2026-01-17T08:34:26","date_gmt":"2026-01-17T08:34:26","guid":{"rendered":"https:\/\/tunisia-savory.com\/?post_type=product&#038;p=7110"},"modified":"2026-02-01T20:15:17","modified_gmt":"2026-02-01T20:15:17","slug":"farine-complet-ble","status":"publish","type":"product","link":"https:\/\/tunisia-savory.com\/ar\/product\/farine-complet-ble\/","title":{"rendered":"\u0641\u0631\u064a\u0646\u0629 \u0642\u0645\u062d"},"content":{"rendered":"<p>La farine complet <a href=\"https:\/\/tunisia-savory.com\/ar\/\">Tunisia Savory<\/a> est \u00e9labor\u00e9e \u00e0 partir de bl\u00e9 complet soigneusement s\u00e9lectionn\u00e9, conservant l\u2019int\u00e9gralit\u00e9 du grain pour offrir une richesse naturelle en fibres et en nutriments. Id\u00e9ale pour une cuisine saine et \u00e9quilibr\u00e9e, cette farine complet convient parfaitement \u00e0 la pr\u00e9paration du pain, des p\u00e2tes, des p\u00e2tisseries maison et des recettes traditionnelles tunisiennes.<\/p>\n<p>Gr\u00e2ce \u00e0 sa mouture ma\u00eetris\u00e9e, la farine complet de bl\u00e9 Tunisia Savory garantit une texture homog\u00e8ne, une bonne tenue des p\u00e2tes et un go\u00fbt authentique. Elle est le choix parfait pour ceux qui recherchent des produits naturels, nutritifs et fid\u00e8les au savoir-faire local.<\/p>\n<h2>Les avantages de la farine complet Tunisia Savory<\/h2>\n<ul>\n<li>100 % bl\u00e9 complet<\/li>\n<li>Riche en fibres naturelles<\/li>\n<li>Go\u00fbt authentique et valeur nutritionnelle \u00e9lev\u00e9e<\/li>\n<li>Id\u00e9ale pour pains, p\u00e2tisseries et recettes traditionnelles<\/li>\n<li>Adapt\u00e9e \u00e0 une alimentation saine<\/li>\n<\/ul>","protected":false},"excerpt":{"rendered":"<p>\u0627\u0644\u062f\u0642\u064a\u0642 \u0627\u0644\u0643\u0627\u0645\u0644 Tunisia Savory\u060c \u0627\u0644\u0645\u0633\u062a\u062e\u0631\u062c \u0645\u0646 \u0627\u0644\u0642\u0645\u062d \u0627\u0644\u0643\u0627\u0645\u0644\u060c \u063a\u0646\u064a \u0628\u0627\u0644\u0623\u0644\u064a\u0627\u0641 \u0648\u0645\u062b\u0627\u0644\u064a \u0644\u0637\u0647\u064a \u0635\u062d\u064a \u0648\u0645\u062a\u0648\u0627\u0632\u0646. \u0645\u0646\u0627\u0633\u0628 \u062a\u0645\u0627\u0645\u064b\u0627 \u0644\u0644\u062e\u0628\u0632\u060c \u0627\u0644\u062d\u0644\u0648\u064a\u0627\u062a \u0648\u0627\u0644\u0648\u0635\u0641\u0627\u062a \u0627\u0644\u062a\u0642\u0644\u064a\u062f\u064a\u0629.<\/p>","protected":false},"featured_media":7111,"comment_status":"closed","ping_status":"closed","template":"","meta":[],"product_brand":[111],"product_cat":[346,345],"product_tag":[],"class_list":{"0":"post-7110","1":"product","2":"type-product","3":"status-publish","4":"has-post-thumbnail","6":"product_brand-tunisiasavory","7":"product_cat-couscous-traditionnel","8":"product_cat-pates-artisanales","10":"first","11":"instock","12":"shipping-taxable","13":"purchasable","14":"product-type-variable","15":"has-default-attributes"},"yoast_head":"<!-- This site is optimized with the Yoast SEO plugin v27.4 - https:\/\/yoast.com\/product\/yoast-seo-wordpress\/ -->\n<title>Farine compl\u00e8te de bl\u00e9 | Achat en ligne \u2013 Tunisia Savory<\/title>\n<meta name=\"description\" content=\"Achetez en ligne votre farine compl\u00e8te de bl\u00e9 sur Tunisia Savory. Une farine de bl\u00e9 naturelle, id\u00e9ale pour pains, pizzas et p\u00e2tisseries maison.\" \/>\n<meta name=\"robots\" content=\"index, follow, max-snippet:-1, max-image-preview:large, max-video-preview:-1\" \/>\n<link rel=\"canonical\" href=\"https:\/\/tunisia-savory.com\/ar\/product\/farine-complet-ble\/\" \/>\n<meta property=\"og:locale\" content=\"ar_AR\" \/>\n<meta property=\"og:type\" content=\"article\" \/>\n<meta property=\"og:title\" content=\"Farine compl\u00e8te de bl\u00e9 | Achat en ligne \u2013 Tunisia Savory\" \/>\n<meta property=\"og:description\" content=\"Achetez en ligne votre farine compl\u00e8te de bl\u00e9 sur Tunisia Savory. Une farine de bl\u00e9 naturelle, id\u00e9ale pour pains, pizzas et p\u00e2tisseries maison.\" \/>\n<meta property=\"og:url\" content=\"https:\/\/tunisia-savory.com\/ar\/product\/farine-complet-ble\/\" \/>\n<meta property=\"og:site_name\" content=\"Tunisia-savory.com\" \/>\n<meta property=\"article:publisher\" content=\"https:\/\/www.facebook.com\/profile.php?id=61584505435972\" \/>\n<meta property=\"article:modified_time\" content=\"2026-02-01T20:15:17+00:00\" \/>\n<meta property=\"og:image\" content=\"https:\/\/tunisia-savory.com\/wp-content\/uploads\/2026\/01\/consmatfarine.jpg\" \/>\n\t<meta property=\"og:image:width\" content=\"800\" \/>\n\t<meta property=\"og:image:height\" content=\"800\" \/>\n\t<meta property=\"og:image:type\" content=\"image\/jpeg\" \/>\n<meta name=\"twitter:card\" content=\"summary_large_image\" \/>\n<meta name=\"twitter:label1\" content=\"\u0648\u0642\u062a \u0627\u0644\u0642\u0631\u0627\u0621\u0629 \u0627\u0644\u0645\u064f\u0642\u062f\u0651\u0631\" \/>\n\t<meta name=\"twitter:data1\" content=\"\u062f\u0642\u064a\u0642\u0629 \u0648\u0627\u062d\u062f\u0629\" \/>\n<script type=\"application\/ld+json\" class=\"yoast-schema-graph\">{\"@context\":\"https:\\\/\\\/schema.org\",\"@graph\":[{\"@type\":\"WebPage\",\"@id\":\"https:\\\/\\\/tunisia-savory.com\\\/produit\\\/farine-complet-ble\\\/\",\"url\":\"https:\\\/\\\/tunisia-savory.com\\\/produit\\\/farine-complet-ble\\\/\",\"name\":\"Farine compl\u00e8te de bl\u00e9 | Achat en ligne \u2013 Tunisia Savory\",\"isPartOf\":{\"@id\":\"https:\\\/\\\/tunisia-savory.com\\\/#website\"},\"primaryImageOfPage\":{\"@id\":\"https:\\\/\\\/tunisia-savory.com\\\/produit\\\/farine-complet-ble\\\/#primaryimage\"},\"image\":{\"@id\":\"https:\\\/\\\/tunisia-savory.com\\\/produit\\\/farine-complet-ble\\\/#primaryimage\"},\"thumbnailUrl\":\"https:\\\/\\\/tunisia-savory.com\\\/wp-content\\\/uploads\\\/2026\\\/01\\\/consmatfarine.jpg\",\"datePublished\":\"2026-01-17T08:34:26+00:00\",\"dateModified\":\"2026-02-01T20:15:17+00:00\",\"description\":\"Achetez en ligne votre farine compl\u00e8te de bl\u00e9 sur Tunisia Savory. Une farine de bl\u00e9 naturelle, id\u00e9ale pour pains, pizzas et p\u00e2tisseries maison.\",\"breadcrumb\":{\"@id\":\"https:\\\/\\\/tunisia-savory.com\\\/produit\\\/farine-complet-ble\\\/#breadcrumb\"},\"inLanguage\":\"ar\",\"potentialAction\":[{\"@type\":\"ReadAction\",\"target\":[\"https:\\\/\\\/tunisia-savory.com\\\/produit\\\/farine-complet-ble\\\/\"]}]},{\"@type\":\"ImageObject\",\"inLanguage\":\"ar\",\"@id\":\"https:\\\/\\\/tunisia-savory.com\\\/produit\\\/farine-complet-ble\\\/#primaryimage\",\"url\":\"https:\\\/\\\/tunisia-savory.com\\\/wp-content\\\/uploads\\\/2026\\\/01\\\/consmatfarine.jpg\",\"contentUrl\":\"https:\\\/\\\/tunisia-savory.com\\\/wp-content\\\/uploads\\\/2026\\\/01\\\/consmatfarine.jpg\",\"width\":800,\"height\":800},{\"@type\":\"BreadcrumbList\",\"@id\":\"https:\\\/\\\/tunisia-savory.com\\\/produit\\\/farine-complet-ble\\\/#breadcrumb\",\"itemListElement\":[{\"@type\":\"ListItem\",\"position\":1,\"name\":\"Accueil\",\"item\":\"https:\\\/\\\/tunisia-savory.com\\\/\"},{\"@type\":\"ListItem\",\"position\":2,\"name\":\"Boutique\",\"item\":\"https:\\\/\\\/tunisia-savory.com\\\/boutique-epicerie-tunisie\\\/\"},{\"@type\":\"ListItem\",\"position\":3,\"name\":\"Farine complet : bl\u00e9\"}]},{\"@type\":\"WebSite\",\"@id\":\"https:\\\/\\\/tunisia-savory.com\\\/#website\",\"url\":\"https:\\\/\\\/tunisia-savory.com\\\/\",\"name\":\"Tunisia-savory.com\",\"description\":\"Tunisia-savory.com\",\"publisher\":{\"@id\":\"https:\\\/\\\/tunisia-savory.com\\\/#organization\"},\"potentialAction\":[{\"@type\":\"SearchAction\",\"target\":{\"@type\":\"EntryPoint\",\"urlTemplate\":\"https:\\\/\\\/tunisia-savory.com\\\/?s={search_term_string}\"},\"query-input\":{\"@type\":\"PropertyValueSpecification\",\"valueRequired\":true,\"valueName\":\"search_term_string\"}}],\"inLanguage\":\"ar\"},{\"@type\":\"Organization\",\"@id\":\"https:\\\/\\\/tunisia-savory.com\\\/#organization\",\"name\":\"Tunisia-savory.com\",\"url\":\"https:\\\/\\\/tunisia-savory.com\\\/\",\"logo\":{\"@type\":\"ImageObject\",\"inLanguage\":\"ar\",\"@id\":\"https:\\\/\\\/tunisia-savory.com\\\/#\\\/schema\\\/logo\\\/image\\\/\",\"url\":\"https:\\\/\\\/tunisia-savory.com\\\/wp-content\\\/uploads\\\/2026\\\/01\\\/logo-dark.png\",\"contentUrl\":\"https:\\\/\\\/tunisia-savory.com\\\/wp-content\\\/uploads\\\/2026\\\/01\\\/logo-dark.png\",\"width\":552,\"height\":132,\"caption\":\"Tunisia-savory.com\"},\"image\":{\"@id\":\"https:\\\/\\\/tunisia-savory.com\\\/#\\\/schema\\\/logo\\\/image\\\/\"},\"sameAs\":[\"https:\\\/\\\/www.facebook.com\\\/profile.php?id=61584505435972\",\"https:\\\/\\\/www.instagram.com\\\/tunisiasavory\\\/\"]}]}<\/script>\n<!-- \/ Yoast SEO plugin. -->","yoast_head_json":{"title":"Farine compl\u00e8te de bl\u00e9 | Achat en ligne \u2013 Tunisia Savory","description":"Achetez en ligne votre farine compl\u00e8te de bl\u00e9 sur Tunisia Savory. Une farine de bl\u00e9 naturelle, id\u00e9ale pour pains, pizzas et p\u00e2tisseries maison.","robots":{"index":"index","follow":"follow","max-snippet":"max-snippet:-1","max-image-preview":"max-image-preview:large","max-video-preview":"max-video-preview:-1"},"canonical":"https:\/\/tunisia-savory.com\/ar\/product\/farine-complet-ble\/","og_locale":"ar_AR","og_type":"article","og_title":"Farine compl\u00e8te de bl\u00e9 | Achat en ligne \u2013 Tunisia Savory","og_description":"Achetez en ligne votre farine compl\u00e8te de bl\u00e9 sur Tunisia Savory. Une farine de bl\u00e9 naturelle, id\u00e9ale pour pains, pizzas et p\u00e2tisseries maison.","og_url":"https:\/\/tunisia-savory.com\/ar\/product\/farine-complet-ble\/","og_site_name":"Tunisia-savory.com","article_publisher":"https:\/\/www.facebook.com\/profile.php?id=61584505435972","article_modified_time":"2026-02-01T20:15:17+00:00","og_image":[{"width":800,"height":800,"url":"https:\/\/tunisia-savory.com\/wp-content\/uploads\/2026\/01\/consmatfarine.jpg","type":"image\/jpeg"}],"twitter_card":"summary_large_image","twitter_misc":{"\u0648\u0642\u062a \u0627\u0644\u0642\u0631\u0627\u0621\u0629 \u0627\u0644\u0645\u064f\u0642\u062f\u0651\u0631":"\u062f\u0642\u064a\u0642\u0629 \u0648\u0627\u062d\u062f\u0629"},"schema":{"@context":"https:\/\/schema.org","@graph":[{"@type":"WebPage","@id":"https:\/\/tunisia-savory.com\/produit\/farine-complet-ble\/","url":"https:\/\/tunisia-savory.com\/produit\/farine-complet-ble\/","name":"Farine compl\u00e8te de bl\u00e9 | Achat en ligne \u2013 Tunisia Savory","isPartOf":{"@id":"https:\/\/tunisia-savory.com\/#website"},"primaryImageOfPage":{"@id":"https:\/\/tunisia-savory.com\/produit\/farine-complet-ble\/#primaryimage"},"image":{"@id":"https:\/\/tunisia-savory.com\/produit\/farine-complet-ble\/#primaryimage"},"thumbnailUrl":"https:\/\/tunisia-savory.com\/wp-content\/uploads\/2026\/01\/consmatfarine.jpg","datePublished":"2026-01-17T08:34:26+00:00","dateModified":"2026-02-01T20:15:17+00:00","description":"Achetez en ligne votre farine compl\u00e8te de bl\u00e9 sur Tunisia Savory. Une farine de bl\u00e9 naturelle, id\u00e9ale pour pains, pizzas et p\u00e2tisseries maison.","breadcrumb":{"@id":"https:\/\/tunisia-savory.com\/produit\/farine-complet-ble\/#breadcrumb"},"inLanguage":"ar","potentialAction":[{"@type":"ReadAction","target":["https:\/\/tunisia-savory.com\/produit\/farine-complet-ble\/"]}]},{"@type":"ImageObject","inLanguage":"ar","@id":"https:\/\/tunisia-savory.com\/produit\/farine-complet-ble\/#primaryimage","url":"https:\/\/tunisia-savory.com\/wp-content\/uploads\/2026\/01\/consmatfarine.jpg","contentUrl":"https:\/\/tunisia-savory.com\/wp-content\/uploads\/2026\/01\/consmatfarine.jpg","width":800,"height":800},{"@type":"BreadcrumbList","@id":"https:\/\/tunisia-savory.com\/produit\/farine-complet-ble\/#breadcrumb","itemListElement":[{"@type":"ListItem","position":1,"name":"Accueil","item":"https:\/\/tunisia-savory.com\/"},{"@type":"ListItem","position":2,"name":"Boutique","item":"https:\/\/tunisia-savory.com\/boutique-epicerie-tunisie\/"},{"@type":"ListItem","position":3,"name":"Farine complet : bl\u00e9"}]},{"@type":"WebSite","@id":"https:\/\/tunisia-savory.com\/#website","url":"https:\/\/tunisia-savory.com\/","name":"Tunisia-savory.com","description":"Tunisia-savory.com","publisher":{"@id":"https:\/\/tunisia-savory.com\/#organization"},"potentialAction":[{"@type":"SearchAction","target":{"@type":"EntryPoint","urlTemplate":"https:\/\/tunisia-savory.com\/?s={search_term_string}"},"query-input":{"@type":"PropertyValueSpecification","valueRequired":true,"valueName":"search_term_string"}}],"inLanguage":"ar"},{"@type":"Organization","@id":"https:\/\/tunisia-savory.com\/#organization","name":"Tunisia-savory.com","url":"https:\/\/tunisia-savory.com\/","logo":{"@type":"ImageObject","inLanguage":"ar","@id":"https:\/\/tunisia-savory.com\/#\/schema\/logo\/image\/","url":"https:\/\/tunisia-savory.com\/wp-content\/uploads\/2026\/01\/logo-dark.png","contentUrl":"https:\/\/tunisia-savory.com\/wp-content\/uploads\/2026\/01\/logo-dark.png","width":552,"height":132,"caption":"Tunisia-savory.com"},"image":{"@id":"https:\/\/tunisia-savory.com\/#\/schema\/logo\/image\/"},"sameAs":["https:\/\/www.facebook.com\/profile.php?id=61584505435972","https:\/\/www.instagram.com\/tunisiasavory\/"]}]}},"_links":{"self":[{"href":"https:\/\/tunisia-savory.com\/ar\/wp-json\/wp\/v2\/product\/7110","targetHints":{"allow":["GET"]}}],"collection":[{"href":"https:\/\/tunisia-savory.com\/ar\/wp-json\/wp\/v2\/product"}],"about":[{"href":"https:\/\/tunisia-savory.com\/ar\/wp-json\/wp\/v2\/types\/product"}],"replies":[{"embeddable":true,"href":"https:\/\/tunisia-savory.com\/ar\/wp-json\/wp\/v2\/comments?post=7110"}],"version-history":[{"count":4,"href":"https:\/\/tunisia-savory.com\/ar\/wp-json\/wp\/v2\/product\/7110\/revisions"}],"predecessor-version":[{"id":7115,"href":"https:\/\/tunisia-savory.com\/ar\/wp-json\/wp\/v2\/product\/7110\/revisions\/7115"}],"wp:featuredmedia":[{"embeddable":true,"href":"https:\/\/tunisia-savory.com\/ar\/wp-json\/wp\/v2\/media\/7111"}],"wp:attachment":[{"href":"https:\/\/tunisia-savory.com\/ar\/wp-json\/wp\/v2\/media?parent=7110"}],"wp:term":[{"taxonomy":"product_brand","embeddable":true,"href":"https:\/\/tunisia-savory.com\/ar\/wp-json\/wp\/v2\/product_brand?post=7110"},{"taxonomy":"product_cat","embeddable":true,"href":"https:\/\/tunisia-savory.com\/ar\/wp-json\/wp\/v2\/product_cat?post=7110"},{"taxonomy":"product_tag","embeddable":true,"href":"https:\/\/tunisia-savory.com\/ar\/wp-json\/wp\/v2\/product_tag?post=7110"}],"curies":[{"name":"wp","href":"https:\/\/api.w.org\/{rel}","templated":true}]}}