{"id":7057,"date":"2026-01-15T21:14:43","date_gmt":"2026-01-15T21:14:43","guid":{"rendered":"https:\/\/tunisia-savory.com\/?post_type=product&#038;p=7057"},"modified":"2026-02-04T10:18:31","modified_gmt":"2026-02-04T10:18:31","slug":"couscous-complet","status":"publish","type":"product","link":"https:\/\/tunisia-savory.com\/ar\/product\/couscous-complet\/","title":{"rendered":"\u0643\u0633\u0643\u0633\u064a \u0642\u0645\u062d"},"content":{"rendered":"<ol>\n<li data-start=\"275\" data-end=\"554\">D\u00e9couvrez le couscous complet Tunisia Savory, \u00e9labor\u00e9 \u00e0 partir de bl\u00e9 soigneusement s\u00e9lectionn\u00e9, selon le savoir-faire traditionnel tunisien. Riche en fibres et en nutriments essentiels, ce couscous bl\u00e9 est id\u00e9al pour une alimentation saine, \u00e9quilibr\u00e9e et savoureuse.<\/li>\n<\/ol>\n<p data-start=\"556\" data-end=\"909\">Gr\u00e2ce \u00e0 l\u2019utilisation de bl\u00e9 complet, ce couscous complet conserve toute la richesse nutritionnelle du grain, offrant une texture ferme et un go\u00fbt authentique. Il accompagne parfaitement les plats traditionnels tunisiens, les recettes m\u00e9diterran\u00e9ennes ou les pr\u00e9parations modernes, aussi bien avec des l\u00e9gumes, des viandes ou des sauces l\u00e9g\u00e8res.<\/p>\n<p data-start=\"911\" data-end=\"1070\">Facile et rapide \u00e0 pr\u00e9parer, le couscous bl\u00e9 complet Tunisia Savory est un incontournable du quotidien pour les amateurs de cuisine naturelle et gourmande.<\/p>\n<h2 data-start=\"1072\" data-end=\"1128\">Les avantages du couscous complet Tunisia Savory<\/h2>\n<ul data-start=\"1129\" data-end=\"1339\">\n<li data-start=\"1129\" data-end=\"1163\">\n<p data-start=\"1131\" data-end=\"1163\">100 % bl\u00e9 complet de qualit\u00e9<\/p>\n<\/li>\n<li data-start=\"1164\" data-end=\"1196\">\n<p data-start=\"1166\" data-end=\"1196\">Riche en fibres naturelles<\/p>\n<\/li>\n<li data-start=\"1197\" data-end=\"1235\">\n<p data-start=\"1199\" data-end=\"1235\">Go\u00fbt authentique et texture parfaite<\/p>\n<\/li>\n<li data-start=\"1236\" data-end=\"1285\">\n<p data-start=\"1238\" data-end=\"1285\">Convient \u00e0 une alimentation saine et \u00e9quilibr\u00e9e<\/p>\n<\/li>\n<li data-start=\"1286\" data-end=\"1339\">\n<p data-start=\"1288\" data-end=\"1339\">Id\u00e9al pour les recettes traditionnelles et modernes<\/p>\n<\/li>\n<\/ul>","protected":false},"excerpt":{"rendered":"<p><!--more-->\u0627\u0644\u0643\u0633\u0643\u0633\u064a \u0627\u0644\u0643\u0627\u0645\u0644 Tunisia Savory\u060c \u0627\u0644\u0645\u064f\u062d\u0636\u0651\u064e\u0631 \u0645\u0646 \u0627\u0644\u0642\u0645\u062d \u0627\u0644\u0643\u0627\u0645\u0644\u060c \u064a\u0642\u062f\u0651\u0645 \u0642\u0648\u0627\u0645\u064b\u0627 \u0623\u0635\u064a\u0644\u064b\u0627 \u0648\u063a\u0646\u0649 \u0637\u0628\u064a\u0639\u064a\u064b\u0627 \u0628\u0627\u0644\u0623\u0644\u064a\u0627\u0641. \u0647\u0630\u0627 \u0627\u0644\u0643\u0633\u0643\u0633\u064a \u0628\u0627\u0644\u0642\u0645\u062d \u0645\u062b\u0627\u0644\u064a \u0644\u0644\u0648\u0635\u0641\u0627\u062a \u0627\u0644\u0635\u062d\u064a\u0629\u060c \u0627\u0644\u0644\u0630\u064a\u0630\u0629 \u0648\u0627\u0644\u062a\u0642\u0644\u064a\u062f\u064a\u0629.<\/p>","protected":false},"featured_media":7058,"comment_status":"closed","ping_status":"closed","template":"","meta":[],"product_brand":[111],"product_cat":[346,345],"product_tag":[],"class_list":{"0":"post-7057","1":"product","2":"type-product","3":"status-publish","4":"has-post-thumbnail","6":"product_brand-tunisiasavory","7":"product_cat-couscous-traditionnel","8":"product_cat-pates-artisanales","10":"first","11":"instock","12":"shipping-taxable","13":"purchasable","14":"product-type-variable","15":"has-default-attributes"},"yoast_head":"<!-- This site is optimized with the Yoast SEO plugin v27.4 - https:\/\/yoast.com\/product\/yoast-seo-wordpress\/ -->\n<title>Couscous complet : bl\u00e9 | Acheter en ligne en Tunisie - Tunisia-savory.com<\/title>\n<meta name=\"robots\" content=\"index, follow, max-snippet:-1, max-image-preview:large, max-video-preview:-1\" \/>\n<link rel=\"canonical\" href=\"https:\/\/tunisia-savory.com\/ar\/product\/couscous-complet\/\" \/>\n<meta property=\"og:locale\" content=\"ar_AR\" \/>\n<meta property=\"og:type\" content=\"article\" \/>\n<meta property=\"og:title\" content=\"Couscous complet : bl\u00e9 | Acheter en ligne en Tunisie - Tunisia-savory.com\" \/>\n<meta property=\"og:description\" content=\"Le couscous complet Tunisia Savory, \u00e0 base de bl\u00e9 complet, offre une texture authentique et une richesse naturelle en fibres. Ce couscous bl\u00e9 est id\u00e9al pour des recettes saines, savoureuses et traditionnelles.\" \/>\n<meta property=\"og:url\" content=\"https:\/\/tunisia-savory.com\/ar\/product\/couscous-complet\/\" \/>\n<meta property=\"og:site_name\" content=\"Tunisia-savory.com\" \/>\n<meta property=\"article:publisher\" content=\"https:\/\/www.facebook.com\/profile.php?id=61584505435972\" \/>\n<meta property=\"article:modified_time\" content=\"2026-02-04T10:18:31+00:00\" \/>\n<meta property=\"og:image\" content=\"https:\/\/tunisia-savory.com\/wp-content\/uploads\/2026\/01\/coucous_tunisien.webp\" \/>\n\t<meta property=\"og:image:width\" content=\"1080\" \/>\n\t<meta property=\"og:image:height\" content=\"1080\" \/>\n\t<meta property=\"og:image:type\" content=\"image\/webp\" \/>\n<meta name=\"twitter:card\" content=\"summary_large_image\" \/>\n<meta name=\"twitter:label1\" content=\"\u0648\u0642\u062a \u0627\u0644\u0642\u0631\u0627\u0621\u0629 \u0627\u0644\u0645\u064f\u0642\u062f\u0651\u0631\" \/>\n\t<meta name=\"twitter:data1\" content=\"\u062f\u0642\u064a\u0642\u0629 \u0648\u0627\u062d\u062f\u0629\" \/>\n<script type=\"application\/ld+json\" class=\"yoast-schema-graph\">{\"@context\":\"https:\\\/\\\/schema.org\",\"@graph\":[{\"@type\":\"WebPage\",\"@id\":\"https:\\\/\\\/tunisia-savory.com\\\/produit\\\/couscous-complet\\\/\",\"url\":\"https:\\\/\\\/tunisia-savory.com\\\/produit\\\/couscous-complet\\\/\",\"name\":\"Couscous complet : bl\u00e9 | Acheter en ligne en Tunisie - Tunisia-savory.com\",\"isPartOf\":{\"@id\":\"https:\\\/\\\/tunisia-savory.com\\\/#website\"},\"primaryImageOfPage\":{\"@id\":\"https:\\\/\\\/tunisia-savory.com\\\/produit\\\/couscous-complet\\\/#primaryimage\"},\"image\":{\"@id\":\"https:\\\/\\\/tunisia-savory.com\\\/produit\\\/couscous-complet\\\/#primaryimage\"},\"thumbnailUrl\":\"https:\\\/\\\/tunisia-savory.com\\\/wp-content\\\/uploads\\\/2026\\\/01\\\/coucous_tunisien.webp\",\"datePublished\":\"2026-01-15T21:14:43+00:00\",\"dateModified\":\"2026-02-04T10:18:31+00:00\",\"breadcrumb\":{\"@id\":\"https:\\\/\\\/tunisia-savory.com\\\/produit\\\/couscous-complet\\\/#breadcrumb\"},\"inLanguage\":\"ar\",\"potentialAction\":[{\"@type\":\"ReadAction\",\"target\":[\"https:\\\/\\\/tunisia-savory.com\\\/produit\\\/couscous-complet\\\/\"]}]},{\"@type\":\"ImageObject\",\"inLanguage\":\"ar\",\"@id\":\"https:\\\/\\\/tunisia-savory.com\\\/produit\\\/couscous-complet\\\/#primaryimage\",\"url\":\"https:\\\/\\\/tunisia-savory.com\\\/wp-content\\\/uploads\\\/2026\\\/01\\\/coucous_tunisien.webp\",\"contentUrl\":\"https:\\\/\\\/tunisia-savory.com\\\/wp-content\\\/uploads\\\/2026\\\/01\\\/coucous_tunisien.webp\",\"width\":1080,\"height\":1080},{\"@type\":\"BreadcrumbList\",\"@id\":\"https:\\\/\\\/tunisia-savory.com\\\/produit\\\/couscous-complet\\\/#breadcrumb\",\"itemListElement\":[{\"@type\":\"ListItem\",\"position\":1,\"name\":\"Accueil\",\"item\":\"https:\\\/\\\/tunisia-savory.com\\\/\"},{\"@type\":\"ListItem\",\"position\":2,\"name\":\"Boutique\",\"item\":\"https:\\\/\\\/tunisia-savory.com\\\/boutique-epicerie-tunisie\\\/\"},{\"@type\":\"ListItem\",\"position\":3,\"name\":\"Couscous complet : bl\u00e9\"}]},{\"@type\":\"WebSite\",\"@id\":\"https:\\\/\\\/tunisia-savory.com\\\/#website\",\"url\":\"https:\\\/\\\/tunisia-savory.com\\\/\",\"name\":\"Tunisia-savory.com\",\"description\":\"Tunisia-savory.com\",\"publisher\":{\"@id\":\"https:\\\/\\\/tunisia-savory.com\\\/#organization\"},\"potentialAction\":[{\"@type\":\"SearchAction\",\"target\":{\"@type\":\"EntryPoint\",\"urlTemplate\":\"https:\\\/\\\/tunisia-savory.com\\\/?s={search_term_string}\"},\"query-input\":{\"@type\":\"PropertyValueSpecification\",\"valueRequired\":true,\"valueName\":\"search_term_string\"}}],\"inLanguage\":\"ar\"},{\"@type\":\"Organization\",\"@id\":\"https:\\\/\\\/tunisia-savory.com\\\/#organization\",\"name\":\"Tunisia-savory.com\",\"url\":\"https:\\\/\\\/tunisia-savory.com\\\/\",\"logo\":{\"@type\":\"ImageObject\",\"inLanguage\":\"ar\",\"@id\":\"https:\\\/\\\/tunisia-savory.com\\\/#\\\/schema\\\/logo\\\/image\\\/\",\"url\":\"https:\\\/\\\/tunisia-savory.com\\\/wp-content\\\/uploads\\\/2026\\\/01\\\/logo-dark.png\",\"contentUrl\":\"https:\\\/\\\/tunisia-savory.com\\\/wp-content\\\/uploads\\\/2026\\\/01\\\/logo-dark.png\",\"width\":552,\"height\":132,\"caption\":\"Tunisia-savory.com\"},\"image\":{\"@id\":\"https:\\\/\\\/tunisia-savory.com\\\/#\\\/schema\\\/logo\\\/image\\\/\"},\"sameAs\":[\"https:\\\/\\\/www.facebook.com\\\/profile.php?id=61584505435972\",\"https:\\\/\\\/www.instagram.com\\\/tunisiasavory\\\/\"]}]}<\/script>\n<!-- \/ Yoast SEO plugin. -->","yoast_head_json":{"title":"Couscous complet : bl\u00e9 | Acheter en ligne en Tunisie - Tunisia-savory.com","robots":{"index":"index","follow":"follow","max-snippet":"max-snippet:-1","max-image-preview":"max-image-preview:large","max-video-preview":"max-video-preview:-1"},"canonical":"https:\/\/tunisia-savory.com\/ar\/product\/couscous-complet\/","og_locale":"ar_AR","og_type":"article","og_title":"Couscous complet : bl\u00e9 | Acheter en ligne en Tunisie - Tunisia-savory.com","og_description":"Le couscous complet Tunisia Savory, \u00e0 base de bl\u00e9 complet, offre une texture authentique et une richesse naturelle en fibres. Ce couscous bl\u00e9 est id\u00e9al pour des recettes saines, savoureuses et traditionnelles.","og_url":"https:\/\/tunisia-savory.com\/ar\/product\/couscous-complet\/","og_site_name":"Tunisia-savory.com","article_publisher":"https:\/\/www.facebook.com\/profile.php?id=61584505435972","article_modified_time":"2026-02-04T10:18:31+00:00","og_image":[{"width":1080,"height":1080,"url":"https:\/\/tunisia-savory.com\/wp-content\/uploads\/2026\/01\/coucous_tunisien.webp","type":"image\/webp"}],"twitter_card":"summary_large_image","twitter_misc":{"\u0648\u0642\u062a \u0627\u0644\u0642\u0631\u0627\u0621\u0629 \u0627\u0644\u0645\u064f\u0642\u062f\u0651\u0631":"\u062f\u0642\u064a\u0642\u0629 \u0648\u0627\u062d\u062f\u0629"},"schema":{"@context":"https:\/\/schema.org","@graph":[{"@type":"WebPage","@id":"https:\/\/tunisia-savory.com\/produit\/couscous-complet\/","url":"https:\/\/tunisia-savory.com\/produit\/couscous-complet\/","name":"Couscous complet : bl\u00e9 | Acheter en ligne en Tunisie - Tunisia-savory.com","isPartOf":{"@id":"https:\/\/tunisia-savory.com\/#website"},"primaryImageOfPage":{"@id":"https:\/\/tunisia-savory.com\/produit\/couscous-complet\/#primaryimage"},"image":{"@id":"https:\/\/tunisia-savory.com\/produit\/couscous-complet\/#primaryimage"},"thumbnailUrl":"https:\/\/tunisia-savory.com\/wp-content\/uploads\/2026\/01\/coucous_tunisien.webp","datePublished":"2026-01-15T21:14:43+00:00","dateModified":"2026-02-04T10:18:31+00:00","breadcrumb":{"@id":"https:\/\/tunisia-savory.com\/produit\/couscous-complet\/#breadcrumb"},"inLanguage":"ar","potentialAction":[{"@type":"ReadAction","target":["https:\/\/tunisia-savory.com\/produit\/couscous-complet\/"]}]},{"@type":"ImageObject","inLanguage":"ar","@id":"https:\/\/tunisia-savory.com\/produit\/couscous-complet\/#primaryimage","url":"https:\/\/tunisia-savory.com\/wp-content\/uploads\/2026\/01\/coucous_tunisien.webp","contentUrl":"https:\/\/tunisia-savory.com\/wp-content\/uploads\/2026\/01\/coucous_tunisien.webp","width":1080,"height":1080},{"@type":"BreadcrumbList","@id":"https:\/\/tunisia-savory.com\/produit\/couscous-complet\/#breadcrumb","itemListElement":[{"@type":"ListItem","position":1,"name":"Accueil","item":"https:\/\/tunisia-savory.com\/"},{"@type":"ListItem","position":2,"name":"Boutique","item":"https:\/\/tunisia-savory.com\/boutique-epicerie-tunisie\/"},{"@type":"ListItem","position":3,"name":"Couscous complet : bl\u00e9"}]},{"@type":"WebSite","@id":"https:\/\/tunisia-savory.com\/#website","url":"https:\/\/tunisia-savory.com\/","name":"Tunisia-savory.com","description":"Tunisia-savory.com","publisher":{"@id":"https:\/\/tunisia-savory.com\/#organization"},"potentialAction":[{"@type":"SearchAction","target":{"@type":"EntryPoint","urlTemplate":"https:\/\/tunisia-savory.com\/?s={search_term_string}"},"query-input":{"@type":"PropertyValueSpecification","valueRequired":true,"valueName":"search_term_string"}}],"inLanguage":"ar"},{"@type":"Organization","@id":"https:\/\/tunisia-savory.com\/#organization","name":"Tunisia-savory.com","url":"https:\/\/tunisia-savory.com\/","logo":{"@type":"ImageObject","inLanguage":"ar","@id":"https:\/\/tunisia-savory.com\/#\/schema\/logo\/image\/","url":"https:\/\/tunisia-savory.com\/wp-content\/uploads\/2026\/01\/logo-dark.png","contentUrl":"https:\/\/tunisia-savory.com\/wp-content\/uploads\/2026\/01\/logo-dark.png","width":552,"height":132,"caption":"Tunisia-savory.com"},"image":{"@id":"https:\/\/tunisia-savory.com\/#\/schema\/logo\/image\/"},"sameAs":["https:\/\/www.facebook.com\/profile.php?id=61584505435972","https:\/\/www.instagram.com\/tunisiasavory\/"]}]}},"_links":{"self":[{"href":"https:\/\/tunisia-savory.com\/ar\/wp-json\/wp\/v2\/product\/7057","targetHints":{"allow":["GET"]}}],"collection":[{"href":"https:\/\/tunisia-savory.com\/ar\/wp-json\/wp\/v2\/product"}],"about":[{"href":"https:\/\/tunisia-savory.com\/ar\/wp-json\/wp\/v2\/types\/product"}],"replies":[{"embeddable":true,"href":"https:\/\/tunisia-savory.com\/ar\/wp-json\/wp\/v2\/comments?post=7057"}],"version-history":[{"count":6,"href":"https:\/\/tunisia-savory.com\/ar\/wp-json\/wp\/v2\/product\/7057\/revisions"}],"predecessor-version":[{"id":7939,"href":"https:\/\/tunisia-savory.com\/ar\/wp-json\/wp\/v2\/product\/7057\/revisions\/7939"}],"wp:featuredmedia":[{"embeddable":true,"href":"https:\/\/tunisia-savory.com\/ar\/wp-json\/wp\/v2\/media\/7058"}],"wp:attachment":[{"href":"https:\/\/tunisia-savory.com\/ar\/wp-json\/wp\/v2\/media?parent=7057"}],"wp:term":[{"taxonomy":"product_brand","embeddable":true,"href":"https:\/\/tunisia-savory.com\/ar\/wp-json\/wp\/v2\/product_brand?post=7057"},{"taxonomy":"product_cat","embeddable":true,"href":"https:\/\/tunisia-savory.com\/ar\/wp-json\/wp\/v2\/product_cat?post=7057"},{"taxonomy":"product_tag","embeddable":true,"href":"https:\/\/tunisia-savory.com\/ar\/wp-json\/wp\/v2\/product_tag?post=7057"}],"curies":[{"name":"wp","href":"https:\/\/api.w.org\/{rel}","templated":true}]}}