{"id":6362,"date":"2025-12-22T20:38:28","date_gmt":"2025-12-22T20:38:28","guid":{"rendered":"https:\/\/tunisia-savory.com\/?post_type=product&#038;p=6362"},"modified":"2026-02-01T20:15:18","modified_gmt":"2026-02-01T20:15:18","slug":"caviar-daubergine-delice-mediterraneen-authentique","status":"publish","type":"product","link":"https:\/\/tunisia-savory.com\/ar\/product\/caviar-daubergine-delice-mediterraneen-authentique\/","title":{"rendered":"\u0645\u0639\u062c\u0648\u0646 \u0627\u0644\u0628\u0627\u0630\u0646\u062c\u0627\u0646"},"content":{"rendered":"<p>Le Caviar d\u2019Aubergine Tunisia Savory est \u00e9labor\u00e9 \u00e0 partir d\u2019aubergines tunisiennes soigneusement s\u00e9lectionn\u00e9es, grill\u00e9es lentement afin de d\u00e9velopper une saveur subtilement fum\u00e9e et une texture fondante et onctueuse. Cette pur\u00e9e d\u00e9licate est ensuite relev\u00e9e d\u2019ail, d\u2019huile d\u2019olive, de citron et d\u2019\u00e9pices naturelles, dans le respect des traditions culinaires m\u00e9diterran\u00e9ennes.<\/p>\n<p>Sans additifs ni conservateurs, le Caviar d\u2019Aubergine Tunisie est un produit 100 % naturel, riche en fibres et parfaitement adapt\u00e9 \u00e0 une alimentation saine et \u00e9quilibr\u00e9e. Son mode de pr\u00e9paration artisanal permet de pr\u00e9server la qualit\u00e9 nutritionnelle des ingr\u00e9dients tout en garantissant un go\u00fbt authentique, proche du fait maison.<\/p>\n<p>Polyvalent et pr\u00eat \u00e0 consommer, le Caviar d\u2019Aubergine Tunisia Savory se d\u00e9guste aussi bien \u00e0 l\u2019ap\u00e9ritif sur des tartines qu\u2019en accompagnement de grillades, en garniture de sandwichs ou comme base gourmande pour pizzas et recettes cr\u00e9atives.<\/p>\n<h2>Les atouts du Caviar d\u2019Aubergine Tunisia Savory<\/h2>\n<ul>\n<li>Caviar d\u2019Aubergine Tunisie issu de produits locaux<\/li>\n<li>Produit 100 % naturel, sans additifs ni conservateurs<\/li>\n<li>Riche en fibres<\/li>\n<li>Texture onctueuse et go\u00fbt l\u00e9g\u00e8rement fum\u00e9<\/li>\n<li>Pr\u00eat \u00e0 l\u2019emploi, usage polyvalent en cuisine<\/li>\n<\/ul>","protected":false},"excerpt":{"rendered":"<p>\u0643\u0627\u0641\u064a\u0627\u0631 \u0627\u0644\u0628\u0627\u0630\u0646\u062c\u0627\u0646 Tunisia Savory\u060c \u0645\u064f\u062d\u0636\u0651\u064e\u0631 \u0645\u0646 \u0628\u0627\u0630\u0646\u062c\u0627\u0646 \u062a\u0648\u0646\u0633\u064a \u0645\u0634\u0648\u064a\u060c \u064a\u0642\u062f\u0651\u0645 \u0642\u0648\u0627\u0645\u064b\u0627 \u0643\u0631\u064a\u0645\u064a\u064b\u0627 \u0648\u0646\u0643\u0647\u0629 \u0645\u062f\u062e\u0651\u0646\u0629 \u0628\u0631\u0641\u0642. \u0647\u0630\u0627 \u0627\u0644\u0643\u0627\u0641\u064a\u0627\u0631 \u0645\u0646 \u062a\u0648\u0646\u0633 \u0637\u0628\u064a\u0639\u064a 100\u066a \u0648\u062e\u0627\u0644\u064d \u0645\u0646 \u0627\u0644\u0625\u0636\u0627\u0641\u0627\u062a\u060c \u0648\u0645\u062b\u0627\u0644\u064a \u0644\u0644\u0645\u0642\u0628\u0644\u0627\u062a \u0648\u0627\u0644\u0648\u0635\u0641\u0627\u062a \u0627\u0644\u0645\u062a\u0648\u0633\u0637\u064a\u0629.<\/p>","protected":false},"featured_media":6366,"comment_status":"closed","ping_status":"closed","template":"","meta":[],"product_brand":[111],"product_cat":[351,349],"product_tag":[],"class_list":{"0":"post-6362","1":"product","2":"type-product","3":"status-publish","4":"has-post-thumbnail","6":"product_brand-tunisiasavory","7":"product_cat-artichauts-legumes-marines","8":"product_cat-specialites-conserves","10":"first","11":"instock","12":"shipping-taxable","13":"purchasable","14":"product-type-variable","15":"has-default-attributes"},"yoast_head":"<!-- This site is optimized with the Yoast SEO plugin v27.4 - https:\/\/yoast.com\/product\/yoast-seo-wordpress\/ -->\n<title>Caviar d\u2019Aubergine | Acheter en ligne en Tunisie - Tunisia-savory.com<\/title>\n<meta name=\"robots\" content=\"index, follow, max-snippet:-1, max-image-preview:large, max-video-preview:-1\" \/>\n<link rel=\"canonical\" href=\"https:\/\/tunisia-savory.com\/ar\/product\/caviar-daubergine-delice-mediterraneen-authentique\/\" \/>\n<meta property=\"og:locale\" content=\"ar_AR\" \/>\n<meta property=\"og:type\" content=\"article\" \/>\n<meta property=\"og:title\" content=\"Caviar d\u2019Aubergine | Acheter en ligne en Tunisie - Tunisia-savory.com\" \/>\n<meta property=\"og:description\" content=\"Le Caviar d\u2019Aubergine Tunisia Savory, pr\u00e9par\u00e9 \u00e0 partir d\u2019aubergines tunisiennes grill\u00e9es, offre une texture onctueuse et une saveur d\u00e9licatement fum\u00e9e. Ce Caviar d\u2019Aubergine Tunisie, 100 % naturel et sans additifs, est id\u00e9al pour vos ap\u00e9ritifs et recettes m\u00e9diterran\u00e9ennes.\" \/>\n<meta property=\"og:url\" content=\"https:\/\/tunisia-savory.com\/ar\/product\/caviar-daubergine-delice-mediterraneen-authentique\/\" \/>\n<meta property=\"og:site_name\" content=\"Tunisia-savory.com\" \/>\n<meta property=\"article:publisher\" content=\"https:\/\/www.facebook.com\/profile.php?id=61584505435972\" \/>\n<meta property=\"article:modified_time\" content=\"2026-02-01T20:15:18+00:00\" \/>\n<meta property=\"og:image\" content=\"https:\/\/tunisia-savory.com\/wp-content\/uploads\/2025\/12\/WhatsApp-Image-2025-12-22-at-21.42.20-2.jpeg\" \/>\n\t<meta property=\"og:image:width\" content=\"613\" \/>\n\t<meta property=\"og:image:height\" content=\"606\" \/>\n\t<meta property=\"og:image:type\" content=\"image\/jpeg\" \/>\n<meta name=\"twitter:card\" content=\"summary_large_image\" \/>\n<meta name=\"twitter:label1\" content=\"\u0648\u0642\u062a \u0627\u0644\u0642\u0631\u0627\u0621\u0629 \u0627\u0644\u0645\u064f\u0642\u062f\u0651\u0631\" \/>\n\t<meta name=\"twitter:data1\" content=\"\u062f\u0642\u064a\u0642\u062a\u0627\u0646\" \/>\n<script type=\"application\/ld+json\" class=\"yoast-schema-graph\">{\"@context\":\"https:\\\/\\\/schema.org\",\"@graph\":[{\"@type\":\"WebPage\",\"@id\":\"https:\\\/\\\/tunisia-savory.com\\\/produit\\\/caviar-daubergine-delice-mediterraneen-authentique\\\/\",\"url\":\"https:\\\/\\\/tunisia-savory.com\\\/produit\\\/caviar-daubergine-delice-mediterraneen-authentique\\\/\",\"name\":\"Caviar d\u2019Aubergine | Acheter en ligne en Tunisie - Tunisia-savory.com\",\"isPartOf\":{\"@id\":\"https:\\\/\\\/tunisia-savory.com\\\/#website\"},\"primaryImageOfPage\":{\"@id\":\"https:\\\/\\\/tunisia-savory.com\\\/produit\\\/caviar-daubergine-delice-mediterraneen-authentique\\\/#primaryimage\"},\"image\":{\"@id\":\"https:\\\/\\\/tunisia-savory.com\\\/produit\\\/caviar-daubergine-delice-mediterraneen-authentique\\\/#primaryimage\"},\"thumbnailUrl\":\"https:\\\/\\\/tunisia-savory.com\\\/wp-content\\\/uploads\\\/2025\\\/12\\\/WhatsApp-Image-2025-12-22-at-21.42.20-2.jpeg\",\"datePublished\":\"2025-12-22T20:38:28+00:00\",\"dateModified\":\"2026-02-01T20:15:18+00:00\",\"breadcrumb\":{\"@id\":\"https:\\\/\\\/tunisia-savory.com\\\/produit\\\/caviar-daubergine-delice-mediterraneen-authentique\\\/#breadcrumb\"},\"inLanguage\":\"ar\",\"potentialAction\":[{\"@type\":\"ReadAction\",\"target\":[\"https:\\\/\\\/tunisia-savory.com\\\/produit\\\/caviar-daubergine-delice-mediterraneen-authentique\\\/\"]}]},{\"@type\":\"ImageObject\",\"inLanguage\":\"ar\",\"@id\":\"https:\\\/\\\/tunisia-savory.com\\\/produit\\\/caviar-daubergine-delice-mediterraneen-authentique\\\/#primaryimage\",\"url\":\"https:\\\/\\\/tunisia-savory.com\\\/wp-content\\\/uploads\\\/2025\\\/12\\\/WhatsApp-Image-2025-12-22-at-21.42.20-2.jpeg\",\"contentUrl\":\"https:\\\/\\\/tunisia-savory.com\\\/wp-content\\\/uploads\\\/2025\\\/12\\\/WhatsApp-Image-2025-12-22-at-21.42.20-2.jpeg\",\"width\":613,\"height\":606},{\"@type\":\"BreadcrumbList\",\"@id\":\"https:\\\/\\\/tunisia-savory.com\\\/produit\\\/caviar-daubergine-delice-mediterraneen-authentique\\\/#breadcrumb\",\"itemListElement\":[{\"@type\":\"ListItem\",\"position\":1,\"name\":\"Accueil\",\"item\":\"https:\\\/\\\/tunisia-savory.com\\\/\"},{\"@type\":\"ListItem\",\"position\":2,\"name\":\"Boutique\",\"item\":\"https:\\\/\\\/tunisia-savory.com\\\/boutique-epicerie-tunisie\\\/\"},{\"@type\":\"ListItem\",\"position\":3,\"name\":\"Caviar d\u2019Aubergine\"}]},{\"@type\":\"WebSite\",\"@id\":\"https:\\\/\\\/tunisia-savory.com\\\/#website\",\"url\":\"https:\\\/\\\/tunisia-savory.com\\\/\",\"name\":\"Tunisia-savory.com\",\"description\":\"Tunisia-savory.com\",\"publisher\":{\"@id\":\"https:\\\/\\\/tunisia-savory.com\\\/#organization\"},\"potentialAction\":[{\"@type\":\"SearchAction\",\"target\":{\"@type\":\"EntryPoint\",\"urlTemplate\":\"https:\\\/\\\/tunisia-savory.com\\\/?s={search_term_string}\"},\"query-input\":{\"@type\":\"PropertyValueSpecification\",\"valueRequired\":true,\"valueName\":\"search_term_string\"}}],\"inLanguage\":\"ar\"},{\"@type\":\"Organization\",\"@id\":\"https:\\\/\\\/tunisia-savory.com\\\/#organization\",\"name\":\"Tunisia-savory.com\",\"url\":\"https:\\\/\\\/tunisia-savory.com\\\/\",\"logo\":{\"@type\":\"ImageObject\",\"inLanguage\":\"ar\",\"@id\":\"https:\\\/\\\/tunisia-savory.com\\\/#\\\/schema\\\/logo\\\/image\\\/\",\"url\":\"https:\\\/\\\/tunisia-savory.com\\\/wp-content\\\/uploads\\\/2026\\\/01\\\/logo-dark.png\",\"contentUrl\":\"https:\\\/\\\/tunisia-savory.com\\\/wp-content\\\/uploads\\\/2026\\\/01\\\/logo-dark.png\",\"width\":552,\"height\":132,\"caption\":\"Tunisia-savory.com\"},\"image\":{\"@id\":\"https:\\\/\\\/tunisia-savory.com\\\/#\\\/schema\\\/logo\\\/image\\\/\"},\"sameAs\":[\"https:\\\/\\\/www.facebook.com\\\/profile.php?id=61584505435972\",\"https:\\\/\\\/www.instagram.com\\\/tunisiasavory\\\/\"]}]}<\/script>\n<!-- \/ Yoast SEO plugin. -->","yoast_head_json":{"title":"Caviar d\u2019Aubergine | Acheter en ligne en Tunisie - Tunisia-savory.com","robots":{"index":"index","follow":"follow","max-snippet":"max-snippet:-1","max-image-preview":"max-image-preview:large","max-video-preview":"max-video-preview:-1"},"canonical":"https:\/\/tunisia-savory.com\/ar\/product\/caviar-daubergine-delice-mediterraneen-authentique\/","og_locale":"ar_AR","og_type":"article","og_title":"Caviar d\u2019Aubergine | Acheter en ligne en Tunisie - Tunisia-savory.com","og_description":"Le Caviar d\u2019Aubergine Tunisia Savory, pr\u00e9par\u00e9 \u00e0 partir d\u2019aubergines tunisiennes grill\u00e9es, offre une texture onctueuse et une saveur d\u00e9licatement fum\u00e9e. Ce Caviar d\u2019Aubergine Tunisie, 100 % naturel et sans additifs, est id\u00e9al pour vos ap\u00e9ritifs et recettes m\u00e9diterran\u00e9ennes.","og_url":"https:\/\/tunisia-savory.com\/ar\/product\/caviar-daubergine-delice-mediterraneen-authentique\/","og_site_name":"Tunisia-savory.com","article_publisher":"https:\/\/www.facebook.com\/profile.php?id=61584505435972","article_modified_time":"2026-02-01T20:15:18+00:00","og_image":[{"width":613,"height":606,"url":"https:\/\/tunisia-savory.com\/wp-content\/uploads\/2025\/12\/WhatsApp-Image-2025-12-22-at-21.42.20-2.jpeg","type":"image\/jpeg"}],"twitter_card":"summary_large_image","twitter_misc":{"\u0648\u0642\u062a \u0627\u0644\u0642\u0631\u0627\u0621\u0629 \u0627\u0644\u0645\u064f\u0642\u062f\u0651\u0631":"\u062f\u0642\u064a\u0642\u062a\u0627\u0646"},"schema":{"@context":"https:\/\/schema.org","@graph":[{"@type":"WebPage","@id":"https:\/\/tunisia-savory.com\/produit\/caviar-daubergine-delice-mediterraneen-authentique\/","url":"https:\/\/tunisia-savory.com\/produit\/caviar-daubergine-delice-mediterraneen-authentique\/","name":"Caviar d\u2019Aubergine | Acheter en ligne en Tunisie - Tunisia-savory.com","isPartOf":{"@id":"https:\/\/tunisia-savory.com\/#website"},"primaryImageOfPage":{"@id":"https:\/\/tunisia-savory.com\/produit\/caviar-daubergine-delice-mediterraneen-authentique\/#primaryimage"},"image":{"@id":"https:\/\/tunisia-savory.com\/produit\/caviar-daubergine-delice-mediterraneen-authentique\/#primaryimage"},"thumbnailUrl":"https:\/\/tunisia-savory.com\/wp-content\/uploads\/2025\/12\/WhatsApp-Image-2025-12-22-at-21.42.20-2.jpeg","datePublished":"2025-12-22T20:38:28+00:00","dateModified":"2026-02-01T20:15:18+00:00","breadcrumb":{"@id":"https:\/\/tunisia-savory.com\/produit\/caviar-daubergine-delice-mediterraneen-authentique\/#breadcrumb"},"inLanguage":"ar","potentialAction":[{"@type":"ReadAction","target":["https:\/\/tunisia-savory.com\/produit\/caviar-daubergine-delice-mediterraneen-authentique\/"]}]},{"@type":"ImageObject","inLanguage":"ar","@id":"https:\/\/tunisia-savory.com\/produit\/caviar-daubergine-delice-mediterraneen-authentique\/#primaryimage","url":"https:\/\/tunisia-savory.com\/wp-content\/uploads\/2025\/12\/WhatsApp-Image-2025-12-22-at-21.42.20-2.jpeg","contentUrl":"https:\/\/tunisia-savory.com\/wp-content\/uploads\/2025\/12\/WhatsApp-Image-2025-12-22-at-21.42.20-2.jpeg","width":613,"height":606},{"@type":"BreadcrumbList","@id":"https:\/\/tunisia-savory.com\/produit\/caviar-daubergine-delice-mediterraneen-authentique\/#breadcrumb","itemListElement":[{"@type":"ListItem","position":1,"name":"Accueil","item":"https:\/\/tunisia-savory.com\/"},{"@type":"ListItem","position":2,"name":"Boutique","item":"https:\/\/tunisia-savory.com\/boutique-epicerie-tunisie\/"},{"@type":"ListItem","position":3,"name":"Caviar d\u2019Aubergine"}]},{"@type":"WebSite","@id":"https:\/\/tunisia-savory.com\/#website","url":"https:\/\/tunisia-savory.com\/","name":"Tunisia-savory.com","description":"Tunisia-savory.com","publisher":{"@id":"https:\/\/tunisia-savory.com\/#organization"},"potentialAction":[{"@type":"SearchAction","target":{"@type":"EntryPoint","urlTemplate":"https:\/\/tunisia-savory.com\/?s={search_term_string}"},"query-input":{"@type":"PropertyValueSpecification","valueRequired":true,"valueName":"search_term_string"}}],"inLanguage":"ar"},{"@type":"Organization","@id":"https:\/\/tunisia-savory.com\/#organization","name":"Tunisia-savory.com","url":"https:\/\/tunisia-savory.com\/","logo":{"@type":"ImageObject","inLanguage":"ar","@id":"https:\/\/tunisia-savory.com\/#\/schema\/logo\/image\/","url":"https:\/\/tunisia-savory.com\/wp-content\/uploads\/2026\/01\/logo-dark.png","contentUrl":"https:\/\/tunisia-savory.com\/wp-content\/uploads\/2026\/01\/logo-dark.png","width":552,"height":132,"caption":"Tunisia-savory.com"},"image":{"@id":"https:\/\/tunisia-savory.com\/#\/schema\/logo\/image\/"},"sameAs":["https:\/\/www.facebook.com\/profile.php?id=61584505435972","https:\/\/www.instagram.com\/tunisiasavory\/"]}]}},"_links":{"self":[{"href":"https:\/\/tunisia-savory.com\/ar\/wp-json\/wp\/v2\/product\/6362","targetHints":{"allow":["GET"]}}],"collection":[{"href":"https:\/\/tunisia-savory.com\/ar\/wp-json\/wp\/v2\/product"}],"about":[{"href":"https:\/\/tunisia-savory.com\/ar\/wp-json\/wp\/v2\/types\/product"}],"replies":[{"embeddable":true,"href":"https:\/\/tunisia-savory.com\/ar\/wp-json\/wp\/v2\/comments?post=6362"}],"version-history":[{"count":4,"href":"https:\/\/tunisia-savory.com\/ar\/wp-json\/wp\/v2\/product\/6362\/revisions"}],"predecessor-version":[{"id":7298,"href":"https:\/\/tunisia-savory.com\/ar\/wp-json\/wp\/v2\/product\/6362\/revisions\/7298"}],"wp:featuredmedia":[{"embeddable":true,"href":"https:\/\/tunisia-savory.com\/ar\/wp-json\/wp\/v2\/media\/6366"}],"wp:attachment":[{"href":"https:\/\/tunisia-savory.com\/ar\/wp-json\/wp\/v2\/media?parent=6362"}],"wp:term":[{"taxonomy":"product_brand","embeddable":true,"href":"https:\/\/tunisia-savory.com\/ar\/wp-json\/wp\/v2\/product_brand?post=6362"},{"taxonomy":"product_cat","embeddable":true,"href":"https:\/\/tunisia-savory.com\/ar\/wp-json\/wp\/v2\/product_cat?post=6362"},{"taxonomy":"product_tag","embeddable":true,"href":"https:\/\/tunisia-savory.com\/ar\/wp-json\/wp\/v2\/product_tag?post=6362"}],"curies":[{"name":"wp","href":"https:\/\/api.w.org\/{rel}","templated":true}]}}