{"id":6354,"date":"2025-12-22T20:34:02","date_gmt":"2025-12-22T20:34:02","guid":{"rendered":"https:\/\/tunisia-savory.com\/?post_type=product&#038;p=6354"},"modified":"2026-03-24T19:39:27","modified_gmt":"2026-03-24T19:39:27","slug":"aubergines-grillees-a-lhuile-dolive-saveur-authentique-de-la-mediterranee","status":"publish","type":"product","link":"https:\/\/tunisia-savory.com\/ar\/product\/aubergines-grillees-a-lhuile-dolive-saveur-authentique-de-la-mediterranee\/","title":{"rendered":"\u0628\u0627\u0630\u0646\u062c\u0627\u0646 \u0645\u0634\u0648\u064a \u0628\u0632\u064a\u062a \u0627\u0644\u0632\u064a\u062a\u0648\u0646"},"content":{"rendered":"<p>Les Aubergines Grill\u00e9es Tunisia Savory sont pr\u00e9par\u00e9es \u00e0 partir d\u2019aubergines soigneusement s\u00e9lectionn\u00e9es en Tunisie, grill\u00e9es lentement afin de r\u00e9v\u00e9ler une texture tendre et fondante ainsi qu\u2019un go\u00fbt naturellement savoureux. Elles sont ensuite marin\u00e9es dans de l\u2019huile d\u2019olive de qualit\u00e9, relev\u00e9es d\u2019ail et d\u2019herbes naturelles, dans le respect des traditions culinaires m\u00e9diterran\u00e9ennes.<\/p>\n<p>\u00c9labor\u00e9es sans conservateurs ni additifs, les Aubergines Grill\u00e9es Tunisie sont un produit 100 % naturel, riche en fibres et parfaitement adapt\u00e9 \u00e0 une alimentation saine et \u00e9quilibr\u00e9e. Leur mode de pr\u00e9paration artisanal permet de pr\u00e9server \u00e0 la fois la valeur nutritionnelle et les qualit\u00e9s gustatives du l\u00e9gume.<\/p>\n<p>Pr\u00eates \u00e0 l\u2019emploi, les Aubergines Grill\u00e9es \u00e0 l\u2019Huile d\u2019Olive Tunisia Savory s\u2019int\u00e8grent facilement \u00e0 de nombreuses recettes : salades, sandwiches, accompagnements de viandes grill\u00e9es ou garnitures de pizzas et focaccias. Un incontournable pour apporter une touche m\u00e9diterran\u00e9enne authentique \u00e0 vos plats du quotidien.<\/p>\n<h2>Les atouts des Aubergines Grill\u00e9es Tunisia Savory<\/h2>\n<ul>\n<li>Aubergines Grill\u00e9es Tunisie issues de produits locaux<\/li>\n<li>Marin\u00e9es \u00e0 l\u2019huile d\u2019olive de qualit\u00e9<\/li>\n<li>Produit naturel et artisanal, sans conservateurs<\/li>\n<li>Riche en fibres<\/li>\n<li>Texture fondante et saveur authentique<\/li>\n<li>Pr\u00eates \u00e0 consommer<\/li>\n<\/ul>","protected":false},"excerpt":{"rendered":"<p>\u0628\u0627\u0630\u0646\u062c\u0627\u0646 \u0645\u0634\u0648\u064a \u0628\u0632\u064a\u062a \u0627\u0644\u0632\u064a\u062a\u0648\u0646 Tunisia Savory\u060c \u0645\u064f\u062d\u0636\u0651\u064e\u0631 \u0645\u0646 \u0628\u0627\u0630\u0646\u062c\u0627\u0646 \u062a\u0648\u0646\u0633\u064a\u060c \u064a\u0642\u062f\u0651\u0645 \u0642\u0648\u0627\u0645\u064b\u0627 \u0637\u0631\u064a\u064b\u0627 \u064a\u0630\u0648\u0628 \u0641\u064a \u0627\u0644\u0641\u0645 \u0648\u0646\u0643\u0647\u0629 \u0645\u062a\u0648\u0633\u0637\u064a\u0629 \u0623\u0635\u064a\u0644\u0629. \u0647\u0630\u0627 \u0627\u0644\u0628\u0627\u0630\u0646\u062c\u0627\u0646 \u0627\u0644\u0645\u0634\u0648\u064a \u0645\u0646 \u062a\u0648\u0646\u0633 \u0637\u0628\u064a\u0639\u064a 100\u066a \u0648\u062e\u0627\u0644\u064d \u0645\u0646 \u0627\u0644\u0645\u0648\u0627\u062f \u0627\u0644\u062d\u0627\u0641\u0638\u0629\u060c \u0648\u0645\u062b\u0627\u0644\u064a \u0644\u0625\u0628\u0631\u0627\u0632 \u0646\u0643\u0647\u0629 \u0627\u0644\u0633\u0644\u0637\u0627\u062a \u0648\u0627\u0644\u0623\u0637\u0628\u0627\u0642 \u0627\u0644\u0633\u0627\u062e\u0646\u0629.<\/p>","protected":false},"featured_media":6357,"comment_status":"closed","ping_status":"closed","template":"","meta":[],"product_brand":[111],"product_cat":[351,349],"product_tag":[],"class_list":{"0":"post-6354","1":"product","2":"type-product","3":"status-publish","4":"has-post-thumbnail","6":"product_brand-tunisiasavory","7":"product_cat-artichauts-legumes-marines","8":"product_cat-specialites-conserves","10":"first","11":"instock","12":"shipping-taxable","13":"purchasable","14":"product-type-variable","15":"has-default-attributes"},"yoast_head":"<!-- This site is optimized with the Yoast SEO plugin v27.4 - https:\/\/yoast.com\/product\/yoast-seo-wordpress\/ -->\n<title>Aubergines Grill\u00e9es \u00e0 l\u2019Huile d\u2019Olive | Acheter en ligne en Tunisie - Tunisia-savory.com<\/title>\n<meta name=\"robots\" content=\"index, follow, max-snippet:-1, max-image-preview:large, max-video-preview:-1\" \/>\n<link rel=\"canonical\" href=\"https:\/\/tunisia-savory.com\/ar\/product\/aubergines-grillees-a-lhuile-dolive-saveur-authentique-de-la-mediterranee\/\" \/>\n<meta property=\"og:locale\" content=\"ar_AR\" \/>\n<meta property=\"og:type\" content=\"article\" \/>\n<meta property=\"og:title\" content=\"Aubergines Grill\u00e9es \u00e0 l\u2019Huile d\u2019Olive | Acheter en ligne en Tunisie - Tunisia-savory.com\" \/>\n<meta property=\"og:description\" content=\"Les Aubergines Grill\u00e9es \u00e0 l\u2019Huile d\u2019Olive Tunisia Savory, pr\u00e9par\u00e9es \u00e0 partir d\u2019aubergines tunisiennes, offrent une texture fondante et une saveur m\u00e9diterran\u00e9enne authentique. Ces Aubergines Grill\u00e9es Tunisie, 100 % naturelles et sans conservateurs, sont id\u00e9ales pour sublimer vos salades et plats chauds.\" \/>\n<meta property=\"og:url\" content=\"https:\/\/tunisia-savory.com\/ar\/product\/aubergines-grillees-a-lhuile-dolive-saveur-authentique-de-la-mediterranee\/\" \/>\n<meta property=\"og:site_name\" content=\"Tunisia-savory.com\" \/>\n<meta property=\"article:publisher\" content=\"https:\/\/www.facebook.com\/profile.php?id=61584505435972\" \/>\n<meta property=\"article:modified_time\" content=\"2026-03-24T19:39:27+00:00\" \/>\n<meta property=\"og:image\" content=\"https:\/\/tunisia-savory.com\/wp-content\/uploads\/2025\/12\/WhatsApp-Image-2025-12-22-at-21.30.27.jpeg\" \/>\n\t<meta property=\"og:image:width\" content=\"800\" \/>\n\t<meta property=\"og:image:height\" content=\"533\" \/>\n\t<meta property=\"og:image:type\" content=\"image\/jpeg\" \/>\n<meta name=\"twitter:card\" content=\"summary_large_image\" \/>\n<meta name=\"twitter:label1\" content=\"\u0648\u0642\u062a \u0627\u0644\u0642\u0631\u0627\u0621\u0629 \u0627\u0644\u0645\u064f\u0642\u062f\u0651\u0631\" \/>\n\t<meta name=\"twitter:data1\" content=\"\u062f\u0642\u064a\u0642\u062a\u0627\u0646\" \/>\n<script type=\"application\/ld+json\" class=\"yoast-schema-graph\">{\"@context\":\"https:\\\/\\\/schema.org\",\"@graph\":[{\"@type\":\"WebPage\",\"@id\":\"https:\\\/\\\/tunisia-savory.com\\\/produit\\\/aubergines-grillees-a-lhuile-dolive-saveur-authentique-de-la-mediterranee\\\/\",\"url\":\"https:\\\/\\\/tunisia-savory.com\\\/produit\\\/aubergines-grillees-a-lhuile-dolive-saveur-authentique-de-la-mediterranee\\\/\",\"name\":\"Aubergines Grill\u00e9es \u00e0 l\u2019Huile d\u2019Olive | Acheter en ligne en Tunisie - Tunisia-savory.com\",\"isPartOf\":{\"@id\":\"https:\\\/\\\/tunisia-savory.com\\\/#website\"},\"primaryImageOfPage\":{\"@id\":\"https:\\\/\\\/tunisia-savory.com\\\/produit\\\/aubergines-grillees-a-lhuile-dolive-saveur-authentique-de-la-mediterranee\\\/#primaryimage\"},\"image\":{\"@id\":\"https:\\\/\\\/tunisia-savory.com\\\/produit\\\/aubergines-grillees-a-lhuile-dolive-saveur-authentique-de-la-mediterranee\\\/#primaryimage\"},\"thumbnailUrl\":\"https:\\\/\\\/tunisia-savory.com\\\/wp-content\\\/uploads\\\/2025\\\/12\\\/WhatsApp-Image-2025-12-22-at-21.30.27.jpeg\",\"datePublished\":\"2025-12-22T20:34:02+00:00\",\"dateModified\":\"2026-03-24T19:39:27+00:00\",\"breadcrumb\":{\"@id\":\"https:\\\/\\\/tunisia-savory.com\\\/produit\\\/aubergines-grillees-a-lhuile-dolive-saveur-authentique-de-la-mediterranee\\\/#breadcrumb\"},\"inLanguage\":\"ar\",\"potentialAction\":[{\"@type\":\"ReadAction\",\"target\":[\"https:\\\/\\\/tunisia-savory.com\\\/produit\\\/aubergines-grillees-a-lhuile-dolive-saveur-authentique-de-la-mediterranee\\\/\"]}]},{\"@type\":\"ImageObject\",\"inLanguage\":\"ar\",\"@id\":\"https:\\\/\\\/tunisia-savory.com\\\/produit\\\/aubergines-grillees-a-lhuile-dolive-saveur-authentique-de-la-mediterranee\\\/#primaryimage\",\"url\":\"https:\\\/\\\/tunisia-savory.com\\\/wp-content\\\/uploads\\\/2025\\\/12\\\/WhatsApp-Image-2025-12-22-at-21.30.27.jpeg\",\"contentUrl\":\"https:\\\/\\\/tunisia-savory.com\\\/wp-content\\\/uploads\\\/2025\\\/12\\\/WhatsApp-Image-2025-12-22-at-21.30.27.jpeg\",\"width\":800,\"height\":533},{\"@type\":\"BreadcrumbList\",\"@id\":\"https:\\\/\\\/tunisia-savory.com\\\/produit\\\/aubergines-grillees-a-lhuile-dolive-saveur-authentique-de-la-mediterranee\\\/#breadcrumb\",\"itemListElement\":[{\"@type\":\"ListItem\",\"position\":1,\"name\":\"Accueil\",\"item\":\"https:\\\/\\\/tunisia-savory.com\\\/\"},{\"@type\":\"ListItem\",\"position\":2,\"name\":\"Boutique\",\"item\":\"https:\\\/\\\/tunisia-savory.com\\\/boutique-epicerie-tunisie\\\/\"},{\"@type\":\"ListItem\",\"position\":3,\"name\":\"Aubergines Grill\u00e9es \u00e0 l\u2019Huile d\u2019Olive\"}]},{\"@type\":\"WebSite\",\"@id\":\"https:\\\/\\\/tunisia-savory.com\\\/#website\",\"url\":\"https:\\\/\\\/tunisia-savory.com\\\/\",\"name\":\"Tunisia-savory.com\",\"description\":\"Tunisia-savory.com\",\"publisher\":{\"@id\":\"https:\\\/\\\/tunisia-savory.com\\\/#organization\"},\"potentialAction\":[{\"@type\":\"SearchAction\",\"target\":{\"@type\":\"EntryPoint\",\"urlTemplate\":\"https:\\\/\\\/tunisia-savory.com\\\/?s={search_term_string}\"},\"query-input\":{\"@type\":\"PropertyValueSpecification\",\"valueRequired\":true,\"valueName\":\"search_term_string\"}}],\"inLanguage\":\"ar\"},{\"@type\":\"Organization\",\"@id\":\"https:\\\/\\\/tunisia-savory.com\\\/#organization\",\"name\":\"Tunisia-savory.com\",\"url\":\"https:\\\/\\\/tunisia-savory.com\\\/\",\"logo\":{\"@type\":\"ImageObject\",\"inLanguage\":\"ar\",\"@id\":\"https:\\\/\\\/tunisia-savory.com\\\/#\\\/schema\\\/logo\\\/image\\\/\",\"url\":\"https:\\\/\\\/tunisia-savory.com\\\/wp-content\\\/uploads\\\/2026\\\/01\\\/logo-dark.png\",\"contentUrl\":\"https:\\\/\\\/tunisia-savory.com\\\/wp-content\\\/uploads\\\/2026\\\/01\\\/logo-dark.png\",\"width\":552,\"height\":132,\"caption\":\"Tunisia-savory.com\"},\"image\":{\"@id\":\"https:\\\/\\\/tunisia-savory.com\\\/#\\\/schema\\\/logo\\\/image\\\/\"},\"sameAs\":[\"https:\\\/\\\/www.facebook.com\\\/profile.php?id=61584505435972\",\"https:\\\/\\\/www.instagram.com\\\/tunisiasavory\\\/\"]}]}<\/script>\n<!-- \/ Yoast SEO plugin. -->","yoast_head_json":{"title":"Aubergines Grill\u00e9es \u00e0 l\u2019Huile d\u2019Olive | Acheter en ligne en Tunisie - Tunisia-savory.com","robots":{"index":"index","follow":"follow","max-snippet":"max-snippet:-1","max-image-preview":"max-image-preview:large","max-video-preview":"max-video-preview:-1"},"canonical":"https:\/\/tunisia-savory.com\/ar\/product\/aubergines-grillees-a-lhuile-dolive-saveur-authentique-de-la-mediterranee\/","og_locale":"ar_AR","og_type":"article","og_title":"Aubergines Grill\u00e9es \u00e0 l\u2019Huile d\u2019Olive | Acheter en ligne en Tunisie - Tunisia-savory.com","og_description":"Les Aubergines Grill\u00e9es \u00e0 l\u2019Huile d\u2019Olive Tunisia Savory, pr\u00e9par\u00e9es \u00e0 partir d\u2019aubergines tunisiennes, offrent une texture fondante et une saveur m\u00e9diterran\u00e9enne authentique. Ces Aubergines Grill\u00e9es Tunisie, 100 % naturelles et sans conservateurs, sont id\u00e9ales pour sublimer vos salades et plats chauds.","og_url":"https:\/\/tunisia-savory.com\/ar\/product\/aubergines-grillees-a-lhuile-dolive-saveur-authentique-de-la-mediterranee\/","og_site_name":"Tunisia-savory.com","article_publisher":"https:\/\/www.facebook.com\/profile.php?id=61584505435972","article_modified_time":"2026-03-24T19:39:27+00:00","og_image":[{"width":800,"height":533,"url":"https:\/\/tunisia-savory.com\/wp-content\/uploads\/2025\/12\/WhatsApp-Image-2025-12-22-at-21.30.27.jpeg","type":"image\/jpeg"}],"twitter_card":"summary_large_image","twitter_misc":{"\u0648\u0642\u062a \u0627\u0644\u0642\u0631\u0627\u0621\u0629 \u0627\u0644\u0645\u064f\u0642\u062f\u0651\u0631":"\u062f\u0642\u064a\u0642\u062a\u0627\u0646"},"schema":{"@context":"https:\/\/schema.org","@graph":[{"@type":"WebPage","@id":"https:\/\/tunisia-savory.com\/produit\/aubergines-grillees-a-lhuile-dolive-saveur-authentique-de-la-mediterranee\/","url":"https:\/\/tunisia-savory.com\/produit\/aubergines-grillees-a-lhuile-dolive-saveur-authentique-de-la-mediterranee\/","name":"Aubergines Grill\u00e9es \u00e0 l\u2019Huile d\u2019Olive | Acheter en ligne en Tunisie - Tunisia-savory.com","isPartOf":{"@id":"https:\/\/tunisia-savory.com\/#website"},"primaryImageOfPage":{"@id":"https:\/\/tunisia-savory.com\/produit\/aubergines-grillees-a-lhuile-dolive-saveur-authentique-de-la-mediterranee\/#primaryimage"},"image":{"@id":"https:\/\/tunisia-savory.com\/produit\/aubergines-grillees-a-lhuile-dolive-saveur-authentique-de-la-mediterranee\/#primaryimage"},"thumbnailUrl":"https:\/\/tunisia-savory.com\/wp-content\/uploads\/2025\/12\/WhatsApp-Image-2025-12-22-at-21.30.27.jpeg","datePublished":"2025-12-22T20:34:02+00:00","dateModified":"2026-03-24T19:39:27+00:00","breadcrumb":{"@id":"https:\/\/tunisia-savory.com\/produit\/aubergines-grillees-a-lhuile-dolive-saveur-authentique-de-la-mediterranee\/#breadcrumb"},"inLanguage":"ar","potentialAction":[{"@type":"ReadAction","target":["https:\/\/tunisia-savory.com\/produit\/aubergines-grillees-a-lhuile-dolive-saveur-authentique-de-la-mediterranee\/"]}]},{"@type":"ImageObject","inLanguage":"ar","@id":"https:\/\/tunisia-savory.com\/produit\/aubergines-grillees-a-lhuile-dolive-saveur-authentique-de-la-mediterranee\/#primaryimage","url":"https:\/\/tunisia-savory.com\/wp-content\/uploads\/2025\/12\/WhatsApp-Image-2025-12-22-at-21.30.27.jpeg","contentUrl":"https:\/\/tunisia-savory.com\/wp-content\/uploads\/2025\/12\/WhatsApp-Image-2025-12-22-at-21.30.27.jpeg","width":800,"height":533},{"@type":"BreadcrumbList","@id":"https:\/\/tunisia-savory.com\/produit\/aubergines-grillees-a-lhuile-dolive-saveur-authentique-de-la-mediterranee\/#breadcrumb","itemListElement":[{"@type":"ListItem","position":1,"name":"Accueil","item":"https:\/\/tunisia-savory.com\/"},{"@type":"ListItem","position":2,"name":"Boutique","item":"https:\/\/tunisia-savory.com\/boutique-epicerie-tunisie\/"},{"@type":"ListItem","position":3,"name":"Aubergines Grill\u00e9es \u00e0 l\u2019Huile d\u2019Olive"}]},{"@type":"WebSite","@id":"https:\/\/tunisia-savory.com\/#website","url":"https:\/\/tunisia-savory.com\/","name":"Tunisia-savory.com","description":"Tunisia-savory.com","publisher":{"@id":"https:\/\/tunisia-savory.com\/#organization"},"potentialAction":[{"@type":"SearchAction","target":{"@type":"EntryPoint","urlTemplate":"https:\/\/tunisia-savory.com\/?s={search_term_string}"},"query-input":{"@type":"PropertyValueSpecification","valueRequired":true,"valueName":"search_term_string"}}],"inLanguage":"ar"},{"@type":"Organization","@id":"https:\/\/tunisia-savory.com\/#organization","name":"Tunisia-savory.com","url":"https:\/\/tunisia-savory.com\/","logo":{"@type":"ImageObject","inLanguage":"ar","@id":"https:\/\/tunisia-savory.com\/#\/schema\/logo\/image\/","url":"https:\/\/tunisia-savory.com\/wp-content\/uploads\/2026\/01\/logo-dark.png","contentUrl":"https:\/\/tunisia-savory.com\/wp-content\/uploads\/2026\/01\/logo-dark.png","width":552,"height":132,"caption":"Tunisia-savory.com"},"image":{"@id":"https:\/\/tunisia-savory.com\/#\/schema\/logo\/image\/"},"sameAs":["https:\/\/www.facebook.com\/profile.php?id=61584505435972","https:\/\/www.instagram.com\/tunisiasavory\/"]}]}},"_links":{"self":[{"href":"https:\/\/tunisia-savory.com\/ar\/wp-json\/wp\/v2\/product\/6354","targetHints":{"allow":["GET"]}}],"collection":[{"href":"https:\/\/tunisia-savory.com\/ar\/wp-json\/wp\/v2\/product"}],"about":[{"href":"https:\/\/tunisia-savory.com\/ar\/wp-json\/wp\/v2\/types\/product"}],"replies":[{"embeddable":true,"href":"https:\/\/tunisia-savory.com\/ar\/wp-json\/wp\/v2\/comments?post=6354"}],"version-history":[{"count":3,"href":"https:\/\/tunisia-savory.com\/ar\/wp-json\/wp\/v2\/product\/6354\/revisions"}],"predecessor-version":[{"id":7295,"href":"https:\/\/tunisia-savory.com\/ar\/wp-json\/wp\/v2\/product\/6354\/revisions\/7295"}],"wp:featuredmedia":[{"embeddable":true,"href":"https:\/\/tunisia-savory.com\/ar\/wp-json\/wp\/v2\/media\/6357"}],"wp:attachment":[{"href":"https:\/\/tunisia-savory.com\/ar\/wp-json\/wp\/v2\/media?parent=6354"}],"wp:term":[{"taxonomy":"product_brand","embeddable":true,"href":"https:\/\/tunisia-savory.com\/ar\/wp-json\/wp\/v2\/product_brand?post=6354"},{"taxonomy":"product_cat","embeddable":true,"href":"https:\/\/tunisia-savory.com\/ar\/wp-json\/wp\/v2\/product_cat?post=6354"},{"taxonomy":"product_tag","embeddable":true,"href":"https:\/\/tunisia-savory.com\/ar\/wp-json\/wp\/v2\/product_tag?post=6354"}],"curies":[{"name":"wp","href":"https:\/\/api.w.org\/{rel}","templated":true}]}}