{"id":6347,"date":"2025-12-22T20:29:31","date_gmt":"2025-12-22T20:29:31","guid":{"rendered":"https:\/\/tunisia-savory.com\/?post_type=product&#038;p=6347"},"modified":"2026-03-03T16:12:56","modified_gmt":"2026-03-03T16:12:56","slug":"sauce-pesto","status":"publish","type":"product","link":"https:\/\/tunisia-savory.com\/ar\/product\/sauce-pesto\/","title":{"rendered":"\u0635\u0644\u0635\u0629 \u0627\u0644\u0628\u064a\u0633\u062a\u0648 \u0627\u0644\u062a\u0642\u0644\u064a\u062f\u064a\u0629"},"content":{"rendered":"<p>La sauce Pesto Tunisia Savory est pr\u00e9par\u00e9e \u00e0 partir d\u2019ingr\u00e9dients naturels soigneusement s\u00e9lectionn\u00e9s, notamment du basilic frais, de l\u2019ail, de l\u2019huile d\u2019olive, du fromage et des pignons de pin, essentiels pour offrir une texture onctueuse et une saveur riche et \u00e9quilibr\u00e9e. L\u2019utilisation des pignons apporte une note d\u00e9licate et gourmande, fid\u00e8le \u00e0 la recette traditionnelle du pesto.<\/p>\n<p>Sans conservateurs ni additifs, la sauce Pesto Tunisie est un produit 100 % naturel, \u00e9labor\u00e9 selon des standards de qualit\u00e9 stricts afin de garantir fra\u00eecheur, authenticit\u00e9 et confiance. Polyvalente et pr\u00eate \u00e0 l\u2019emploi, elle sublime vos p\u00e2tes, tartines, salades, pizzas et viandes grill\u00e9es.<br \/>\nLa livraison est assur\u00e9e dans toute la Tunisie, pour une exp\u00e9rience simple et fiable.<\/p>\n<h2>Les atouts de la sauce Pesto Tunisia Savory<\/h2>\n<ul>\n<li>Pr\u00e9par\u00e9e avec de v\u00e9ritables pignons de pin<\/li>\n<li>Sauce Pesto Tunisie 100 % naturelle<\/li>\n<li>Sans conservateurs ni additifs<\/li>\n<li>Saveur intense et texture onctueuse<\/li>\n<li>Pr\u00eate \u00e0 l\u2019emploi, usages multiples<\/li>\n<li>Livraison rapide dans toute la Tunisie<\/li>\n<\/ul>\n<p><strong>Ingr\u00e9dients :<\/strong> Basilic, ail, huile d\u2019olive, fromage, pignons de pin<\/p>","protected":false},"excerpt":{"rendered":"<p>\u0635\u0644\u0635\u0629 \u0627\u0644\u0628\u064a\u0633\u062a\u0648 Tunisia Savory\u060c \u0645\u064f\u062d\u0636\u0651\u064e\u0631\u0629 \u0645\u0646 \u0627\u0644\u0631\u064a\u062d\u0627\u0646 \u0627\u0644\u0637\u0627\u0632\u062c\u060c \u0627\u0644\u062c\u0628\u0646\u060c \u0648\u0635\u0646\u0648\u0628\u0631\u060c \u062a\u0642\u062f\u0651\u0645 \u0646\u0643\u0647\u0629 \u063a\u0646\u064a\u0629 \u0648\u0623\u0635\u064a\u0644\u0629. \u0647\u0630\u0647 \u0627\u0644\u0635\u0644\u0635\u0629 Pesto \u0645\u0646 \u062a\u0648\u0646\u0633 \u0637\u0628\u064a\u0639\u064a\u0629 100\u066a \u0648\u062e\u0627\u0644\u064a\u0629 \u0645\u0646 \u0627\u0644\u0645\u0648\u0627\u062f \u0627\u0644\u062d\u0627\u0641\u0638\u0629\u060c \u062c\u0627\u0647\u0632\u0629 \u0644\u0644\u0627\u0633\u062a\u062e\u062f\u0627\u0645 \u0648\u0645\u062a\u0648\u0641\u0631\u0629 \u0645\u0639 \u062a\u0648\u0635\u064a\u0644 \u0633\u0631\u064a\u0639 \u0641\u064a \u062c\u0645\u064a\u0639 \u0623\u0646\u062d\u0627\u0621 \u062a\u0648\u0646\u0633.<\/p>","protected":false},"featured_media":6352,"comment_status":"closed","ping_status":"closed","template":"","meta":[],"product_brand":[111],"product_cat":[352],"product_tag":[],"class_list":{"0":"post-6347","1":"product","2":"type-product","3":"status-publish","4":"has-post-thumbnail","6":"product_brand-tunisiasavory","7":"product_cat-tapenades-pesto","9":"first","10":"outofstock","11":"shipping-taxable","12":"purchasable","13":"product-type-variable","14":"has-default-attributes"},"yoast_head":"<!-- This site is optimized with the Yoast SEO plugin v27.4 - https:\/\/yoast.com\/product\/yoast-seo-wordpress\/ -->\n<title>Sauce pesto en Tunisie - Achat en ligne | Tunisia Savory<\/title>\n<meta name=\"description\" content=\"Commandez votre sauce pesto en Tunisie avec Tunisia Savory. Une sauce pesto traditionnelle, savoureuse et \u00e9quilibr\u00e9e, propos\u00e9e \u00e0 un prix attractif.\" \/>\n<meta name=\"robots\" content=\"index, follow, max-snippet:-1, max-image-preview:large, max-video-preview:-1\" \/>\n<link rel=\"canonical\" href=\"https:\/\/tunisia-savory.com\/ar\/product\/sauce-pesto\/\" \/>\n<meta property=\"og:locale\" content=\"ar_AR\" \/>\n<meta property=\"og:type\" content=\"article\" \/>\n<meta property=\"og:title\" content=\"Sauce pesto en Tunisie - Achat en ligne | Tunisia Savory\" \/>\n<meta property=\"og:description\" content=\"Commandez votre sauce pesto en Tunisie avec Tunisia Savory. Une sauce pesto traditionnelle, savoureuse et \u00e9quilibr\u00e9e, propos\u00e9e \u00e0 un prix attractif.\" \/>\n<meta property=\"og:url\" content=\"https:\/\/tunisia-savory.com\/ar\/product\/sauce-pesto\/\" \/>\n<meta property=\"og:site_name\" content=\"Tunisia-savory.com\" \/>\n<meta property=\"article:publisher\" content=\"https:\/\/www.facebook.com\/profile.php?id=61584505435972\" \/>\n<meta property=\"article:modified_time\" content=\"2026-03-03T16:12:56+00:00\" \/>\n<meta property=\"og:image\" content=\"https:\/\/tunisia-savory.com\/wp-content\/uploads\/2025\/12\/WhatsApp-Image-2025-12-22-at-21.22.42.jpeg\" \/>\n\t<meta property=\"og:image:width\" content=\"679\" \/>\n\t<meta property=\"og:image:height\" content=\"542\" \/>\n\t<meta property=\"og:image:type\" content=\"image\/jpeg\" \/>\n<meta name=\"twitter:card\" content=\"summary_large_image\" \/>\n<meta name=\"twitter:label1\" content=\"\u0648\u0642\u062a \u0627\u0644\u0642\u0631\u0627\u0621\u0629 \u0627\u0644\u0645\u064f\u0642\u062f\u0651\u0631\" \/>\n\t<meta name=\"twitter:data1\" content=\"\u062f\u0642\u064a\u0642\u062a\u0627\u0646\" \/>\n<script type=\"application\/ld+json\" class=\"yoast-schema-graph\">{\"@context\":\"https:\\\/\\\/schema.org\",\"@graph\":[{\"@type\":\"WebPage\",\"@id\":\"https:\\\/\\\/tunisia-savory.com\\\/produit\\\/sauce-pesto\\\/\",\"url\":\"https:\\\/\\\/tunisia-savory.com\\\/produit\\\/sauce-pesto\\\/\",\"name\":\"Sauce pesto en Tunisie - Achat en ligne | Tunisia Savory\",\"isPartOf\":{\"@id\":\"https:\\\/\\\/tunisia-savory.com\\\/#website\"},\"primaryImageOfPage\":{\"@id\":\"https:\\\/\\\/tunisia-savory.com\\\/produit\\\/sauce-pesto\\\/#primaryimage\"},\"image\":{\"@id\":\"https:\\\/\\\/tunisia-savory.com\\\/produit\\\/sauce-pesto\\\/#primaryimage\"},\"thumbnailUrl\":\"https:\\\/\\\/tunisia-savory.com\\\/wp-content\\\/uploads\\\/2025\\\/12\\\/WhatsApp-Image-2025-12-22-at-21.22.42.jpeg\",\"datePublished\":\"2025-12-22T20:29:31+00:00\",\"dateModified\":\"2026-03-03T16:12:56+00:00\",\"description\":\"Commandez votre sauce pesto en Tunisie avec Tunisia Savory. Une sauce pesto traditionnelle, savoureuse et \u00e9quilibr\u00e9e, propos\u00e9e \u00e0 un prix attractif.\",\"breadcrumb\":{\"@id\":\"https:\\\/\\\/tunisia-savory.com\\\/produit\\\/sauce-pesto\\\/#breadcrumb\"},\"inLanguage\":\"ar\",\"potentialAction\":[{\"@type\":\"ReadAction\",\"target\":[\"https:\\\/\\\/tunisia-savory.com\\\/produit\\\/sauce-pesto\\\/\"]}]},{\"@type\":\"ImageObject\",\"inLanguage\":\"ar\",\"@id\":\"https:\\\/\\\/tunisia-savory.com\\\/produit\\\/sauce-pesto\\\/#primaryimage\",\"url\":\"https:\\\/\\\/tunisia-savory.com\\\/wp-content\\\/uploads\\\/2025\\\/12\\\/WhatsApp-Image-2025-12-22-at-21.22.42.jpeg\",\"contentUrl\":\"https:\\\/\\\/tunisia-savory.com\\\/wp-content\\\/uploads\\\/2025\\\/12\\\/WhatsApp-Image-2025-12-22-at-21.22.42.jpeg\",\"width\":679,\"height\":542},{\"@type\":\"BreadcrumbList\",\"@id\":\"https:\\\/\\\/tunisia-savory.com\\\/produit\\\/sauce-pesto\\\/#breadcrumb\",\"itemListElement\":[{\"@type\":\"ListItem\",\"position\":1,\"name\":\"Accueil\",\"item\":\"https:\\\/\\\/tunisia-savory.com\\\/\"},{\"@type\":\"ListItem\",\"position\":2,\"name\":\"Boutique\",\"item\":\"https:\\\/\\\/tunisia-savory.com\\\/boutique-epicerie-tunisie\\\/\"},{\"@type\":\"ListItem\",\"position\":3,\"name\":\"Sauce Pesto Traditionnel\"}]},{\"@type\":\"WebSite\",\"@id\":\"https:\\\/\\\/tunisia-savory.com\\\/#website\",\"url\":\"https:\\\/\\\/tunisia-savory.com\\\/\",\"name\":\"Tunisia-savory.com\",\"description\":\"Tunisia-savory.com\",\"publisher\":{\"@id\":\"https:\\\/\\\/tunisia-savory.com\\\/#organization\"},\"potentialAction\":[{\"@type\":\"SearchAction\",\"target\":{\"@type\":\"EntryPoint\",\"urlTemplate\":\"https:\\\/\\\/tunisia-savory.com\\\/?s={search_term_string}\"},\"query-input\":{\"@type\":\"PropertyValueSpecification\",\"valueRequired\":true,\"valueName\":\"search_term_string\"}}],\"inLanguage\":\"ar\"},{\"@type\":\"Organization\",\"@id\":\"https:\\\/\\\/tunisia-savory.com\\\/#organization\",\"name\":\"Tunisia-savory.com\",\"url\":\"https:\\\/\\\/tunisia-savory.com\\\/\",\"logo\":{\"@type\":\"ImageObject\",\"inLanguage\":\"ar\",\"@id\":\"https:\\\/\\\/tunisia-savory.com\\\/#\\\/schema\\\/logo\\\/image\\\/\",\"url\":\"https:\\\/\\\/tunisia-savory.com\\\/wp-content\\\/uploads\\\/2026\\\/01\\\/logo-dark.png\",\"contentUrl\":\"https:\\\/\\\/tunisia-savory.com\\\/wp-content\\\/uploads\\\/2026\\\/01\\\/logo-dark.png\",\"width\":552,\"height\":132,\"caption\":\"Tunisia-savory.com\"},\"image\":{\"@id\":\"https:\\\/\\\/tunisia-savory.com\\\/#\\\/schema\\\/logo\\\/image\\\/\"},\"sameAs\":[\"https:\\\/\\\/www.facebook.com\\\/profile.php?id=61584505435972\",\"https:\\\/\\\/www.instagram.com\\\/tunisiasavory\\\/\"]}]}<\/script>\n<!-- \/ Yoast SEO plugin. -->","yoast_head_json":{"title":"Sauce pesto en Tunisie - Achat en ligne | Tunisia Savory","description":"Commandez votre sauce pesto en Tunisie avec Tunisia Savory. Une sauce pesto traditionnelle, savoureuse et \u00e9quilibr\u00e9e, propos\u00e9e \u00e0 un prix attractif.","robots":{"index":"index","follow":"follow","max-snippet":"max-snippet:-1","max-image-preview":"max-image-preview:large","max-video-preview":"max-video-preview:-1"},"canonical":"https:\/\/tunisia-savory.com\/ar\/product\/sauce-pesto\/","og_locale":"ar_AR","og_type":"article","og_title":"Sauce pesto en Tunisie - Achat en ligne | Tunisia Savory","og_description":"Commandez votre sauce pesto en Tunisie avec Tunisia Savory. Une sauce pesto traditionnelle, savoureuse et \u00e9quilibr\u00e9e, propos\u00e9e \u00e0 un prix attractif.","og_url":"https:\/\/tunisia-savory.com\/ar\/product\/sauce-pesto\/","og_site_name":"Tunisia-savory.com","article_publisher":"https:\/\/www.facebook.com\/profile.php?id=61584505435972","article_modified_time":"2026-03-03T16:12:56+00:00","og_image":[{"width":679,"height":542,"url":"https:\/\/tunisia-savory.com\/wp-content\/uploads\/2025\/12\/WhatsApp-Image-2025-12-22-at-21.22.42.jpeg","type":"image\/jpeg"}],"twitter_card":"summary_large_image","twitter_misc":{"\u0648\u0642\u062a \u0627\u0644\u0642\u0631\u0627\u0621\u0629 \u0627\u0644\u0645\u064f\u0642\u062f\u0651\u0631":"\u062f\u0642\u064a\u0642\u062a\u0627\u0646"},"schema":{"@context":"https:\/\/schema.org","@graph":[{"@type":"WebPage","@id":"https:\/\/tunisia-savory.com\/produit\/sauce-pesto\/","url":"https:\/\/tunisia-savory.com\/produit\/sauce-pesto\/","name":"Sauce pesto en Tunisie - Achat en ligne | Tunisia Savory","isPartOf":{"@id":"https:\/\/tunisia-savory.com\/#website"},"primaryImageOfPage":{"@id":"https:\/\/tunisia-savory.com\/produit\/sauce-pesto\/#primaryimage"},"image":{"@id":"https:\/\/tunisia-savory.com\/produit\/sauce-pesto\/#primaryimage"},"thumbnailUrl":"https:\/\/tunisia-savory.com\/wp-content\/uploads\/2025\/12\/WhatsApp-Image-2025-12-22-at-21.22.42.jpeg","datePublished":"2025-12-22T20:29:31+00:00","dateModified":"2026-03-03T16:12:56+00:00","description":"Commandez votre sauce pesto en Tunisie avec Tunisia Savory. Une sauce pesto traditionnelle, savoureuse et \u00e9quilibr\u00e9e, propos\u00e9e \u00e0 un prix attractif.","breadcrumb":{"@id":"https:\/\/tunisia-savory.com\/produit\/sauce-pesto\/#breadcrumb"},"inLanguage":"ar","potentialAction":[{"@type":"ReadAction","target":["https:\/\/tunisia-savory.com\/produit\/sauce-pesto\/"]}]},{"@type":"ImageObject","inLanguage":"ar","@id":"https:\/\/tunisia-savory.com\/produit\/sauce-pesto\/#primaryimage","url":"https:\/\/tunisia-savory.com\/wp-content\/uploads\/2025\/12\/WhatsApp-Image-2025-12-22-at-21.22.42.jpeg","contentUrl":"https:\/\/tunisia-savory.com\/wp-content\/uploads\/2025\/12\/WhatsApp-Image-2025-12-22-at-21.22.42.jpeg","width":679,"height":542},{"@type":"BreadcrumbList","@id":"https:\/\/tunisia-savory.com\/produit\/sauce-pesto\/#breadcrumb","itemListElement":[{"@type":"ListItem","position":1,"name":"Accueil","item":"https:\/\/tunisia-savory.com\/"},{"@type":"ListItem","position":2,"name":"Boutique","item":"https:\/\/tunisia-savory.com\/boutique-epicerie-tunisie\/"},{"@type":"ListItem","position":3,"name":"Sauce Pesto Traditionnel"}]},{"@type":"WebSite","@id":"https:\/\/tunisia-savory.com\/#website","url":"https:\/\/tunisia-savory.com\/","name":"Tunisia-savory.com","description":"Tunisia-savory.com","publisher":{"@id":"https:\/\/tunisia-savory.com\/#organization"},"potentialAction":[{"@type":"SearchAction","target":{"@type":"EntryPoint","urlTemplate":"https:\/\/tunisia-savory.com\/?s={search_term_string}"},"query-input":{"@type":"PropertyValueSpecification","valueRequired":true,"valueName":"search_term_string"}}],"inLanguage":"ar"},{"@type":"Organization","@id":"https:\/\/tunisia-savory.com\/#organization","name":"Tunisia-savory.com","url":"https:\/\/tunisia-savory.com\/","logo":{"@type":"ImageObject","inLanguage":"ar","@id":"https:\/\/tunisia-savory.com\/#\/schema\/logo\/image\/","url":"https:\/\/tunisia-savory.com\/wp-content\/uploads\/2026\/01\/logo-dark.png","contentUrl":"https:\/\/tunisia-savory.com\/wp-content\/uploads\/2026\/01\/logo-dark.png","width":552,"height":132,"caption":"Tunisia-savory.com"},"image":{"@id":"https:\/\/tunisia-savory.com\/#\/schema\/logo\/image\/"},"sameAs":["https:\/\/www.facebook.com\/profile.php?id=61584505435972","https:\/\/www.instagram.com\/tunisiasavory\/"]}]}},"_links":{"self":[{"href":"https:\/\/tunisia-savory.com\/ar\/wp-json\/wp\/v2\/product\/6347","targetHints":{"allow":["GET"]}}],"collection":[{"href":"https:\/\/tunisia-savory.com\/ar\/wp-json\/wp\/v2\/product"}],"about":[{"href":"https:\/\/tunisia-savory.com\/ar\/wp-json\/wp\/v2\/types\/product"}],"replies":[{"embeddable":true,"href":"https:\/\/tunisia-savory.com\/ar\/wp-json\/wp\/v2\/comments?post=6347"}],"version-history":[{"count":3,"href":"https:\/\/tunisia-savory.com\/ar\/wp-json\/wp\/v2\/product\/6347\/revisions"}],"predecessor-version":[{"id":7304,"href":"https:\/\/tunisia-savory.com\/ar\/wp-json\/wp\/v2\/product\/6347\/revisions\/7304"}],"wp:featuredmedia":[{"embeddable":true,"href":"https:\/\/tunisia-savory.com\/ar\/wp-json\/wp\/v2\/media\/6352"}],"wp:attachment":[{"href":"https:\/\/tunisia-savory.com\/ar\/wp-json\/wp\/v2\/media?parent=6347"}],"wp:term":[{"taxonomy":"product_brand","embeddable":true,"href":"https:\/\/tunisia-savory.com\/ar\/wp-json\/wp\/v2\/product_brand?post=6347"},{"taxonomy":"product_cat","embeddable":true,"href":"https:\/\/tunisia-savory.com\/ar\/wp-json\/wp\/v2\/product_cat?post=6347"},{"taxonomy":"product_tag","embeddable":true,"href":"https:\/\/tunisia-savory.com\/ar\/wp-json\/wp\/v2\/product_tag?post=6347"}],"curies":[{"name":"wp","href":"https:\/\/api.w.org\/{rel}","templated":true}]}}