{"id":6321,"date":"2025-12-22T19:19:41","date_gmt":"2025-12-22T19:19:41","guid":{"rendered":"https:\/\/tunisia-savory.com\/?post_type=product&#038;p=6321"},"modified":"2026-02-01T20:15:18","modified_gmt":"2026-02-01T20:15:18","slug":"tapenade-olives-noires","status":"publish","type":"product","link":"https:\/\/tunisia-savory.com\/ar\/product\/tapenade-olives-noires\/","title":{"rendered":"\u062a\u0627\u0628\u064a\u0646\u0627\u062f \u0627\u0644\u0632\u064a\u062a\u0648\u0646 \u0627\u0644\u0623\u0633\u0648\u062f"},"content":{"rendered":"<p>La tapenade olives noires Tunisia Savory est une pr\u00e9paration artisanale 100 % tunisienne, \u00e9labor\u00e9e \u00e0 partir d\u2019olives noires m\u00fbries au soleil, relev\u00e9es d\u2019ail, de c\u00e2pres et d\u2019huile d\u2019olive vierge extra. Cette recette traditionnelle offre une saveur intense et naturelle, fid\u00e8le au terroir tunisien, pour une exp\u00e9rience gustative riche et authentique.<\/p>\n<p>Sans conservateurs ni additifs, la tapenade olives noires Tunisie est un produit 100 % naturel et sain, riche en go\u00fbt et parfaitement adapt\u00e9 \u00e0 une alimentation \u00e9quilibr\u00e9e. Polyvalente, elle se d\u00e9guste sur des tartines, en dip, ou comme ingr\u00e9dient pour relever vos plats m\u00e9diterran\u00e9ens et recettes cr\u00e9atives.<\/p>\n<p>La tapenade olives noires Tunisia Savory est pr\u00eate \u00e0 consommer et disponible avec livraison rapide dans toute la Tunisie, pour garantir fra\u00eecheur et qualit\u00e9 jusqu\u2019\u00e0 votre table.<\/p>\n<h2>Les points forts de la tapenade olives noires Tunisia Savory<\/h2>\n<ul>\n<li>Tapenade olives noires Tunisie issue d\u2019olives locales de qualit\u00e9<\/li>\n<li>Produit 100 % naturel, sans conservateurs<\/li>\n<li>Go\u00fbt intense et authentique<\/li>\n<li>Polyvalente : tartines, dips, plats m\u00e9diterran\u00e9ens<\/li>\n<li>Livraison disponible dans toute la Tunisie<\/li>\n<\/ul>\n<p><strong>Ingr\u00e9dients :<\/strong> Olives noires, huile d\u2019olive, ail, c\u00e2pres, \u00e9pices naturelles<\/p>","protected":false},"excerpt":{"rendered":"<p>\u0647\u0644 \u062a\u0628\u062d\u062b \u0639\u0646 \u0627\u0644\u0645\u0630\u0627\u0642 \u0627\u0644\u0623\u0635\u0644\u064a \u0644\u0644\u0632\u064a\u062a\u0648\u0646 \u0627\u0644\u062a\u0648\u0646\u0633\u064a\u061f \u0627\u0643\u062a\u0634\u0641 \u062a\u0627\u0628\u064a\u0646\u0627\u062f \u0627\u0644\u0632\u064a\u062a\u0648\u0646 \u0627\u0644\u0623\u0633\u0648\u062f \u0627\u0644\u0641\u0627\u062e\u0631 \u0645\u0646 Tunisia Savory\u060c \u0627\u0644\u062e\u064a\u0627\u0631 \u0627\u0644\u0623\u0645\u062b\u0644 \u0644\u0639\u0634\u0627\u0642 \u0645\u0639\u062c\u0648\u0646 \u0627\u0644\u0632\u064a\u062a\u0648\u0646 \u0627\u0644\u0637\u0628\u064a\u0639\u064a \u0648\u0627\u0644\u0645\u062d\u0636\u0651\u0631 \u0628\u0639\u0646\u0627\u064a\u0629 \u0641\u0627\u0626\u0642\u0629.<\/br>\n<\/br>\n\u064a\u062a\u0645\u064a\u0632 \u0647\u0630\u0627 \u0627\u0644\u0645\u0646\u062a\u062c \u0628\u0643\u0648\u0646\u0647 \u0623\u0643\u062b\u0631 \u0645\u0646 \u0645\u062c\u0631\u062f \u0645\u0642\u0628\u0644\u0627\u062a\u061b \u0625\u0646\u0647 \u0645\u0639\u062c\u0648\u0646 \u0627\u0644\u0632\u064a\u062a\u0648\u0646 \u0627\u0644\u062a\u0642\u0644\u064a\u062f\u064a \u0627\u0644\u063a\u0646\u064a \u0628\u0627\u0644\u0646\u0643\u0647\u0627\u062a\u060c \u062d\u064a\u062b \u0646\u0645\u0632\u062c \u0627\u0644\u0632\u064a\u062a\u0648\u0646 \u0627\u0644\u0623\u0633\u0648\u062f \u0627\u0644\u0646\u0627\u0636\u062c \u062a\u062d\u062a \u0634\u0645\u0633 \u062a\u0648\u0646\u0633 \u0627\u0644\u062f\u0627\u0641\u0626\u0629 \u2600\ufe0f \u0645\u0639 \u0644\u0645\u0633\u0627\u062a \u062f\u0642\u064a\u0642\u0629 \u0645\u0646 \u0627\u0644\u062b\u0648\u0645 \u0627\u0644\u0637\u0627\u0632\u062c \ud83e\uddc4\u060c \u0627\u0644\u0643\u0628\u0627\u0631\u060c \u0648\u0632\u064a\u062a \u0627\u0644\u0632\u064a\u062a\u0648\u0646 \u0627\u0644\u0628\u0643\u0631 \u0627\u0644\u0645\u0645\u062a\u0627\u0632 \ud83e\uded2.<\/p>","protected":false},"featured_media":7007,"comment_status":"closed","ping_status":"closed","template":"","meta":[],"product_brand":[111],"product_cat":[340,352],"product_tag":[],"class_list":{"0":"post-6321","1":"product","2":"type-product","3":"status-publish","4":"has-post-thumbnail","6":"product_brand-tunisiasavory","7":"product_cat-produits-phares-tunisia-savory","8":"product_cat-tapenades-pesto","10":"first","11":"instock","12":"shipping-taxable","13":"purchasable","14":"product-type-variable","15":"has-default-attributes"},"yoast_head":"<!-- This site is optimized with the Yoast SEO plugin v27.4 - https:\/\/yoast.com\/product\/yoast-seo-wordpress\/ -->\n<title>Tapenade olives noires Tunisie - Saveur m\u00e9diterran\u00e9enne | Tunisia Savory<\/title>\n<meta name=\"description\" content=\"D\u00e9couvrez la tapenade aux olives noires Tunisia Savory, une tapenade olives noires en Tunisie au go\u00fbt m\u00e9diterran\u00e9en authentique, id\u00e9ale pour l\u2019ap\u00e9ritif.\" \/>\n<meta name=\"robots\" content=\"index, follow, max-snippet:-1, max-image-preview:large, max-video-preview:-1\" \/>\n<link rel=\"canonical\" href=\"https:\/\/tunisia-savory.com\/ar\/product\/tapenade-olives-noires\/\" \/>\n<meta property=\"og:locale\" content=\"ar_AR\" \/>\n<meta property=\"og:type\" content=\"article\" \/>\n<meta property=\"og:title\" content=\"Tapenade olives noires Tunisie - Saveur m\u00e9diterran\u00e9enne | Tunisia Savory\" \/>\n<meta property=\"og:description\" content=\"D\u00e9couvrez la tapenade aux olives noires Tunisia Savory, une tapenade olives noires en Tunisie au go\u00fbt m\u00e9diterran\u00e9en authentique, id\u00e9ale pour l\u2019ap\u00e9ritif.\" \/>\n<meta property=\"og:url\" content=\"https:\/\/tunisia-savory.com\/ar\/product\/tapenade-olives-noires\/\" \/>\n<meta property=\"og:site_name\" content=\"Tunisia-savory.com\" \/>\n<meta property=\"article:publisher\" content=\"https:\/\/www.facebook.com\/profile.php?id=61584505435972\" \/>\n<meta property=\"article:modified_time\" content=\"2026-02-01T20:15:18+00:00\" \/>\n<meta property=\"og:image\" content=\"https:\/\/tunisia-savory.com\/wp-content\/uploads\/2025\/12\/IMG_2422-scaled.webp\" \/>\n\t<meta property=\"og:image:width\" content=\"2560\" \/>\n\t<meta property=\"og:image:height\" content=\"2560\" \/>\n\t<meta property=\"og:image:type\" content=\"image\/webp\" \/>\n<meta name=\"twitter:card\" content=\"summary_large_image\" \/>\n<meta name=\"twitter:label1\" content=\"\u0648\u0642\u062a \u0627\u0644\u0642\u0631\u0627\u0621\u0629 \u0627\u0644\u0645\u064f\u0642\u062f\u0651\u0631\" \/>\n\t<meta name=\"twitter:data1\" content=\"\u062f\u0642\u064a\u0642\u062a\u0627\u0646\" \/>\n<script type=\"application\/ld+json\" class=\"yoast-schema-graph\">{\"@context\":\"https:\\\/\\\/schema.org\",\"@graph\":[{\"@type\":\"WebPage\",\"@id\":\"https:\\\/\\\/tunisia-savory.com\\\/produit\\\/tapenade-olives-noires\\\/\",\"url\":\"https:\\\/\\\/tunisia-savory.com\\\/produit\\\/tapenade-olives-noires\\\/\",\"name\":\"Tapenade olives noires Tunisie - Saveur m\u00e9diterran\u00e9enne | Tunisia Savory\",\"isPartOf\":{\"@id\":\"https:\\\/\\\/tunisia-savory.com\\\/#website\"},\"primaryImageOfPage\":{\"@id\":\"https:\\\/\\\/tunisia-savory.com\\\/produit\\\/tapenade-olives-noires\\\/#primaryimage\"},\"image\":{\"@id\":\"https:\\\/\\\/tunisia-savory.com\\\/produit\\\/tapenade-olives-noires\\\/#primaryimage\"},\"thumbnailUrl\":\"https:\\\/\\\/tunisia-savory.com\\\/wp-content\\\/uploads\\\/2025\\\/12\\\/IMG_2422-scaled.webp\",\"datePublished\":\"2025-12-22T19:19:41+00:00\",\"dateModified\":\"2026-02-01T20:15:18+00:00\",\"description\":\"D\u00e9couvrez la tapenade aux olives noires Tunisia Savory, une tapenade olives noires en Tunisie au go\u00fbt m\u00e9diterran\u00e9en authentique, id\u00e9ale pour l\u2019ap\u00e9ritif.\",\"breadcrumb\":{\"@id\":\"https:\\\/\\\/tunisia-savory.com\\\/produit\\\/tapenade-olives-noires\\\/#breadcrumb\"},\"inLanguage\":\"ar\",\"potentialAction\":[{\"@type\":\"ReadAction\",\"target\":[\"https:\\\/\\\/tunisia-savory.com\\\/produit\\\/tapenade-olives-noires\\\/\"]}]},{\"@type\":\"ImageObject\",\"inLanguage\":\"ar\",\"@id\":\"https:\\\/\\\/tunisia-savory.com\\\/produit\\\/tapenade-olives-noires\\\/#primaryimage\",\"url\":\"https:\\\/\\\/tunisia-savory.com\\\/wp-content\\\/uploads\\\/2025\\\/12\\\/IMG_2422-scaled.webp\",\"contentUrl\":\"https:\\\/\\\/tunisia-savory.com\\\/wp-content\\\/uploads\\\/2025\\\/12\\\/IMG_2422-scaled.webp\",\"width\":2560,\"height\":2560,\"caption\":\"tapenade olives noires\"},{\"@type\":\"BreadcrumbList\",\"@id\":\"https:\\\/\\\/tunisia-savory.com\\\/produit\\\/tapenade-olives-noires\\\/#breadcrumb\",\"itemListElement\":[{\"@type\":\"ListItem\",\"position\":1,\"name\":\"Accueil\",\"item\":\"https:\\\/\\\/tunisia-savory.com\\\/\"},{\"@type\":\"ListItem\",\"position\":2,\"name\":\"Boutique\",\"item\":\"https:\\\/\\\/tunisia-savory.com\\\/boutique-epicerie-tunisie\\\/\"},{\"@type\":\"ListItem\",\"position\":3,\"name\":\"Tapenade d\u2019Olives Noires\"}]},{\"@type\":\"WebSite\",\"@id\":\"https:\\\/\\\/tunisia-savory.com\\\/#website\",\"url\":\"https:\\\/\\\/tunisia-savory.com\\\/\",\"name\":\"Tunisia-savory.com\",\"description\":\"Tunisia-savory.com\",\"publisher\":{\"@id\":\"https:\\\/\\\/tunisia-savory.com\\\/#organization\"},\"potentialAction\":[{\"@type\":\"SearchAction\",\"target\":{\"@type\":\"EntryPoint\",\"urlTemplate\":\"https:\\\/\\\/tunisia-savory.com\\\/?s={search_term_string}\"},\"query-input\":{\"@type\":\"PropertyValueSpecification\",\"valueRequired\":true,\"valueName\":\"search_term_string\"}}],\"inLanguage\":\"ar\"},{\"@type\":\"Organization\",\"@id\":\"https:\\\/\\\/tunisia-savory.com\\\/#organization\",\"name\":\"Tunisia-savory.com\",\"url\":\"https:\\\/\\\/tunisia-savory.com\\\/\",\"logo\":{\"@type\":\"ImageObject\",\"inLanguage\":\"ar\",\"@id\":\"https:\\\/\\\/tunisia-savory.com\\\/#\\\/schema\\\/logo\\\/image\\\/\",\"url\":\"https:\\\/\\\/tunisia-savory.com\\\/wp-content\\\/uploads\\\/2026\\\/01\\\/logo-dark.png\",\"contentUrl\":\"https:\\\/\\\/tunisia-savory.com\\\/wp-content\\\/uploads\\\/2026\\\/01\\\/logo-dark.png\",\"width\":552,\"height\":132,\"caption\":\"Tunisia-savory.com\"},\"image\":{\"@id\":\"https:\\\/\\\/tunisia-savory.com\\\/#\\\/schema\\\/logo\\\/image\\\/\"},\"sameAs\":[\"https:\\\/\\\/www.facebook.com\\\/profile.php?id=61584505435972\",\"https:\\\/\\\/www.instagram.com\\\/tunisiasavory\\\/\"]}]}<\/script>\n<!-- \/ Yoast SEO plugin. -->","yoast_head_json":{"title":"Tapenade olives noires Tunisie - Saveur m\u00e9diterran\u00e9enne | Tunisia Savory","description":"D\u00e9couvrez la tapenade aux olives noires Tunisia Savory, une tapenade olives noires en Tunisie au go\u00fbt m\u00e9diterran\u00e9en authentique, id\u00e9ale pour l\u2019ap\u00e9ritif.","robots":{"index":"index","follow":"follow","max-snippet":"max-snippet:-1","max-image-preview":"max-image-preview:large","max-video-preview":"max-video-preview:-1"},"canonical":"https:\/\/tunisia-savory.com\/ar\/product\/tapenade-olives-noires\/","og_locale":"ar_AR","og_type":"article","og_title":"Tapenade olives noires Tunisie - Saveur m\u00e9diterran\u00e9enne | Tunisia Savory","og_description":"D\u00e9couvrez la tapenade aux olives noires Tunisia Savory, une tapenade olives noires en Tunisie au go\u00fbt m\u00e9diterran\u00e9en authentique, id\u00e9ale pour l\u2019ap\u00e9ritif.","og_url":"https:\/\/tunisia-savory.com\/ar\/product\/tapenade-olives-noires\/","og_site_name":"Tunisia-savory.com","article_publisher":"https:\/\/www.facebook.com\/profile.php?id=61584505435972","article_modified_time":"2026-02-01T20:15:18+00:00","og_image":[{"width":2560,"height":2560,"url":"https:\/\/tunisia-savory.com\/wp-content\/uploads\/2025\/12\/IMG_2422-scaled.webp","type":"image\/webp"}],"twitter_card":"summary_large_image","twitter_misc":{"\u0648\u0642\u062a \u0627\u0644\u0642\u0631\u0627\u0621\u0629 \u0627\u0644\u0645\u064f\u0642\u062f\u0651\u0631":"\u062f\u0642\u064a\u0642\u062a\u0627\u0646"},"schema":{"@context":"https:\/\/schema.org","@graph":[{"@type":"WebPage","@id":"https:\/\/tunisia-savory.com\/produit\/tapenade-olives-noires\/","url":"https:\/\/tunisia-savory.com\/produit\/tapenade-olives-noires\/","name":"Tapenade olives noires Tunisie - Saveur m\u00e9diterran\u00e9enne | Tunisia Savory","isPartOf":{"@id":"https:\/\/tunisia-savory.com\/#website"},"primaryImageOfPage":{"@id":"https:\/\/tunisia-savory.com\/produit\/tapenade-olives-noires\/#primaryimage"},"image":{"@id":"https:\/\/tunisia-savory.com\/produit\/tapenade-olives-noires\/#primaryimage"},"thumbnailUrl":"https:\/\/tunisia-savory.com\/wp-content\/uploads\/2025\/12\/IMG_2422-scaled.webp","datePublished":"2025-12-22T19:19:41+00:00","dateModified":"2026-02-01T20:15:18+00:00","description":"D\u00e9couvrez la tapenade aux olives noires Tunisia Savory, une tapenade olives noires en Tunisie au go\u00fbt m\u00e9diterran\u00e9en authentique, id\u00e9ale pour l\u2019ap\u00e9ritif.","breadcrumb":{"@id":"https:\/\/tunisia-savory.com\/produit\/tapenade-olives-noires\/#breadcrumb"},"inLanguage":"ar","potentialAction":[{"@type":"ReadAction","target":["https:\/\/tunisia-savory.com\/produit\/tapenade-olives-noires\/"]}]},{"@type":"ImageObject","inLanguage":"ar","@id":"https:\/\/tunisia-savory.com\/produit\/tapenade-olives-noires\/#primaryimage","url":"https:\/\/tunisia-savory.com\/wp-content\/uploads\/2025\/12\/IMG_2422-scaled.webp","contentUrl":"https:\/\/tunisia-savory.com\/wp-content\/uploads\/2025\/12\/IMG_2422-scaled.webp","width":2560,"height":2560,"caption":"tapenade olives noires"},{"@type":"BreadcrumbList","@id":"https:\/\/tunisia-savory.com\/produit\/tapenade-olives-noires\/#breadcrumb","itemListElement":[{"@type":"ListItem","position":1,"name":"Accueil","item":"https:\/\/tunisia-savory.com\/"},{"@type":"ListItem","position":2,"name":"Boutique","item":"https:\/\/tunisia-savory.com\/boutique-epicerie-tunisie\/"},{"@type":"ListItem","position":3,"name":"Tapenade d\u2019Olives Noires"}]},{"@type":"WebSite","@id":"https:\/\/tunisia-savory.com\/#website","url":"https:\/\/tunisia-savory.com\/","name":"Tunisia-savory.com","description":"Tunisia-savory.com","publisher":{"@id":"https:\/\/tunisia-savory.com\/#organization"},"potentialAction":[{"@type":"SearchAction","target":{"@type":"EntryPoint","urlTemplate":"https:\/\/tunisia-savory.com\/?s={search_term_string}"},"query-input":{"@type":"PropertyValueSpecification","valueRequired":true,"valueName":"search_term_string"}}],"inLanguage":"ar"},{"@type":"Organization","@id":"https:\/\/tunisia-savory.com\/#organization","name":"Tunisia-savory.com","url":"https:\/\/tunisia-savory.com\/","logo":{"@type":"ImageObject","inLanguage":"ar","@id":"https:\/\/tunisia-savory.com\/#\/schema\/logo\/image\/","url":"https:\/\/tunisia-savory.com\/wp-content\/uploads\/2026\/01\/logo-dark.png","contentUrl":"https:\/\/tunisia-savory.com\/wp-content\/uploads\/2026\/01\/logo-dark.png","width":552,"height":132,"caption":"Tunisia-savory.com"},"image":{"@id":"https:\/\/tunisia-savory.com\/#\/schema\/logo\/image\/"},"sameAs":["https:\/\/www.facebook.com\/profile.php?id=61584505435972","https:\/\/www.instagram.com\/tunisiasavory\/"]}]}},"_links":{"self":[{"href":"https:\/\/tunisia-savory.com\/ar\/wp-json\/wp\/v2\/product\/6321","targetHints":{"allow":["GET"]}}],"collection":[{"href":"https:\/\/tunisia-savory.com\/ar\/wp-json\/wp\/v2\/product"}],"about":[{"href":"https:\/\/tunisia-savory.com\/ar\/wp-json\/wp\/v2\/types\/product"}],"replies":[{"embeddable":true,"href":"https:\/\/tunisia-savory.com\/ar\/wp-json\/wp\/v2\/comments?post=6321"}],"version-history":[{"count":3,"href":"https:\/\/tunisia-savory.com\/ar\/wp-json\/wp\/v2\/product\/6321\/revisions"}],"predecessor-version":[{"id":7306,"href":"https:\/\/tunisia-savory.com\/ar\/wp-json\/wp\/v2\/product\/6321\/revisions\/7306"}],"wp:featuredmedia":[{"embeddable":true,"href":"https:\/\/tunisia-savory.com\/ar\/wp-json\/wp\/v2\/media\/7007"}],"wp:attachment":[{"href":"https:\/\/tunisia-savory.com\/ar\/wp-json\/wp\/v2\/media?parent=6321"}],"wp:term":[{"taxonomy":"product_brand","embeddable":true,"href":"https:\/\/tunisia-savory.com\/ar\/wp-json\/wp\/v2\/product_brand?post=6321"},{"taxonomy":"product_cat","embeddable":true,"href":"https:\/\/tunisia-savory.com\/ar\/wp-json\/wp\/v2\/product_cat?post=6321"},{"taxonomy":"product_tag","embeddable":true,"href":"https:\/\/tunisia-savory.com\/ar\/wp-json\/wp\/v2\/product_tag?post=6321"}],"curies":[{"name":"wp","href":"https:\/\/api.w.org\/{rel}","templated":true}]}}