{"id":6282,"date":"2025-12-21T19:56:52","date_gmt":"2025-12-21T19:56:52","guid":{"rendered":"https:\/\/tunisia-savory.com\/?post_type=product&#038;p=6282"},"modified":"2026-03-24T19:40:12","modified_gmt":"2026-03-24T19:40:12","slug":"artichaut-grille-saveur-mediterraneenne-authentique","status":"publish","type":"product","link":"https:\/\/tunisia-savory.com\/ar\/product\/artichaut-grille-saveur-mediterraneenne-authentique\/","title":{"rendered":"\u0627\u0644\u0642\u0646\u0627\u0631\u064a\u0629 \u0645\u0634\u0648\u064a \u2013 \u0646\u0643\u0647\u0629 \u0645\u062a\u0648\u0633\u0637\u064a\u0629 \u0623\u0635\u064a\u0644\u0629"},"content":{"rendered":"<p>L\u2019Artichaut Grill\u00e9 Tunisia Savory est pr\u00e9par\u00e9 \u00e0 partir d\u2019artichauts tunisiens soigneusement s\u00e9lectionn\u00e9s, puis grill\u00e9s avec ma\u00eetrise afin de r\u00e9v\u00e9ler toute leur saveur naturelle l\u00e9g\u00e8rement fum\u00e9e et leur texture fondante. Cette m\u00e9thode de pr\u00e9paration respecte le produit et sublime son go\u00fbt, sans masquer ses qualit\u00e9s nutritionnelles.<\/p>\n<p>Issu du terroir local, l\u2019Artichaut Grill\u00e9 Tunisie est un produit 100 % naturel, sans conservateurs ni additifs, \u00e9labor\u00e9 avec des ingr\u00e9dients simples et nobles. Riche en fibres et naturellement source d\u2019antioxydants, il s\u2019int\u00e8gre parfaitement dans une alimentation saine et \u00e9quilibr\u00e9e, tout en apportant une touche gastronomique \u00e0 vos plats.<\/p>\n<p>Pr\u00eat \u00e0 consommer, l\u2019Artichaut Grill\u00e9 Tunisia Savory est id\u00e9al pour agr\u00e9menter salades, antipasti, tapas, sandwiches ou plats chauds. Sa polyvalence en fait un incontournable de la cuisine m\u00e9diterran\u00e9enne, aussi bien pour un usage quotidien que pour des recettes plus \u00e9labor\u00e9es.<\/p>\n<h2>Les points forts de l\u2019Artichaut Grill\u00e9 Tunisia Savory<\/h2>\n<ul>\n<li>Artichaut Grill\u00e9 Tunisie issu de l\u2019agriculture locale<\/li>\n<li>Produit 100 % naturel, sans conservateurs ni additifs<\/li>\n<li>Riche en fibres et antioxydants<\/li>\n<li>Go\u00fbt fum\u00e9 d\u00e9licat et texture fondante<\/li>\n<li>Pr\u00eat \u00e0 consommer, facile \u00e0 int\u00e9grer \u00e0 vos recettes<\/li>\n<\/ul>","protected":false},"excerpt":{"rendered":"<p>\u062e\u0631\u0634\u0648\u0641 \u0645\u0634\u0648\u064a Tunisia Savory\u060c \u0645\u064f\u062d\u0636\u0651\u064e\u0631 \u0645\u0646 \u062e\u0631\u0634\u0648\u0641 \u062a\u0648\u0646\u0633\u064a\u060c \u064a\u0642\u062f\u0651\u0645 \u0646\u0643\u0647\u0629 \u0645\u062f\u062e\u0651\u0646\u0629 \u0628\u0631\u0641\u0642 \u0648\u0642\u0648\u0627\u0645\u064b\u0627 \u0637\u0631\u064a\u064b\u0627 \u064a\u0630\u0648\u0628 \u0641\u064a \u0627\u0644\u0641\u0645. \u0647\u0630\u0627 \u0627\u0644\u062e\u0631\u0634\u0648\u0641 \u0627\u0644\u0645\u0634\u0648\u064a \u0645\u0646 \u062a\u0648\u0646\u0633\u060c \u0637\u0628\u064a\u0639\u064a 100\u066a \u0648\u062c\u0627\u0647\u0632 \u0644\u0644\u0627\u0633\u062a\u0647\u0644\u0627\u0643\u060c \u0645\u062b\u0627\u0644\u064a \u0644\u0625\u0628\u0631\u0627\u0632 \u0646\u0643\u0647\u0629 \u0627\u0644\u0633\u0644\u0637\u0627\u062a\u060c \u0627\u0644\u0645\u0642\u0628\u0644\u0627\u062a (\u0627\u0644\u062a\u0627\u0628\u0627\u0633)\u060c \u0648\u0627\u0644\u0623\u0637\u0628\u0627\u0642 \u0627\u0644\u0645\u062a\u0648\u0633\u0637\u064a\u0629.<\/p>","protected":false},"featured_media":8711,"comment_status":"closed","ping_status":"closed","template":"","meta":[],"product_brand":[111],"product_cat":[351,349],"product_tag":[],"class_list":{"0":"post-6282","1":"product","2":"type-product","3":"status-publish","4":"has-post-thumbnail","6":"product_brand-tunisiasavory","7":"product_cat-artichauts-legumes-marines","8":"product_cat-specialites-conserves","10":"first","11":"instock","12":"shipping-taxable","13":"purchasable","14":"product-type-variable","15":"has-default-attributes"},"yoast_head":"<!-- This site is optimized with the Yoast SEO plugin v27.4 - https:\/\/yoast.com\/product\/yoast-seo-wordpress\/ -->\n<title>Artichaut Grill\u00e9 \u2013 Saveur M\u00e9diterran\u00e9enne Authentique | Acheter en ligne en Tunisie - Tunisia-savory.com<\/title>\n<meta name=\"robots\" content=\"index, follow, max-snippet:-1, max-image-preview:large, max-video-preview:-1\" \/>\n<link rel=\"canonical\" href=\"https:\/\/tunisia-savory.com\/ar\/product\/artichaut-grille-saveur-mediterraneenne-authentique\/\" \/>\n<meta property=\"og:locale\" content=\"ar_AR\" \/>\n<meta property=\"og:type\" content=\"article\" \/>\n<meta property=\"og:title\" content=\"Artichaut Grill\u00e9 \u2013 Saveur M\u00e9diterran\u00e9enne Authentique | Acheter en ligne en Tunisie - Tunisia-savory.com\" \/>\n<meta property=\"og:description\" content=\"L\u2019Artichaut Grill\u00e9 Tunisia Savory, pr\u00e9par\u00e9 \u00e0 partir d\u2019artichauts tunisiens, offre une saveur d\u00e9licatement fum\u00e9e et une texture fondante. Cet Artichaut Grill\u00e9 Tunisie, 100 % naturel et pr\u00eat \u00e0 consommer, est id\u00e9al pour sublimer vos salades, tapas et plats m\u00e9diterran\u00e9ens.\" \/>\n<meta property=\"og:url\" content=\"https:\/\/tunisia-savory.com\/ar\/product\/artichaut-grille-saveur-mediterraneenne-authentique\/\" \/>\n<meta property=\"og:site_name\" content=\"Tunisia-savory.com\" \/>\n<meta property=\"article:publisher\" content=\"https:\/\/www.facebook.com\/profile.php?id=61584505435972\" \/>\n<meta property=\"article:modified_time\" content=\"2026-03-24T19:40:12+00:00\" \/>\n<meta property=\"og:image\" content=\"https:\/\/tunisia-savory.com\/wp-content\/uploads\/2025\/12\/Gemini_Generated_Image_8kh1hh8kh1hh8kh1-800x800.png\" \/>\n\t<meta property=\"og:image:width\" content=\"800\" \/>\n\t<meta property=\"og:image:height\" content=\"800\" \/>\n\t<meta property=\"og:image:type\" content=\"image\/png\" \/>\n<meta name=\"twitter:card\" content=\"summary_large_image\" \/>\n<meta name=\"twitter:label1\" content=\"\u0648\u0642\u062a \u0627\u0644\u0642\u0631\u0627\u0621\u0629 \u0627\u0644\u0645\u064f\u0642\u062f\u0651\u0631\" \/>\n\t<meta name=\"twitter:data1\" content=\"\u062f\u0642\u064a\u0642\u062a\u0627\u0646\" \/>\n<script type=\"application\/ld+json\" class=\"yoast-schema-graph\">{\"@context\":\"https:\\\/\\\/schema.org\",\"@graph\":[{\"@type\":\"WebPage\",\"@id\":\"https:\\\/\\\/tunisia-savory.com\\\/produit\\\/artichaut-grille-saveur-mediterraneenne-authentique\\\/\",\"url\":\"https:\\\/\\\/tunisia-savory.com\\\/produit\\\/artichaut-grille-saveur-mediterraneenne-authentique\\\/\",\"name\":\"Artichaut Grill\u00e9 \u2013 Saveur M\u00e9diterran\u00e9enne Authentique | Acheter en ligne en Tunisie - Tunisia-savory.com\",\"isPartOf\":{\"@id\":\"https:\\\/\\\/tunisia-savory.com\\\/#website\"},\"primaryImageOfPage\":{\"@id\":\"https:\\\/\\\/tunisia-savory.com\\\/produit\\\/artichaut-grille-saveur-mediterraneenne-authentique\\\/#primaryimage\"},\"image\":{\"@id\":\"https:\\\/\\\/tunisia-savory.com\\\/produit\\\/artichaut-grille-saveur-mediterraneenne-authentique\\\/#primaryimage\"},\"thumbnailUrl\":\"https:\\\/\\\/tunisia-savory.com\\\/wp-content\\\/uploads\\\/2025\\\/12\\\/Gemini_Generated_Image_8kh1hh8kh1hh8kh1.png\",\"datePublished\":\"2025-12-21T19:56:52+00:00\",\"dateModified\":\"2026-03-24T19:40:12+00:00\",\"breadcrumb\":{\"@id\":\"https:\\\/\\\/tunisia-savory.com\\\/produit\\\/artichaut-grille-saveur-mediterraneenne-authentique\\\/#breadcrumb\"},\"inLanguage\":\"ar\",\"potentialAction\":[{\"@type\":\"ReadAction\",\"target\":[\"https:\\\/\\\/tunisia-savory.com\\\/produit\\\/artichaut-grille-saveur-mediterraneenne-authentique\\\/\"]}]},{\"@type\":\"ImageObject\",\"inLanguage\":\"ar\",\"@id\":\"https:\\\/\\\/tunisia-savory.com\\\/produit\\\/artichaut-grille-saveur-mediterraneenne-authentique\\\/#primaryimage\",\"url\":\"https:\\\/\\\/tunisia-savory.com\\\/wp-content\\\/uploads\\\/2025\\\/12\\\/Gemini_Generated_Image_8kh1hh8kh1hh8kh1.png\",\"contentUrl\":\"https:\\\/\\\/tunisia-savory.com\\\/wp-content\\\/uploads\\\/2025\\\/12\\\/Gemini_Generated_Image_8kh1hh8kh1hh8kh1.png\",\"width\":2048,\"height\":2048,\"caption\":\"\u0642\u0646\u0627\u0631\u064a\u0629 \u0645\u0634\u0648\u064a\u0629\"},{\"@type\":\"BreadcrumbList\",\"@id\":\"https:\\\/\\\/tunisia-savory.com\\\/produit\\\/artichaut-grille-saveur-mediterraneenne-authentique\\\/#breadcrumb\",\"itemListElement\":[{\"@type\":\"ListItem\",\"position\":1,\"name\":\"Accueil\",\"item\":\"https:\\\/\\\/tunisia-savory.com\\\/\"},{\"@type\":\"ListItem\",\"position\":2,\"name\":\"Boutique\",\"item\":\"https:\\\/\\\/tunisia-savory.com\\\/boutique-epicerie-tunisie\\\/\"},{\"@type\":\"ListItem\",\"position\":3,\"name\":\"Artichaut Grill\u00e9 \u2013 Saveur M\u00e9diterran\u00e9enne Authentique\"}]},{\"@type\":\"WebSite\",\"@id\":\"https:\\\/\\\/tunisia-savory.com\\\/#website\",\"url\":\"https:\\\/\\\/tunisia-savory.com\\\/\",\"name\":\"Tunisia-savory.com\",\"description\":\"Tunisia-savory.com\",\"publisher\":{\"@id\":\"https:\\\/\\\/tunisia-savory.com\\\/#organization\"},\"potentialAction\":[{\"@type\":\"SearchAction\",\"target\":{\"@type\":\"EntryPoint\",\"urlTemplate\":\"https:\\\/\\\/tunisia-savory.com\\\/?s={search_term_string}\"},\"query-input\":{\"@type\":\"PropertyValueSpecification\",\"valueRequired\":true,\"valueName\":\"search_term_string\"}}],\"inLanguage\":\"ar\"},{\"@type\":\"Organization\",\"@id\":\"https:\\\/\\\/tunisia-savory.com\\\/#organization\",\"name\":\"Tunisia-savory.com\",\"url\":\"https:\\\/\\\/tunisia-savory.com\\\/\",\"logo\":{\"@type\":\"ImageObject\",\"inLanguage\":\"ar\",\"@id\":\"https:\\\/\\\/tunisia-savory.com\\\/#\\\/schema\\\/logo\\\/image\\\/\",\"url\":\"https:\\\/\\\/tunisia-savory.com\\\/wp-content\\\/uploads\\\/2026\\\/01\\\/logo-dark.png\",\"contentUrl\":\"https:\\\/\\\/tunisia-savory.com\\\/wp-content\\\/uploads\\\/2026\\\/01\\\/logo-dark.png\",\"width\":552,\"height\":132,\"caption\":\"Tunisia-savory.com\"},\"image\":{\"@id\":\"https:\\\/\\\/tunisia-savory.com\\\/#\\\/schema\\\/logo\\\/image\\\/\"},\"sameAs\":[\"https:\\\/\\\/www.facebook.com\\\/profile.php?id=61584505435972\",\"https:\\\/\\\/www.instagram.com\\\/tunisiasavory\\\/\"]}]}<\/script>\n<!-- \/ Yoast SEO plugin. -->","yoast_head_json":{"title":"Artichaut Grill\u00e9 \u2013 Saveur M\u00e9diterran\u00e9enne Authentique | Acheter en ligne en Tunisie - Tunisia-savory.com","robots":{"index":"index","follow":"follow","max-snippet":"max-snippet:-1","max-image-preview":"max-image-preview:large","max-video-preview":"max-video-preview:-1"},"canonical":"https:\/\/tunisia-savory.com\/ar\/product\/artichaut-grille-saveur-mediterraneenne-authentique\/","og_locale":"ar_AR","og_type":"article","og_title":"Artichaut Grill\u00e9 \u2013 Saveur M\u00e9diterran\u00e9enne Authentique | Acheter en ligne en Tunisie - Tunisia-savory.com","og_description":"L\u2019Artichaut Grill\u00e9 Tunisia Savory, pr\u00e9par\u00e9 \u00e0 partir d\u2019artichauts tunisiens, offre une saveur d\u00e9licatement fum\u00e9e et une texture fondante. Cet Artichaut Grill\u00e9 Tunisie, 100 % naturel et pr\u00eat \u00e0 consommer, est id\u00e9al pour sublimer vos salades, tapas et plats m\u00e9diterran\u00e9ens.","og_url":"https:\/\/tunisia-savory.com\/ar\/product\/artichaut-grille-saveur-mediterraneenne-authentique\/","og_site_name":"Tunisia-savory.com","article_publisher":"https:\/\/www.facebook.com\/profile.php?id=61584505435972","article_modified_time":"2026-03-24T19:40:12+00:00","og_image":[{"width":800,"height":800,"url":"https:\/\/tunisia-savory.com\/wp-content\/uploads\/2025\/12\/Gemini_Generated_Image_8kh1hh8kh1hh8kh1-800x800.png","type":"image\/png"}],"twitter_card":"summary_large_image","twitter_misc":{"\u0648\u0642\u062a \u0627\u0644\u0642\u0631\u0627\u0621\u0629 \u0627\u0644\u0645\u064f\u0642\u062f\u0651\u0631":"\u062f\u0642\u064a\u0642\u062a\u0627\u0646"},"schema":{"@context":"https:\/\/schema.org","@graph":[{"@type":"WebPage","@id":"https:\/\/tunisia-savory.com\/produit\/artichaut-grille-saveur-mediterraneenne-authentique\/","url":"https:\/\/tunisia-savory.com\/produit\/artichaut-grille-saveur-mediterraneenne-authentique\/","name":"Artichaut Grill\u00e9 \u2013 Saveur M\u00e9diterran\u00e9enne Authentique | Acheter en ligne en Tunisie - Tunisia-savory.com","isPartOf":{"@id":"https:\/\/tunisia-savory.com\/#website"},"primaryImageOfPage":{"@id":"https:\/\/tunisia-savory.com\/produit\/artichaut-grille-saveur-mediterraneenne-authentique\/#primaryimage"},"image":{"@id":"https:\/\/tunisia-savory.com\/produit\/artichaut-grille-saveur-mediterraneenne-authentique\/#primaryimage"},"thumbnailUrl":"https:\/\/tunisia-savory.com\/wp-content\/uploads\/2025\/12\/Gemini_Generated_Image_8kh1hh8kh1hh8kh1.png","datePublished":"2025-12-21T19:56:52+00:00","dateModified":"2026-03-24T19:40:12+00:00","breadcrumb":{"@id":"https:\/\/tunisia-savory.com\/produit\/artichaut-grille-saveur-mediterraneenne-authentique\/#breadcrumb"},"inLanguage":"ar","potentialAction":[{"@type":"ReadAction","target":["https:\/\/tunisia-savory.com\/produit\/artichaut-grille-saveur-mediterraneenne-authentique\/"]}]},{"@type":"ImageObject","inLanguage":"ar","@id":"https:\/\/tunisia-savory.com\/produit\/artichaut-grille-saveur-mediterraneenne-authentique\/#primaryimage","url":"https:\/\/tunisia-savory.com\/wp-content\/uploads\/2025\/12\/Gemini_Generated_Image_8kh1hh8kh1hh8kh1.png","contentUrl":"https:\/\/tunisia-savory.com\/wp-content\/uploads\/2025\/12\/Gemini_Generated_Image_8kh1hh8kh1hh8kh1.png","width":2048,"height":2048,"caption":"\u0642\u0646\u0627\u0631\u064a\u0629 \u0645\u0634\u0648\u064a\u0629"},{"@type":"BreadcrumbList","@id":"https:\/\/tunisia-savory.com\/produit\/artichaut-grille-saveur-mediterraneenne-authentique\/#breadcrumb","itemListElement":[{"@type":"ListItem","position":1,"name":"Accueil","item":"https:\/\/tunisia-savory.com\/"},{"@type":"ListItem","position":2,"name":"Boutique","item":"https:\/\/tunisia-savory.com\/boutique-epicerie-tunisie\/"},{"@type":"ListItem","position":3,"name":"Artichaut Grill\u00e9 \u2013 Saveur M\u00e9diterran\u00e9enne Authentique"}]},{"@type":"WebSite","@id":"https:\/\/tunisia-savory.com\/#website","url":"https:\/\/tunisia-savory.com\/","name":"Tunisia-savory.com","description":"Tunisia-savory.com","publisher":{"@id":"https:\/\/tunisia-savory.com\/#organization"},"potentialAction":[{"@type":"SearchAction","target":{"@type":"EntryPoint","urlTemplate":"https:\/\/tunisia-savory.com\/?s={search_term_string}"},"query-input":{"@type":"PropertyValueSpecification","valueRequired":true,"valueName":"search_term_string"}}],"inLanguage":"ar"},{"@type":"Organization","@id":"https:\/\/tunisia-savory.com\/#organization","name":"Tunisia-savory.com","url":"https:\/\/tunisia-savory.com\/","logo":{"@type":"ImageObject","inLanguage":"ar","@id":"https:\/\/tunisia-savory.com\/#\/schema\/logo\/image\/","url":"https:\/\/tunisia-savory.com\/wp-content\/uploads\/2026\/01\/logo-dark.png","contentUrl":"https:\/\/tunisia-savory.com\/wp-content\/uploads\/2026\/01\/logo-dark.png","width":552,"height":132,"caption":"Tunisia-savory.com"},"image":{"@id":"https:\/\/tunisia-savory.com\/#\/schema\/logo\/image\/"},"sameAs":["https:\/\/www.facebook.com\/profile.php?id=61584505435972","https:\/\/www.instagram.com\/tunisiasavory\/"]}]}},"_links":{"self":[{"href":"https:\/\/tunisia-savory.com\/ar\/wp-json\/wp\/v2\/product\/6282","targetHints":{"allow":["GET"]}}],"collection":[{"href":"https:\/\/tunisia-savory.com\/ar\/wp-json\/wp\/v2\/product"}],"about":[{"href":"https:\/\/tunisia-savory.com\/ar\/wp-json\/wp\/v2\/types\/product"}],"replies":[{"embeddable":true,"href":"https:\/\/tunisia-savory.com\/ar\/wp-json\/wp\/v2\/comments?post=6282"}],"version-history":[{"count":2,"href":"https:\/\/tunisia-savory.com\/ar\/wp-json\/wp\/v2\/product\/6282\/revisions"}],"predecessor-version":[{"id":7293,"href":"https:\/\/tunisia-savory.com\/ar\/wp-json\/wp\/v2\/product\/6282\/revisions\/7293"}],"wp:featuredmedia":[{"embeddable":true,"href":"https:\/\/tunisia-savory.com\/ar\/wp-json\/wp\/v2\/media\/8711"}],"wp:attachment":[{"href":"https:\/\/tunisia-savory.com\/ar\/wp-json\/wp\/v2\/media?parent=6282"}],"wp:term":[{"taxonomy":"product_brand","embeddable":true,"href":"https:\/\/tunisia-savory.com\/ar\/wp-json\/wp\/v2\/product_brand?post=6282"},{"taxonomy":"product_cat","embeddable":true,"href":"https:\/\/tunisia-savory.com\/ar\/wp-json\/wp\/v2\/product_cat?post=6282"},{"taxonomy":"product_tag","embeddable":true,"href":"https:\/\/tunisia-savory.com\/ar\/wp-json\/wp\/v2\/product_tag?post=6282"}],"curies":[{"name":"wp","href":"https:\/\/api.w.org\/{rel}","templated":true}]}}