{"id":6276,"date":"2025-12-21T19:52:52","date_gmt":"2025-12-21T19:52:52","guid":{"rendered":"https:\/\/tunisia-savory.com\/?post_type=product&#038;p=6276"},"modified":"2026-02-01T20:15:18","modified_gmt":"2026-02-01T20:15:18","slug":"coeurs-artichauts","status":"publish","type":"product","link":"https:\/\/tunisia-savory.com\/ar\/product\/coeurs-artichauts\/","title":{"rendered":"\u0627\u0644\u0642\u0646\u0627\u0631\u064a\u0629 \u0627\u0644\u0637\u0628\u064a\u0639\u064a\u0629"},"content":{"rendered":"<p>Les C\u0153urs d\u2019Artichauts Tunisia Savory sont s\u00e9lectionn\u00e9s avec soin, cueillis \u00e0 la main et conserv\u00e9s naturellement pour pr\u00e9server toute leur tendret\u00e9 et leur go\u00fbt raffin\u00e9. Disponibles en conserve, ces c\u0153urs d\u2019artichauts en conserve sont parfaits pour vos salades, antipasti ou plats cuisin\u00e9s, apportant une touche m\u00e9diterran\u00e9enne authentique \u00e0 chaque recette.<\/p>\n<p>Sans conservateurs ni additifs, les C\u0153urs d\u2019Artichauts vertes Tunisie sont un produit 100 % naturel, riche en fibres et antioxydants, respectant les standards de qualit\u00e9 et d\u2019authenticit\u00e9 artisanale tunisienne. Polyvalents et pr\u00eats \u00e0 l\u2019emploi, ils facilitent la pr\u00e9paration de plats sains et savoureux.<\/p>\n<p>La marque Tunisia Savory assure une livraison rapide dans toute la Tunisie, pour garantir fra\u00eecheur et satisfaction client \u00e0 chaque commande.<\/p>\n<h2>Les atouts des C\u0153urs d\u2019Artichauts Tunisia Savory<\/h2>\n<ul>\n<li>C\u0153urs d\u2019Artichauts vertes Tunisie issus de produits locaux<\/li>\n<li>C\u0153urs d\u2019artichauts en conserve naturels, sans conservateurs<\/li>\n<li>Texture tendre et go\u00fbt authentique<\/li>\n<li>Riche en fibres et antioxydants<\/li>\n<li>Polyvalent : salades, antipasti, plats cuisin\u00e9s<\/li>\n<li>Livraison rapide dans toute la Tunisie<\/li>\n<\/ul>\n<p><strong>Ingr\u00e9dients :<\/strong> C\u0153urs d\u2019artichauts, eau, sel, acide citrique naturel<\/p>","protected":false},"excerpt":{"rendered":"<p><strong>\u0642\u0644\u0648\u0628 \u0627\u0644\u062e\u0631\u0634\u0648\u0641 \u0627\u0644\u0637\u0628\u064a\u0639\u064a\u0629 \u2013 \u0646\u0643\u0647\u0629 \u062a\u0648\u0646\u0633\u064a\u0629 \u0623\u0635\u064a\u0644\u0629<\/strong><br \/>\n\u0642\u0644\u0648\u0628 \u0627\u0644\u062e\u0631\u0634\u0648\u0641 \u0644\u062f\u064a\u0646\u0627 \u062a\u064f\u062c\u0645\u064e\u0639 \u064a\u062f\u0648\u064a\u064b\u0627\u060c \u062a\u064f\u0646\u0638\u0651\u064e\u0641 \u0628\u0639\u0646\u0627\u064a\u0629 \u0648\u062a\u062d\u0641\u0638 \u0628\u0634\u0643\u0644 \u0637\u0628\u064a\u0639\u064a \u062f\u0648\u0646 \u0623\u064a \u0625\u0636\u0627\u0641\u0627\u062a. \u0642\u0648\u0627\u0645\u0647\u0627 \u0627\u0644\u0637\u0631\u064a \u0648\u0637\u0639\u0645\u0647\u0627 \u0627\u0644\u0631\u0642\u064a\u0642 \u064a\u062c\u0639\u0644\u0647\u0627 \u0645\u0643\u0648\u0646\u064b\u0627 \u0644\u0627 \u063a\u0646\u0649 \u0639\u0646\u0647 \u0644\u0633\u0644\u0637\u0627\u062a\u0643\u0645\u060c \u0627\u0644\u0623\u0637\u0628\u0627\u0642 \u0627\u0644\u0645\u0637\u0628\u0648\u062e\u0629 \u0623\u0648 \u0627\u0644\u0645\u0642\u0628\u0644\u0627\u062a (\u0627\u0644\u0623\u0646\u062a\u064a\u0628\u0627\u0633\u062a\u064a).<\/p>\n<p>\u2705 \u0637\u0628\u064a\u0639\u064a 100\u066a<br \/>\n\u2705 \u062e\u0627\u0644\u064d \u0645\u0646 \u0627\u0644\u0645\u0648\u0627\u062f \u0627\u0644\u062d\u0627\u0641\u0638\u0629<br \/>\n\u2705 \u063a\u0646\u064a \u0628\u0627\u0644\u0623\u0644\u064a\u0627\u0641 \u0648\u0645\u0636\u0627\u062f\u0627\u062a \u0627\u0644\u0623\u0643\u0633\u062f\u0629<br \/>\n\u2705 \u0645\u0646\u062a\u062c \u062a\u0648\u0646\u0633\u064a \u062d\u0631\u0641\u064a<\/p>\n<p><strong>\u0627\u0644\u0645\u0643\u0648\u0646\u0627\u062a: \u0642\u0644\u0648\u0628 \u0627\u0644\u062e\u0631\u0634\u0648\u0641\u060c \u0645\u0627\u0621\u060c \u0645\u0644\u062d\u060c \u062d\u0645\u0636 \u0627\u0644\u0633\u062a\u0631\u064a\u0643 (\u0637\u0628\u064a\u0639\u064a)<\/strong><\/p>\n<p>&nbsp;<\/p>\n<p>&nbsp;<\/p>","protected":false},"featured_media":7028,"comment_status":"closed","ping_status":"closed","template":"","meta":[],"product_brand":[111],"product_cat":[351,340,349],"product_tag":[],"class_list":{"0":"post-6276","1":"product","2":"type-product","3":"status-publish","4":"has-post-thumbnail","6":"product_brand-tunisiasavory","7":"product_cat-artichauts-legumes-marines","8":"product_cat-produits-phares-tunisia-savory","9":"product_cat-specialites-conserves","11":"first","12":"instock","13":"shipping-taxable","14":"purchasable","15":"product-type-variable","16":"has-default-attributes"},"yoast_head":"<!-- This site is optimized with the Yoast SEO plugin v27.4 - https:\/\/yoast.com\/product\/yoast-seo-wordpress\/ -->\n<title>C\u0153urs d\u2019artichauts - C\u0153urs d\u2019artichauts en conserve | Tunisia Savory<\/title>\n<meta name=\"description\" content=\"Achetez en ligne vos c\u0153urs d\u2019artichauts en conserve sur Tunisia Savory. Des c\u0153urs d\u2019artichauts marin\u00e9s, pr\u00eats \u00e0 l\u2019emploi et riches en saveur.\" \/>\n<meta name=\"robots\" content=\"index, follow, max-snippet:-1, max-image-preview:large, max-video-preview:-1\" \/>\n<link rel=\"canonical\" href=\"https:\/\/tunisia-savory.com\/ar\/product\/coeurs-artichauts\/\" \/>\n<meta property=\"og:locale\" content=\"ar_AR\" \/>\n<meta property=\"og:type\" content=\"article\" \/>\n<meta property=\"og:title\" content=\"C\u0153urs d\u2019artichauts - C\u0153urs d\u2019artichauts en conserve | Tunisia Savory\" \/>\n<meta property=\"og:description\" content=\"Achetez en ligne vos c\u0153urs d\u2019artichauts en conserve sur Tunisia Savory. Des c\u0153urs d\u2019artichauts marin\u00e9s, pr\u00eats \u00e0 l\u2019emploi et riches en saveur.\" \/>\n<meta property=\"og:url\" content=\"https:\/\/tunisia-savory.com\/ar\/product\/coeurs-artichauts\/\" \/>\n<meta property=\"og:site_name\" content=\"Tunisia-savory.com\" \/>\n<meta property=\"article:publisher\" content=\"https:\/\/www.facebook.com\/profile.php?id=61584505435972\" \/>\n<meta property=\"article:modified_time\" content=\"2026-02-01T20:15:18+00:00\" \/>\n<meta property=\"og:image\" content=\"https:\/\/tunisia-savory.com\/wp-content\/uploads\/2025\/12\/IMG_2416-Recupere-scaled.webp\" \/>\n\t<meta property=\"og:image:width\" content=\"2560\" \/>\n\t<meta property=\"og:image:height\" content=\"2560\" \/>\n\t<meta property=\"og:image:type\" content=\"image\/webp\" \/>\n<meta name=\"twitter:card\" content=\"summary_large_image\" \/>\n<meta name=\"twitter:label1\" content=\"\u0648\u0642\u062a \u0627\u0644\u0642\u0631\u0627\u0621\u0629 \u0627\u0644\u0645\u064f\u0642\u062f\u0651\u0631\" \/>\n\t<meta name=\"twitter:data1\" content=\"\u062f\u0642\u064a\u0642\u062a\u0627\u0646\" \/>\n<script type=\"application\/ld+json\" class=\"yoast-schema-graph\">{\"@context\":\"https:\\\/\\\/schema.org\",\"@graph\":[{\"@type\":\"WebPage\",\"@id\":\"https:\\\/\\\/tunisia-savory.com\\\/produit\\\/coeurs-artichauts\\\/\",\"url\":\"https:\\\/\\\/tunisia-savory.com\\\/produit\\\/coeurs-artichauts\\\/\",\"name\":\"C\u0153urs d\u2019artichauts - C\u0153urs d\u2019artichauts en conserve | Tunisia Savory\",\"isPartOf\":{\"@id\":\"https:\\\/\\\/tunisia-savory.com\\\/#website\"},\"primaryImageOfPage\":{\"@id\":\"https:\\\/\\\/tunisia-savory.com\\\/produit\\\/coeurs-artichauts\\\/#primaryimage\"},\"image\":{\"@id\":\"https:\\\/\\\/tunisia-savory.com\\\/produit\\\/coeurs-artichauts\\\/#primaryimage\"},\"thumbnailUrl\":\"https:\\\/\\\/tunisia-savory.com\\\/wp-content\\\/uploads\\\/2025\\\/12\\\/IMG_2416-Recupere-scaled.webp\",\"datePublished\":\"2025-12-21T19:52:52+00:00\",\"dateModified\":\"2026-02-01T20:15:18+00:00\",\"description\":\"Achetez en ligne vos c\u0153urs d\u2019artichauts en conserve sur Tunisia Savory. Des c\u0153urs d\u2019artichauts marin\u00e9s, pr\u00eats \u00e0 l\u2019emploi et riches en saveur.\",\"breadcrumb\":{\"@id\":\"https:\\\/\\\/tunisia-savory.com\\\/produit\\\/coeurs-artichauts\\\/#breadcrumb\"},\"inLanguage\":\"ar\",\"potentialAction\":[{\"@type\":\"ReadAction\",\"target\":[\"https:\\\/\\\/tunisia-savory.com\\\/produit\\\/coeurs-artichauts\\\/\"]}]},{\"@type\":\"ImageObject\",\"inLanguage\":\"ar\",\"@id\":\"https:\\\/\\\/tunisia-savory.com\\\/produit\\\/coeurs-artichauts\\\/#primaryimage\",\"url\":\"https:\\\/\\\/tunisia-savory.com\\\/wp-content\\\/uploads\\\/2025\\\/12\\\/IMG_2416-Recupere-scaled.webp\",\"contentUrl\":\"https:\\\/\\\/tunisia-savory.com\\\/wp-content\\\/uploads\\\/2025\\\/12\\\/IMG_2416-Recupere-scaled.webp\",\"width\":2560,\"height\":2560,\"caption\":\"c\u0153urs d'artichauts\"},{\"@type\":\"BreadcrumbList\",\"@id\":\"https:\\\/\\\/tunisia-savory.com\\\/produit\\\/coeurs-artichauts\\\/#breadcrumb\",\"itemListElement\":[{\"@type\":\"ListItem\",\"position\":1,\"name\":\"Accueil\",\"item\":\"https:\\\/\\\/tunisia-savory.com\\\/\"},{\"@type\":\"ListItem\",\"position\":2,\"name\":\"Boutique\",\"item\":\"https:\\\/\\\/tunisia-savory.com\\\/boutique-epicerie-tunisie\\\/\"},{\"@type\":\"ListItem\",\"position\":3,\"name\":\"C\u0153urs d\u2019Artichauts Naturels\"}]},{\"@type\":\"WebSite\",\"@id\":\"https:\\\/\\\/tunisia-savory.com\\\/#website\",\"url\":\"https:\\\/\\\/tunisia-savory.com\\\/\",\"name\":\"Tunisia-savory.com\",\"description\":\"Tunisia-savory.com\",\"publisher\":{\"@id\":\"https:\\\/\\\/tunisia-savory.com\\\/#organization\"},\"potentialAction\":[{\"@type\":\"SearchAction\",\"target\":{\"@type\":\"EntryPoint\",\"urlTemplate\":\"https:\\\/\\\/tunisia-savory.com\\\/?s={search_term_string}\"},\"query-input\":{\"@type\":\"PropertyValueSpecification\",\"valueRequired\":true,\"valueName\":\"search_term_string\"}}],\"inLanguage\":\"ar\"},{\"@type\":\"Organization\",\"@id\":\"https:\\\/\\\/tunisia-savory.com\\\/#organization\",\"name\":\"Tunisia-savory.com\",\"url\":\"https:\\\/\\\/tunisia-savory.com\\\/\",\"logo\":{\"@type\":\"ImageObject\",\"inLanguage\":\"ar\",\"@id\":\"https:\\\/\\\/tunisia-savory.com\\\/#\\\/schema\\\/logo\\\/image\\\/\",\"url\":\"https:\\\/\\\/tunisia-savory.com\\\/wp-content\\\/uploads\\\/2026\\\/01\\\/logo-dark.png\",\"contentUrl\":\"https:\\\/\\\/tunisia-savory.com\\\/wp-content\\\/uploads\\\/2026\\\/01\\\/logo-dark.png\",\"width\":552,\"height\":132,\"caption\":\"Tunisia-savory.com\"},\"image\":{\"@id\":\"https:\\\/\\\/tunisia-savory.com\\\/#\\\/schema\\\/logo\\\/image\\\/\"},\"sameAs\":[\"https:\\\/\\\/www.facebook.com\\\/profile.php?id=61584505435972\",\"https:\\\/\\\/www.instagram.com\\\/tunisiasavory\\\/\"]}]}<\/script>\n<!-- \/ Yoast SEO plugin. -->","yoast_head_json":{"title":"C\u0153urs d\u2019artichauts - C\u0153urs d\u2019artichauts en conserve | Tunisia Savory","description":"Achetez en ligne vos c\u0153urs d\u2019artichauts en conserve sur Tunisia Savory. Des c\u0153urs d\u2019artichauts marin\u00e9s, pr\u00eats \u00e0 l\u2019emploi et riches en saveur.","robots":{"index":"index","follow":"follow","max-snippet":"max-snippet:-1","max-image-preview":"max-image-preview:large","max-video-preview":"max-video-preview:-1"},"canonical":"https:\/\/tunisia-savory.com\/ar\/product\/coeurs-artichauts\/","og_locale":"ar_AR","og_type":"article","og_title":"C\u0153urs d\u2019artichauts - C\u0153urs d\u2019artichauts en conserve | Tunisia Savory","og_description":"Achetez en ligne vos c\u0153urs d\u2019artichauts en conserve sur Tunisia Savory. Des c\u0153urs d\u2019artichauts marin\u00e9s, pr\u00eats \u00e0 l\u2019emploi et riches en saveur.","og_url":"https:\/\/tunisia-savory.com\/ar\/product\/coeurs-artichauts\/","og_site_name":"Tunisia-savory.com","article_publisher":"https:\/\/www.facebook.com\/profile.php?id=61584505435972","article_modified_time":"2026-02-01T20:15:18+00:00","og_image":[{"width":2560,"height":2560,"url":"https:\/\/tunisia-savory.com\/wp-content\/uploads\/2025\/12\/IMG_2416-Recupere-scaled.webp","type":"image\/webp"}],"twitter_card":"summary_large_image","twitter_misc":{"\u0648\u0642\u062a \u0627\u0644\u0642\u0631\u0627\u0621\u0629 \u0627\u0644\u0645\u064f\u0642\u062f\u0651\u0631":"\u062f\u0642\u064a\u0642\u062a\u0627\u0646"},"schema":{"@context":"https:\/\/schema.org","@graph":[{"@type":"WebPage","@id":"https:\/\/tunisia-savory.com\/produit\/coeurs-artichauts\/","url":"https:\/\/tunisia-savory.com\/produit\/coeurs-artichauts\/","name":"C\u0153urs d\u2019artichauts - C\u0153urs d\u2019artichauts en conserve | Tunisia Savory","isPartOf":{"@id":"https:\/\/tunisia-savory.com\/#website"},"primaryImageOfPage":{"@id":"https:\/\/tunisia-savory.com\/produit\/coeurs-artichauts\/#primaryimage"},"image":{"@id":"https:\/\/tunisia-savory.com\/produit\/coeurs-artichauts\/#primaryimage"},"thumbnailUrl":"https:\/\/tunisia-savory.com\/wp-content\/uploads\/2025\/12\/IMG_2416-Recupere-scaled.webp","datePublished":"2025-12-21T19:52:52+00:00","dateModified":"2026-02-01T20:15:18+00:00","description":"Achetez en ligne vos c\u0153urs d\u2019artichauts en conserve sur Tunisia Savory. Des c\u0153urs d\u2019artichauts marin\u00e9s, pr\u00eats \u00e0 l\u2019emploi et riches en saveur.","breadcrumb":{"@id":"https:\/\/tunisia-savory.com\/produit\/coeurs-artichauts\/#breadcrumb"},"inLanguage":"ar","potentialAction":[{"@type":"ReadAction","target":["https:\/\/tunisia-savory.com\/produit\/coeurs-artichauts\/"]}]},{"@type":"ImageObject","inLanguage":"ar","@id":"https:\/\/tunisia-savory.com\/produit\/coeurs-artichauts\/#primaryimage","url":"https:\/\/tunisia-savory.com\/wp-content\/uploads\/2025\/12\/IMG_2416-Recupere-scaled.webp","contentUrl":"https:\/\/tunisia-savory.com\/wp-content\/uploads\/2025\/12\/IMG_2416-Recupere-scaled.webp","width":2560,"height":2560,"caption":"c\u0153urs d'artichauts"},{"@type":"BreadcrumbList","@id":"https:\/\/tunisia-savory.com\/produit\/coeurs-artichauts\/#breadcrumb","itemListElement":[{"@type":"ListItem","position":1,"name":"Accueil","item":"https:\/\/tunisia-savory.com\/"},{"@type":"ListItem","position":2,"name":"Boutique","item":"https:\/\/tunisia-savory.com\/boutique-epicerie-tunisie\/"},{"@type":"ListItem","position":3,"name":"C\u0153urs d\u2019Artichauts Naturels"}]},{"@type":"WebSite","@id":"https:\/\/tunisia-savory.com\/#website","url":"https:\/\/tunisia-savory.com\/","name":"Tunisia-savory.com","description":"Tunisia-savory.com","publisher":{"@id":"https:\/\/tunisia-savory.com\/#organization"},"potentialAction":[{"@type":"SearchAction","target":{"@type":"EntryPoint","urlTemplate":"https:\/\/tunisia-savory.com\/?s={search_term_string}"},"query-input":{"@type":"PropertyValueSpecification","valueRequired":true,"valueName":"search_term_string"}}],"inLanguage":"ar"},{"@type":"Organization","@id":"https:\/\/tunisia-savory.com\/#organization","name":"Tunisia-savory.com","url":"https:\/\/tunisia-savory.com\/","logo":{"@type":"ImageObject","inLanguage":"ar","@id":"https:\/\/tunisia-savory.com\/#\/schema\/logo\/image\/","url":"https:\/\/tunisia-savory.com\/wp-content\/uploads\/2026\/01\/logo-dark.png","contentUrl":"https:\/\/tunisia-savory.com\/wp-content\/uploads\/2026\/01\/logo-dark.png","width":552,"height":132,"caption":"Tunisia-savory.com"},"image":{"@id":"https:\/\/tunisia-savory.com\/#\/schema\/logo\/image\/"},"sameAs":["https:\/\/www.facebook.com\/profile.php?id=61584505435972","https:\/\/www.instagram.com\/tunisiasavory\/"]}]}},"_links":{"self":[{"href":"https:\/\/tunisia-savory.com\/ar\/wp-json\/wp\/v2\/product\/6276","targetHints":{"allow":["GET"]}}],"collection":[{"href":"https:\/\/tunisia-savory.com\/ar\/wp-json\/wp\/v2\/product"}],"about":[{"href":"https:\/\/tunisia-savory.com\/ar\/wp-json\/wp\/v2\/types\/product"}],"replies":[{"embeddable":true,"href":"https:\/\/tunisia-savory.com\/ar\/wp-json\/wp\/v2\/comments?post=6276"}],"version-history":[{"count":5,"href":"https:\/\/tunisia-savory.com\/ar\/wp-json\/wp\/v2\/product\/6276\/revisions"}],"predecessor-version":[{"id":7441,"href":"https:\/\/tunisia-savory.com\/ar\/wp-json\/wp\/v2\/product\/6276\/revisions\/7441"}],"wp:featuredmedia":[{"embeddable":true,"href":"https:\/\/tunisia-savory.com\/ar\/wp-json\/wp\/v2\/media\/7028"}],"wp:attachment":[{"href":"https:\/\/tunisia-savory.com\/ar\/wp-json\/wp\/v2\/media?parent=6276"}],"wp:term":[{"taxonomy":"product_brand","embeddable":true,"href":"https:\/\/tunisia-savory.com\/ar\/wp-json\/wp\/v2\/product_brand?post=6276"},{"taxonomy":"product_cat","embeddable":true,"href":"https:\/\/tunisia-savory.com\/ar\/wp-json\/wp\/v2\/product_cat?post=6276"},{"taxonomy":"product_tag","embeddable":true,"href":"https:\/\/tunisia-savory.com\/ar\/wp-json\/wp\/v2\/product_tag?post=6276"}],"curies":[{"name":"wp","href":"https:\/\/api.w.org\/{rel}","templated":true}]}}