{"id":6268,"date":"2025-12-21T19:19:35","date_gmt":"2025-12-21T19:19:35","guid":{"rendered":"https:\/\/tunisia-savory.com\/?post_type=product&#038;p=6268"},"modified":"2026-03-29T13:06:28","modified_gmt":"2026-03-29T13:06:28","slug":"olives-grillees-tunisie","status":"publish","type":"product","link":"https:\/\/tunisia-savory.com\/ar\/product\/olives-grillees-tunisie\/","title":{"rendered":"\u0632\u064a\u062a\u0648\u0646 \u0645\u0634\u0648\u064a \u0637\u0628\u064a\u0639\u064a"},"content":{"rendered":"<p>Les Olives Grill\u00e9es Tunisia Savory sont soigneusement s\u00e9lectionn\u00e9es \u00e0 partir d\u2019olives tunisiennes de qualit\u00e9, puis grill\u00e9es lentement afin de r\u00e9v\u00e9ler toute leur intensit\u00e9 aromatique et leur go\u00fbt authentique. Cette m\u00e9thode de pr\u00e9paration traditionnelle permet de conserver les qualit\u00e9s nutritionnelles des olives tout en offrant une texture agr\u00e9able et une saveur naturellement riche.<\/p>\n<p>Sans conservateurs ni additifs, les Olives Grill\u00e9es Tunisie sont un produit 100 % naturel et artisanal, riche en antioxydants et en bonnes graisses. Elles s\u2019int\u00e8grent parfaitement dans une alimentation saine et \u00e9quilibr\u00e9e, tout en apportant une touche m\u00e9diterran\u00e9enne \u00e0 vos ap\u00e9ritifs, salades et plats tunisiens.<\/p>\n<p>Pr\u00eates \u00e0 consommer, les Olives Grill\u00e9es Naturelles Tunisia Savory sont id\u00e9ales pour un usage quotidien ou pour sublimer vos recettes traditionnelles. La marque assure une livraison rapide et fiable dans toute la Tunisie, garantissant fra\u00eecheur et qualit\u00e9 jusqu\u2019\u00e0 votre table.<\/p>\n<h2>Les atouts des Olives Grill\u00e9es Tunisia Savory<\/h2>\n<ul>\n<li>Olives Grill\u00e9es Tunisie issues de produits locaux<\/li>\n<li>Produit 100 % naturel, sans conservateurs<\/li>\n<li>Riche en antioxydants et en bonnes graisses<\/li>\n<li>Pr\u00e9paration artisanale, go\u00fbt intense et authentique<\/li>\n<li>Pr\u00eates \u00e0 consommer<\/li>\n<li>Livraison disponible dans toute la Tunisie<\/li>\n<\/ul>","protected":false},"excerpt":{"rendered":"<p>\u0632\u064a\u062a\u0648\u0646 \u0645\u0634\u0648\u064a Tunisia Savory\u060c \u0645\u064f\u062d\u0636\u0651\u064e\u0631 \u0645\u0646 \u0632\u064a\u062a\u0648\u0646 \u062a\u0648\u0646\u0633\u064a \u0645\u062e\u062a\u0627\u0631 \u0628\u0639\u0646\u0627\u064a\u0629\u060c \u064a\u0642\u062f\u0651\u0645 \u0646\u0643\u0647\u0629 \u063a\u0646\u064a\u0629 \u0648\u0623\u0635\u064a\u0644\u0629\u060c \u0637\u0628\u064a\u0639\u064a 100\u066a \u0648\u062e\u0627\u0644\u064d \u0645\u0646 \u0627\u0644\u0645\u0648\u0627\u062f \u0627\u0644\u062d\u0627\u0641\u0638\u0629. \u0647\u0630\u0627 \u0627\u0644\u0632\u064a\u062a\u0648\u0646 \u0627\u0644\u0645\u0634\u0648\u064a \u0645\u0646 \u062a\u0648\u0646\u0633 \u062c\u0627\u0647\u0632 \u0644\u0644\u0627\u0633\u062a\u0647\u0644\u0627\u0643 \u0648\u0645\u062a\u0648\u0641\u0651\u0631 \u0645\u0639 \u062a\u0648\u0635\u064a\u0644 \u0633\u0631\u064a\u0639 \u0641\u064a \u062c\u0645\u064a\u0639 \u0623\u0646\u062d\u0627\u0621 \u062a\u0648\u0646\u0633.<\/p>","protected":false},"featured_media":6273,"comment_status":"closed","ping_status":"closed","template":"","meta":[],"product_brand":[111],"product_cat":[350,340],"product_tag":[],"class_list":{"0":"post-6268","1":"product","2":"type-product","3":"status-publish","4":"has-post-thumbnail","6":"product_brand-tunisiasavory","7":"product_cat-olives-specialites","8":"product_cat-produits-phares-tunisia-savory","10":"first","11":"instock","12":"sale","13":"shipping-taxable","14":"purchasable","15":"product-type-variable","16":"has-default-attributes"},"yoast_head":"<!-- This site is optimized with the Yoast SEO plugin v27.4 - https:\/\/yoast.com\/product\/yoast-seo-wordpress\/ -->\n<title>Olives grill\u00e9es naturelles - Saveur de Tunisie | Tunisia Savory<\/title>\n<meta name=\"description\" content=\"D\u00e9couvrez les olives grill\u00e9es Tunisia Savory, des olives grill\u00e9es en Tunisie au go\u00fbt authentique, pr\u00e9par\u00e9es naturellement et disponibles \u00e0 l\u2019achat en ligne.\" \/>\n<meta name=\"robots\" content=\"index, follow, max-snippet:-1, max-image-preview:large, max-video-preview:-1\" \/>\n<link rel=\"canonical\" href=\"https:\/\/tunisia-savory.com\/ar\/product\/olives-grillees-tunisie\/\" \/>\n<meta property=\"og:locale\" content=\"ar_AR\" \/>\n<meta property=\"og:type\" content=\"article\" \/>\n<meta property=\"og:title\" content=\"Olives grill\u00e9es naturelles - Saveur de Tunisie | Tunisia Savory\" \/>\n<meta property=\"og:description\" content=\"D\u00e9couvrez les olives grill\u00e9es Tunisia Savory, des olives grill\u00e9es en Tunisie au go\u00fbt authentique, pr\u00e9par\u00e9es naturellement et disponibles \u00e0 l\u2019achat en ligne.\" \/>\n<meta property=\"og:url\" content=\"https:\/\/tunisia-savory.com\/ar\/product\/olives-grillees-tunisie\/\" \/>\n<meta property=\"og:site_name\" content=\"Tunisia-savory.com\" \/>\n<meta property=\"article:publisher\" content=\"https:\/\/www.facebook.com\/profile.php?id=61584505435972\" \/>\n<meta property=\"article:modified_time\" content=\"2026-03-29T13:06:28+00:00\" \/>\n<meta property=\"og:image\" content=\"https:\/\/tunisia-savory.com\/wp-content\/uploads\/2025\/12\/Olives-Grillees-Naturelles-4.jpeg\" \/>\n\t<meta property=\"og:image:width\" content=\"1060\" \/>\n\t<meta property=\"og:image:height\" content=\"743\" \/>\n\t<meta property=\"og:image:type\" content=\"image\/jpeg\" \/>\n<meta name=\"twitter:card\" content=\"summary_large_image\" \/>\n<meta name=\"twitter:label1\" content=\"\u0648\u0642\u062a \u0627\u0644\u0642\u0631\u0627\u0621\u0629 \u0627\u0644\u0645\u064f\u0642\u062f\u0651\u0631\" \/>\n\t<meta name=\"twitter:data1\" content=\"\u062f\u0642\u064a\u0642\u062a\u0627\u0646\" \/>\n<script type=\"application\/ld+json\" class=\"yoast-schema-graph\">{\"@context\":\"https:\\\/\\\/schema.org\",\"@graph\":[{\"@type\":\"WebPage\",\"@id\":\"https:\\\/\\\/tunisia-savory.com\\\/produit\\\/olives-grillees-tunisie\\\/\",\"url\":\"https:\\\/\\\/tunisia-savory.com\\\/produit\\\/olives-grillees-tunisie\\\/\",\"name\":\"Olives grill\u00e9es naturelles - Saveur de Tunisie | Tunisia Savory\",\"isPartOf\":{\"@id\":\"https:\\\/\\\/tunisia-savory.com\\\/#website\"},\"primaryImageOfPage\":{\"@id\":\"https:\\\/\\\/tunisia-savory.com\\\/produit\\\/olives-grillees-tunisie\\\/#primaryimage\"},\"image\":{\"@id\":\"https:\\\/\\\/tunisia-savory.com\\\/produit\\\/olives-grillees-tunisie\\\/#primaryimage\"},\"thumbnailUrl\":\"https:\\\/\\\/tunisia-savory.com\\\/wp-content\\\/uploads\\\/2025\\\/12\\\/Olives-Grillees-Naturelles-4.jpeg\",\"datePublished\":\"2025-12-21T19:19:35+00:00\",\"dateModified\":\"2026-03-29T13:06:28+00:00\",\"description\":\"D\u00e9couvrez les olives grill\u00e9es Tunisia Savory, des olives grill\u00e9es en Tunisie au go\u00fbt authentique, pr\u00e9par\u00e9es naturellement et disponibles \u00e0 l\u2019achat en ligne.\",\"breadcrumb\":{\"@id\":\"https:\\\/\\\/tunisia-savory.com\\\/produit\\\/olives-grillees-tunisie\\\/#breadcrumb\"},\"inLanguage\":\"ar\",\"potentialAction\":[{\"@type\":\"ReadAction\",\"target\":[\"https:\\\/\\\/tunisia-savory.com\\\/produit\\\/olives-grillees-tunisie\\\/\"]}]},{\"@type\":\"ImageObject\",\"inLanguage\":\"ar\",\"@id\":\"https:\\\/\\\/tunisia-savory.com\\\/produit\\\/olives-grillees-tunisie\\\/#primaryimage\",\"url\":\"https:\\\/\\\/tunisia-savory.com\\\/wp-content\\\/uploads\\\/2025\\\/12\\\/Olives-Grillees-Naturelles-4.jpeg\",\"contentUrl\":\"https:\\\/\\\/tunisia-savory.com\\\/wp-content\\\/uploads\\\/2025\\\/12\\\/Olives-Grillees-Naturelles-4.jpeg\",\"width\":1060,\"height\":743},{\"@type\":\"BreadcrumbList\",\"@id\":\"https:\\\/\\\/tunisia-savory.com\\\/produit\\\/olives-grillees-tunisie\\\/#breadcrumb\",\"itemListElement\":[{\"@type\":\"ListItem\",\"position\":1,\"name\":\"Accueil\",\"item\":\"https:\\\/\\\/tunisia-savory.com\\\/\"},{\"@type\":\"ListItem\",\"position\":2,\"name\":\"Boutique\",\"item\":\"https:\\\/\\\/tunisia-savory.com\\\/boutique-epicerie-tunisie\\\/\"},{\"@type\":\"ListItem\",\"position\":3,\"name\":\"Olives Grill\u00e9es Naturelles\"}]},{\"@type\":\"WebSite\",\"@id\":\"https:\\\/\\\/tunisia-savory.com\\\/#website\",\"url\":\"https:\\\/\\\/tunisia-savory.com\\\/\",\"name\":\"Tunisia-savory.com\",\"description\":\"Tunisia-savory.com\",\"publisher\":{\"@id\":\"https:\\\/\\\/tunisia-savory.com\\\/#organization\"},\"potentialAction\":[{\"@type\":\"SearchAction\",\"target\":{\"@type\":\"EntryPoint\",\"urlTemplate\":\"https:\\\/\\\/tunisia-savory.com\\\/?s={search_term_string}\"},\"query-input\":{\"@type\":\"PropertyValueSpecification\",\"valueRequired\":true,\"valueName\":\"search_term_string\"}}],\"inLanguage\":\"ar\"},{\"@type\":\"Organization\",\"@id\":\"https:\\\/\\\/tunisia-savory.com\\\/#organization\",\"name\":\"Tunisia-savory.com\",\"url\":\"https:\\\/\\\/tunisia-savory.com\\\/\",\"logo\":{\"@type\":\"ImageObject\",\"inLanguage\":\"ar\",\"@id\":\"https:\\\/\\\/tunisia-savory.com\\\/#\\\/schema\\\/logo\\\/image\\\/\",\"url\":\"https:\\\/\\\/tunisia-savory.com\\\/wp-content\\\/uploads\\\/2026\\\/01\\\/logo-dark.png\",\"contentUrl\":\"https:\\\/\\\/tunisia-savory.com\\\/wp-content\\\/uploads\\\/2026\\\/01\\\/logo-dark.png\",\"width\":552,\"height\":132,\"caption\":\"Tunisia-savory.com\"},\"image\":{\"@id\":\"https:\\\/\\\/tunisia-savory.com\\\/#\\\/schema\\\/logo\\\/image\\\/\"},\"sameAs\":[\"https:\\\/\\\/www.facebook.com\\\/profile.php?id=61584505435972\",\"https:\\\/\\\/www.instagram.com\\\/tunisiasavory\\\/\"]}]}<\/script>\n<!-- \/ Yoast SEO plugin. -->","yoast_head_json":{"title":"Olives grill\u00e9es naturelles - Saveur de Tunisie | Tunisia Savory","description":"D\u00e9couvrez les olives grill\u00e9es Tunisia Savory, des olives grill\u00e9es en Tunisie au go\u00fbt authentique, pr\u00e9par\u00e9es naturellement et disponibles \u00e0 l\u2019achat en ligne.","robots":{"index":"index","follow":"follow","max-snippet":"max-snippet:-1","max-image-preview":"max-image-preview:large","max-video-preview":"max-video-preview:-1"},"canonical":"https:\/\/tunisia-savory.com\/ar\/product\/olives-grillees-tunisie\/","og_locale":"ar_AR","og_type":"article","og_title":"Olives grill\u00e9es naturelles - Saveur de Tunisie | Tunisia Savory","og_description":"D\u00e9couvrez les olives grill\u00e9es Tunisia Savory, des olives grill\u00e9es en Tunisie au go\u00fbt authentique, pr\u00e9par\u00e9es naturellement et disponibles \u00e0 l\u2019achat en ligne.","og_url":"https:\/\/tunisia-savory.com\/ar\/product\/olives-grillees-tunisie\/","og_site_name":"Tunisia-savory.com","article_publisher":"https:\/\/www.facebook.com\/profile.php?id=61584505435972","article_modified_time":"2026-03-29T13:06:28+00:00","og_image":[{"width":1060,"height":743,"url":"https:\/\/tunisia-savory.com\/wp-content\/uploads\/2025\/12\/Olives-Grillees-Naturelles-4.jpeg","type":"image\/jpeg"}],"twitter_card":"summary_large_image","twitter_misc":{"\u0648\u0642\u062a \u0627\u0644\u0642\u0631\u0627\u0621\u0629 \u0627\u0644\u0645\u064f\u0642\u062f\u0651\u0631":"\u062f\u0642\u064a\u0642\u062a\u0627\u0646"},"schema":{"@context":"https:\/\/schema.org","@graph":[{"@type":"WebPage","@id":"https:\/\/tunisia-savory.com\/produit\/olives-grillees-tunisie\/","url":"https:\/\/tunisia-savory.com\/produit\/olives-grillees-tunisie\/","name":"Olives grill\u00e9es naturelles - Saveur de Tunisie | Tunisia Savory","isPartOf":{"@id":"https:\/\/tunisia-savory.com\/#website"},"primaryImageOfPage":{"@id":"https:\/\/tunisia-savory.com\/produit\/olives-grillees-tunisie\/#primaryimage"},"image":{"@id":"https:\/\/tunisia-savory.com\/produit\/olives-grillees-tunisie\/#primaryimage"},"thumbnailUrl":"https:\/\/tunisia-savory.com\/wp-content\/uploads\/2025\/12\/Olives-Grillees-Naturelles-4.jpeg","datePublished":"2025-12-21T19:19:35+00:00","dateModified":"2026-03-29T13:06:28+00:00","description":"D\u00e9couvrez les olives grill\u00e9es Tunisia Savory, des olives grill\u00e9es en Tunisie au go\u00fbt authentique, pr\u00e9par\u00e9es naturellement et disponibles \u00e0 l\u2019achat en ligne.","breadcrumb":{"@id":"https:\/\/tunisia-savory.com\/produit\/olives-grillees-tunisie\/#breadcrumb"},"inLanguage":"ar","potentialAction":[{"@type":"ReadAction","target":["https:\/\/tunisia-savory.com\/produit\/olives-grillees-tunisie\/"]}]},{"@type":"ImageObject","inLanguage":"ar","@id":"https:\/\/tunisia-savory.com\/produit\/olives-grillees-tunisie\/#primaryimage","url":"https:\/\/tunisia-savory.com\/wp-content\/uploads\/2025\/12\/Olives-Grillees-Naturelles-4.jpeg","contentUrl":"https:\/\/tunisia-savory.com\/wp-content\/uploads\/2025\/12\/Olives-Grillees-Naturelles-4.jpeg","width":1060,"height":743},{"@type":"BreadcrumbList","@id":"https:\/\/tunisia-savory.com\/produit\/olives-grillees-tunisie\/#breadcrumb","itemListElement":[{"@type":"ListItem","position":1,"name":"Accueil","item":"https:\/\/tunisia-savory.com\/"},{"@type":"ListItem","position":2,"name":"Boutique","item":"https:\/\/tunisia-savory.com\/boutique-epicerie-tunisie\/"},{"@type":"ListItem","position":3,"name":"Olives Grill\u00e9es Naturelles"}]},{"@type":"WebSite","@id":"https:\/\/tunisia-savory.com\/#website","url":"https:\/\/tunisia-savory.com\/","name":"Tunisia-savory.com","description":"Tunisia-savory.com","publisher":{"@id":"https:\/\/tunisia-savory.com\/#organization"},"potentialAction":[{"@type":"SearchAction","target":{"@type":"EntryPoint","urlTemplate":"https:\/\/tunisia-savory.com\/?s={search_term_string}"},"query-input":{"@type":"PropertyValueSpecification","valueRequired":true,"valueName":"search_term_string"}}],"inLanguage":"ar"},{"@type":"Organization","@id":"https:\/\/tunisia-savory.com\/#organization","name":"Tunisia-savory.com","url":"https:\/\/tunisia-savory.com\/","logo":{"@type":"ImageObject","inLanguage":"ar","@id":"https:\/\/tunisia-savory.com\/#\/schema\/logo\/image\/","url":"https:\/\/tunisia-savory.com\/wp-content\/uploads\/2026\/01\/logo-dark.png","contentUrl":"https:\/\/tunisia-savory.com\/wp-content\/uploads\/2026\/01\/logo-dark.png","width":552,"height":132,"caption":"Tunisia-savory.com"},"image":{"@id":"https:\/\/tunisia-savory.com\/#\/schema\/logo\/image\/"},"sameAs":["https:\/\/www.facebook.com\/profile.php?id=61584505435972","https:\/\/www.instagram.com\/tunisiasavory\/"]}]}},"_links":{"self":[{"href":"https:\/\/tunisia-savory.com\/ar\/wp-json\/wp\/v2\/product\/6268","targetHints":{"allow":["GET"]}}],"collection":[{"href":"https:\/\/tunisia-savory.com\/ar\/wp-json\/wp\/v2\/product"}],"about":[{"href":"https:\/\/tunisia-savory.com\/ar\/wp-json\/wp\/v2\/types\/product"}],"replies":[{"embeddable":true,"href":"https:\/\/tunisia-savory.com\/ar\/wp-json\/wp\/v2\/comments?post=6268"}],"version-history":[{"count":4,"href":"https:\/\/tunisia-savory.com\/ar\/wp-json\/wp\/v2\/product\/6268\/revisions"}],"predecessor-version":[{"id":7302,"href":"https:\/\/tunisia-savory.com\/ar\/wp-json\/wp\/v2\/product\/6268\/revisions\/7302"}],"wp:featuredmedia":[{"embeddable":true,"href":"https:\/\/tunisia-savory.com\/ar\/wp-json\/wp\/v2\/media\/6273"}],"wp:attachment":[{"href":"https:\/\/tunisia-savory.com\/ar\/wp-json\/wp\/v2\/media?parent=6268"}],"wp:term":[{"taxonomy":"product_brand","embeddable":true,"href":"https:\/\/tunisia-savory.com\/ar\/wp-json\/wp\/v2\/product_brand?post=6268"},{"taxonomy":"product_cat","embeddable":true,"href":"https:\/\/tunisia-savory.com\/ar\/wp-json\/wp\/v2\/product_cat?post=6268"},{"taxonomy":"product_tag","embeddable":true,"href":"https:\/\/tunisia-savory.com\/ar\/wp-json\/wp\/v2\/product_tag?post=6268"}],"curies":[{"name":"wp","href":"https:\/\/api.w.org\/{rel}","templated":true}]}}