{"id":4320,"date":"2025-09-20T06:08:26","date_gmt":"2025-09-20T06:08:26","guid":{"rendered":"https:\/\/tunisia-savory.com\/?post_type=product&#038;p=4320"},"modified":"2026-02-01T20:15:19","modified_gmt":"2026-02-01T20:15:19","slug":"basilic-seche-de-tunisie","status":"publish","type":"product","link":"https:\/\/tunisia-savory.com\/ar\/product\/basilic-seche-de-tunisie\/","title":{"rendered":"\u062d\u0628\u0642 \u0634\u0627\u064a\u062d"},"content":{"rendered":"<ul>\n<li>\n<p class=\"ds-markdown-paragraph\"><strong>Origine &amp; Savoir-Faire :<\/strong><br \/>\nCultiv\u00e9 en plein soleil tunisien, le basilic est r\u00e9colt\u00e9 \u00e0 la main \u00e0 pleine maturit\u00e9 puis s\u00e9ch\u00e9 lentement \u00e0 basse temp\u00e9rature pour pr\u00e9server ses huiles essentielles et sa couleur verte intense.<\/p>\n<\/li>\n<li>\n<p class=\"ds-markdown-paragraph\"><strong>Profil Sensoriel :<\/strong><\/p>\n<ul>\n<li>\n<p class=\"ds-markdown-paragraph\"><strong>Ar\u00f4me :<\/strong>\u00a0Puissant, l\u00e9g\u00e8rement anis\u00e9 et poivr\u00e9, avec des notes de clou de girofle.<\/p>\n<\/li>\n<li>\n<p class=\"ds-markdown-paragraph\"><strong>Go\u00fbt :<\/strong>\u00a0Chaud et \u00e9pic\u00e9, plus intense que le basilic frais.<\/p>\n<\/li>\n<li>\n<p class=\"ds-markdown-paragraph\"><strong>Couleur :<\/strong>\u00a0Vert fonc\u00e9 avec des reflets violets.<\/p>\n<\/li>\n<\/ul>\n<\/li>\n<li>\n<p class=\"ds-markdown-paragraph\"><strong>Bienfaits :<\/strong><\/p>\n<ul>\n<li>\n<p class=\"ds-markdown-paragraph\"><strong>Digestif :<\/strong>\u00a0Favorise la digestion et r\u00e9duit les ballonnements.<\/p>\n<\/li>\n<li>\n<p class=\"ds-markdown-paragraph\"><strong>Antioxydant :<\/strong>\u00a0Riche en compos\u00e9s ph\u00e9noliques.<\/p>\n<\/li>\n<li>\n<p class=\"ds-markdown-paragraph\"><strong>Sans Additifs :<\/strong>\u00a0100% basilic s\u00e9ch\u00e9.<\/p>\n<\/li>\n<\/ul>\n<\/li>\n<li>\n<p class=\"ds-markdown-paragraph\"><strong>Utilisations :<\/strong><\/p>\n<ul>\n<li>\n<p class=\"ds-markdown-paragraph\"><strong>Cuisine :<\/strong><\/p>\n<ul>\n<li>\n<p class=\"ds-markdown-paragraph\"><strong>P\u00e2tes :<\/strong>\u00a0Sauces tomate, pesto maison.<\/p>\n<\/li>\n<li>\n<p class=\"ds-markdown-paragraph\"><strong>Viandes :<\/strong>\u00a0Grillades, rago\u00fbts, marinades.<\/p>\n<\/li>\n<li>\n<p class=\"ds-markdown-paragraph\"><strong>L\u00e9gumes :<\/strong>\u00a0Tomates, aubergines, courgettes.<\/p>\n<\/li>\n<\/ul>\n<\/li>\n<li>\n<p class=\"ds-markdown-paragraph\"><strong>Infusions :<\/strong><\/p>\n<ul>\n<li>\n<p class=\"ds-markdown-paragraph\">M\u00e9lang\u00e9 \u00e0 d&rsquo;autres herbes pour une tisane digestive.<\/p>\n<\/li>\n<\/ul>\n<\/li>\n<\/ul>\n<\/li>\n<\/ul>\n<h1>. <strong>Informations Techniques :<\/strong><\/h1>\n<ul>\n<li>\n<p class=\"ds-markdown-paragraph\"><strong>Poids Net :<\/strong>\u00a020g, 50g (sachet kraft avec fen\u00eatre).<\/p>\n<\/li>\n<li>\n<p class=\"ds-markdown-paragraph\"><strong>Ingr\u00e9dients :<\/strong>\u00a0100% basilic s\u00e9ch\u00e9 (<em>Ocimum basilicum<\/em>).<\/p>\n<\/li>\n<li>\n<p class=\"ds-markdown-paragraph\"><strong>Conservation :<\/strong>\u00a0\u00c0 l&rsquo;abri de la lumi\u00e8re et de l&rsquo;humidit\u00e9.<\/p>\n<\/li>\n<li>\n<p class=\"ds-markdown-paragraph\"><strong>Allerg\u00e8nes :<\/strong>\u00a0Aucun.<\/p>\n<\/li>\n<li>\n<p class=\"ds-markdown-paragraph\"><strong>Origine :<\/strong>\u00a0Tunisie<\/p>\n<\/li>\n<\/ul>","protected":false},"excerpt":{"rendered":"<p>\u0631\u064a\u062d\u0627\u0646\u0646\u0627 \u0627\u0644\u0645\u062c\u0641\u0641 \u0627\u0644\u062a\u0648\u0646\u0633\u064a\u060c \u0630\u0648 \u0627\u0644\u0631\u0648\u0627\u0626\u062d \u0627\u0644\u0642\u0648\u064a\u0629 \u0648\u0627\u0644\u0646\u0643\u0647\u0629 \u0627\u0644\u062e\u0641\u064a\u0641\u0629 \u0627\u0644\u0645\u0644\u064a\u062d\u0629\u060c \u0645\u062b\u0627\u0644\u064a \u0644\u0625\u0636\u0641\u0627\u0621 \u0639\u0637\u0631\u0647 \u0639\u0644\u0649 \u0623\u0637\u0628\u0627\u0642\u0643\u0645 \u0627\u0644\u0645\u062a\u0648\u0633\u0637\u064a\u0629 \u0637\u0648\u0627\u0644 \u0627\u0644\u0633\u0646\u0629.<\/p>","protected":false},"featured_media":4323,"comment_status":"open","ping_status":"closed","template":"","meta":[],"product_brand":[111],"product_cat":[19],"product_tag":[65,64],"class_list":{"0":"post-4320","1":"product","2":"type-product","3":"status-publish","4":"has-post-thumbnail","6":"product_brand-tunisiasavory","7":"product_cat-epices-melanges","8":"product_tag-feuilles-herbes-sechees","9":"product_tag-produits-naturels","11":"first","12":"instock","13":"sale","14":"shipping-taxable","15":"purchasable","16":"product-type-simple"},"yoast_head":"<!-- This site is optimized with the Yoast SEO plugin v27.4 - https:\/\/yoast.com\/product\/yoast-seo-wordpress\/ -->\n<title>Basilic S\u00e9ch\u00e9 de Tunisie | Acheter en ligne en Tunisie - Tunisia-savory.com<\/title>\n<meta name=\"robots\" content=\"index, follow, max-snippet:-1, max-image-preview:large, max-video-preview:-1\" \/>\n<link rel=\"canonical\" href=\"https:\/\/tunisia-savory.com\/ar\/product\/basilic-seche-de-tunisie\/\" \/>\n<meta property=\"og:locale\" content=\"ar_AR\" \/>\n<meta property=\"og:type\" content=\"article\" \/>\n<meta property=\"og:title\" content=\"Basilic S\u00e9ch\u00e9 de Tunisie | Acheter en ligne en Tunisie - Tunisia-savory.com\" \/>\n<meta property=\"og:description\" content=\"Notre basilic s\u00e9ch\u00e9 tunisien, aux ar\u00f4mes puissants et l\u00e9g\u00e8rement poivr\u00e9s, est id\u00e9al pour parfumer vos plats m\u00e9diterran\u00e9ens toute l&#039;ann\u00e9e.\" \/>\n<meta property=\"og:url\" content=\"https:\/\/tunisia-savory.com\/ar\/product\/basilic-seche-de-tunisie\/\" \/>\n<meta property=\"og:site_name\" content=\"Tunisia-savory.com\" \/>\n<meta property=\"article:publisher\" content=\"https:\/\/www.facebook.com\/profile.php?id=61584505435972\" \/>\n<meta property=\"article:modified_time\" content=\"2026-02-01T20:15:19+00:00\" \/>\n<meta property=\"og:image\" content=\"https:\/\/tunisia-savory.com\/wp-content\/uploads\/2025\/09\/telecharger-61-1.jpeg\" \/>\n\t<meta property=\"og:image:width\" content=\"279\" \/>\n\t<meta property=\"og:image:height\" content=\"181\" \/>\n\t<meta property=\"og:image:type\" content=\"image\/jpeg\" \/>\n<meta name=\"twitter:card\" content=\"summary_large_image\" \/>\n<meta name=\"twitter:label1\" content=\"\u0648\u0642\u062a \u0627\u0644\u0642\u0631\u0627\u0621\u0629 \u0627\u0644\u0645\u064f\u0642\u062f\u0651\u0631\" \/>\n\t<meta name=\"twitter:data1\" content=\"\u062f\u0642\u064a\u0642\u0629 \u0648\u0627\u062d\u062f\u0629\" \/>\n<script type=\"application\/ld+json\" class=\"yoast-schema-graph\">{\"@context\":\"https:\\\/\\\/schema.org\",\"@graph\":[{\"@type\":\"WebPage\",\"@id\":\"https:\\\/\\\/tunisia-savory.com\\\/produit\\\/basilic-seche-de-tunisie\\\/\",\"url\":\"https:\\\/\\\/tunisia-savory.com\\\/produit\\\/basilic-seche-de-tunisie\\\/\",\"name\":\"Basilic S\u00e9ch\u00e9 de Tunisie | Acheter en ligne en Tunisie - Tunisia-savory.com\",\"isPartOf\":{\"@id\":\"https:\\\/\\\/tunisia-savory.com\\\/#website\"},\"primaryImageOfPage\":{\"@id\":\"https:\\\/\\\/tunisia-savory.com\\\/produit\\\/basilic-seche-de-tunisie\\\/#primaryimage\"},\"image\":{\"@id\":\"https:\\\/\\\/tunisia-savory.com\\\/produit\\\/basilic-seche-de-tunisie\\\/#primaryimage\"},\"thumbnailUrl\":\"https:\\\/\\\/tunisia-savory.com\\\/wp-content\\\/uploads\\\/2025\\\/09\\\/telecharger-61-1.jpeg\",\"datePublished\":\"2025-09-20T06:08:26+00:00\",\"dateModified\":\"2026-02-01T20:15:19+00:00\",\"breadcrumb\":{\"@id\":\"https:\\\/\\\/tunisia-savory.com\\\/produit\\\/basilic-seche-de-tunisie\\\/#breadcrumb\"},\"inLanguage\":\"ar\",\"potentialAction\":[{\"@type\":\"ReadAction\",\"target\":[\"https:\\\/\\\/tunisia-savory.com\\\/produit\\\/basilic-seche-de-tunisie\\\/\"]}]},{\"@type\":\"ImageObject\",\"inLanguage\":\"ar\",\"@id\":\"https:\\\/\\\/tunisia-savory.com\\\/produit\\\/basilic-seche-de-tunisie\\\/#primaryimage\",\"url\":\"https:\\\/\\\/tunisia-savory.com\\\/wp-content\\\/uploads\\\/2025\\\/09\\\/telecharger-61-1.jpeg\",\"contentUrl\":\"https:\\\/\\\/tunisia-savory.com\\\/wp-content\\\/uploads\\\/2025\\\/09\\\/telecharger-61-1.jpeg\",\"width\":279,\"height\":181},{\"@type\":\"BreadcrumbList\",\"@id\":\"https:\\\/\\\/tunisia-savory.com\\\/produit\\\/basilic-seche-de-tunisie\\\/#breadcrumb\",\"itemListElement\":[{\"@type\":\"ListItem\",\"position\":1,\"name\":\"Accueil\",\"item\":\"https:\\\/\\\/tunisia-savory.com\\\/\"},{\"@type\":\"ListItem\",\"position\":2,\"name\":\"Boutique\",\"item\":\"https:\\\/\\\/tunisia-savory.com\\\/boutique-epicerie-tunisie\\\/\"},{\"@type\":\"ListItem\",\"position\":3,\"name\":\"Basilic S\u00e9ch\u00e9 de Tunisie\"}]},{\"@type\":\"WebSite\",\"@id\":\"https:\\\/\\\/tunisia-savory.com\\\/#website\",\"url\":\"https:\\\/\\\/tunisia-savory.com\\\/\",\"name\":\"Tunisia-savory.com\",\"description\":\"Tunisia-savory.com\",\"publisher\":{\"@id\":\"https:\\\/\\\/tunisia-savory.com\\\/#organization\"},\"potentialAction\":[{\"@type\":\"SearchAction\",\"target\":{\"@type\":\"EntryPoint\",\"urlTemplate\":\"https:\\\/\\\/tunisia-savory.com\\\/?s={search_term_string}\"},\"query-input\":{\"@type\":\"PropertyValueSpecification\",\"valueRequired\":true,\"valueName\":\"search_term_string\"}}],\"inLanguage\":\"ar\"},{\"@type\":\"Organization\",\"@id\":\"https:\\\/\\\/tunisia-savory.com\\\/#organization\",\"name\":\"Tunisia-savory.com\",\"url\":\"https:\\\/\\\/tunisia-savory.com\\\/\",\"logo\":{\"@type\":\"ImageObject\",\"inLanguage\":\"ar\",\"@id\":\"https:\\\/\\\/tunisia-savory.com\\\/#\\\/schema\\\/logo\\\/image\\\/\",\"url\":\"https:\\\/\\\/tunisia-savory.com\\\/wp-content\\\/uploads\\\/2026\\\/01\\\/logo-dark.png\",\"contentUrl\":\"https:\\\/\\\/tunisia-savory.com\\\/wp-content\\\/uploads\\\/2026\\\/01\\\/logo-dark.png\",\"width\":552,\"height\":132,\"caption\":\"Tunisia-savory.com\"},\"image\":{\"@id\":\"https:\\\/\\\/tunisia-savory.com\\\/#\\\/schema\\\/logo\\\/image\\\/\"},\"sameAs\":[\"https:\\\/\\\/www.facebook.com\\\/profile.php?id=61584505435972\",\"https:\\\/\\\/www.instagram.com\\\/tunisiasavory\\\/\"]}]}<\/script>\n<!-- \/ Yoast SEO plugin. -->","yoast_head_json":{"title":"Basilic S\u00e9ch\u00e9 de Tunisie | Acheter en ligne en Tunisie - Tunisia-savory.com","robots":{"index":"index","follow":"follow","max-snippet":"max-snippet:-1","max-image-preview":"max-image-preview:large","max-video-preview":"max-video-preview:-1"},"canonical":"https:\/\/tunisia-savory.com\/ar\/product\/basilic-seche-de-tunisie\/","og_locale":"ar_AR","og_type":"article","og_title":"Basilic S\u00e9ch\u00e9 de Tunisie | Acheter en ligne en Tunisie - Tunisia-savory.com","og_description":"Notre basilic s\u00e9ch\u00e9 tunisien, aux ar\u00f4mes puissants et l\u00e9g\u00e8rement poivr\u00e9s, est id\u00e9al pour parfumer vos plats m\u00e9diterran\u00e9ens toute l'ann\u00e9e.","og_url":"https:\/\/tunisia-savory.com\/ar\/product\/basilic-seche-de-tunisie\/","og_site_name":"Tunisia-savory.com","article_publisher":"https:\/\/www.facebook.com\/profile.php?id=61584505435972","article_modified_time":"2026-02-01T20:15:19+00:00","og_image":[{"width":279,"height":181,"url":"https:\/\/tunisia-savory.com\/wp-content\/uploads\/2025\/09\/telecharger-61-1.jpeg","type":"image\/jpeg"}],"twitter_card":"summary_large_image","twitter_misc":{"\u0648\u0642\u062a \u0627\u0644\u0642\u0631\u0627\u0621\u0629 \u0627\u0644\u0645\u064f\u0642\u062f\u0651\u0631":"\u062f\u0642\u064a\u0642\u0629 \u0648\u0627\u062d\u062f\u0629"},"schema":{"@context":"https:\/\/schema.org","@graph":[{"@type":"WebPage","@id":"https:\/\/tunisia-savory.com\/produit\/basilic-seche-de-tunisie\/","url":"https:\/\/tunisia-savory.com\/produit\/basilic-seche-de-tunisie\/","name":"Basilic S\u00e9ch\u00e9 de Tunisie | Acheter en ligne en Tunisie - Tunisia-savory.com","isPartOf":{"@id":"https:\/\/tunisia-savory.com\/#website"},"primaryImageOfPage":{"@id":"https:\/\/tunisia-savory.com\/produit\/basilic-seche-de-tunisie\/#primaryimage"},"image":{"@id":"https:\/\/tunisia-savory.com\/produit\/basilic-seche-de-tunisie\/#primaryimage"},"thumbnailUrl":"https:\/\/tunisia-savory.com\/wp-content\/uploads\/2025\/09\/telecharger-61-1.jpeg","datePublished":"2025-09-20T06:08:26+00:00","dateModified":"2026-02-01T20:15:19+00:00","breadcrumb":{"@id":"https:\/\/tunisia-savory.com\/produit\/basilic-seche-de-tunisie\/#breadcrumb"},"inLanguage":"ar","potentialAction":[{"@type":"ReadAction","target":["https:\/\/tunisia-savory.com\/produit\/basilic-seche-de-tunisie\/"]}]},{"@type":"ImageObject","inLanguage":"ar","@id":"https:\/\/tunisia-savory.com\/produit\/basilic-seche-de-tunisie\/#primaryimage","url":"https:\/\/tunisia-savory.com\/wp-content\/uploads\/2025\/09\/telecharger-61-1.jpeg","contentUrl":"https:\/\/tunisia-savory.com\/wp-content\/uploads\/2025\/09\/telecharger-61-1.jpeg","width":279,"height":181},{"@type":"BreadcrumbList","@id":"https:\/\/tunisia-savory.com\/produit\/basilic-seche-de-tunisie\/#breadcrumb","itemListElement":[{"@type":"ListItem","position":1,"name":"Accueil","item":"https:\/\/tunisia-savory.com\/"},{"@type":"ListItem","position":2,"name":"Boutique","item":"https:\/\/tunisia-savory.com\/boutique-epicerie-tunisie\/"},{"@type":"ListItem","position":3,"name":"Basilic S\u00e9ch\u00e9 de Tunisie"}]},{"@type":"WebSite","@id":"https:\/\/tunisia-savory.com\/#website","url":"https:\/\/tunisia-savory.com\/","name":"Tunisia-savory.com","description":"Tunisia-savory.com","publisher":{"@id":"https:\/\/tunisia-savory.com\/#organization"},"potentialAction":[{"@type":"SearchAction","target":{"@type":"EntryPoint","urlTemplate":"https:\/\/tunisia-savory.com\/?s={search_term_string}"},"query-input":{"@type":"PropertyValueSpecification","valueRequired":true,"valueName":"search_term_string"}}],"inLanguage":"ar"},{"@type":"Organization","@id":"https:\/\/tunisia-savory.com\/#organization","name":"Tunisia-savory.com","url":"https:\/\/tunisia-savory.com\/","logo":{"@type":"ImageObject","inLanguage":"ar","@id":"https:\/\/tunisia-savory.com\/#\/schema\/logo\/image\/","url":"https:\/\/tunisia-savory.com\/wp-content\/uploads\/2026\/01\/logo-dark.png","contentUrl":"https:\/\/tunisia-savory.com\/wp-content\/uploads\/2026\/01\/logo-dark.png","width":552,"height":132,"caption":"Tunisia-savory.com"},"image":{"@id":"https:\/\/tunisia-savory.com\/#\/schema\/logo\/image\/"},"sameAs":["https:\/\/www.facebook.com\/profile.php?id=61584505435972","https:\/\/www.instagram.com\/tunisiasavory\/"]}]}},"_links":{"self":[{"href":"https:\/\/tunisia-savory.com\/ar\/wp-json\/wp\/v2\/product\/4320","targetHints":{"allow":["GET"]}}],"collection":[{"href":"https:\/\/tunisia-savory.com\/ar\/wp-json\/wp\/v2\/product"}],"about":[{"href":"https:\/\/tunisia-savory.com\/ar\/wp-json\/wp\/v2\/types\/product"}],"replies":[{"embeddable":true,"href":"https:\/\/tunisia-savory.com\/ar\/wp-json\/wp\/v2\/comments?post=4320"}],"version-history":[{"count":3,"href":"https:\/\/tunisia-savory.com\/ar\/wp-json\/wp\/v2\/product\/4320\/revisions"}],"predecessor-version":[{"id":7355,"href":"https:\/\/tunisia-savory.com\/ar\/wp-json\/wp\/v2\/product\/4320\/revisions\/7355"}],"wp:featuredmedia":[{"embeddable":true,"href":"https:\/\/tunisia-savory.com\/ar\/wp-json\/wp\/v2\/media\/4323"}],"wp:attachment":[{"href":"https:\/\/tunisia-savory.com\/ar\/wp-json\/wp\/v2\/media?parent=4320"}],"wp:term":[{"taxonomy":"product_brand","embeddable":true,"href":"https:\/\/tunisia-savory.com\/ar\/wp-json\/wp\/v2\/product_brand?post=4320"},{"taxonomy":"product_cat","embeddable":true,"href":"https:\/\/tunisia-savory.com\/ar\/wp-json\/wp\/v2\/product_cat?post=4320"},{"taxonomy":"product_tag","embeddable":true,"href":"https:\/\/tunisia-savory.com\/ar\/wp-json\/wp\/v2\/product_tag?post=4320"}],"curies":[{"name":"wp","href":"https:\/\/api.w.org\/{rel}","templated":true}]}}