{"id":4122,"date":"2025-09-17T13:38:50","date_gmt":"2025-09-17T13:38:50","guid":{"rendered":"https:\/\/tunisia-savory.com\/?post_type=product&#038;p=4122"},"modified":"2026-02-01T20:15:19","modified_gmt":"2026-02-01T20:15:19","slug":"draa-arbi-moulu-aux-fruits-secs","status":"publish","type":"product","link":"https:\/\/tunisia-savory.com\/ar\/product\/draa-arbi-moulu-aux-fruits-secs\/","title":{"rendered":"\u062f\u0652\u0631\u0627\u0639 \u0639\u0631\u0628\u064a \u0645\u0637\u062d\u0648\u0646 \u0628\u0627\u0644\u0641\u0648\u0627\u0643\u0647 \u0627\u0644\u062c\u0627\u0641\u0629"},"content":{"rendered":"<p data-start=\"842\" data-end=\"1181\"><strong data-start=\"845\" data-end=\"873\">rigine &amp; Savoir-Faire :<\/strong><br data-start=\"873\" data-end=\"876\" \/>Pr\u00e9par\u00e9 selon les m\u00e9thodes ancestrales, le <strong data-start=\"919\" data-end=\"932\">Dr\u00e2a Arbi<\/strong>\u00a0 tunisien soigneusement moulu, puis associ\u00e9 \u00e0 un m\u00e9lange de fruits secs (amandes, noisettes, dattes, raisins secs\u2026). C\u2019est une sp\u00e9cialit\u00e9 consomm\u00e9e depuis des g\u00e9n\u00e9rations, r\u00e9put\u00e9e pour sa richesse nutritionnelle et son go\u00fbt unique.<\/p>\n<p data-start=\"1183\" data-end=\"1210\">\ud83d\udd39 <strong data-start=\"1186\" data-end=\"1208\">Profil Sensoriel :<\/strong><\/p>\n<ul data-start=\"1211\" data-end=\"1415\">\n<li data-start=\"1211\" data-end=\"1290\">\n<p data-start=\"1213\" data-end=\"1290\"><strong data-start=\"1213\" data-end=\"1224\">Ar\u00f4me :<\/strong> Chaud, grill\u00e9, aux notes naturelles de c\u00e9r\u00e9ales et fruits secs.<\/p>\n<\/li>\n<li data-start=\"1291\" data-end=\"1359\">\n<p data-start=\"1293\" data-end=\"1359\"><strong data-start=\"1293\" data-end=\"1303\">Go\u00fbt :<\/strong> Doux et authentique, l\u00e9g\u00e8rement sucr\u00e9 par les fruits.<\/p>\n<\/li>\n<li data-start=\"1360\" data-end=\"1415\">\n<p data-start=\"1362\" data-end=\"1415\"><strong data-start=\"1362\" data-end=\"1375\">Texture :<\/strong> Fine et fondante, agr\u00e9able en bouche.<\/p>\n<\/li>\n<\/ul>\n<p data-start=\"1417\" data-end=\"1437\">\ud83d\udd39 <strong data-start=\"1420\" data-end=\"1435\">Bienfaits :<\/strong><\/p>\n<ul data-start=\"1438\" data-end=\"1644\">\n<li data-start=\"1438\" data-end=\"1493\">\n<p data-start=\"1440\" data-end=\"1493\">Riche en fibres et min\u00e9raux (magn\u00e9sium, fer, zinc).<\/p>\n<\/li>\n<li data-start=\"1494\" data-end=\"1558\">\n<p data-start=\"1496\" data-end=\"1558\">Source d\u2019\u00e9nergie naturelle, id\u00e9ale pour sportifs et enfants.<\/p>\n<\/li>\n<li data-start=\"1559\" data-end=\"1611\">\n<p data-start=\"1561\" data-end=\"1611\">M\u00e9lange \u00e9quilibr\u00e9 entre c\u00e9r\u00e9ales et fruits secs.<\/p>\n<\/li>\n<li data-start=\"1612\" data-end=\"1644\">\n<p data-start=\"1614\" data-end=\"1644\">100% naturel, sans additifs.<\/p>\n<\/li>\n<\/ul>\n<p data-start=\"1646\" data-end=\"1668\">\ud83d\udd39 <strong data-start=\"1649\" data-end=\"1666\">Pr\u00e9paration :<\/strong><\/p>\n<ol data-start=\"1669\" data-end=\"1845\">\n<li data-start=\"1669\" data-end=\"1732\">\n<p data-start=\"1672\" data-end=\"1732\">M\u00e9langer la farine de dr\u00e2a avec du lait chaud ou de l\u2019eau.<\/p>\n<\/li>\n<li data-start=\"1733\" data-end=\"1784\">\n<p data-start=\"1736\" data-end=\"1784\">Sucrer selon vos envies (miel, sucre, dattes).<\/p>\n<\/li>\n<li data-start=\"1785\" data-end=\"1845\">\n<p data-start=\"1788\" data-end=\"1845\">Servir chaud ou froid, nature ou garni de fruits frais.<\/p>\n<\/li>\n<\/ol>\n<p data-start=\"1847\" data-end=\"1870\">\ud83d\udd39 <strong data-start=\"1850\" data-end=\"1868\">Utilisations :<\/strong><\/p>\n<ul data-start=\"1871\" data-end=\"2117\">\n<li data-start=\"1871\" data-end=\"1931\">\n<p data-start=\"1873\" data-end=\"1931\"><strong data-start=\"1873\" data-end=\"1905\">Petit-d\u00e9jeuner \u00e9nerg\u00e9tique :<\/strong> Dr\u00e2a au lait et fruits.<\/p>\n<\/li>\n<li data-start=\"1932\" data-end=\"1991\">\n<p data-start=\"1934\" data-end=\"1991\"><strong data-start=\"1934\" data-end=\"1960\">Dessert traditionnel :<\/strong> Sucr\u00e9 avec miel et cannelle.<\/p>\n<\/li>\n<li data-start=\"1992\" data-end=\"2048\">\n<p data-start=\"1994\" data-end=\"2048\"><strong data-start=\"1994\" data-end=\"2015\">Collation saine :<\/strong> Pr\u00e9par\u00e9 fa\u00e7on cr\u00e8me onctueuse.<\/p>\n<\/li>\n<li data-start=\"2049\" data-end=\"2117\">\n<p data-start=\"2051\" data-end=\"2117\"><strong data-start=\"2051\" data-end=\"2075\">Nutrition sportive :<\/strong> Source d\u2019\u00e9nergie avant ou apr\u00e8s effort.<\/p>\n<\/li>\n<\/ul>\n<p data-start=\"2119\" data-end=\"2153\"><strong data-start=\"2119\" data-end=\"2151\">. Informations Techniques :<\/strong><\/p>\n<ul data-start=\"2154\" data-end=\"2446\">\n<li data-start=\"2154\" data-end=\"2209\">\n<p data-start=\"2156\" data-end=\"2209\"><strong data-start=\"2156\" data-end=\"2171\">Poids Net :<\/strong> 500g, 1kg (sachet kraft refermable)<\/p>\n<\/li>\n<li data-start=\"2210\" data-end=\"2296\">\n<p data-start=\"2212\" data-end=\"2296\"><strong data-start=\"2212\" data-end=\"2229\">Ingr\u00e9dients :<\/strong> Bl\u00e9 dur moulu, fruits secs (amandes, noisettes, raisins, dattes)<\/p>\n<\/li>\n<li data-start=\"2297\" data-end=\"2365\">\n<p data-start=\"2299\" data-end=\"2365\"><strong data-start=\"2299\" data-end=\"2317\">Conservation :<\/strong> Dans un endroit sec et \u00e0 l\u2019abri de la lumi\u00e8re<\/p>\n<\/li>\n<li data-start=\"2366\" data-end=\"2420\">\n<p data-start=\"2368\" data-end=\"2420\"><strong data-start=\"2368\" data-end=\"2384\">Allerg\u00e8nes :<\/strong> Contient gluten et fruits \u00e0 coque<\/p>\n<\/li>\n<li data-start=\"2421\" data-end=\"2446\">\n<p data-start=\"2423\" data-end=\"2446\"><strong data-start=\"2423\" data-end=\"2436\">Origine :<\/strong> Tunisie<\/p>\n<\/li>\n<\/ul>","protected":false},"excerpt":{"rendered":"<p class=\"translation-block\">\u062f\u0652\u0631\u0627\u0639 \u0639\u0631\u0628\u064a \u0645\u0637\u062d\u0648\u0646 \u0647\u0648 \u062a\u062d\u0636\u064a\u0631 \u062a\u0648\u0646\u0633\u064a \u062a\u0642\u0644\u064a\u062f\u064a \u0645\u0635\u0646\u0648\u0639 \u0645\u0646 \u0627\u0644\u062f\u0652\u0631\u0627\u0639 \u0627\u0644\u0645\u0637\u062d\u0648\u0646\u060c \u0645\u0639\u0632\u0632 \u0628\u0627\u0644\u0641\u0648\u0627\u0643\u0647 \u0627\u0644\u062c\u0627\u0641\u0629. \u0648\u0635\u0641\u0629 \u0635\u062d\u064a\u0629 \u0648\u0645\u063a\u0630\u064a\u0629\u060c \u0631\u0645\u0632 \u0644\u0644\u0623\u0635\u0627\u0644\u0629 \u0648\u0627\u0644\u0644\u0630\u0629.<\/p>","protected":false},"featured_media":4124,"comment_status":"open","ping_status":"closed","template":"","meta":[],"product_brand":[111],"product_cat":[345],"product_tag":[70,82,71,93,84,64,68,73],"class_list":{"0":"post-4122","1":"product","2":"type-product","3":"status-publish","4":"has-post-thumbnail","6":"product_brand-tunisiasavory","7":"product_cat-pates-artisanales","8":"product_tag-nutrition-sportive","9":"product_tag-organic","10":"product_tag-poudre-100-naturelle","11":"product_tag-preparations-culinaires","12":"product_tag-produits-du-petit-dejeuner","13":"product_tag-produits-naturels","14":"product_tag-snacks-veganes-patisseries-maison","15":"product_tag-specialites-tunisiennes","17":"first","18":"instock","19":"sale","20":"shipping-taxable","21":"purchasable","22":"product-type-simple"},"yoast_head":"<!-- This site is optimized with the Yoast SEO plugin v27.4 - https:\/\/yoast.com\/product\/yoast-seo-wordpress\/ -->\n<title>Dr\u00e2a Arbi Moulu aux Fruits Secs | Acheter en ligne en Tunisie - Tunisia-savory.com<\/title>\n<meta name=\"robots\" content=\"index, follow, max-snippet:-1, max-image-preview:large, max-video-preview:-1\" \/>\n<link rel=\"canonical\" href=\"https:\/\/tunisia-savory.com\/ar\/product\/draa-arbi-moulu-aux-fruits-secs\/\" \/>\n<meta property=\"og:locale\" content=\"ar_AR\" \/>\n<meta property=\"og:type\" content=\"article\" \/>\n<meta property=\"og:title\" content=\"Dr\u00e2a Arbi Moulu aux Fruits Secs | Acheter en ligne en Tunisie - Tunisia-savory.com\" \/>\n<meta property=\"og:description\" content=\"Le Dr\u00e2a Arbi Moulu est une pr\u00e9paration traditionnelle tunisienne \u00e0 base de Dr\u00e2a moulu, enrichie en fruits secs. Une recette saine et nourrissante, symbole d\u2019authenticit\u00e9 et de gourmandise\" \/>\n<meta property=\"og:url\" content=\"https:\/\/tunisia-savory.com\/ar\/product\/draa-arbi-moulu-aux-fruits-secs\/\" \/>\n<meta property=\"og:site_name\" content=\"Tunisia-savory.com\" \/>\n<meta property=\"article:publisher\" content=\"https:\/\/www.facebook.com\/profile.php?id=61584505435972\" \/>\n<meta property=\"article:modified_time\" content=\"2026-02-01T20:15:19+00:00\" \/>\n<meta property=\"og:image\" content=\"https:\/\/tunisia-savory.com\/wp-content\/uploads\/2025\/09\/telecharger-55.jpeg\" \/>\n\t<meta property=\"og:image:width\" content=\"208\" \/>\n\t<meta property=\"og:image:height\" content=\"243\" \/>\n\t<meta property=\"og:image:type\" content=\"image\/jpeg\" \/>\n<meta name=\"twitter:card\" content=\"summary_large_image\" \/>\n<meta name=\"twitter:label1\" content=\"\u0648\u0642\u062a \u0627\u0644\u0642\u0631\u0627\u0621\u0629 \u0627\u0644\u0645\u064f\u0642\u062f\u0651\u0631\" \/>\n\t<meta name=\"twitter:data1\" content=\"\u062f\u0642\u064a\u0642\u062a\u0627\u0646\" \/>\n<script type=\"application\/ld+json\" class=\"yoast-schema-graph\">{\"@context\":\"https:\\\/\\\/schema.org\",\"@graph\":[{\"@type\":\"WebPage\",\"@id\":\"https:\\\/\\\/tunisia-savory.com\\\/produit\\\/draa-arbi-moulu-aux-fruits-secs\\\/\",\"url\":\"https:\\\/\\\/tunisia-savory.com\\\/produit\\\/draa-arbi-moulu-aux-fruits-secs\\\/\",\"name\":\"Dr\u00e2a Arbi Moulu aux Fruits Secs | Acheter en ligne en Tunisie - Tunisia-savory.com\",\"isPartOf\":{\"@id\":\"https:\\\/\\\/tunisia-savory.com\\\/#website\"},\"primaryImageOfPage\":{\"@id\":\"https:\\\/\\\/tunisia-savory.com\\\/produit\\\/draa-arbi-moulu-aux-fruits-secs\\\/#primaryimage\"},\"image\":{\"@id\":\"https:\\\/\\\/tunisia-savory.com\\\/produit\\\/draa-arbi-moulu-aux-fruits-secs\\\/#primaryimage\"},\"thumbnailUrl\":\"https:\\\/\\\/tunisia-savory.com\\\/wp-content\\\/uploads\\\/2025\\\/09\\\/telecharger-55.jpeg\",\"datePublished\":\"2025-09-17T13:38:50+00:00\",\"dateModified\":\"2026-02-01T20:15:19+00:00\",\"breadcrumb\":{\"@id\":\"https:\\\/\\\/tunisia-savory.com\\\/produit\\\/draa-arbi-moulu-aux-fruits-secs\\\/#breadcrumb\"},\"inLanguage\":\"ar\",\"potentialAction\":[{\"@type\":\"ReadAction\",\"target\":[\"https:\\\/\\\/tunisia-savory.com\\\/produit\\\/draa-arbi-moulu-aux-fruits-secs\\\/\"]}]},{\"@type\":\"ImageObject\",\"inLanguage\":\"ar\",\"@id\":\"https:\\\/\\\/tunisia-savory.com\\\/produit\\\/draa-arbi-moulu-aux-fruits-secs\\\/#primaryimage\",\"url\":\"https:\\\/\\\/tunisia-savory.com\\\/wp-content\\\/uploads\\\/2025\\\/09\\\/telecharger-55.jpeg\",\"contentUrl\":\"https:\\\/\\\/tunisia-savory.com\\\/wp-content\\\/uploads\\\/2025\\\/09\\\/telecharger-55.jpeg\",\"width\":208,\"height\":243},{\"@type\":\"BreadcrumbList\",\"@id\":\"https:\\\/\\\/tunisia-savory.com\\\/produit\\\/draa-arbi-moulu-aux-fruits-secs\\\/#breadcrumb\",\"itemListElement\":[{\"@type\":\"ListItem\",\"position\":1,\"name\":\"Accueil\",\"item\":\"https:\\\/\\\/tunisia-savory.com\\\/\"},{\"@type\":\"ListItem\",\"position\":2,\"name\":\"Boutique\",\"item\":\"https:\\\/\\\/tunisia-savory.com\\\/boutique-epicerie-tunisie\\\/\"},{\"@type\":\"ListItem\",\"position\":3,\"name\":\"Dr\u00e2a Arbi Moulu aux Fruits Secs\"}]},{\"@type\":\"WebSite\",\"@id\":\"https:\\\/\\\/tunisia-savory.com\\\/#website\",\"url\":\"https:\\\/\\\/tunisia-savory.com\\\/\",\"name\":\"Tunisia-savory.com\",\"description\":\"Tunisia-savory.com\",\"publisher\":{\"@id\":\"https:\\\/\\\/tunisia-savory.com\\\/#organization\"},\"potentialAction\":[{\"@type\":\"SearchAction\",\"target\":{\"@type\":\"EntryPoint\",\"urlTemplate\":\"https:\\\/\\\/tunisia-savory.com\\\/?s={search_term_string}\"},\"query-input\":{\"@type\":\"PropertyValueSpecification\",\"valueRequired\":true,\"valueName\":\"search_term_string\"}}],\"inLanguage\":\"ar\"},{\"@type\":\"Organization\",\"@id\":\"https:\\\/\\\/tunisia-savory.com\\\/#organization\",\"name\":\"Tunisia-savory.com\",\"url\":\"https:\\\/\\\/tunisia-savory.com\\\/\",\"logo\":{\"@type\":\"ImageObject\",\"inLanguage\":\"ar\",\"@id\":\"https:\\\/\\\/tunisia-savory.com\\\/#\\\/schema\\\/logo\\\/image\\\/\",\"url\":\"https:\\\/\\\/tunisia-savory.com\\\/wp-content\\\/uploads\\\/2026\\\/01\\\/logo-dark.png\",\"contentUrl\":\"https:\\\/\\\/tunisia-savory.com\\\/wp-content\\\/uploads\\\/2026\\\/01\\\/logo-dark.png\",\"width\":552,\"height\":132,\"caption\":\"Tunisia-savory.com\"},\"image\":{\"@id\":\"https:\\\/\\\/tunisia-savory.com\\\/#\\\/schema\\\/logo\\\/image\\\/\"},\"sameAs\":[\"https:\\\/\\\/www.facebook.com\\\/profile.php?id=61584505435972\",\"https:\\\/\\\/www.instagram.com\\\/tunisiasavory\\\/\"]}]}<\/script>\n<!-- \/ Yoast SEO plugin. -->","yoast_head_json":{"title":"Dr\u00e2a Arbi Moulu aux Fruits Secs | Acheter en ligne en Tunisie - Tunisia-savory.com","robots":{"index":"index","follow":"follow","max-snippet":"max-snippet:-1","max-image-preview":"max-image-preview:large","max-video-preview":"max-video-preview:-1"},"canonical":"https:\/\/tunisia-savory.com\/ar\/product\/draa-arbi-moulu-aux-fruits-secs\/","og_locale":"ar_AR","og_type":"article","og_title":"Dr\u00e2a Arbi Moulu aux Fruits Secs | Acheter en ligne en Tunisie - Tunisia-savory.com","og_description":"Le Dr\u00e2a Arbi Moulu est une pr\u00e9paration traditionnelle tunisienne \u00e0 base de Dr\u00e2a moulu, enrichie en fruits secs. Une recette saine et nourrissante, symbole d\u2019authenticit\u00e9 et de gourmandise","og_url":"https:\/\/tunisia-savory.com\/ar\/product\/draa-arbi-moulu-aux-fruits-secs\/","og_site_name":"Tunisia-savory.com","article_publisher":"https:\/\/www.facebook.com\/profile.php?id=61584505435972","article_modified_time":"2026-02-01T20:15:19+00:00","og_image":[{"width":208,"height":243,"url":"https:\/\/tunisia-savory.com\/wp-content\/uploads\/2025\/09\/telecharger-55.jpeg","type":"image\/jpeg"}],"twitter_card":"summary_large_image","twitter_misc":{"\u0648\u0642\u062a \u0627\u0644\u0642\u0631\u0627\u0621\u0629 \u0627\u0644\u0645\u064f\u0642\u062f\u0651\u0631":"\u062f\u0642\u064a\u0642\u062a\u0627\u0646"},"schema":{"@context":"https:\/\/schema.org","@graph":[{"@type":"WebPage","@id":"https:\/\/tunisia-savory.com\/produit\/draa-arbi-moulu-aux-fruits-secs\/","url":"https:\/\/tunisia-savory.com\/produit\/draa-arbi-moulu-aux-fruits-secs\/","name":"Dr\u00e2a Arbi Moulu aux Fruits Secs | Acheter en ligne en Tunisie - Tunisia-savory.com","isPartOf":{"@id":"https:\/\/tunisia-savory.com\/#website"},"primaryImageOfPage":{"@id":"https:\/\/tunisia-savory.com\/produit\/draa-arbi-moulu-aux-fruits-secs\/#primaryimage"},"image":{"@id":"https:\/\/tunisia-savory.com\/produit\/draa-arbi-moulu-aux-fruits-secs\/#primaryimage"},"thumbnailUrl":"https:\/\/tunisia-savory.com\/wp-content\/uploads\/2025\/09\/telecharger-55.jpeg","datePublished":"2025-09-17T13:38:50+00:00","dateModified":"2026-02-01T20:15:19+00:00","breadcrumb":{"@id":"https:\/\/tunisia-savory.com\/produit\/draa-arbi-moulu-aux-fruits-secs\/#breadcrumb"},"inLanguage":"ar","potentialAction":[{"@type":"ReadAction","target":["https:\/\/tunisia-savory.com\/produit\/draa-arbi-moulu-aux-fruits-secs\/"]}]},{"@type":"ImageObject","inLanguage":"ar","@id":"https:\/\/tunisia-savory.com\/produit\/draa-arbi-moulu-aux-fruits-secs\/#primaryimage","url":"https:\/\/tunisia-savory.com\/wp-content\/uploads\/2025\/09\/telecharger-55.jpeg","contentUrl":"https:\/\/tunisia-savory.com\/wp-content\/uploads\/2025\/09\/telecharger-55.jpeg","width":208,"height":243},{"@type":"BreadcrumbList","@id":"https:\/\/tunisia-savory.com\/produit\/draa-arbi-moulu-aux-fruits-secs\/#breadcrumb","itemListElement":[{"@type":"ListItem","position":1,"name":"Accueil","item":"https:\/\/tunisia-savory.com\/"},{"@type":"ListItem","position":2,"name":"Boutique","item":"https:\/\/tunisia-savory.com\/boutique-epicerie-tunisie\/"},{"@type":"ListItem","position":3,"name":"Dr\u00e2a Arbi Moulu aux Fruits Secs"}]},{"@type":"WebSite","@id":"https:\/\/tunisia-savory.com\/#website","url":"https:\/\/tunisia-savory.com\/","name":"Tunisia-savory.com","description":"Tunisia-savory.com","publisher":{"@id":"https:\/\/tunisia-savory.com\/#organization"},"potentialAction":[{"@type":"SearchAction","target":{"@type":"EntryPoint","urlTemplate":"https:\/\/tunisia-savory.com\/?s={search_term_string}"},"query-input":{"@type":"PropertyValueSpecification","valueRequired":true,"valueName":"search_term_string"}}],"inLanguage":"ar"},{"@type":"Organization","@id":"https:\/\/tunisia-savory.com\/#organization","name":"Tunisia-savory.com","url":"https:\/\/tunisia-savory.com\/","logo":{"@type":"ImageObject","inLanguage":"ar","@id":"https:\/\/tunisia-savory.com\/#\/schema\/logo\/image\/","url":"https:\/\/tunisia-savory.com\/wp-content\/uploads\/2026\/01\/logo-dark.png","contentUrl":"https:\/\/tunisia-savory.com\/wp-content\/uploads\/2026\/01\/logo-dark.png","width":552,"height":132,"caption":"Tunisia-savory.com"},"image":{"@id":"https:\/\/tunisia-savory.com\/#\/schema\/logo\/image\/"},"sameAs":["https:\/\/www.facebook.com\/profile.php?id=61584505435972","https:\/\/www.instagram.com\/tunisiasavory\/"]}]}},"_links":{"self":[{"href":"https:\/\/tunisia-savory.com\/ar\/wp-json\/wp\/v2\/product\/4122","targetHints":{"allow":["GET"]}}],"collection":[{"href":"https:\/\/tunisia-savory.com\/ar\/wp-json\/wp\/v2\/product"}],"about":[{"href":"https:\/\/tunisia-savory.com\/ar\/wp-json\/wp\/v2\/types\/product"}],"replies":[{"embeddable":true,"href":"https:\/\/tunisia-savory.com\/ar\/wp-json\/wp\/v2\/comments?post=4122"}],"version-history":[{"count":2,"href":"https:\/\/tunisia-savory.com\/ar\/wp-json\/wp\/v2\/product\/4122\/revisions"}],"predecessor-version":[{"id":7353,"href":"https:\/\/tunisia-savory.com\/ar\/wp-json\/wp\/v2\/product\/4122\/revisions\/7353"}],"wp:featuredmedia":[{"embeddable":true,"href":"https:\/\/tunisia-savory.com\/ar\/wp-json\/wp\/v2\/media\/4124"}],"wp:attachment":[{"href":"https:\/\/tunisia-savory.com\/ar\/wp-json\/wp\/v2\/media?parent=4122"}],"wp:term":[{"taxonomy":"product_brand","embeddable":true,"href":"https:\/\/tunisia-savory.com\/ar\/wp-json\/wp\/v2\/product_brand?post=4122"},{"taxonomy":"product_cat","embeddable":true,"href":"https:\/\/tunisia-savory.com\/ar\/wp-json\/wp\/v2\/product_cat?post=4122"},{"taxonomy":"product_tag","embeddable":true,"href":"https:\/\/tunisia-savory.com\/ar\/wp-json\/wp\/v2\/product_tag?post=4122"}],"curies":[{"name":"wp","href":"https:\/\/api.w.org\/{rel}","templated":true}]}}