{"id":3855,"date":"2025-09-08T13:15:23","date_gmt":"2025-09-08T13:15:23","guid":{"rendered":"https:\/\/tunisia-savory.com\/?post_type=product&#038;p=3855"},"modified":"2026-02-10T20:02:45","modified_gmt":"2026-02-10T20:02:45","slug":"harissa-traditionnelle","status":"publish","type":"product","link":"https:\/\/tunisia-savory.com\/ar\/product\/harissa-traditionnelle\/","title":{"rendered":"\u0647\u0631\u064a\u0633\u0629 \u062a\u0642\u0644\u064a\u062f\u064a\u0629 \u2013 \u0645\u0639\u062c\u0648\u0646 \u0641\u0644\u0641\u0644 \u062d\u0627\u0631 \u0642\u0648\u064a \u0648\u0623\u0635\u064a\u0644"},"content":{"rendered":"<p>La Harissa Traditionnelle Tunisia Savory est pr\u00e9par\u00e9e selon la recette artisanale tunisienne, avec des piments rouges s\u00e9lectionn\u00e9s, de l\u2019ail, de l\u2019huile d\u2019olive et des \u00e9pices naturelles, offrant une saveur riche et \u00e9pic\u00e9e, fid\u00e8le \u00e0 la tradition. Ce produit 100 % naturel, sans additifs ni conservateurs, apporte authenticit\u00e9 et intensit\u00e9 \u00e0 vos plats.<\/p>\n<p>Parfaite pour relever vos couscous, viandes, poissons, sauces ou sandwiches, la harissa traditionnelle tunisienne est un incontournable de la cuisine m\u00e9diterran\u00e9enne et tunisienne.<\/p>\n<p>Tunisia Savory garantit une livraison rapide dans toute la Tunisie, pour savourer la qualit\u00e9 et le go\u00fbt authentique \u00e0 domicile.<\/p>\n<p><strong>Points forts<\/strong><\/p>\n<ul>\n<li>Harissa traditionnelle tunisienne 100 % naturelle<\/li>\n<li>Go\u00fbt \u00e9pic\u00e9 et authentique<\/li>\n<li>Sans conservateurs ni additifs<\/li>\n<li>Id\u00e9ale pour couscous, sauces, viandes et sandwiches<\/li>\n<li>Livraison rapide dans toute la Tunisie<\/li>\n<\/ul>\n<p><strong>Ingr\u00e9dients :<\/strong> Piments rouges, ail, huile d\u2019olive, sel, \u00e9pices naturelles<\/p>","protected":false},"excerpt":{"rendered":"<p>\u0627\u0644\u0647\u0631\u064a\u0633\u0629 \u0627\u0644\u062a\u0642\u0644\u064a\u062f\u064a\u0629 \u0627\u0644\u062a\u0648\u0646\u0633\u064a\u0629 Savory\u060c \u0627\u0644\u0645\u064f\u062d\u0636\u0651\u0631\u0629 \u0648\u0641\u0642 \u0627\u0644\u0648\u0635\u0641\u0629 \u0627\u0644\u062a\u0648\u0646\u0633\u064a\u0629 \u0627\u0644\u062a\u0642\u0644\u064a\u062f\u064a\u0629\u060c \u062a\u0645\u0632\u062c \u0628\u064a\u0646 \u0627\u0644\u0641\u0644\u0641\u0644 \u0627\u0644\u0623\u062d\u0645\u0631 \u0648\u0627\u0644\u062b\u0648\u0645 \u0648\u0632\u064a\u062a \u0627\u0644\u0632\u064a\u062a\u0648\u0646 \u0644\u062a\u0642\u062f\u0651\u0645 \u0646\u0643\u0647\u0629 \u0623\u0635\u064a\u0644\u0629 \u0648\u062d\u0627\u0631\u0629. \u0647\u0630\u0627 \u0627\u0644\u0645\u0646\u062a\u062c \u0637\u0628\u064a\u0639\u064a 100\u066a \u0648\u062e\u0627\u0644\u064d \u0645\u0646 \u0627\u0644\u0645\u0648\u0627\u062f \u0627\u0644\u062d\u0627\u0641\u0638\u0629\u060c \u0648\u064a\u0636\u064a\u0641 \u0644\u0645\u0633\u0629 \u0645\u0645\u064a\u0632\u0629 \u0644\u0644\u0643\u0633\u0643\u0633\u064a \u0648\u0627\u0644\u0635\u0644\u0635\u0627\u062a \u0648\u0627\u0644\u0623\u0637\u0628\u0627\u0642 \u0627\u0644\u0645\u062e\u062a\u0644\u0641\u0629\u060c \u0645\u0639 \u062e\u062f\u0645\u0629 \u062a\u0648\u0635\u064a\u0644 \u0633\u0631\u064a\u0639\u0629 \u0645\u062a\u0627\u062d\u0629 \u0641\u064a \u0643\u0627\u0645\u0644 \u062a\u0648\u0646\u0633.<\/p>","protected":false},"featured_media":8138,"comment_status":"open","ping_status":"closed","template":"","meta":[],"product_brand":[111],"product_cat":[341,342,340],"product_tag":[57,82,50,93,64,96],"class_list":{"0":"post-3855","1":"product","2":"type-product","3":"status-publish","4":"has-post-thumbnail","6":"product_brand-tunisiasavory","7":"product_cat-harissa-artisanale","8":"product_cat-hrouss-traditionnel","9":"product_cat-produits-phares-tunisia-savory","10":"product_tag-epices-assaisonnements","11":"product_tag-organic","12":"product_tag-pates-condiments","13":"product_tag-preparations-culinaires","14":"product_tag-produits-naturels","15":"product_tag-tresors-naturels-de-tunisie","17":"first","18":"instock","19":"shipping-taxable","20":"purchasable","21":"product-type-variable","22":"has-default-attributes"},"yoast_head":"<!-- This site is optimized with the Yoast SEO plugin v27.4 - https:\/\/yoast.com\/product\/yoast-seo-wordpress\/ -->\n<title>Harissa Traditionnelle - P\u00e2te de Piments Forte et Authentique | Acheter en ligne en Tunisie - Tunisia-savory.com<\/title>\n<meta name=\"robots\" content=\"index, follow, max-snippet:-1, max-image-preview:large, max-video-preview:-1\" \/>\n<link rel=\"canonical\" href=\"https:\/\/tunisia-savory.com\/ar\/product\/harissa-traditionnelle\/\" \/>\n<meta property=\"og:locale\" content=\"ar_AR\" \/>\n<meta property=\"og:type\" content=\"article\" \/>\n<meta property=\"og:title\" content=\"Harissa Traditionnelle - P\u00e2te de Piments Forte et Authentique | Acheter en ligne en Tunisie - Tunisia-savory.com\" \/>\n<meta property=\"og:description\" content=\"La Harissa Traditionnelle Tunisia Savory, pr\u00e9par\u00e9e selon la recette tunisienne artisanale, allie piments rouges, ail et huile d\u2019olive pour un go\u00fbt authentique et \u00e9pic\u00e9. 100\u202f% naturelle, sans conservateurs, elle rel\u00e8ve couscous, sauces et plats, avec livraison rapide dans toute la Tunisie.\" \/>\n<meta property=\"og:url\" content=\"https:\/\/tunisia-savory.com\/ar\/product\/harissa-traditionnelle\/\" \/>\n<meta property=\"og:site_name\" content=\"Tunisia-savory.com\" \/>\n<meta property=\"article:publisher\" content=\"https:\/\/www.facebook.com\/profile.php?id=61584505435972\" \/>\n<meta property=\"article:modified_time\" content=\"2026-02-10T20:02:45+00:00\" \/>\n<meta property=\"og:image\" content=\"https:\/\/tunisia-savory.com\/wp-content\/uploads\/2025\/09\/hrisa-arbi.jpg\" \/>\n\t<meta property=\"og:image:width\" content=\"765\" \/>\n\t<meta property=\"og:image:height\" content=\"1129\" \/>\n\t<meta property=\"og:image:type\" content=\"image\/jpeg\" \/>\n<meta name=\"twitter:card\" content=\"summary_large_image\" \/>\n<meta name=\"twitter:label1\" content=\"\u0648\u0642\u062a \u0627\u0644\u0642\u0631\u0627\u0621\u0629 \u0627\u0644\u0645\u064f\u0642\u062f\u0651\u0631\" \/>\n\t<meta name=\"twitter:data1\" content=\"\u062f\u0642\u064a\u0642\u0629 \u0648\u0627\u062d\u062f\u0629\" \/>\n<script type=\"application\/ld+json\" class=\"yoast-schema-graph\">{\"@context\":\"https:\\\/\\\/schema.org\",\"@graph\":[{\"@type\":\"WebPage\",\"@id\":\"https:\\\/\\\/tunisia-savory.com\\\/produit\\\/harissa-traditionnelle\\\/\",\"url\":\"https:\\\/\\\/tunisia-savory.com\\\/produit\\\/harissa-traditionnelle\\\/\",\"name\":\"Harissa Traditionnelle - P\u00e2te de Piments Forte et Authentique | Acheter en ligne en Tunisie - Tunisia-savory.com\",\"isPartOf\":{\"@id\":\"https:\\\/\\\/tunisia-savory.com\\\/#website\"},\"primaryImageOfPage\":{\"@id\":\"https:\\\/\\\/tunisia-savory.com\\\/produit\\\/harissa-traditionnelle\\\/#primaryimage\"},\"image\":{\"@id\":\"https:\\\/\\\/tunisia-savory.com\\\/produit\\\/harissa-traditionnelle\\\/#primaryimage\"},\"thumbnailUrl\":\"https:\\\/\\\/tunisia-savory.com\\\/wp-content\\\/uploads\\\/2025\\\/09\\\/hrisa-arbi.jpg\",\"datePublished\":\"2025-09-08T13:15:23+00:00\",\"dateModified\":\"2026-02-10T20:02:45+00:00\",\"breadcrumb\":{\"@id\":\"https:\\\/\\\/tunisia-savory.com\\\/produit\\\/harissa-traditionnelle\\\/#breadcrumb\"},\"inLanguage\":\"ar\",\"potentialAction\":[{\"@type\":\"ReadAction\",\"target\":[\"https:\\\/\\\/tunisia-savory.com\\\/produit\\\/harissa-traditionnelle\\\/\"]}]},{\"@type\":\"ImageObject\",\"inLanguage\":\"ar\",\"@id\":\"https:\\\/\\\/tunisia-savory.com\\\/produit\\\/harissa-traditionnelle\\\/#primaryimage\",\"url\":\"https:\\\/\\\/tunisia-savory.com\\\/wp-content\\\/uploads\\\/2025\\\/09\\\/hrisa-arbi.jpg\",\"contentUrl\":\"https:\\\/\\\/tunisia-savory.com\\\/wp-content\\\/uploads\\\/2025\\\/09\\\/hrisa-arbi.jpg\",\"width\":765,\"height\":1129},{\"@type\":\"BreadcrumbList\",\"@id\":\"https:\\\/\\\/tunisia-savory.com\\\/produit\\\/harissa-traditionnelle\\\/#breadcrumb\",\"itemListElement\":[{\"@type\":\"ListItem\",\"position\":1,\"name\":\"Accueil\",\"item\":\"https:\\\/\\\/tunisia-savory.com\\\/\"},{\"@type\":\"ListItem\",\"position\":2,\"name\":\"Boutique\",\"item\":\"https:\\\/\\\/tunisia-savory.com\\\/boutique-epicerie-tunisie\\\/\"},{\"@type\":\"ListItem\",\"position\":3,\"name\":\"Harissa Traditionnelle &#8211; P\u00e2te de Piments Forte et Authentique\"}]},{\"@type\":\"WebSite\",\"@id\":\"https:\\\/\\\/tunisia-savory.com\\\/#website\",\"url\":\"https:\\\/\\\/tunisia-savory.com\\\/\",\"name\":\"Tunisia-savory.com\",\"description\":\"Tunisia-savory.com\",\"publisher\":{\"@id\":\"https:\\\/\\\/tunisia-savory.com\\\/#organization\"},\"potentialAction\":[{\"@type\":\"SearchAction\",\"target\":{\"@type\":\"EntryPoint\",\"urlTemplate\":\"https:\\\/\\\/tunisia-savory.com\\\/?s={search_term_string}\"},\"query-input\":{\"@type\":\"PropertyValueSpecification\",\"valueRequired\":true,\"valueName\":\"search_term_string\"}}],\"inLanguage\":\"ar\"},{\"@type\":\"Organization\",\"@id\":\"https:\\\/\\\/tunisia-savory.com\\\/#organization\",\"name\":\"Tunisia-savory.com\",\"url\":\"https:\\\/\\\/tunisia-savory.com\\\/\",\"logo\":{\"@type\":\"ImageObject\",\"inLanguage\":\"ar\",\"@id\":\"https:\\\/\\\/tunisia-savory.com\\\/#\\\/schema\\\/logo\\\/image\\\/\",\"url\":\"https:\\\/\\\/tunisia-savory.com\\\/wp-content\\\/uploads\\\/2026\\\/01\\\/logo-dark.png\",\"contentUrl\":\"https:\\\/\\\/tunisia-savory.com\\\/wp-content\\\/uploads\\\/2026\\\/01\\\/logo-dark.png\",\"width\":552,\"height\":132,\"caption\":\"Tunisia-savory.com\"},\"image\":{\"@id\":\"https:\\\/\\\/tunisia-savory.com\\\/#\\\/schema\\\/logo\\\/image\\\/\"},\"sameAs\":[\"https:\\\/\\\/www.facebook.com\\\/profile.php?id=61584505435972\",\"https:\\\/\\\/www.instagram.com\\\/tunisiasavory\\\/\"]}]}<\/script>\n<!-- \/ Yoast SEO plugin. -->","yoast_head_json":{"title":"Harissa Traditionnelle - P\u00e2te de Piments Forte et Authentique | Acheter en ligne en Tunisie - Tunisia-savory.com","robots":{"index":"index","follow":"follow","max-snippet":"max-snippet:-1","max-image-preview":"max-image-preview:large","max-video-preview":"max-video-preview:-1"},"canonical":"https:\/\/tunisia-savory.com\/ar\/product\/harissa-traditionnelle\/","og_locale":"ar_AR","og_type":"article","og_title":"Harissa Traditionnelle - P\u00e2te de Piments Forte et Authentique | Acheter en ligne en Tunisie - Tunisia-savory.com","og_description":"La Harissa Traditionnelle Tunisia Savory, pr\u00e9par\u00e9e selon la recette tunisienne artisanale, allie piments rouges, ail et huile d\u2019olive pour un go\u00fbt authentique et \u00e9pic\u00e9. 100\u202f% naturelle, sans conservateurs, elle rel\u00e8ve couscous, sauces et plats, avec livraison rapide dans toute la Tunisie.","og_url":"https:\/\/tunisia-savory.com\/ar\/product\/harissa-traditionnelle\/","og_site_name":"Tunisia-savory.com","article_publisher":"https:\/\/www.facebook.com\/profile.php?id=61584505435972","article_modified_time":"2026-02-10T20:02:45+00:00","og_image":[{"width":765,"height":1129,"url":"https:\/\/tunisia-savory.com\/wp-content\/uploads\/2025\/09\/hrisa-arbi.jpg","type":"image\/jpeg"}],"twitter_card":"summary_large_image","twitter_misc":{"\u0648\u0642\u062a \u0627\u0644\u0642\u0631\u0627\u0621\u0629 \u0627\u0644\u0645\u064f\u0642\u062f\u0651\u0631":"\u062f\u0642\u064a\u0642\u0629 \u0648\u0627\u062d\u062f\u0629"},"schema":{"@context":"https:\/\/schema.org","@graph":[{"@type":"WebPage","@id":"https:\/\/tunisia-savory.com\/produit\/harissa-traditionnelle\/","url":"https:\/\/tunisia-savory.com\/produit\/harissa-traditionnelle\/","name":"Harissa Traditionnelle - P\u00e2te de Piments Forte et Authentique | Acheter en ligne en Tunisie - Tunisia-savory.com","isPartOf":{"@id":"https:\/\/tunisia-savory.com\/#website"},"primaryImageOfPage":{"@id":"https:\/\/tunisia-savory.com\/produit\/harissa-traditionnelle\/#primaryimage"},"image":{"@id":"https:\/\/tunisia-savory.com\/produit\/harissa-traditionnelle\/#primaryimage"},"thumbnailUrl":"https:\/\/tunisia-savory.com\/wp-content\/uploads\/2025\/09\/hrisa-arbi.jpg","datePublished":"2025-09-08T13:15:23+00:00","dateModified":"2026-02-10T20:02:45+00:00","breadcrumb":{"@id":"https:\/\/tunisia-savory.com\/produit\/harissa-traditionnelle\/#breadcrumb"},"inLanguage":"ar","potentialAction":[{"@type":"ReadAction","target":["https:\/\/tunisia-savory.com\/produit\/harissa-traditionnelle\/"]}]},{"@type":"ImageObject","inLanguage":"ar","@id":"https:\/\/tunisia-savory.com\/produit\/harissa-traditionnelle\/#primaryimage","url":"https:\/\/tunisia-savory.com\/wp-content\/uploads\/2025\/09\/hrisa-arbi.jpg","contentUrl":"https:\/\/tunisia-savory.com\/wp-content\/uploads\/2025\/09\/hrisa-arbi.jpg","width":765,"height":1129},{"@type":"BreadcrumbList","@id":"https:\/\/tunisia-savory.com\/produit\/harissa-traditionnelle\/#breadcrumb","itemListElement":[{"@type":"ListItem","position":1,"name":"Accueil","item":"https:\/\/tunisia-savory.com\/"},{"@type":"ListItem","position":2,"name":"Boutique","item":"https:\/\/tunisia-savory.com\/boutique-epicerie-tunisie\/"},{"@type":"ListItem","position":3,"name":"Harissa Traditionnelle &#8211; P\u00e2te de Piments Forte et Authentique"}]},{"@type":"WebSite","@id":"https:\/\/tunisia-savory.com\/#website","url":"https:\/\/tunisia-savory.com\/","name":"Tunisia-savory.com","description":"Tunisia-savory.com","publisher":{"@id":"https:\/\/tunisia-savory.com\/#organization"},"potentialAction":[{"@type":"SearchAction","target":{"@type":"EntryPoint","urlTemplate":"https:\/\/tunisia-savory.com\/?s={search_term_string}"},"query-input":{"@type":"PropertyValueSpecification","valueRequired":true,"valueName":"search_term_string"}}],"inLanguage":"ar"},{"@type":"Organization","@id":"https:\/\/tunisia-savory.com\/#organization","name":"Tunisia-savory.com","url":"https:\/\/tunisia-savory.com\/","logo":{"@type":"ImageObject","inLanguage":"ar","@id":"https:\/\/tunisia-savory.com\/#\/schema\/logo\/image\/","url":"https:\/\/tunisia-savory.com\/wp-content\/uploads\/2026\/01\/logo-dark.png","contentUrl":"https:\/\/tunisia-savory.com\/wp-content\/uploads\/2026\/01\/logo-dark.png","width":552,"height":132,"caption":"Tunisia-savory.com"},"image":{"@id":"https:\/\/tunisia-savory.com\/#\/schema\/logo\/image\/"},"sameAs":["https:\/\/www.facebook.com\/profile.php?id=61584505435972","https:\/\/www.instagram.com\/tunisiasavory\/"]}]}},"_links":{"self":[{"href":"https:\/\/tunisia-savory.com\/ar\/wp-json\/wp\/v2\/product\/3855","targetHints":{"allow":["GET"]}}],"collection":[{"href":"https:\/\/tunisia-savory.com\/ar\/wp-json\/wp\/v2\/product"}],"about":[{"href":"https:\/\/tunisia-savory.com\/ar\/wp-json\/wp\/v2\/types\/product"}],"replies":[{"embeddable":true,"href":"https:\/\/tunisia-savory.com\/ar\/wp-json\/wp\/v2\/comments?post=3855"}],"version-history":[{"count":2,"href":"https:\/\/tunisia-savory.com\/ar\/wp-json\/wp\/v2\/product\/3855\/revisions"}],"predecessor-version":[{"id":7740,"href":"https:\/\/tunisia-savory.com\/ar\/wp-json\/wp\/v2\/product\/3855\/revisions\/7740"}],"wp:featuredmedia":[{"embeddable":true,"href":"https:\/\/tunisia-savory.com\/ar\/wp-json\/wp\/v2\/media\/8138"}],"wp:attachment":[{"href":"https:\/\/tunisia-savory.com\/ar\/wp-json\/wp\/v2\/media?parent=3855"}],"wp:term":[{"taxonomy":"product_brand","embeddable":true,"href":"https:\/\/tunisia-savory.com\/ar\/wp-json\/wp\/v2\/product_brand?post=3855"},{"taxonomy":"product_cat","embeddable":true,"href":"https:\/\/tunisia-savory.com\/ar\/wp-json\/wp\/v2\/product_cat?post=3855"},{"taxonomy":"product_tag","embeddable":true,"href":"https:\/\/tunisia-savory.com\/ar\/wp-json\/wp\/v2\/product_tag?post=3855"}],"curies":[{"name":"wp","href":"https:\/\/api.w.org\/{rel}","templated":true}]}}