{"id":3847,"date":"2025-09-08T12:55:32","date_gmt":"2025-09-08T12:55:32","guid":{"rendered":"https:\/\/tunisia-savory.com\/?post_type=product&#038;p=3847"},"modified":"2026-04-22T23:52:52","modified_gmt":"2026-04-22T23:52:52","slug":"harissa-nabeul","status":"publish","type":"product","link":"https:\/\/tunisia-savory.com\/ar\/product\/harissa-nabeul\/","title":{"rendered":"\u0647\u0631\u064a\u0633\u0629 \u0646\u0627\u0628\u0644: \u0642\u0627\u0628 \u0628\u0648\u0646 \u2013 \u0639\u0644\u0649 \u0627\u0644\u0628\u062e\u0627\u0631"},"content":{"rendered":"<ul>\n<li>\n<p class=\"ds-markdown-paragraph\"><strong>Savoir-Faire Artisanal :<\/strong><br \/>\nPr\u00e9par\u00e9e selon une m\u00e9thode traditionnelle de Nabeul, cette harissa est cuite \u00e0 la vapeur puis lentement ferment\u00e9e. Cette technique unique d\u00e9veloppe des ar\u00f4mes profonds et une texture onctueuse.<\/p>\n<\/li>\n<li>\n<p class=\"ds-markdown-paragraph\"><strong>Profil Sensoriel :<\/strong><\/p>\n<ul>\n<li>\n<p class=\"ds-markdown-paragraph\"><strong>Ar\u00f4me :<\/strong>\u00a0Fum\u00e9, fruit\u00e9 et l\u00e9g\u00e8rement acide (d\u00fb \u00e0 la fermentation).<\/p>\n<\/li>\n<li>\n<p class=\"ds-markdown-paragraph\"><strong>Go\u00fbt :<\/strong>\u00a0Puissant mais \u00e9quilibr\u00e9, moins brutal qu\u2019une harissa crue. Notes de piments matures, d\u2019ail et d\u2019\u00e9pices torr\u00e9fi\u00e9es.<\/p>\n<\/li>\n<li>\n<p class=\"ds-markdown-paragraph\"><strong>Texture :<\/strong>\u00a0Lisse et dense, facile \u00e0 tartiner.<\/p>\n<\/li>\n<\/ul>\n<\/li>\n<li>\n<p class=\"ds-markdown-paragraph\"><strong>Ingredients :<\/strong><br \/>\nPiments rouges \u00ab\u00a0Baklouti\u00a0\u00bb, ail, coriandre, carvi, sel de mer, eau.<\/p>\n<\/li>\n<li>\n<p class=\"ds-markdown-paragraph\"><strong>Utilisations :<\/strong><\/p>\n<ul>\n<li>\n<p class=\"ds-markdown-paragraph\"><strong>Tartinade :<\/strong>\u00a0Sur du pain grill\u00e9 ou des sandwichs.<\/p>\n<\/li>\n<li>\n<p class=\"ds-markdown-paragraph\"><strong>Sauces :<\/strong>\u00a0Base pour sauces (ex : sauce harissa pour poisson).<\/p>\n<\/li>\n<li>\n<p class=\"ds-markdown-paragraph\"><strong>Marinades :<\/strong>\u00a0Pour viandes grill\u00e9es ou tofu.<\/p>\n<\/li>\n<li>\n<p class=\"ds-markdown-paragraph\"><strong>Accompagnement :<\/strong>\u00a0Avec des \u0153ufs, du fromage frais, ou des l\u00e9gumes grill\u00e9s.<\/p>\n<\/li>\n<\/ul>\n<\/li>\n<\/ul>\n<h1 class=\"ds-markdown-paragraph\"><strong>. Informations Techniques :<\/strong><\/h1>\n<ul>\n<li>\n<p class=\"ds-markdown-paragraph\"><strong>Poids Net :<\/strong>\u00a0200g, 500g (pot en verre).<\/p>\n<\/li>\n<li>\n<p class=\"ds-markdown-paragraph\"><strong>Conservation :<\/strong>\u00a0Au r\u00e9frig\u00e9rateur apr\u00e8s ouverture.<\/p>\n<\/li>\n<li>\n<p class=\"ds-markdown-paragraph\"><strong>Allerg\u00e8nes :<\/strong>\u00a0Aucun.<\/p>\n<\/li>\n<li>\n<p class=\"ds-markdown-paragraph\"><strong>Origine :<\/strong>\u00a0Nabeul, Tunisie<\/p>\n<\/li>\n<\/ul>","protected":false},"excerpt":{"rendered":"<p>\u0627\u0643\u062a\u0634\u0641\u0648\u0627 \u0627\u0644\u0647\u0631\u064a\u0633\u0629 \u0627\u0644\u062d\u0642\u064a\u0642\u064a\u0629 \u0645\u0646 \u0646\u0627\u0628\u0644\u060c \u0627\u0644\u0645\u062e\u0645\u0631\u0629 \u0639\u0644\u0649 \u0627\u0644\u0628\u062e\u0627\u0631 \u0644\u062a\u0642\u062f\u0651\u0645 \u0646\u0643\u0647\u0629 \u0641\u0631\u064a\u062f\u0629! \u0637\u0639\u0645\u0647\u0627 \u0627\u0644\u0645\u062f\u062e\u0646 \u0648\u0627\u0644\u0645\u0639\u0642\u0651\u062f \u0648\u0627\u0644\u062d\u0627\u0645\u0636 \u0642\u0644\u064a\u0644\u064b\u0627 \u064a\u0636\u064a\u0641 \u0644\u0645\u0633\u0629 \u0623\u0635\u064a\u0644\u0629 \u0645\u0646 \u062a\u0648\u0646\u0633 \u0644\u0623\u0637\u0628\u0627\u0642\u0643\u0645.<\/p>","protected":false},"featured_media":3849,"comment_status":"open","ping_status":"closed","template":"","meta":[],"product_brand":[111],"product_cat":[341,340],"product_tag":[57,50,93,46,96],"class_list":{"0":"post-3847","1":"product","2":"type-product","3":"status-publish","4":"has-post-thumbnail","6":"product_brand-tunisiasavory","7":"product_cat-harissa-artisanale","8":"product_cat-produits-phares-tunisia-savory","9":"product_tag-epices-assaisonnements","10":"product_tag-pates-condiments","11":"product_tag-preparations-culinaires","12":"product_tag-recette-artisanale","13":"product_tag-tresors-naturels-de-tunisie","15":"first","16":"instock","17":"shipping-taxable","18":"purchasable","19":"product-type-variable","20":"has-default-attributes"},"yoast_head":"<!-- This site is optimized with the Yoast SEO plugin v27.4 - https:\/\/yoast.com\/product\/yoast-seo-wordpress\/ -->\n<title>Harissa de Nabeul Cap Bon \u00e0 la Vapeur | Tunisia Savory<\/title>\n<meta name=\"description\" content=\"Notre harissa de Nabeul Cap Bon, cuite \u00e0 la vapeur, 100% naturelle et sans conservateurs. Saveur authentique du terroir tunisien en pot.\" \/>\n<meta name=\"robots\" content=\"index, follow, max-snippet:-1, max-image-preview:large, max-video-preview:-1\" \/>\n<link rel=\"canonical\" href=\"https:\/\/tunisia-savory.com\/ar\/product\/harissa-nabeul\/\" \/>\n<meta property=\"og:locale\" content=\"ar_AR\" \/>\n<meta property=\"og:type\" content=\"article\" \/>\n<meta property=\"og:title\" content=\"Harissa de Nabeul Cap Bon \u00e0 la Vapeur | Tunisia Savory\" \/>\n<meta property=\"og:description\" content=\"Notre harissa de Nabeul Cap Bon, cuite \u00e0 la vapeur, 100% naturelle et sans conservateurs. Saveur authentique du terroir tunisien en pot.\" \/>\n<meta property=\"og:url\" content=\"https:\/\/tunisia-savory.com\/ar\/product\/harissa-nabeul\/\" \/>\n<meta property=\"og:site_name\" content=\"Tunisia-savory.com\" \/>\n<meta property=\"article:publisher\" content=\"https:\/\/www.facebook.com\/profile.php?id=61584505435972\" \/>\n<meta property=\"article:modified_time\" content=\"2026-04-22T23:52:52+00:00\" \/>\n<meta property=\"og:image\" content=\"https:\/\/tunisia-savory.com\/wp-content\/uploads\/2025\/09\/harissa-ayshek-mfawra.webp\" \/>\n\t<meta property=\"og:image:width\" content=\"1080\" \/>\n\t<meta property=\"og:image:height\" content=\"1080\" \/>\n\t<meta property=\"og:image:type\" content=\"image\/webp\" \/>\n<meta name=\"twitter:card\" content=\"summary_large_image\" \/>\n<meta name=\"twitter:label1\" content=\"\u0648\u0642\u062a \u0627\u0644\u0642\u0631\u0627\u0621\u0629 \u0627\u0644\u0645\u064f\u0642\u062f\u0651\u0631\" \/>\n\t<meta name=\"twitter:data1\" content=\"\u062f\u0642\u064a\u0642\u0629 \u0648\u0627\u062d\u062f\u0629\" \/>\n<script type=\"application\/ld+json\" class=\"yoast-schema-graph\">{\"@context\":\"https:\\\/\\\/schema.org\",\"@graph\":[{\"@type\":\"WebPage\",\"@id\":\"https:\\\/\\\/tunisia-savory.com\\\/produit\\\/harissa-nabeul\\\/\",\"url\":\"https:\\\/\\\/tunisia-savory.com\\\/produit\\\/harissa-nabeul\\\/\",\"name\":\"Harissa de Nabeul Cap Bon \u00e0 la Vapeur | Tunisia Savory\",\"isPartOf\":{\"@id\":\"https:\\\/\\\/tunisia-savory.com\\\/#website\"},\"primaryImageOfPage\":{\"@id\":\"https:\\\/\\\/tunisia-savory.com\\\/produit\\\/harissa-nabeul\\\/#primaryimage\"},\"image\":{\"@id\":\"https:\\\/\\\/tunisia-savory.com\\\/produit\\\/harissa-nabeul\\\/#primaryimage\"},\"thumbnailUrl\":\"https:\\\/\\\/tunisia-savory.com\\\/wp-content\\\/uploads\\\/2025\\\/09\\\/harissa-ayshek-mfawra.webp\",\"datePublished\":\"2025-09-08T12:55:32+00:00\",\"dateModified\":\"2026-04-22T23:52:52+00:00\",\"description\":\"Notre harissa de Nabeul Cap Bon, cuite \u00e0 la vapeur, 100% naturelle et sans conservateurs. Saveur authentique du terroir tunisien en pot.\",\"breadcrumb\":{\"@id\":\"https:\\\/\\\/tunisia-savory.com\\\/produit\\\/harissa-nabeul\\\/#breadcrumb\"},\"inLanguage\":\"ar\",\"potentialAction\":[{\"@type\":\"ReadAction\",\"target\":[\"https:\\\/\\\/tunisia-savory.com\\\/produit\\\/harissa-nabeul\\\/\"]}]},{\"@type\":\"ImageObject\",\"inLanguage\":\"ar\",\"@id\":\"https:\\\/\\\/tunisia-savory.com\\\/produit\\\/harissa-nabeul\\\/#primaryimage\",\"url\":\"https:\\\/\\\/tunisia-savory.com\\\/wp-content\\\/uploads\\\/2025\\\/09\\\/harissa-ayshek-mfawra.webp\",\"contentUrl\":\"https:\\\/\\\/tunisia-savory.com\\\/wp-content\\\/uploads\\\/2025\\\/09\\\/harissa-ayshek-mfawra.webp\",\"width\":1080,\"height\":1080},{\"@type\":\"BreadcrumbList\",\"@id\":\"https:\\\/\\\/tunisia-savory.com\\\/produit\\\/harissa-nabeul\\\/#breadcrumb\",\"itemListElement\":[{\"@type\":\"ListItem\",\"position\":1,\"name\":\"Accueil\",\"item\":\"https:\\\/\\\/tunisia-savory.com\\\/\"},{\"@type\":\"ListItem\",\"position\":2,\"name\":\"Boutique\",\"item\":\"https:\\\/\\\/tunisia-savory.com\\\/boutique-epicerie-tunisie\\\/\"},{\"@type\":\"ListItem\",\"position\":3,\"name\":\"Harissa de Nabeul : Cap Bon \u2013 \u00e0 la vapeur\"}]},{\"@type\":\"WebSite\",\"@id\":\"https:\\\/\\\/tunisia-savory.com\\\/#website\",\"url\":\"https:\\\/\\\/tunisia-savory.com\\\/\",\"name\":\"Tunisia-savory.com\",\"description\":\"Tunisia-savory.com\",\"publisher\":{\"@id\":\"https:\\\/\\\/tunisia-savory.com\\\/#organization\"},\"potentialAction\":[{\"@type\":\"SearchAction\",\"target\":{\"@type\":\"EntryPoint\",\"urlTemplate\":\"https:\\\/\\\/tunisia-savory.com\\\/?s={search_term_string}\"},\"query-input\":{\"@type\":\"PropertyValueSpecification\",\"valueRequired\":true,\"valueName\":\"search_term_string\"}}],\"inLanguage\":\"ar\"},{\"@type\":\"Organization\",\"@id\":\"https:\\\/\\\/tunisia-savory.com\\\/#organization\",\"name\":\"Tunisia-savory.com\",\"url\":\"https:\\\/\\\/tunisia-savory.com\\\/\",\"logo\":{\"@type\":\"ImageObject\",\"inLanguage\":\"ar\",\"@id\":\"https:\\\/\\\/tunisia-savory.com\\\/#\\\/schema\\\/logo\\\/image\\\/\",\"url\":\"https:\\\/\\\/tunisia-savory.com\\\/wp-content\\\/uploads\\\/2026\\\/01\\\/logo-dark.png\",\"contentUrl\":\"https:\\\/\\\/tunisia-savory.com\\\/wp-content\\\/uploads\\\/2026\\\/01\\\/logo-dark.png\",\"width\":552,\"height\":132,\"caption\":\"Tunisia-savory.com\"},\"image\":{\"@id\":\"https:\\\/\\\/tunisia-savory.com\\\/#\\\/schema\\\/logo\\\/image\\\/\"},\"sameAs\":[\"https:\\\/\\\/www.facebook.com\\\/profile.php?id=61584505435972\",\"https:\\\/\\\/www.instagram.com\\\/tunisiasavory\\\/\"]}]}<\/script>\n<!-- \/ Yoast SEO plugin. -->","yoast_head_json":{"title":"Harissa de Nabeul Cap Bon \u00e0 la Vapeur | Tunisia Savory","description":"Notre harissa de Nabeul Cap Bon, cuite \u00e0 la vapeur, 100% naturelle et sans conservateurs. Saveur authentique du terroir tunisien en pot.","robots":{"index":"index","follow":"follow","max-snippet":"max-snippet:-1","max-image-preview":"max-image-preview:large","max-video-preview":"max-video-preview:-1"},"canonical":"https:\/\/tunisia-savory.com\/ar\/product\/harissa-nabeul\/","og_locale":"ar_AR","og_type":"article","og_title":"Harissa de Nabeul Cap Bon \u00e0 la Vapeur | Tunisia Savory","og_description":"Notre harissa de Nabeul Cap Bon, cuite \u00e0 la vapeur, 100% naturelle et sans conservateurs. Saveur authentique du terroir tunisien en pot.","og_url":"https:\/\/tunisia-savory.com\/ar\/product\/harissa-nabeul\/","og_site_name":"Tunisia-savory.com","article_publisher":"https:\/\/www.facebook.com\/profile.php?id=61584505435972","article_modified_time":"2026-04-22T23:52:52+00:00","og_image":[{"width":1080,"height":1080,"url":"https:\/\/tunisia-savory.com\/wp-content\/uploads\/2025\/09\/harissa-ayshek-mfawra.webp","type":"image\/webp"}],"twitter_card":"summary_large_image","twitter_misc":{"\u0648\u0642\u062a \u0627\u0644\u0642\u0631\u0627\u0621\u0629 \u0627\u0644\u0645\u064f\u0642\u062f\u0651\u0631":"\u062f\u0642\u064a\u0642\u0629 \u0648\u0627\u062d\u062f\u0629"},"schema":{"@context":"https:\/\/schema.org","@graph":[{"@type":"WebPage","@id":"https:\/\/tunisia-savory.com\/produit\/harissa-nabeul\/","url":"https:\/\/tunisia-savory.com\/produit\/harissa-nabeul\/","name":"Harissa de Nabeul Cap Bon \u00e0 la Vapeur | Tunisia Savory","isPartOf":{"@id":"https:\/\/tunisia-savory.com\/#website"},"primaryImageOfPage":{"@id":"https:\/\/tunisia-savory.com\/produit\/harissa-nabeul\/#primaryimage"},"image":{"@id":"https:\/\/tunisia-savory.com\/produit\/harissa-nabeul\/#primaryimage"},"thumbnailUrl":"https:\/\/tunisia-savory.com\/wp-content\/uploads\/2025\/09\/harissa-ayshek-mfawra.webp","datePublished":"2025-09-08T12:55:32+00:00","dateModified":"2026-04-22T23:52:52+00:00","description":"Notre harissa de Nabeul Cap Bon, cuite \u00e0 la vapeur, 100% naturelle et sans conservateurs. Saveur authentique du terroir tunisien en pot.","breadcrumb":{"@id":"https:\/\/tunisia-savory.com\/produit\/harissa-nabeul\/#breadcrumb"},"inLanguage":"ar","potentialAction":[{"@type":"ReadAction","target":["https:\/\/tunisia-savory.com\/produit\/harissa-nabeul\/"]}]},{"@type":"ImageObject","inLanguage":"ar","@id":"https:\/\/tunisia-savory.com\/produit\/harissa-nabeul\/#primaryimage","url":"https:\/\/tunisia-savory.com\/wp-content\/uploads\/2025\/09\/harissa-ayshek-mfawra.webp","contentUrl":"https:\/\/tunisia-savory.com\/wp-content\/uploads\/2025\/09\/harissa-ayshek-mfawra.webp","width":1080,"height":1080},{"@type":"BreadcrumbList","@id":"https:\/\/tunisia-savory.com\/produit\/harissa-nabeul\/#breadcrumb","itemListElement":[{"@type":"ListItem","position":1,"name":"Accueil","item":"https:\/\/tunisia-savory.com\/"},{"@type":"ListItem","position":2,"name":"Boutique","item":"https:\/\/tunisia-savory.com\/boutique-epicerie-tunisie\/"},{"@type":"ListItem","position":3,"name":"Harissa de Nabeul : Cap Bon \u2013 \u00e0 la vapeur"}]},{"@type":"WebSite","@id":"https:\/\/tunisia-savory.com\/#website","url":"https:\/\/tunisia-savory.com\/","name":"Tunisia-savory.com","description":"Tunisia-savory.com","publisher":{"@id":"https:\/\/tunisia-savory.com\/#organization"},"potentialAction":[{"@type":"SearchAction","target":{"@type":"EntryPoint","urlTemplate":"https:\/\/tunisia-savory.com\/?s={search_term_string}"},"query-input":{"@type":"PropertyValueSpecification","valueRequired":true,"valueName":"search_term_string"}}],"inLanguage":"ar"},{"@type":"Organization","@id":"https:\/\/tunisia-savory.com\/#organization","name":"Tunisia-savory.com","url":"https:\/\/tunisia-savory.com\/","logo":{"@type":"ImageObject","inLanguage":"ar","@id":"https:\/\/tunisia-savory.com\/#\/schema\/logo\/image\/","url":"https:\/\/tunisia-savory.com\/wp-content\/uploads\/2026\/01\/logo-dark.png","contentUrl":"https:\/\/tunisia-savory.com\/wp-content\/uploads\/2026\/01\/logo-dark.png","width":552,"height":132,"caption":"Tunisia-savory.com"},"image":{"@id":"https:\/\/tunisia-savory.com\/#\/schema\/logo\/image\/"},"sameAs":["https:\/\/www.facebook.com\/profile.php?id=61584505435972","https:\/\/www.instagram.com\/tunisiasavory\/"]}]}},"_links":{"self":[{"href":"https:\/\/tunisia-savory.com\/ar\/wp-json\/wp\/v2\/product\/3847","targetHints":{"allow":["GET"]}}],"collection":[{"href":"https:\/\/tunisia-savory.com\/ar\/wp-json\/wp\/v2\/product"}],"about":[{"href":"https:\/\/tunisia-savory.com\/ar\/wp-json\/wp\/v2\/types\/product"}],"replies":[{"embeddable":true,"href":"https:\/\/tunisia-savory.com\/ar\/wp-json\/wp\/v2\/comments?post=3847"}],"version-history":[{"count":2,"href":"https:\/\/tunisia-savory.com\/ar\/wp-json\/wp\/v2\/product\/3847\/revisions"}],"predecessor-version":[{"id":7340,"href":"https:\/\/tunisia-savory.com\/ar\/wp-json\/wp\/v2\/product\/3847\/revisions\/7340"}],"wp:featuredmedia":[{"embeddable":true,"href":"https:\/\/tunisia-savory.com\/ar\/wp-json\/wp\/v2\/media\/3849"}],"wp:attachment":[{"href":"https:\/\/tunisia-savory.com\/ar\/wp-json\/wp\/v2\/media?parent=3847"}],"wp:term":[{"taxonomy":"product_brand","embeddable":true,"href":"https:\/\/tunisia-savory.com\/ar\/wp-json\/wp\/v2\/product_brand?post=3847"},{"taxonomy":"product_cat","embeddable":true,"href":"https:\/\/tunisia-savory.com\/ar\/wp-json\/wp\/v2\/product_cat?post=3847"},{"taxonomy":"product_tag","embeddable":true,"href":"https:\/\/tunisia-savory.com\/ar\/wp-json\/wp\/v2\/product_tag?post=3847"}],"curies":[{"name":"wp","href":"https:\/\/api.w.org\/{rel}","templated":true}]}}