{"id":3815,"date":"2025-09-06T22:42:25","date_gmt":"2025-09-06T22:42:25","guid":{"rendered":"https:\/\/tunisia-savory.com\/?post_type=product&#038;p=3815"},"modified":"2026-02-14T10:30:53","modified_gmt":"2026-02-14T10:30:53","slug":"melasse-de-caroube","status":"publish","type":"product","link":"https:\/\/tunisia-savory.com\/ar\/product\/melasse-de-caroube\/","title":{"rendered":"\u062f\u0628\u0633 \u0627\u0644\u062e\u0631\u0648\u0628 \u0627\u0644\u0637\u0628\u064a\u0639\u064a"},"content":{"rendered":"<p>La m\u00e9lasse de caroube Tunisia Savory est un produit 100 % naturel, issu de caroubes soigneusement s\u00e9lectionn\u00e9es, cuites lentement selon un proc\u00e9d\u00e9 traditionnel afin de pr\u00e9server toute leur richesse nutritionnelle. Sans additifs, sans conservateurs et sans sucre ajout\u00e9, cette m\u00e9lasse de caroube offre une douceur naturellement intense et un go\u00fbt profond, fid\u00e8le au terroir tunisien.<\/p>\n<p>Reconnue pour ses bienfaits nutritionnels, la m\u00e9lasse de caroube naturelle est une excellente alternative aux \u00e9dulcorants raffin\u00e9s. Elle est naturellement riche en min\u00e9raux essentiels tels que le fer, le calcium et le magn\u00e9sium, contribuant \u00e0 soutenir l\u2019\u00e9nergie, la digestion et le bien-\u00eatre g\u00e9n\u00e9ral. Gr\u00e2ce \u00e0 son indice glyc\u00e9mique naturellement bas, elle convient \u00e9galement \u00e0 une alimentation \u00e9quilibr\u00e9e et raisonn\u00e9e.<\/p>\n<p>Polyvalente et facile \u00e0 utiliser, la m\u00e9lasse de caroube Tunisia Savory s\u2019int\u00e8gre parfaitement dans la cuisine quotidienne : en sucrant naturel pour les boissons, en nappage pour les desserts, ou comme ingr\u00e9dient dans des recettes traditionnelles et modernes.<\/p>\n<h2>Pourquoi choisir la m\u00e9lasse de caroube Tunisia Savory ?<\/h2>\n<ul>\n<li>100 % naturelle, sans additifs ni conservateurs<\/li>\n<li>Riche en min\u00e9raux essentiels (fer, calcium, magn\u00e9sium)<\/li>\n<li>Indice glyc\u00e9mique bas, adapt\u00e9e \u00e0 une alimentation saine<\/li>\n<li>Go\u00fbt naturellement sucr\u00e9, sans sucre ajout\u00e9<\/li>\n<li>Produit authentique issu du savoir-faire tunisien<\/li>\n<\/ul>","protected":false},"excerpt":{"rendered":"<p>\u062f\u0628\u0633 \u0627\u0644\u062e\u0631\u0648\u0628 \u0627\u0644\u062a\u0648\u0646\u0633\u064a Savory \u0647\u0648 \u0645\u0646\u062a\u062c \u0637\u0628\u064a\u0639\u064a 100\u066a\u060c \u062e\u0627\u0644\u064d \u0645\u0646 \u0627\u0644\u0633\u0643\u0631 \u0627\u0644\u0645\u0636\u0627\u0641\u060c \u0645\u0639\u0631\u0648\u0641 \u0628\u062d\u0644\u0627\u0648\u062a\u0647 \u0627\u0644\u0637\u0628\u064a\u0639\u064a\u0629 \u0648\u063a\u0646\u0627\u0647 \u0628\u0627\u0644\u0645\u0639\u0627\u062f\u0646 \u0627\u0644\u0623\u0633\u0627\u0633\u064a\u0629. \u0645\u062b\u0627\u0644\u064a \u0643\u0645\u062d\u0644\u0651\u064a \u0635\u062d\u064a\u060c \u064a\u062c\u0645\u0639 \u0647\u0630\u0627 \u0627\u0644\u062f\u0628\u0633 \u0628\u064a\u0646 \u0627\u0644\u0623\u0635\u0627\u0644\u0629 \u0648\u0627\u0644\u0641\u0648\u0627\u0626\u062f \u0627\u0644\u063a\u0630\u0627\u0626\u064a\u0629 \u0648\u0627\u0644\u062d\u0631\u0641\u064a\u0629 \u0627\u0644\u062a\u0648\u0646\u0633\u064a\u0629.<\/p>","protected":false},"featured_media":7019,"comment_status":"open","ping_status":"closed","template":"","meta":[],"product_brand":[111],"product_cat":[353,340],"product_tag":[],"class_list":{"0":"post-3815","1":"product","2":"type-product","3":"status-publish","4":"has-post-thumbnail","6":"product_brand-tunisiasavory","7":"product_cat-naturel-terroir","8":"product_cat-produits-phares-tunisia-savory","10":"first","11":"instock","12":"sale","13":"shipping-taxable","14":"purchasable","15":"product-type-variable","16":"has-default-attributes"},"yoast_head":"<!-- This site is optimized with the Yoast SEO plugin v27.4 - https:\/\/yoast.com\/product\/yoast-seo-wordpress\/ -->\n<title>M\u00e9lasse de caroube - Achat en ligne | Tunisia Savory<\/title>\n<meta name=\"description\" content=\"Achetez en ligne votre m\u00e9lasse de caroube naturelle sur Tunisia Savory. Un produit authentique et naturel pour enrichir vos recettes maison.\" \/>\n<meta name=\"robots\" content=\"index, follow, max-snippet:-1, max-image-preview:large, max-video-preview:-1\" \/>\n<link rel=\"canonical\" href=\"https:\/\/tunisia-savory.com\/ar\/product\/melasse-de-caroube\/\" \/>\n<meta property=\"og:locale\" content=\"ar_AR\" \/>\n<meta property=\"og:type\" content=\"article\" \/>\n<meta property=\"og:title\" content=\"M\u00e9lasse de caroube - Achat en ligne | Tunisia Savory\" \/>\n<meta property=\"og:description\" content=\"Achetez en ligne votre m\u00e9lasse de caroube naturelle sur Tunisia Savory. Un produit authentique et naturel pour enrichir vos recettes maison.\" \/>\n<meta property=\"og:url\" content=\"https:\/\/tunisia-savory.com\/ar\/product\/melasse-de-caroube\/\" \/>\n<meta property=\"og:site_name\" content=\"Tunisia-savory.com\" \/>\n<meta property=\"article:publisher\" content=\"https:\/\/www.facebook.com\/profile.php?id=61584505435972\" \/>\n<meta property=\"article:modified_time\" content=\"2026-02-14T10:30:53+00:00\" \/>\n<meta property=\"og:image\" content=\"https:\/\/tunisia-savory.com\/wp-content\/uploads\/2025\/09\/IMG_1432-fond-blanc-scaled.webp\" \/>\n\t<meta property=\"og:image:width\" content=\"2560\" \/>\n\t<meta property=\"og:image:height\" content=\"2560\" \/>\n\t<meta property=\"og:image:type\" content=\"image\/webp\" \/>\n<meta name=\"twitter:card\" content=\"summary_large_image\" \/>\n<meta name=\"twitter:label1\" content=\"\u0648\u0642\u062a \u0627\u0644\u0642\u0631\u0627\u0621\u0629 \u0627\u0644\u0645\u064f\u0642\u062f\u0651\u0631\" \/>\n\t<meta name=\"twitter:data1\" content=\"\u062f\u0642\u064a\u0642\u062a\u0627\u0646\" \/>\n<script type=\"application\/ld+json\" class=\"yoast-schema-graph\">{\"@context\":\"https:\\\/\\\/schema.org\",\"@graph\":[{\"@type\":\"WebPage\",\"@id\":\"https:\\\/\\\/tunisia-savory.com\\\/produit\\\/melasse-de-caroube\\\/\",\"url\":\"https:\\\/\\\/tunisia-savory.com\\\/produit\\\/melasse-de-caroube\\\/\",\"name\":\"M\u00e9lasse de caroube - Achat en ligne | Tunisia Savory\",\"isPartOf\":{\"@id\":\"https:\\\/\\\/tunisia-savory.com\\\/#website\"},\"primaryImageOfPage\":{\"@id\":\"https:\\\/\\\/tunisia-savory.com\\\/produit\\\/melasse-de-caroube\\\/#primaryimage\"},\"image\":{\"@id\":\"https:\\\/\\\/tunisia-savory.com\\\/produit\\\/melasse-de-caroube\\\/#primaryimage\"},\"thumbnailUrl\":\"https:\\\/\\\/tunisia-savory.com\\\/wp-content\\\/uploads\\\/2025\\\/09\\\/IMG_1432-fond-blanc-scaled.webp\",\"datePublished\":\"2025-09-06T22:42:25+00:00\",\"dateModified\":\"2026-02-14T10:30:53+00:00\",\"description\":\"Achetez en ligne votre m\u00e9lasse de caroube naturelle sur Tunisia Savory. Un produit authentique et naturel pour enrichir vos recettes maison.\",\"breadcrumb\":{\"@id\":\"https:\\\/\\\/tunisia-savory.com\\\/produit\\\/melasse-de-caroube\\\/#breadcrumb\"},\"inLanguage\":\"ar\",\"potentialAction\":[{\"@type\":\"ReadAction\",\"target\":[\"https:\\\/\\\/tunisia-savory.com\\\/produit\\\/melasse-de-caroube\\\/\"]}]},{\"@type\":\"ImageObject\",\"inLanguage\":\"ar\",\"@id\":\"https:\\\/\\\/tunisia-savory.com\\\/produit\\\/melasse-de-caroube\\\/#primaryimage\",\"url\":\"https:\\\/\\\/tunisia-savory.com\\\/wp-content\\\/uploads\\\/2025\\\/09\\\/IMG_1432-fond-blanc-scaled.webp\",\"contentUrl\":\"https:\\\/\\\/tunisia-savory.com\\\/wp-content\\\/uploads\\\/2025\\\/09\\\/IMG_1432-fond-blanc-scaled.webp\",\"width\":2560,\"height\":2560,\"caption\":\"melasse de caroube\"},{\"@type\":\"BreadcrumbList\",\"@id\":\"https:\\\/\\\/tunisia-savory.com\\\/produit\\\/melasse-de-caroube\\\/#breadcrumb\",\"itemListElement\":[{\"@type\":\"ListItem\",\"position\":1,\"name\":\"Accueil\",\"item\":\"https:\\\/\\\/tunisia-savory.com\\\/\"},{\"@type\":\"ListItem\",\"position\":2,\"name\":\"Boutique\",\"item\":\"https:\\\/\\\/tunisia-savory.com\\\/boutique-epicerie-tunisie\\\/\"},{\"@type\":\"ListItem\",\"position\":3,\"name\":\"M\u00e9lasse de Caroube Naturelle\"}]},{\"@type\":\"WebSite\",\"@id\":\"https:\\\/\\\/tunisia-savory.com\\\/#website\",\"url\":\"https:\\\/\\\/tunisia-savory.com\\\/\",\"name\":\"Tunisia-savory.com\",\"description\":\"Tunisia-savory.com\",\"publisher\":{\"@id\":\"https:\\\/\\\/tunisia-savory.com\\\/#organization\"},\"potentialAction\":[{\"@type\":\"SearchAction\",\"target\":{\"@type\":\"EntryPoint\",\"urlTemplate\":\"https:\\\/\\\/tunisia-savory.com\\\/?s={search_term_string}\"},\"query-input\":{\"@type\":\"PropertyValueSpecification\",\"valueRequired\":true,\"valueName\":\"search_term_string\"}}],\"inLanguage\":\"ar\"},{\"@type\":\"Organization\",\"@id\":\"https:\\\/\\\/tunisia-savory.com\\\/#organization\",\"name\":\"Tunisia-savory.com\",\"url\":\"https:\\\/\\\/tunisia-savory.com\\\/\",\"logo\":{\"@type\":\"ImageObject\",\"inLanguage\":\"ar\",\"@id\":\"https:\\\/\\\/tunisia-savory.com\\\/#\\\/schema\\\/logo\\\/image\\\/\",\"url\":\"https:\\\/\\\/tunisia-savory.com\\\/wp-content\\\/uploads\\\/2026\\\/01\\\/logo-dark.png\",\"contentUrl\":\"https:\\\/\\\/tunisia-savory.com\\\/wp-content\\\/uploads\\\/2026\\\/01\\\/logo-dark.png\",\"width\":552,\"height\":132,\"caption\":\"Tunisia-savory.com\"},\"image\":{\"@id\":\"https:\\\/\\\/tunisia-savory.com\\\/#\\\/schema\\\/logo\\\/image\\\/\"},\"sameAs\":[\"https:\\\/\\\/www.facebook.com\\\/profile.php?id=61584505435972\",\"https:\\\/\\\/www.instagram.com\\\/tunisiasavory\\\/\"]}]}<\/script>\n<!-- \/ Yoast SEO plugin. -->","yoast_head_json":{"title":"M\u00e9lasse de caroube - Achat en ligne | Tunisia Savory","description":"Achetez en ligne votre m\u00e9lasse de caroube naturelle sur Tunisia Savory. Un produit authentique et naturel pour enrichir vos recettes maison.","robots":{"index":"index","follow":"follow","max-snippet":"max-snippet:-1","max-image-preview":"max-image-preview:large","max-video-preview":"max-video-preview:-1"},"canonical":"https:\/\/tunisia-savory.com\/ar\/product\/melasse-de-caroube\/","og_locale":"ar_AR","og_type":"article","og_title":"M\u00e9lasse de caroube - Achat en ligne | Tunisia Savory","og_description":"Achetez en ligne votre m\u00e9lasse de caroube naturelle sur Tunisia Savory. Un produit authentique et naturel pour enrichir vos recettes maison.","og_url":"https:\/\/tunisia-savory.com\/ar\/product\/melasse-de-caroube\/","og_site_name":"Tunisia-savory.com","article_publisher":"https:\/\/www.facebook.com\/profile.php?id=61584505435972","article_modified_time":"2026-02-14T10:30:53+00:00","og_image":[{"width":2560,"height":2560,"url":"https:\/\/tunisia-savory.com\/wp-content\/uploads\/2025\/09\/IMG_1432-fond-blanc-scaled.webp","type":"image\/webp"}],"twitter_card":"summary_large_image","twitter_misc":{"\u0648\u0642\u062a \u0627\u0644\u0642\u0631\u0627\u0621\u0629 \u0627\u0644\u0645\u064f\u0642\u062f\u0651\u0631":"\u062f\u0642\u064a\u0642\u062a\u0627\u0646"},"schema":{"@context":"https:\/\/schema.org","@graph":[{"@type":"WebPage","@id":"https:\/\/tunisia-savory.com\/produit\/melasse-de-caroube\/","url":"https:\/\/tunisia-savory.com\/produit\/melasse-de-caroube\/","name":"M\u00e9lasse de caroube - Achat en ligne | Tunisia Savory","isPartOf":{"@id":"https:\/\/tunisia-savory.com\/#website"},"primaryImageOfPage":{"@id":"https:\/\/tunisia-savory.com\/produit\/melasse-de-caroube\/#primaryimage"},"image":{"@id":"https:\/\/tunisia-savory.com\/produit\/melasse-de-caroube\/#primaryimage"},"thumbnailUrl":"https:\/\/tunisia-savory.com\/wp-content\/uploads\/2025\/09\/IMG_1432-fond-blanc-scaled.webp","datePublished":"2025-09-06T22:42:25+00:00","dateModified":"2026-02-14T10:30:53+00:00","description":"Achetez en ligne votre m\u00e9lasse de caroube naturelle sur Tunisia Savory. Un produit authentique et naturel pour enrichir vos recettes maison.","breadcrumb":{"@id":"https:\/\/tunisia-savory.com\/produit\/melasse-de-caroube\/#breadcrumb"},"inLanguage":"ar","potentialAction":[{"@type":"ReadAction","target":["https:\/\/tunisia-savory.com\/produit\/melasse-de-caroube\/"]}]},{"@type":"ImageObject","inLanguage":"ar","@id":"https:\/\/tunisia-savory.com\/produit\/melasse-de-caroube\/#primaryimage","url":"https:\/\/tunisia-savory.com\/wp-content\/uploads\/2025\/09\/IMG_1432-fond-blanc-scaled.webp","contentUrl":"https:\/\/tunisia-savory.com\/wp-content\/uploads\/2025\/09\/IMG_1432-fond-blanc-scaled.webp","width":2560,"height":2560,"caption":"melasse de caroube"},{"@type":"BreadcrumbList","@id":"https:\/\/tunisia-savory.com\/produit\/melasse-de-caroube\/#breadcrumb","itemListElement":[{"@type":"ListItem","position":1,"name":"Accueil","item":"https:\/\/tunisia-savory.com\/"},{"@type":"ListItem","position":2,"name":"Boutique","item":"https:\/\/tunisia-savory.com\/boutique-epicerie-tunisie\/"},{"@type":"ListItem","position":3,"name":"M\u00e9lasse de Caroube Naturelle"}]},{"@type":"WebSite","@id":"https:\/\/tunisia-savory.com\/#website","url":"https:\/\/tunisia-savory.com\/","name":"Tunisia-savory.com","description":"Tunisia-savory.com","publisher":{"@id":"https:\/\/tunisia-savory.com\/#organization"},"potentialAction":[{"@type":"SearchAction","target":{"@type":"EntryPoint","urlTemplate":"https:\/\/tunisia-savory.com\/?s={search_term_string}"},"query-input":{"@type":"PropertyValueSpecification","valueRequired":true,"valueName":"search_term_string"}}],"inLanguage":"ar"},{"@type":"Organization","@id":"https:\/\/tunisia-savory.com\/#organization","name":"Tunisia-savory.com","url":"https:\/\/tunisia-savory.com\/","logo":{"@type":"ImageObject","inLanguage":"ar","@id":"https:\/\/tunisia-savory.com\/#\/schema\/logo\/image\/","url":"https:\/\/tunisia-savory.com\/wp-content\/uploads\/2026\/01\/logo-dark.png","contentUrl":"https:\/\/tunisia-savory.com\/wp-content\/uploads\/2026\/01\/logo-dark.png","width":552,"height":132,"caption":"Tunisia-savory.com"},"image":{"@id":"https:\/\/tunisia-savory.com\/#\/schema\/logo\/image\/"},"sameAs":["https:\/\/www.facebook.com\/profile.php?id=61584505435972","https:\/\/www.instagram.com\/tunisiasavory\/"]}]}},"_links":{"self":[{"href":"https:\/\/tunisia-savory.com\/ar\/wp-json\/wp\/v2\/product\/3815","targetHints":{"allow":["GET"]}}],"collection":[{"href":"https:\/\/tunisia-savory.com\/ar\/wp-json\/wp\/v2\/product"}],"about":[{"href":"https:\/\/tunisia-savory.com\/ar\/wp-json\/wp\/v2\/types\/product"}],"replies":[{"embeddable":true,"href":"https:\/\/tunisia-savory.com\/ar\/wp-json\/wp\/v2\/comments?post=3815"}],"version-history":[{"count":7,"href":"https:\/\/tunisia-savory.com\/ar\/wp-json\/wp\/v2\/product\/3815\/revisions"}],"predecessor-version":[{"id":7326,"href":"https:\/\/tunisia-savory.com\/ar\/wp-json\/wp\/v2\/product\/3815\/revisions\/7326"}],"wp:featuredmedia":[{"embeddable":true,"href":"https:\/\/tunisia-savory.com\/ar\/wp-json\/wp\/v2\/media\/7019"}],"wp:attachment":[{"href":"https:\/\/tunisia-savory.com\/ar\/wp-json\/wp\/v2\/media?parent=3815"}],"wp:term":[{"taxonomy":"product_brand","embeddable":true,"href":"https:\/\/tunisia-savory.com\/ar\/wp-json\/wp\/v2\/product_brand?post=3815"},{"taxonomy":"product_cat","embeddable":true,"href":"https:\/\/tunisia-savory.com\/ar\/wp-json\/wp\/v2\/product_cat?post=3815"},{"taxonomy":"product_tag","embeddable":true,"href":"https:\/\/tunisia-savory.com\/ar\/wp-json\/wp\/v2\/product_tag?post=3815"}],"curies":[{"name":"wp","href":"https:\/\/api.w.org\/{rel}","templated":true}]}}