{"id":3758,"date":"2025-08-30T20:35:08","date_gmt":"2025-08-30T20:35:08","guid":{"rendered":"https:\/\/tunisia-savory.com\/?post_type=product&#038;p=3758"},"modified":"2026-02-01T20:15:20","modified_gmt":"2026-02-01T20:15:20","slug":"olives-cassees","status":"publish","type":"product","link":"https:\/\/tunisia-savory.com\/ar\/product\/olives-cassees\/","title":{"rendered":"\u0632\u064a\u062a\u0648\u0646 \u0645\u0641\u0634\u062e \u0628\u0627\u0644\u0634\u0645\u0651\u064a\u0631 \u0627\u0644\u0628\u0631\u064a"},"content":{"rendered":"<ul>\n<li>\n<p class=\"ds-markdown-paragraph\"><strong>Origine &amp; Savoir-Faire :<\/strong><br \/>\nPr\u00e9par\u00e9es selon une recette traditionnelle tunisienne, ces olives vertes sont l\u00e9g\u00e8rement cass\u00e9es pour permettre une meilleure infusion des ar\u00f4mes, puis marin\u00e9es avec du fenouil sauvage r\u00e9colt\u00e9 dans les collines tunisiennes.<\/p>\n<\/li>\n<li>\n<p class=\"ds-markdown-paragraph\"><strong>Profil Sensoriel :<\/strong><\/p>\n<ul>\n<li>\n<p class=\"ds-markdown-paragraph\"><strong>Ar\u00f4me :<\/strong>\u00a0Anis\u00e9 et frais, avec des notes herbac\u00e9es.<\/p>\n<\/li>\n<li>\n<p class=\"ds-markdown-paragraph\"><strong>Go\u00fbt :<\/strong>\u00a0Sal\u00e9 et l\u00e9g\u00e8rement amer, \u00e9quilibr\u00e9 par la douceur du fenouil.<\/p>\n<\/li>\n<li>\n<p class=\"ds-markdown-paragraph\"><strong>Texture :<\/strong>\u00a0Ferme et croquante.<\/p>\n<\/li>\n<\/ul>\n<\/li>\n<li>\n<p class=\"ds-markdown-paragraph\"><strong>Bienfaits :<\/strong><\/p>\n<ul>\n<li>\n<p class=\"ds-markdown-paragraph\"><strong>Riche en Antioxydants :<\/strong>\u00a0Bienfaits cardiovasculaires.<\/p>\n<\/li>\n<li>\n<p class=\"ds-markdown-paragraph\"><strong>Digestif :<\/strong>\u00a0Le fenouil aide \u00e0 la digestion.<\/p>\n<\/li>\n<li>\n<p class=\"ds-markdown-paragraph\"><strong>Sans Conservateurs :<\/strong>\u00a0Pr\u00e9paration naturelle.<\/p>\n<\/li>\n<\/ul>\n<\/li>\n<li>\n<p class=\"ds-markdown-paragraph\"><strong>Utilisations :<\/strong><\/p>\n<ul>\n<li>\n<p class=\"ds-markdown-paragraph\"><strong>Ap\u00e9ritif :<\/strong>\u00a0Servies avec du fromage et du pain.<\/p>\n<\/li>\n<li>\n<p class=\"ds-markdown-paragraph\"><strong>Salades :<\/strong>\u00a0Ajout\u00e9es aux salades m\u00e9diterran\u00e9ennes.<\/p>\n<\/li>\n<li>\n<p class=\"ds-markdown-paragraph\"><strong>Plats Cuisin\u00e9s :<\/strong>\u00a0Accompagnement de tajines ou de grillades.<\/p>\n<\/li>\n<li>\n<p class=\"ds-markdown-paragraph\"><strong>Tapas :<\/strong>\u00a0Sur des plateaux de mezze.<\/p>\n<\/li>\n<\/ul>\n<\/li>\n<\/ul>\n<h1><strong>. Informations Techniques :<\/strong><\/h1>\n<ul>\n<li>\n<p class=\"ds-markdown-paragraph\"><strong>Poids Net :<\/strong> 5kg, 10kg (seau).<\/p>\n<\/li>\n<li>\n<p class=\"ds-markdown-paragraph\"><strong>Ingr\u00e9dients :<\/strong>\u00a0Olives vertes, eau, sel, fenouil sauvage, ail, citron, huile d&rsquo;olive.<\/p>\n<\/li>\n<li>\n<p class=\"ds-markdown-paragraph\"><strong>Conservation :<\/strong>\u00a0Au frais apr\u00e8s ouverture.<\/p>\n<\/li>\n<li>\n<p class=\"ds-markdown-paragraph\"><strong>Allerg\u00e8nes :<\/strong>\u00a0Aucun.<\/p>\n<\/li>\n<li>\n<p class=\"ds-markdown-paragraph\"><strong>Origine :<\/strong>\u00a0Tunisie<\/p>\n<\/li>\n<\/ul>","protected":false},"excerpt":{"rendered":"<p>Les <strong>olives cass\u00e9es<\/strong> \u0632\u064a\u062a\u0648\u0646 Tunisia Savory \u0645\u064f\u062d\u0636\u0651\u0631 \u0648\u0641\u0642 \u0627\u0644\u062a\u0642\u0644\u064a\u062f \u0627\u0644\u062a\u0648\u0646\u0633\u064a\u060c \u0648\u0645\u064f\u062a\u0628\u0644 \u0628\u0627\u0644\u0634\u0645\u0651\u064a\u0631 \u0627\u0644\u0628\u0631\u064a \u0644\u064a\u0642\u062f\u0651\u0645 \u0646\u0643\u0647\u0629 \u064a\u0627\u0646\u0633\u0648\u0646\u064a\u0629 \u0645\u0646\u0639\u0634\u0629. \u0637\u0628\u064a\u0639\u064a \u0648\u062e\u0627\u0644\u064d \u0645\u0646 \u0627\u0644\u0645\u0648\u0627\u062f \u0627\u0644\u062d\u0627\u0641\u0638\u0629\u060c \u0645\u062b\u0627\u0644\u064a \u0643\u0645\u0642\u0628\u0644\u0627\u062a \u0623\u0648 \u0644\u0644\u0633\u0644\u0637\u0627\u062a \u0648\u0627\u0644\u0623\u0637\u0628\u0627\u0642 \u0627\u0644\u0645\u0637\u0628\u0648\u062e\u0629\u060c \u0645\u0639 \u062e\u062f\u0645\u0629 \u062a\u0648\u0635\u064a\u0644 \u0633\u0631\u064a\u0639\u0629 \u0645\u062a\u0627\u062d\u0629 \u0641\u064a \u0643\u0627\u0645\u0644 \u062a\u0648\u0646\u0633.<\/p>","protected":false},"featured_media":5538,"comment_status":"open","ping_status":"closed","template":"","meta":[],"product_brand":[111],"product_cat":[350,340,356],"product_tag":[82,64,73],"class_list":{"0":"post-3758","1":"product","2":"type-product","3":"status-publish","4":"has-post-thumbnail","6":"product_brand-tunisiasavory","7":"product_cat-olives-specialites","8":"product_cat-produits-phares-tunisia-savory","9":"product_cat-signature-savory","10":"product_tag-organic","11":"product_tag-produits-naturels","12":"product_tag-specialites-tunisiennes","14":"first","15":"instock","16":"sale","17":"shipping-taxable","18":"purchasable","19":"product-type-simple"},"yoast_head":"<!-- This site is optimized with the Yoast SEO plugin v27.4 - https:\/\/yoast.com\/product\/yoast-seo-wordpress\/ -->\n<title>Olives Cass\u00e9es au Fenouil Sauvage | Acheter en ligne en Tunisie - Tunisia-savory.com<\/title>\n<meta name=\"robots\" content=\"index, follow, max-snippet:-1, max-image-preview:large, max-video-preview:-1\" \/>\n<link rel=\"canonical\" href=\"https:\/\/tunisia-savory.com\/ar\/product\/olives-cassees\/\" \/>\n<meta property=\"og:locale\" content=\"ar_AR\" \/>\n<meta property=\"og:type\" content=\"article\" \/>\n<meta property=\"og:title\" content=\"Olives Cass\u00e9es au Fenouil Sauvage | Acheter en ligne en Tunisie - Tunisia-savory.com\" \/>\n<meta property=\"og:description\" content=\"Les olives cass\u00e9es Tunisia Savory sont pr\u00e9par\u00e9es selon la tradition tunisienne, marin\u00e9es avec fenouil sauvage pour un go\u00fbt anis\u00e9 et frais. Naturelles et sans conservateurs, elles sont parfaites en ap\u00e9ritifs, salades ou plats cuisin\u00e9s, avec livraison rapide dans toute la Tunisie.\" \/>\n<meta property=\"og:url\" content=\"https:\/\/tunisia-savory.com\/ar\/product\/olives-cassees\/\" \/>\n<meta property=\"og:site_name\" content=\"Tunisia-savory.com\" \/>\n<meta property=\"article:publisher\" content=\"https:\/\/www.facebook.com\/profile.php?id=61584505435972\" \/>\n<meta property=\"article:modified_time\" content=\"2026-02-01T20:15:20+00:00\" \/>\n<meta property=\"og:image\" content=\"https:\/\/tunisia-savory.com\/wp-content\/uploads\/2025\/08\/WhatsApp-Image-2025-11-27-a-19.54.32_6e8fa2f4.jpg\" \/>\n\t<meta property=\"og:image:width\" content=\"1023\" \/>\n\t<meta property=\"og:image:height\" content=\"1280\" \/>\n\t<meta property=\"og:image:type\" content=\"image\/jpeg\" \/>\n<meta name=\"twitter:card\" content=\"summary_large_image\" \/>\n<meta name=\"twitter:label1\" content=\"\u0648\u0642\u062a \u0627\u0644\u0642\u0631\u0627\u0621\u0629 \u0627\u0644\u0645\u064f\u0642\u062f\u0651\u0631\" \/>\n\t<meta name=\"twitter:data1\" content=\"\u062f\u0642\u064a\u0642\u0629 \u0648\u0627\u062d\u062f\u0629\" \/>\n<script type=\"application\/ld+json\" class=\"yoast-schema-graph\">{\"@context\":\"https:\\\/\\\/schema.org\",\"@graph\":[{\"@type\":\"WebPage\",\"@id\":\"https:\\\/\\\/tunisia-savory.com\\\/produit\\\/olives-cassees\\\/\",\"url\":\"https:\\\/\\\/tunisia-savory.com\\\/produit\\\/olives-cassees\\\/\",\"name\":\"Olives Cass\u00e9es au Fenouil Sauvage | Acheter en ligne en Tunisie - Tunisia-savory.com\",\"isPartOf\":{\"@id\":\"https:\\\/\\\/tunisia-savory.com\\\/#website\"},\"primaryImageOfPage\":{\"@id\":\"https:\\\/\\\/tunisia-savory.com\\\/produit\\\/olives-cassees\\\/#primaryimage\"},\"image\":{\"@id\":\"https:\\\/\\\/tunisia-savory.com\\\/produit\\\/olives-cassees\\\/#primaryimage\"},\"thumbnailUrl\":\"https:\\\/\\\/tunisia-savory.com\\\/wp-content\\\/uploads\\\/2025\\\/08\\\/WhatsApp-Image-2025-11-27-a-19.54.32_6e8fa2f4.jpg\",\"datePublished\":\"2025-08-30T20:35:08+00:00\",\"dateModified\":\"2026-02-01T20:15:20+00:00\",\"breadcrumb\":{\"@id\":\"https:\\\/\\\/tunisia-savory.com\\\/produit\\\/olives-cassees\\\/#breadcrumb\"},\"inLanguage\":\"ar\",\"potentialAction\":[{\"@type\":\"ReadAction\",\"target\":[\"https:\\\/\\\/tunisia-savory.com\\\/produit\\\/olives-cassees\\\/\"]}]},{\"@type\":\"ImageObject\",\"inLanguage\":\"ar\",\"@id\":\"https:\\\/\\\/tunisia-savory.com\\\/produit\\\/olives-cassees\\\/#primaryimage\",\"url\":\"https:\\\/\\\/tunisia-savory.com\\\/wp-content\\\/uploads\\\/2025\\\/08\\\/WhatsApp-Image-2025-11-27-a-19.54.32_6e8fa2f4.jpg\",\"contentUrl\":\"https:\\\/\\\/tunisia-savory.com\\\/wp-content\\\/uploads\\\/2025\\\/08\\\/WhatsApp-Image-2025-11-27-a-19.54.32_6e8fa2f4.jpg\",\"width\":1023,\"height\":1280},{\"@type\":\"BreadcrumbList\",\"@id\":\"https:\\\/\\\/tunisia-savory.com\\\/produit\\\/olives-cassees\\\/#breadcrumb\",\"itemListElement\":[{\"@type\":\"ListItem\",\"position\":1,\"name\":\"Accueil\",\"item\":\"https:\\\/\\\/tunisia-savory.com\\\/\"},{\"@type\":\"ListItem\",\"position\":2,\"name\":\"Boutique\",\"item\":\"https:\\\/\\\/tunisia-savory.com\\\/boutique-epicerie-tunisie\\\/\"},{\"@type\":\"ListItem\",\"position\":3,\"name\":\"Olives Cass\u00e9es au Fenouil Sauvage\"}]},{\"@type\":\"WebSite\",\"@id\":\"https:\\\/\\\/tunisia-savory.com\\\/#website\",\"url\":\"https:\\\/\\\/tunisia-savory.com\\\/\",\"name\":\"Tunisia-savory.com\",\"description\":\"Tunisia-savory.com\",\"publisher\":{\"@id\":\"https:\\\/\\\/tunisia-savory.com\\\/#organization\"},\"potentialAction\":[{\"@type\":\"SearchAction\",\"target\":{\"@type\":\"EntryPoint\",\"urlTemplate\":\"https:\\\/\\\/tunisia-savory.com\\\/?s={search_term_string}\"},\"query-input\":{\"@type\":\"PropertyValueSpecification\",\"valueRequired\":true,\"valueName\":\"search_term_string\"}}],\"inLanguage\":\"ar\"},{\"@type\":\"Organization\",\"@id\":\"https:\\\/\\\/tunisia-savory.com\\\/#organization\",\"name\":\"Tunisia-savory.com\",\"url\":\"https:\\\/\\\/tunisia-savory.com\\\/\",\"logo\":{\"@type\":\"ImageObject\",\"inLanguage\":\"ar\",\"@id\":\"https:\\\/\\\/tunisia-savory.com\\\/#\\\/schema\\\/logo\\\/image\\\/\",\"url\":\"https:\\\/\\\/tunisia-savory.com\\\/wp-content\\\/uploads\\\/2026\\\/01\\\/logo-dark.png\",\"contentUrl\":\"https:\\\/\\\/tunisia-savory.com\\\/wp-content\\\/uploads\\\/2026\\\/01\\\/logo-dark.png\",\"width\":552,\"height\":132,\"caption\":\"Tunisia-savory.com\"},\"image\":{\"@id\":\"https:\\\/\\\/tunisia-savory.com\\\/#\\\/schema\\\/logo\\\/image\\\/\"},\"sameAs\":[\"https:\\\/\\\/www.facebook.com\\\/profile.php?id=61584505435972\",\"https:\\\/\\\/www.instagram.com\\\/tunisiasavory\\\/\"]}]}<\/script>\n<!-- \/ Yoast SEO plugin. -->","yoast_head_json":{"title":"Olives Cass\u00e9es au Fenouil Sauvage | Acheter en ligne en Tunisie - Tunisia-savory.com","robots":{"index":"index","follow":"follow","max-snippet":"max-snippet:-1","max-image-preview":"max-image-preview:large","max-video-preview":"max-video-preview:-1"},"canonical":"https:\/\/tunisia-savory.com\/ar\/product\/olives-cassees\/","og_locale":"ar_AR","og_type":"article","og_title":"Olives Cass\u00e9es au Fenouil Sauvage | Acheter en ligne en Tunisie - Tunisia-savory.com","og_description":"Les olives cass\u00e9es Tunisia Savory sont pr\u00e9par\u00e9es selon la tradition tunisienne, marin\u00e9es avec fenouil sauvage pour un go\u00fbt anis\u00e9 et frais. Naturelles et sans conservateurs, elles sont parfaites en ap\u00e9ritifs, salades ou plats cuisin\u00e9s, avec livraison rapide dans toute la Tunisie.","og_url":"https:\/\/tunisia-savory.com\/ar\/product\/olives-cassees\/","og_site_name":"Tunisia-savory.com","article_publisher":"https:\/\/www.facebook.com\/profile.php?id=61584505435972","article_modified_time":"2026-02-01T20:15:20+00:00","og_image":[{"width":1023,"height":1280,"url":"https:\/\/tunisia-savory.com\/wp-content\/uploads\/2025\/08\/WhatsApp-Image-2025-11-27-a-19.54.32_6e8fa2f4.jpg","type":"image\/jpeg"}],"twitter_card":"summary_large_image","twitter_misc":{"\u0648\u0642\u062a \u0627\u0644\u0642\u0631\u0627\u0621\u0629 \u0627\u0644\u0645\u064f\u0642\u062f\u0651\u0631":"\u062f\u0642\u064a\u0642\u0629 \u0648\u0627\u062d\u062f\u0629"},"schema":{"@context":"https:\/\/schema.org","@graph":[{"@type":"WebPage","@id":"https:\/\/tunisia-savory.com\/produit\/olives-cassees\/","url":"https:\/\/tunisia-savory.com\/produit\/olives-cassees\/","name":"Olives Cass\u00e9es au Fenouil Sauvage | Acheter en ligne en Tunisie - Tunisia-savory.com","isPartOf":{"@id":"https:\/\/tunisia-savory.com\/#website"},"primaryImageOfPage":{"@id":"https:\/\/tunisia-savory.com\/produit\/olives-cassees\/#primaryimage"},"image":{"@id":"https:\/\/tunisia-savory.com\/produit\/olives-cassees\/#primaryimage"},"thumbnailUrl":"https:\/\/tunisia-savory.com\/wp-content\/uploads\/2025\/08\/WhatsApp-Image-2025-11-27-a-19.54.32_6e8fa2f4.jpg","datePublished":"2025-08-30T20:35:08+00:00","dateModified":"2026-02-01T20:15:20+00:00","breadcrumb":{"@id":"https:\/\/tunisia-savory.com\/produit\/olives-cassees\/#breadcrumb"},"inLanguage":"ar","potentialAction":[{"@type":"ReadAction","target":["https:\/\/tunisia-savory.com\/produit\/olives-cassees\/"]}]},{"@type":"ImageObject","inLanguage":"ar","@id":"https:\/\/tunisia-savory.com\/produit\/olives-cassees\/#primaryimage","url":"https:\/\/tunisia-savory.com\/wp-content\/uploads\/2025\/08\/WhatsApp-Image-2025-11-27-a-19.54.32_6e8fa2f4.jpg","contentUrl":"https:\/\/tunisia-savory.com\/wp-content\/uploads\/2025\/08\/WhatsApp-Image-2025-11-27-a-19.54.32_6e8fa2f4.jpg","width":1023,"height":1280},{"@type":"BreadcrumbList","@id":"https:\/\/tunisia-savory.com\/produit\/olives-cassees\/#breadcrumb","itemListElement":[{"@type":"ListItem","position":1,"name":"Accueil","item":"https:\/\/tunisia-savory.com\/"},{"@type":"ListItem","position":2,"name":"Boutique","item":"https:\/\/tunisia-savory.com\/boutique-epicerie-tunisie\/"},{"@type":"ListItem","position":3,"name":"Olives Cass\u00e9es au Fenouil Sauvage"}]},{"@type":"WebSite","@id":"https:\/\/tunisia-savory.com\/#website","url":"https:\/\/tunisia-savory.com\/","name":"Tunisia-savory.com","description":"Tunisia-savory.com","publisher":{"@id":"https:\/\/tunisia-savory.com\/#organization"},"potentialAction":[{"@type":"SearchAction","target":{"@type":"EntryPoint","urlTemplate":"https:\/\/tunisia-savory.com\/?s={search_term_string}"},"query-input":{"@type":"PropertyValueSpecification","valueRequired":true,"valueName":"search_term_string"}}],"inLanguage":"ar"},{"@type":"Organization","@id":"https:\/\/tunisia-savory.com\/#organization","name":"Tunisia-savory.com","url":"https:\/\/tunisia-savory.com\/","logo":{"@type":"ImageObject","inLanguage":"ar","@id":"https:\/\/tunisia-savory.com\/#\/schema\/logo\/image\/","url":"https:\/\/tunisia-savory.com\/wp-content\/uploads\/2026\/01\/logo-dark.png","contentUrl":"https:\/\/tunisia-savory.com\/wp-content\/uploads\/2026\/01\/logo-dark.png","width":552,"height":132,"caption":"Tunisia-savory.com"},"image":{"@id":"https:\/\/tunisia-savory.com\/#\/schema\/logo\/image\/"},"sameAs":["https:\/\/www.facebook.com\/profile.php?id=61584505435972","https:\/\/www.instagram.com\/tunisiasavory\/"]}]}},"_links":{"self":[{"href":"https:\/\/tunisia-savory.com\/ar\/wp-json\/wp\/v2\/product\/3758","targetHints":{"allow":["GET"]}}],"collection":[{"href":"https:\/\/tunisia-savory.com\/ar\/wp-json\/wp\/v2\/product"}],"about":[{"href":"https:\/\/tunisia-savory.com\/ar\/wp-json\/wp\/v2\/types\/product"}],"replies":[{"embeddable":true,"href":"https:\/\/tunisia-savory.com\/ar\/wp-json\/wp\/v2\/comments?post=3758"}],"version-history":[{"count":4,"href":"https:\/\/tunisia-savory.com\/ar\/wp-json\/wp\/v2\/product\/3758\/revisions"}],"predecessor-version":[{"id":7349,"href":"https:\/\/tunisia-savory.com\/ar\/wp-json\/wp\/v2\/product\/3758\/revisions\/7349"}],"wp:featuredmedia":[{"embeddable":true,"href":"https:\/\/tunisia-savory.com\/ar\/wp-json\/wp\/v2\/media\/5538"}],"wp:attachment":[{"href":"https:\/\/tunisia-savory.com\/ar\/wp-json\/wp\/v2\/media?parent=3758"}],"wp:term":[{"taxonomy":"product_brand","embeddable":true,"href":"https:\/\/tunisia-savory.com\/ar\/wp-json\/wp\/v2\/product_brand?post=3758"},{"taxonomy":"product_cat","embeddable":true,"href":"https:\/\/tunisia-savory.com\/ar\/wp-json\/wp\/v2\/product_cat?post=3758"},{"taxonomy":"product_tag","embeddable":true,"href":"https:\/\/tunisia-savory.com\/ar\/wp-json\/wp\/v2\/product_tag?post=3758"}],"curies":[{"name":"wp","href":"https:\/\/api.w.org\/{rel}","templated":true}]}}