{"id":203,"date":"2024-06-07T11:25:01","date_gmt":"2024-06-07T11:25:01","guid":{"rendered":"http:\/\/demo.woothemes.com\/woocommerce\/?post_type=product&#038;p=70"},"modified":"2026-04-30T06:21:09","modified_gmt":"2026-04-30T06:21:09","slug":"poudre-de-piment-sechee","status":"publish","type":"product","link":"https:\/\/tunisia-savory.com\/ar\/product\/poudre-de-piment-sechee\/","title":{"rendered":"\u0628\u0648\u062f\u0631\u0629 \u0627\u0644\u0641\u0644\u0641\u0644 \u0627\u0644\u0645\u062c\u0641\u0641"},"content":{"rendered":"<p>La Poudre de piment s\u00e9ch\u00e9e Tunisia Savory est obtenue \u00e0 partir de piments rouges tunisiens s\u00e9lectionn\u00e9s, s\u00e9ch\u00e9s naturellement au soleil puis finement moulus pour pr\u00e9server leur ar\u00f4me riche et leur piquant intense. Ce produit 100 % naturel, sans additifs ni conservateurs, est parfait pour relever vos plats avec saveur et authenticit\u00e9.<\/p>\n<p>Id\u00e9ale pour assaisonner viandes, sauces, marinades, l\u00e9gumes ou plats exotiques, la poudre de piment s\u00e9ch\u00e9e est \u00e9galement parfaite pour vos m\u00e9langes d\u2019\u00e9pices maison, apportant une touche authentique et m\u00e9diterran\u00e9enne \u00e0 toutes vos recettes.<\/p>\n<p>Tunisia Savory assure une livraison rapide dans toute la Tunisie, pour profiter de la qualit\u00e9 et de la fra\u00eecheur directement chez vous.<\/p>\n<p><strong>Points forts<\/strong><\/p>\n<ul>\n<li>Poudre de piment s\u00e9ch\u00e9e 100 % naturelle<\/li>\n<li>Go\u00fbt intense et piquant, ar\u00f4me riche et l\u00e9g\u00e8rement fum\u00e9<\/li>\n<li>Id\u00e9ale pour sauces, marinades, plats cuisin\u00e9s et m\u00e9langes d\u2019\u00e9pices<\/li>\n<li>Livraison rapide dans toute la Tunisie<\/li>\n<\/ul>\n<p><strong>Ingr\u00e9dients :<\/strong> 100 % piments rouges s\u00e9ch\u00e9s moulus<\/p>","protected":false},"excerpt":{"rendered":"<p>\u0628\u0648\u062f\u0631\u0629 \u0627\u0644\u0641\u0644\u0641\u0644 \u0627\u0644\u0623\u062d\u0645\u0631 \u0627\u0644\u0645\u062c\u0641\u0641 \u0627\u0644\u062a\u0648\u0646\u0633\u064a\u0629 Savory\u060c \u0627\u0644\u0645\u0633\u062a\u062e\u0644\u0635\u0629 \u0645\u0646 \u0641\u0644\u0641\u0644 \u0623\u062d\u0645\u0631 \u062a\u0648\u0646\u0633\u064a \u0645\u062e\u062a\u0627\u0631\u060c \u0645\u0637\u062d\u0648\u0646\u0629 \u0646\u0627\u0639\u0645\u0627\u064b \u0644\u062a\u0642\u062f\u0651\u0645 \u0646\u0643\u0647\u0629 \u062d\u0627\u0631\u0629 \u0648\u0645\u0643\u062b\u0641\u0629. \u0647\u0630\u0627 \u0627\u0644\u0645\u0646\u062a\u062c \u0637\u0628\u064a\u0639\u064a 100\u066a \u0648\u062e\u0627\u0644\u064d \u0645\u0646 \u0627\u0644\u0645\u0648\u0627\u062f \u0627\u0644\u062d\u0627\u0641\u0638\u0629\u060c \u0648\u064a\u0636\u064a\u0641 \u0644\u0645\u0633\u0629 \u0645\u0645\u064a\u0632\u0629 \u0644\u0644\u0635\u0644\u0635\u0627\u062a \u0648\u0627\u0644\u0644\u062d\u0648\u0645 \u0648\u0627\u0644\u0623\u0637\u0628\u0627\u0642 \u0627\u0644\u063a\u0631\u064a\u0628\u0629\u060c \u0645\u0639 \u062e\u062f\u0645\u0629 \u062a\u0648\u0635\u064a\u0644 \u0633\u0631\u064a\u0639\u0629 \u0645\u062a\u0627\u062d\u0629 \u0641\u064a \u0643\u0627\u0645\u0644 \u062a\u0648\u0646\u0633.<\/p>","protected":false},"featured_media":7332,"comment_status":"open","ping_status":"closed","template":"","meta":[],"product_brand":[111],"product_cat":[19],"product_tag":[57,93,64,96],"class_list":{"0":"post-203","1":"product","2":"type-product","3":"status-publish","4":"has-post-thumbnail","6":"product_brand-tunisiasavory","7":"product_cat-epices-melanges","8":"product_tag-epices-assaisonnements","9":"product_tag-preparations-culinaires","10":"product_tag-produits-naturels","11":"product_tag-tresors-naturels-de-tunisie","13":"first","14":"instock","15":"shipping-taxable","16":"purchasable","17":"product-type-variable","18":"has-default-attributes"},"yoast_head":"<!-- This site is optimized with the Yoast SEO plugin v27.4 - https:\/\/yoast.com\/product\/yoast-seo-wordpress\/ -->\n<title>Poudre de Piment s\u00e9ch\u00e9e | Acheter en ligne en Tunisie - Tunisia-savory.com<\/title>\n<meta name=\"robots\" content=\"index, follow, max-snippet:-1, max-image-preview:large, max-video-preview:-1\" \/>\n<link rel=\"canonical\" href=\"https:\/\/tunisia-savory.com\/ar\/product\/poudre-de-piment-sechee\/\" \/>\n<meta property=\"og:locale\" content=\"ar_AR\" \/>\n<meta property=\"og:type\" content=\"article\" \/>\n<meta property=\"og:title\" content=\"Poudre de Piment s\u00e9ch\u00e9e | Acheter en ligne en Tunisie - Tunisia-savory.com\" \/>\n<meta property=\"og:description\" content=\"La Poudre de Piment S\u00e9ch\u00e9e Tunisia Savory, issue de piments rouges tunisiens s\u00e9lectionn\u00e9s, est finement moulue pour un go\u00fbt intense et \u00e9pic\u00e9. 100\u202f% naturelle et sans conservateurs, elle rel\u00e8ve sauces, viandes et plats exotiques, avec livraison rapide dans toute la Tunisie.\" \/>\n<meta property=\"og:url\" content=\"https:\/\/tunisia-savory.com\/ar\/product\/poudre-de-piment-sechee\/\" \/>\n<meta property=\"og:site_name\" content=\"Tunisia-savory.com\" \/>\n<meta property=\"article:publisher\" content=\"https:\/\/www.facebook.com\/profile.php?id=61584505435972\" \/>\n<meta property=\"article:modified_time\" content=\"2026-04-30T06:21:09+00:00\" \/>\n<meta property=\"og:image\" content=\"https:\/\/tunisia-savory.com\/wp-content\/uploads\/2024\/06\/WhatsApp-Image-2026-01-20-at-7.55.35-PM.jpeg\" \/>\n\t<meta property=\"og:image:width\" content=\"1280\" \/>\n\t<meta property=\"og:image:height\" content=\"1600\" \/>\n\t<meta property=\"og:image:type\" content=\"image\/jpeg\" \/>\n<meta name=\"twitter:card\" content=\"summary_large_image\" \/>\n<meta name=\"twitter:label1\" content=\"\u0648\u0642\u062a \u0627\u0644\u0642\u0631\u0627\u0621\u0629 \u0627\u0644\u0645\u064f\u0642\u062f\u0651\u0631\" \/>\n\t<meta name=\"twitter:data1\" content=\"\u062f\u0642\u064a\u0642\u0629 \u0648\u0627\u062d\u062f\u0629\" \/>\n<script type=\"application\/ld+json\" class=\"yoast-schema-graph\">{\"@context\":\"https:\\\/\\\/schema.org\",\"@graph\":[{\"@type\":\"WebPage\",\"@id\":\"https:\\\/\\\/tunisia-savory.com\\\/produit\\\/poudre-de-piment-sechee\\\/\",\"url\":\"https:\\\/\\\/tunisia-savory.com\\\/produit\\\/poudre-de-piment-sechee\\\/\",\"name\":\"Poudre de Piment s\u00e9ch\u00e9e | Acheter en ligne en Tunisie - Tunisia-savory.com\",\"isPartOf\":{\"@id\":\"https:\\\/\\\/tunisia-savory.com\\\/#website\"},\"primaryImageOfPage\":{\"@id\":\"https:\\\/\\\/tunisia-savory.com\\\/produit\\\/poudre-de-piment-sechee\\\/#primaryimage\"},\"image\":{\"@id\":\"https:\\\/\\\/tunisia-savory.com\\\/produit\\\/poudre-de-piment-sechee\\\/#primaryimage\"},\"thumbnailUrl\":\"https:\\\/\\\/tunisia-savory.com\\\/wp-content\\\/uploads\\\/2024\\\/06\\\/WhatsApp-Image-2026-01-20-at-7.55.35-PM.jpeg\",\"datePublished\":\"2024-06-07T11:25:01+00:00\",\"dateModified\":\"2026-04-30T06:21:09+00:00\",\"breadcrumb\":{\"@id\":\"https:\\\/\\\/tunisia-savory.com\\\/produit\\\/poudre-de-piment-sechee\\\/#breadcrumb\"},\"inLanguage\":\"ar\",\"potentialAction\":[{\"@type\":\"ReadAction\",\"target\":[\"https:\\\/\\\/tunisia-savory.com\\\/produit\\\/poudre-de-piment-sechee\\\/\"]}]},{\"@type\":\"ImageObject\",\"inLanguage\":\"ar\",\"@id\":\"https:\\\/\\\/tunisia-savory.com\\\/produit\\\/poudre-de-piment-sechee\\\/#primaryimage\",\"url\":\"https:\\\/\\\/tunisia-savory.com\\\/wp-content\\\/uploads\\\/2024\\\/06\\\/WhatsApp-Image-2026-01-20-at-7.55.35-PM.jpeg\",\"contentUrl\":\"https:\\\/\\\/tunisia-savory.com\\\/wp-content\\\/uploads\\\/2024\\\/06\\\/WhatsApp-Image-2026-01-20-at-7.55.35-PM.jpeg\",\"width\":1280,\"height\":1600},{\"@type\":\"BreadcrumbList\",\"@id\":\"https:\\\/\\\/tunisia-savory.com\\\/produit\\\/poudre-de-piment-sechee\\\/#breadcrumb\",\"itemListElement\":[{\"@type\":\"ListItem\",\"position\":1,\"name\":\"Accueil\",\"item\":\"https:\\\/\\\/tunisia-savory.com\\\/\"},{\"@type\":\"ListItem\",\"position\":2,\"name\":\"Boutique\",\"item\":\"https:\\\/\\\/tunisia-savory.com\\\/boutique-epicerie-tunisie\\\/\"},{\"@type\":\"ListItem\",\"position\":3,\"name\":\"Poudre de Piment s\u00e9ch\u00e9e\"}]},{\"@type\":\"WebSite\",\"@id\":\"https:\\\/\\\/tunisia-savory.com\\\/#website\",\"url\":\"https:\\\/\\\/tunisia-savory.com\\\/\",\"name\":\"Tunisia-savory.com\",\"description\":\"Tunisia-savory.com\",\"publisher\":{\"@id\":\"https:\\\/\\\/tunisia-savory.com\\\/#organization\"},\"potentialAction\":[{\"@type\":\"SearchAction\",\"target\":{\"@type\":\"EntryPoint\",\"urlTemplate\":\"https:\\\/\\\/tunisia-savory.com\\\/?s={search_term_string}\"},\"query-input\":{\"@type\":\"PropertyValueSpecification\",\"valueRequired\":true,\"valueName\":\"search_term_string\"}}],\"inLanguage\":\"ar\"},{\"@type\":\"Organization\",\"@id\":\"https:\\\/\\\/tunisia-savory.com\\\/#organization\",\"name\":\"Tunisia-savory.com\",\"url\":\"https:\\\/\\\/tunisia-savory.com\\\/\",\"logo\":{\"@type\":\"ImageObject\",\"inLanguage\":\"ar\",\"@id\":\"https:\\\/\\\/tunisia-savory.com\\\/#\\\/schema\\\/logo\\\/image\\\/\",\"url\":\"https:\\\/\\\/tunisia-savory.com\\\/wp-content\\\/uploads\\\/2026\\\/01\\\/logo-dark.png\",\"contentUrl\":\"https:\\\/\\\/tunisia-savory.com\\\/wp-content\\\/uploads\\\/2026\\\/01\\\/logo-dark.png\",\"width\":552,\"height\":132,\"caption\":\"Tunisia-savory.com\"},\"image\":{\"@id\":\"https:\\\/\\\/tunisia-savory.com\\\/#\\\/schema\\\/logo\\\/image\\\/\"},\"sameAs\":[\"https:\\\/\\\/www.facebook.com\\\/profile.php?id=61584505435972\",\"https:\\\/\\\/www.instagram.com\\\/tunisiasavory\\\/\"]}]}<\/script>\n<!-- \/ Yoast SEO plugin. -->","yoast_head_json":{"title":"Poudre de Piment s\u00e9ch\u00e9e | Acheter en ligne en Tunisie - Tunisia-savory.com","robots":{"index":"index","follow":"follow","max-snippet":"max-snippet:-1","max-image-preview":"max-image-preview:large","max-video-preview":"max-video-preview:-1"},"canonical":"https:\/\/tunisia-savory.com\/ar\/product\/poudre-de-piment-sechee\/","og_locale":"ar_AR","og_type":"article","og_title":"Poudre de Piment s\u00e9ch\u00e9e | Acheter en ligne en Tunisie - Tunisia-savory.com","og_description":"La Poudre de Piment S\u00e9ch\u00e9e Tunisia Savory, issue de piments rouges tunisiens s\u00e9lectionn\u00e9s, est finement moulue pour un go\u00fbt intense et \u00e9pic\u00e9. 100\u202f% naturelle et sans conservateurs, elle rel\u00e8ve sauces, viandes et plats exotiques, avec livraison rapide dans toute la Tunisie.","og_url":"https:\/\/tunisia-savory.com\/ar\/product\/poudre-de-piment-sechee\/","og_site_name":"Tunisia-savory.com","article_publisher":"https:\/\/www.facebook.com\/profile.php?id=61584505435972","article_modified_time":"2026-04-30T06:21:09+00:00","og_image":[{"width":1280,"height":1600,"url":"https:\/\/tunisia-savory.com\/wp-content\/uploads\/2024\/06\/WhatsApp-Image-2026-01-20-at-7.55.35-PM.jpeg","type":"image\/jpeg"}],"twitter_card":"summary_large_image","twitter_misc":{"\u0648\u0642\u062a \u0627\u0644\u0642\u0631\u0627\u0621\u0629 \u0627\u0644\u0645\u064f\u0642\u062f\u0651\u0631":"\u062f\u0642\u064a\u0642\u0629 \u0648\u0627\u062d\u062f\u0629"},"schema":{"@context":"https:\/\/schema.org","@graph":[{"@type":"WebPage","@id":"https:\/\/tunisia-savory.com\/produit\/poudre-de-piment-sechee\/","url":"https:\/\/tunisia-savory.com\/produit\/poudre-de-piment-sechee\/","name":"Poudre de Piment s\u00e9ch\u00e9e | Acheter en ligne en Tunisie - Tunisia-savory.com","isPartOf":{"@id":"https:\/\/tunisia-savory.com\/#website"},"primaryImageOfPage":{"@id":"https:\/\/tunisia-savory.com\/produit\/poudre-de-piment-sechee\/#primaryimage"},"image":{"@id":"https:\/\/tunisia-savory.com\/produit\/poudre-de-piment-sechee\/#primaryimage"},"thumbnailUrl":"https:\/\/tunisia-savory.com\/wp-content\/uploads\/2024\/06\/WhatsApp-Image-2026-01-20-at-7.55.35-PM.jpeg","datePublished":"2024-06-07T11:25:01+00:00","dateModified":"2026-04-30T06:21:09+00:00","breadcrumb":{"@id":"https:\/\/tunisia-savory.com\/produit\/poudre-de-piment-sechee\/#breadcrumb"},"inLanguage":"ar","potentialAction":[{"@type":"ReadAction","target":["https:\/\/tunisia-savory.com\/produit\/poudre-de-piment-sechee\/"]}]},{"@type":"ImageObject","inLanguage":"ar","@id":"https:\/\/tunisia-savory.com\/produit\/poudre-de-piment-sechee\/#primaryimage","url":"https:\/\/tunisia-savory.com\/wp-content\/uploads\/2024\/06\/WhatsApp-Image-2026-01-20-at-7.55.35-PM.jpeg","contentUrl":"https:\/\/tunisia-savory.com\/wp-content\/uploads\/2024\/06\/WhatsApp-Image-2026-01-20-at-7.55.35-PM.jpeg","width":1280,"height":1600},{"@type":"BreadcrumbList","@id":"https:\/\/tunisia-savory.com\/produit\/poudre-de-piment-sechee\/#breadcrumb","itemListElement":[{"@type":"ListItem","position":1,"name":"Accueil","item":"https:\/\/tunisia-savory.com\/"},{"@type":"ListItem","position":2,"name":"Boutique","item":"https:\/\/tunisia-savory.com\/boutique-epicerie-tunisie\/"},{"@type":"ListItem","position":3,"name":"Poudre de Piment s\u00e9ch\u00e9e"}]},{"@type":"WebSite","@id":"https:\/\/tunisia-savory.com\/#website","url":"https:\/\/tunisia-savory.com\/","name":"Tunisia-savory.com","description":"Tunisia-savory.com","publisher":{"@id":"https:\/\/tunisia-savory.com\/#organization"},"potentialAction":[{"@type":"SearchAction","target":{"@type":"EntryPoint","urlTemplate":"https:\/\/tunisia-savory.com\/?s={search_term_string}"},"query-input":{"@type":"PropertyValueSpecification","valueRequired":true,"valueName":"search_term_string"}}],"inLanguage":"ar"},{"@type":"Organization","@id":"https:\/\/tunisia-savory.com\/#organization","name":"Tunisia-savory.com","url":"https:\/\/tunisia-savory.com\/","logo":{"@type":"ImageObject","inLanguage":"ar","@id":"https:\/\/tunisia-savory.com\/#\/schema\/logo\/image\/","url":"https:\/\/tunisia-savory.com\/wp-content\/uploads\/2026\/01\/logo-dark.png","contentUrl":"https:\/\/tunisia-savory.com\/wp-content\/uploads\/2026\/01\/logo-dark.png","width":552,"height":132,"caption":"Tunisia-savory.com"},"image":{"@id":"https:\/\/tunisia-savory.com\/#\/schema\/logo\/image\/"},"sameAs":["https:\/\/www.facebook.com\/profile.php?id=61584505435972","https:\/\/www.instagram.com\/tunisiasavory\/"]}]}},"_links":{"self":[{"href":"https:\/\/tunisia-savory.com\/ar\/wp-json\/wp\/v2\/product\/203","targetHints":{"allow":["GET"]}}],"collection":[{"href":"https:\/\/tunisia-savory.com\/ar\/wp-json\/wp\/v2\/product"}],"about":[{"href":"https:\/\/tunisia-savory.com\/ar\/wp-json\/wp\/v2\/types\/product"}],"replies":[{"embeddable":true,"href":"https:\/\/tunisia-savory.com\/ar\/wp-json\/wp\/v2\/comments?post=203"}],"version-history":[{"count":3,"href":"https:\/\/tunisia-savory.com\/ar\/wp-json\/wp\/v2\/product\/203\/revisions"}],"predecessor-version":[{"id":7333,"href":"https:\/\/tunisia-savory.com\/ar\/wp-json\/wp\/v2\/product\/203\/revisions\/7333"}],"wp:featuredmedia":[{"embeddable":true,"href":"https:\/\/tunisia-savory.com\/ar\/wp-json\/wp\/v2\/media\/7332"}],"wp:attachment":[{"href":"https:\/\/tunisia-savory.com\/ar\/wp-json\/wp\/v2\/media?parent=203"}],"wp:term":[{"taxonomy":"product_brand","embeddable":true,"href":"https:\/\/tunisia-savory.com\/ar\/wp-json\/wp\/v2\/product_brand?post=203"},{"taxonomy":"product_cat","embeddable":true,"href":"https:\/\/tunisia-savory.com\/ar\/wp-json\/wp\/v2\/product_cat?post=203"},{"taxonomy":"product_tag","embeddable":true,"href":"https:\/\/tunisia-savory.com\/ar\/wp-json\/wp\/v2\/product_tag?post=203"}],"curies":[{"name":"wp","href":"https:\/\/api.w.org\/{rel}","templated":true}]}}