{"id":200,"date":"2024-06-07T11:05:37","date_gmt":"2024-06-07T11:05:37","guid":{"rendered":"http:\/\/demo.woothemes.com\/woocommerce\/?post_type=product&#038;p=53"},"modified":"2026-04-30T06:21:09","modified_gmt":"2026-04-30T06:21:09","slug":"poudre-de-caroube","status":"publish","type":"product","link":"https:\/\/tunisia-savory.com\/ar\/product\/poudre-de-caroube\/","title":{"rendered":"\u0628\u0648\u062f\u0631\u0629 \u0627\u0644\u062e\u0631\u0648\u0628 \u0627\u0644\u0637\u0628\u064a\u0639\u064a\u0629 100\u066a"},"content":{"rendered":"<p>La Poudre de Caroube Tunisia Savory est obtenue \u00e0 partir de gousses de caroube tunisiennes soigneusement s\u00e9lectionn\u00e9es, s\u00e9ch\u00e9es puis finement moulues pour pr\u00e9server toutes leurs valeurs nutritionnelles. Naturelle et sans caf\u00e9ine, elle est riche en fibres et calcium et offre un go\u00fbt naturellement sucr\u00e9, parfait pour remplacer le cacao dans vos pr\u00e9parations.<\/p>\n<p>Polyvalente, cette poudre de caroube Tunisie s\u2019utilise pour pr\u00e9parer des boissons chaudes, p\u00e2tisseries, smoothies ou recettes sant\u00e9, convenant aux enfants comme aux adultes. Elle constitue un choix naturel et sain, fid\u00e8le aux traditions artisanales tunisiennes.<\/p>\n<p>La marque Tunisia Savory assure une livraison rapide dans toute la Tunisie, garantissant fra\u00eecheur et qualit\u00e9 \u00e0 chaque commande.<\/p>\n<p><strong>Points forts<\/strong><\/p>\n<ul>\n<li>Poudre de Caroube Tunisie 100 % naturelle<\/li>\n<li>Alternative saine au cacao, sans caf\u00e9ine<\/li>\n<li>Riche en fibres et calcium<\/li>\n<li>Id\u00e9ale pour p\u00e2tisseries, boissons, smoothies et recettes sant\u00e9<\/li>\n<li>Livraison rapide dans toute la Tunisie<\/li>\n<\/ul>\n<p><strong>Ingr\u00e9dients :<\/strong> 100 % caroube moulue<\/p>","protected":false},"excerpt":{"rendered":"<p>\u0628\u0648\u062f\u0631\u0629 \u0627\u0644\u062e\u0631\u0648\u0628 \u0627\u0644\u062a\u0648\u0646\u0633\u064a\u0629 Savory\u060c \u0627\u0644\u0645\u0633\u062a\u062e\u0644\u0635\u0629 \u0645\u0646 \u0642\u0631\u0648\u0646 \u0627\u0644\u062e\u0631\u0648\u0628 \u0627\u0644\u062a\u0648\u0646\u0633\u064a\u0629 \u0627\u0644\u0645\u0637\u062d\u0648\u0646\u0629\u060c \u062a\u0642\u062f\u0651\u0645 \u0646\u0643\u0647\u0629 \u062d\u0644\u0648\u0629 \u0637\u0628\u064a\u0639\u064a\u0629 \u0648\u063a\u0646\u064a\u0629 \u0628\u0627\u0644\u0623\u0644\u064a\u0627\u0641 \u0648\u0627\u0644\u0643\u0627\u0644\u0633\u064a\u0648\u0645. \u0647\u0630\u0627 \u0627\u0644\u0645\u0646\u062a\u062c \u0637\u0628\u064a\u0639\u064a 100\u066a \u0648\u062e\u0627\u0644\u064d \u0645\u0646 \u0627\u0644\u0643\u0627\u0641\u064a\u064a\u0646\u060c \u0648\u0645\u062b\u0627\u0644\u064a \u0644\u0644\u0627\u0633\u062a\u062e\u062f\u0627\u0645 \u0641\u064a \u0627\u0644\u062d\u0644\u0648\u064a\u0627\u062a \u0648\u0627\u0644\u0645\u0634\u0631\u0648\u0628\u0627\u062a \u0648\u0627\u0644\u0633\u0645\u0648\u062b\u064a\u060c \u0645\u0639 \u062e\u062f\u0645\u0629 \u062a\u0648\u0635\u064a\u0644 \u0633\u0631\u064a\u0639\u0629 \u0645\u062a\u0627\u062d\u0629 \u0641\u064a \u0643\u0627\u0645\u0644 \u062a\u0648\u0646\u0633.<\/p>","protected":false},"featured_media":7026,"comment_status":"open","ping_status":"closed","template":"","meta":[],"product_brand":[111],"product_cat":[353],"product_tag":[70,82,71,46,68,73,96],"class_list":{"0":"post-200","1":"product","2":"type-product","3":"status-publish","4":"has-post-thumbnail","6":"product_brand-tunisiasavory","7":"product_cat-naturel-terroir","8":"product_tag-nutrition-sportive","9":"product_tag-organic","10":"product_tag-poudre-100-naturelle","11":"product_tag-recette-artisanale","12":"product_tag-snacks-veganes-patisseries-maison","13":"product_tag-specialites-tunisiennes","14":"product_tag-tresors-naturels-de-tunisie","16":"first","17":"instock","18":"sale","19":"shipping-taxable","20":"purchasable","21":"product-type-simple"},"yoast_head":"<!-- This site is optimized with the Yoast SEO plugin v27.4 - https:\/\/yoast.com\/product\/yoast-seo-wordpress\/ -->\n<title>Poudre de Caroube | Ingr\u00e9dient naturel \u2013 Tunisia Savory<\/title>\n<meta name=\"description\" content=\"Achetez en ligne votre poudre de caroube naturelle sur Tunisia Savory. Une caroube en poudre authentique pour vos pr\u00e9parations maison.\" \/>\n<meta name=\"robots\" content=\"index, follow, max-snippet:-1, max-image-preview:large, max-video-preview:-1\" \/>\n<link rel=\"canonical\" href=\"https:\/\/tunisia-savory.com\/ar\/product\/poudre-de-caroube\/\" \/>\n<meta property=\"og:locale\" content=\"ar_AR\" \/>\n<meta property=\"og:type\" content=\"article\" \/>\n<meta property=\"og:title\" content=\"Poudre de Caroube | Ingr\u00e9dient naturel \u2013 Tunisia Savory\" \/>\n<meta property=\"og:description\" content=\"Achetez en ligne votre poudre de caroube naturelle sur Tunisia Savory. Une caroube en poudre authentique pour vos pr\u00e9parations maison.\" \/>\n<meta property=\"og:url\" content=\"https:\/\/tunisia-savory.com\/ar\/product\/poudre-de-caroube\/\" \/>\n<meta property=\"og:site_name\" content=\"Tunisia-savory.com\" \/>\n<meta property=\"article:publisher\" content=\"https:\/\/www.facebook.com\/profile.php?id=61584505435972\" \/>\n<meta property=\"article:modified_time\" content=\"2026-04-30T06:21:09+00:00\" \/>\n<meta property=\"og:image\" content=\"https:\/\/tunisia-savory.com\/wp-content\/uploads\/2024\/06\/IMG_1429-2-scaled.webp\" \/>\n\t<meta property=\"og:image:width\" content=\"2560\" \/>\n\t<meta property=\"og:image:height\" content=\"2560\" \/>\n\t<meta property=\"og:image:type\" content=\"image\/webp\" \/>\n<meta name=\"twitter:card\" content=\"summary_large_image\" \/>\n<meta name=\"twitter:label1\" content=\"\u0648\u0642\u062a \u0627\u0644\u0642\u0631\u0627\u0621\u0629 \u0627\u0644\u0645\u064f\u0642\u062f\u0651\u0631\" \/>\n\t<meta name=\"twitter:data1\" content=\"\u062f\u0642\u064a\u0642\u0629 \u0648\u0627\u062d\u062f\u0629\" \/>\n<script type=\"application\/ld+json\" class=\"yoast-schema-graph\">{\"@context\":\"https:\\\/\\\/schema.org\",\"@graph\":[{\"@type\":\"WebPage\",\"@id\":\"https:\\\/\\\/tunisia-savory.com\\\/produit\\\/poudre-de-caroube\\\/\",\"url\":\"https:\\\/\\\/tunisia-savory.com\\\/produit\\\/poudre-de-caroube\\\/\",\"name\":\"Poudre de Caroube | Ingr\u00e9dient naturel \u2013 Tunisia Savory\",\"isPartOf\":{\"@id\":\"https:\\\/\\\/tunisia-savory.com\\\/#website\"},\"primaryImageOfPage\":{\"@id\":\"https:\\\/\\\/tunisia-savory.com\\\/produit\\\/poudre-de-caroube\\\/#primaryimage\"},\"image\":{\"@id\":\"https:\\\/\\\/tunisia-savory.com\\\/produit\\\/poudre-de-caroube\\\/#primaryimage\"},\"thumbnailUrl\":\"https:\\\/\\\/tunisia-savory.com\\\/wp-content\\\/uploads\\\/2024\\\/06\\\/IMG_1429-2-scaled.webp\",\"datePublished\":\"2024-06-07T11:05:37+00:00\",\"dateModified\":\"2026-04-30T06:21:09+00:00\",\"description\":\"Achetez en ligne votre poudre de caroube naturelle sur Tunisia Savory. Une caroube en poudre authentique pour vos pr\u00e9parations maison.\",\"breadcrumb\":{\"@id\":\"https:\\\/\\\/tunisia-savory.com\\\/produit\\\/poudre-de-caroube\\\/#breadcrumb\"},\"inLanguage\":\"ar\",\"potentialAction\":[{\"@type\":\"ReadAction\",\"target\":[\"https:\\\/\\\/tunisia-savory.com\\\/produit\\\/poudre-de-caroube\\\/\"]}]},{\"@type\":\"ImageObject\",\"inLanguage\":\"ar\",\"@id\":\"https:\\\/\\\/tunisia-savory.com\\\/produit\\\/poudre-de-caroube\\\/#primaryimage\",\"url\":\"https:\\\/\\\/tunisia-savory.com\\\/wp-content\\\/uploads\\\/2024\\\/06\\\/IMG_1429-2-scaled.webp\",\"contentUrl\":\"https:\\\/\\\/tunisia-savory.com\\\/wp-content\\\/uploads\\\/2024\\\/06\\\/IMG_1429-2-scaled.webp\",\"width\":2560,\"height\":2560,\"caption\":\"Poudre de caroube\"},{\"@type\":\"BreadcrumbList\",\"@id\":\"https:\\\/\\\/tunisia-savory.com\\\/produit\\\/poudre-de-caroube\\\/#breadcrumb\",\"itemListElement\":[{\"@type\":\"ListItem\",\"position\":1,\"name\":\"Accueil\",\"item\":\"https:\\\/\\\/tunisia-savory.com\\\/\"},{\"@type\":\"ListItem\",\"position\":2,\"name\":\"Boutique\",\"item\":\"https:\\\/\\\/tunisia-savory.com\\\/boutique-epicerie-tunisie\\\/\"},{\"@type\":\"ListItem\",\"position\":3,\"name\":\"Poudre de Caroube 100% Naturelle\"}]},{\"@type\":\"WebSite\",\"@id\":\"https:\\\/\\\/tunisia-savory.com\\\/#website\",\"url\":\"https:\\\/\\\/tunisia-savory.com\\\/\",\"name\":\"Tunisia-savory.com\",\"description\":\"Tunisia-savory.com\",\"publisher\":{\"@id\":\"https:\\\/\\\/tunisia-savory.com\\\/#organization\"},\"potentialAction\":[{\"@type\":\"SearchAction\",\"target\":{\"@type\":\"EntryPoint\",\"urlTemplate\":\"https:\\\/\\\/tunisia-savory.com\\\/?s={search_term_string}\"},\"query-input\":{\"@type\":\"PropertyValueSpecification\",\"valueRequired\":true,\"valueName\":\"search_term_string\"}}],\"inLanguage\":\"ar\"},{\"@type\":\"Organization\",\"@id\":\"https:\\\/\\\/tunisia-savory.com\\\/#organization\",\"name\":\"Tunisia-savory.com\",\"url\":\"https:\\\/\\\/tunisia-savory.com\\\/\",\"logo\":{\"@type\":\"ImageObject\",\"inLanguage\":\"ar\",\"@id\":\"https:\\\/\\\/tunisia-savory.com\\\/#\\\/schema\\\/logo\\\/image\\\/\",\"url\":\"https:\\\/\\\/tunisia-savory.com\\\/wp-content\\\/uploads\\\/2026\\\/01\\\/logo-dark.png\",\"contentUrl\":\"https:\\\/\\\/tunisia-savory.com\\\/wp-content\\\/uploads\\\/2026\\\/01\\\/logo-dark.png\",\"width\":552,\"height\":132,\"caption\":\"Tunisia-savory.com\"},\"image\":{\"@id\":\"https:\\\/\\\/tunisia-savory.com\\\/#\\\/schema\\\/logo\\\/image\\\/\"},\"sameAs\":[\"https:\\\/\\\/www.facebook.com\\\/profile.php?id=61584505435972\",\"https:\\\/\\\/www.instagram.com\\\/tunisiasavory\\\/\"]}]}<\/script>\n<!-- \/ Yoast SEO plugin. -->","yoast_head_json":{"title":"Poudre de Caroube | Ingr\u00e9dient naturel \u2013 Tunisia Savory","description":"Achetez en ligne votre poudre de caroube naturelle sur Tunisia Savory. Une caroube en poudre authentique pour vos pr\u00e9parations maison.","robots":{"index":"index","follow":"follow","max-snippet":"max-snippet:-1","max-image-preview":"max-image-preview:large","max-video-preview":"max-video-preview:-1"},"canonical":"https:\/\/tunisia-savory.com\/ar\/product\/poudre-de-caroube\/","og_locale":"ar_AR","og_type":"article","og_title":"Poudre de Caroube | Ingr\u00e9dient naturel \u2013 Tunisia Savory","og_description":"Achetez en ligne votre poudre de caroube naturelle sur Tunisia Savory. Une caroube en poudre authentique pour vos pr\u00e9parations maison.","og_url":"https:\/\/tunisia-savory.com\/ar\/product\/poudre-de-caroube\/","og_site_name":"Tunisia-savory.com","article_publisher":"https:\/\/www.facebook.com\/profile.php?id=61584505435972","article_modified_time":"2026-04-30T06:21:09+00:00","og_image":[{"width":2560,"height":2560,"url":"https:\/\/tunisia-savory.com\/wp-content\/uploads\/2024\/06\/IMG_1429-2-scaled.webp","type":"image\/webp"}],"twitter_card":"summary_large_image","twitter_misc":{"\u0648\u0642\u062a \u0627\u0644\u0642\u0631\u0627\u0621\u0629 \u0627\u0644\u0645\u064f\u0642\u062f\u0651\u0631":"\u062f\u0642\u064a\u0642\u0629 \u0648\u0627\u062d\u062f\u0629"},"schema":{"@context":"https:\/\/schema.org","@graph":[{"@type":"WebPage","@id":"https:\/\/tunisia-savory.com\/produit\/poudre-de-caroube\/","url":"https:\/\/tunisia-savory.com\/produit\/poudre-de-caroube\/","name":"Poudre de Caroube | Ingr\u00e9dient naturel \u2013 Tunisia Savory","isPartOf":{"@id":"https:\/\/tunisia-savory.com\/#website"},"primaryImageOfPage":{"@id":"https:\/\/tunisia-savory.com\/produit\/poudre-de-caroube\/#primaryimage"},"image":{"@id":"https:\/\/tunisia-savory.com\/produit\/poudre-de-caroube\/#primaryimage"},"thumbnailUrl":"https:\/\/tunisia-savory.com\/wp-content\/uploads\/2024\/06\/IMG_1429-2-scaled.webp","datePublished":"2024-06-07T11:05:37+00:00","dateModified":"2026-04-30T06:21:09+00:00","description":"Achetez en ligne votre poudre de caroube naturelle sur Tunisia Savory. Une caroube en poudre authentique pour vos pr\u00e9parations maison.","breadcrumb":{"@id":"https:\/\/tunisia-savory.com\/produit\/poudre-de-caroube\/#breadcrumb"},"inLanguage":"ar","potentialAction":[{"@type":"ReadAction","target":["https:\/\/tunisia-savory.com\/produit\/poudre-de-caroube\/"]}]},{"@type":"ImageObject","inLanguage":"ar","@id":"https:\/\/tunisia-savory.com\/produit\/poudre-de-caroube\/#primaryimage","url":"https:\/\/tunisia-savory.com\/wp-content\/uploads\/2024\/06\/IMG_1429-2-scaled.webp","contentUrl":"https:\/\/tunisia-savory.com\/wp-content\/uploads\/2024\/06\/IMG_1429-2-scaled.webp","width":2560,"height":2560,"caption":"Poudre de caroube"},{"@type":"BreadcrumbList","@id":"https:\/\/tunisia-savory.com\/produit\/poudre-de-caroube\/#breadcrumb","itemListElement":[{"@type":"ListItem","position":1,"name":"Accueil","item":"https:\/\/tunisia-savory.com\/"},{"@type":"ListItem","position":2,"name":"Boutique","item":"https:\/\/tunisia-savory.com\/boutique-epicerie-tunisie\/"},{"@type":"ListItem","position":3,"name":"Poudre de Caroube 100% Naturelle"}]},{"@type":"WebSite","@id":"https:\/\/tunisia-savory.com\/#website","url":"https:\/\/tunisia-savory.com\/","name":"Tunisia-savory.com","description":"Tunisia-savory.com","publisher":{"@id":"https:\/\/tunisia-savory.com\/#organization"},"potentialAction":[{"@type":"SearchAction","target":{"@type":"EntryPoint","urlTemplate":"https:\/\/tunisia-savory.com\/?s={search_term_string}"},"query-input":{"@type":"PropertyValueSpecification","valueRequired":true,"valueName":"search_term_string"}}],"inLanguage":"ar"},{"@type":"Organization","@id":"https:\/\/tunisia-savory.com\/#organization","name":"Tunisia-savory.com","url":"https:\/\/tunisia-savory.com\/","logo":{"@type":"ImageObject","inLanguage":"ar","@id":"https:\/\/tunisia-savory.com\/#\/schema\/logo\/image\/","url":"https:\/\/tunisia-savory.com\/wp-content\/uploads\/2026\/01\/logo-dark.png","contentUrl":"https:\/\/tunisia-savory.com\/wp-content\/uploads\/2026\/01\/logo-dark.png","width":552,"height":132,"caption":"Tunisia-savory.com"},"image":{"@id":"https:\/\/tunisia-savory.com\/#\/schema\/logo\/image\/"},"sameAs":["https:\/\/www.facebook.com\/profile.php?id=61584505435972","https:\/\/www.instagram.com\/tunisiasavory\/"]}]}},"_links":{"self":[{"href":"https:\/\/tunisia-savory.com\/ar\/wp-json\/wp\/v2\/product\/200","targetHints":{"allow":["GET"]}}],"collection":[{"href":"https:\/\/tunisia-savory.com\/ar\/wp-json\/wp\/v2\/product"}],"about":[{"href":"https:\/\/tunisia-savory.com\/ar\/wp-json\/wp\/v2\/types\/product"}],"replies":[{"embeddable":true,"href":"https:\/\/tunisia-savory.com\/ar\/wp-json\/wp\/v2\/comments?post=200"}],"version-history":[{"count":5,"href":"https:\/\/tunisia-savory.com\/ar\/wp-json\/wp\/v2\/product\/200\/revisions"}],"predecessor-version":[{"id":7327,"href":"https:\/\/tunisia-savory.com\/ar\/wp-json\/wp\/v2\/product\/200\/revisions\/7327"}],"wp:featuredmedia":[{"embeddable":true,"href":"https:\/\/tunisia-savory.com\/ar\/wp-json\/wp\/v2\/media\/7026"}],"wp:attachment":[{"href":"https:\/\/tunisia-savory.com\/ar\/wp-json\/wp\/v2\/media?parent=200"}],"wp:term":[{"taxonomy":"product_brand","embeddable":true,"href":"https:\/\/tunisia-savory.com\/ar\/wp-json\/wp\/v2\/product_brand?post=200"},{"taxonomy":"product_cat","embeddable":true,"href":"https:\/\/tunisia-savory.com\/ar\/wp-json\/wp\/v2\/product_cat?post=200"},{"taxonomy":"product_tag","embeddable":true,"href":"https:\/\/tunisia-savory.com\/ar\/wp-json\/wp\/v2\/product_tag?post=200"}],"curies":[{"name":"wp","href":"https:\/\/api.w.org\/{rel}","templated":true}]}}