{"id":199,"date":"2024-06-07T11:03:56","date_gmt":"2024-06-07T11:03:56","guid":{"rendered":"http:\/\/demo.woothemes.com\/woocommerce\/?post_type=product&#038;p=50"},"modified":"2026-03-22T10:01:02","modified_gmt":"2026-03-22T10:01:02","slug":"caroube-concassee","status":"publish","type":"product","link":"https:\/\/tunisia-savory.com\/ar\/product\/caroube-concassee\/","title":{"rendered":"\u062e\u0631\u0648\u0628 \u0645\u062c\u0631\u0648\u0634 \u2013 \u0642\u0637\u0639 \u062e\u0631\u0648\u0628 \u0637\u0628\u064a\u0639\u064a\u0629"},"content":{"rendered":"<p>La Caroube Concass\u00e9e Tunisia Savory est issue de gousses de caroube tunisiennes soigneusement s\u00e9lectionn\u00e9es, concass\u00e9es pour pr\u00e9server leur croquant et leur saveur douce et malt\u00e9e, rappelant subtilement le caramel. Ce produit 100 % naturel, sans ajout de sucre, est parfait pour grignoter, enrichir vos p\u00e2tisseries, saupoudrer sur vos c\u00e9r\u00e9ales ou pr\u00e9parer des boissons chaudes r\u00e9confortantes.<\/p>\n<p>Riche en fibres, source de calcium, sans gluten et sans caf\u00e9ine, la caroube concass\u00e9e Tunisie allie go\u00fbt et bienfaits nutritionnels, tout en respectant les standards de qualit\u00e9 et d\u2019authenticit\u00e9 artisanale tunisienne.<\/p>\n<p>Tunisia Savory assure une livraison rapide dans toute la Tunisie, garantissant fra\u00eecheur et satisfaction \u00e0 chaque commande.<\/p>\n<p><strong>Points forts<\/strong><\/p>\n<ul>\n<li>Caroube concass\u00e9e Tunisie 100 % naturelle<\/li>\n<li>Texture croquante et go\u00fbt doux, notes de caramel<\/li>\n<li>Riche en fibres et calcium, sans gluten, sans caf\u00e9ine<\/li>\n<li>Polyvalent : snack, p\u00e2tisserie, petit-d\u00e9jeuner ou boisson<\/li>\n<li>Livraison rapide dans toute la Tunisie<\/li>\n<\/ul>","protected":false},"excerpt":{"rendered":"<p>\u062e\u0631\u0648\u0628 \u0645\u062c\u0631\u0648\u0634 \u062a\u0648\u0646\u0633\u064a\u0629 Savory\u060c \u0627\u0644\u0645\u0633\u062a\u062e\u0644\u0635 \u0645\u0646 \u0642\u0631\u0648\u0646 \u0627\u0644\u062e\u0631\u0648\u0628 \u0627\u0644\u062a\u0648\u0646\u0633\u064a\u0629\u060c \u062a\u0642\u062f\u0651\u0645 \u0646\u0643\u0647\u0629 \u062d\u0644\u0648\u0629 \u0648\u0645\u0642\u0631\u0645\u0634\u0629 \u062a\u0634\u0628\u0647 \u0627\u0644\u0643\u0631\u0627\u0645\u064a\u0644. \u0647\u0630\u0627 \u0627\u0644\u0645\u0646\u062a\u062c \u0637\u0628\u064a\u0639\u064a 100\u066a\u060c \u063a\u0646\u064a \u0628\u0627\u0644\u0623\u0644\u064a\u0627\u0641 \u0648\u0627\u0644\u0643\u0627\u0644\u0633\u064a\u0648\u0645\u060c \u0648\u0645\u062b\u0627\u0644\u064a \u0643\u0648\u062c\u0628\u0629 \u062e\u0641\u064a\u0641\u0629\u060c \u0641\u064a \u0627\u0644\u062d\u0644\u0648\u064a\u0627\u062a \u0623\u0648 \u0645\u0639 \u0627\u0644\u0625\u0641\u0637\u0627\u0631\u060c \u0648\u0645\u062a\u0648\u0641\u0651\u0631 \u0645\u0639 \u062e\u062f\u0645\u0629 \u0627\u0644\u062a\u0648\u0635\u064a\u0644 \u0627\u0644\u0633\u0631\u064a\u0639 \u0641\u064a \u0643\u0627\u0645\u0644 \u062a\u0648\u0646\u0633.<\/p>","protected":false},"featured_media":3733,"comment_status":"open","ping_status":"closed","template":"","meta":[],"product_brand":[111],"product_cat":[353],"product_tag":[82,93,64,68],"class_list":{"0":"post-199","1":"product","2":"type-product","3":"status-publish","4":"has-post-thumbnail","6":"product_brand-tunisiasavory","7":"product_cat-naturel-terroir","8":"product_tag-organic","9":"product_tag-preparations-culinaires","10":"product_tag-produits-naturels","11":"product_tag-snacks-veganes-patisseries-maison","13":"first","14":"instock","15":"sale","16":"shipping-taxable","17":"purchasable","18":"product-type-simple"},"yoast_head":"<!-- This site is optimized with the Yoast SEO plugin v27.4 - https:\/\/yoast.com\/product\/yoast-seo-wordpress\/ -->\n<title>Caroube concass\u00e9e - Achat en ligne | Tunisia Savory<\/title>\n<meta name=\"description\" content=\"Achetez en ligne votre caroube concass\u00e9e sur Tunisia Savory. Un produit naturel et authentique pour enrichir vos pr\u00e9parations maison.\" \/>\n<meta name=\"robots\" content=\"index, follow, max-snippet:-1, max-image-preview:large, max-video-preview:-1\" \/>\n<link rel=\"canonical\" href=\"https:\/\/tunisia-savory.com\/ar\/product\/caroube-concassee\/\" \/>\n<meta property=\"og:locale\" content=\"ar_AR\" \/>\n<meta property=\"og:type\" content=\"article\" \/>\n<meta property=\"og:title\" content=\"Caroube concass\u00e9e - Achat en ligne | Tunisia Savory\" \/>\n<meta property=\"og:description\" content=\"Achetez en ligne votre caroube concass\u00e9e sur Tunisia Savory. Un produit naturel et authentique pour enrichir vos pr\u00e9parations maison.\" \/>\n<meta property=\"og:url\" content=\"https:\/\/tunisia-savory.com\/ar\/product\/caroube-concassee\/\" \/>\n<meta property=\"og:site_name\" content=\"Tunisia-savory.com\" \/>\n<meta property=\"article:publisher\" content=\"https:\/\/www.facebook.com\/profile.php?id=61584505435972\" \/>\n<meta property=\"article:modified_time\" content=\"2026-03-22T10:01:02+00:00\" \/>\n<meta property=\"og:image\" content=\"https:\/\/tunisia-savory.com\/wp-content\/uploads\/2024\/06\/537608183_122139356060729423_6540459521476387057_n.jpg\" \/>\n\t<meta property=\"og:image:width\" content=\"600\" \/>\n\t<meta property=\"og:image:height\" content=\"600\" \/>\n\t<meta property=\"og:image:type\" content=\"image\/jpeg\" \/>\n<meta name=\"twitter:card\" content=\"summary_large_image\" \/>\n<meta name=\"twitter:label1\" content=\"\u0648\u0642\u062a \u0627\u0644\u0642\u0631\u0627\u0621\u0629 \u0627\u0644\u0645\u064f\u0642\u062f\u0651\u0631\" \/>\n\t<meta name=\"twitter:data1\" content=\"\u062f\u0642\u064a\u0642\u0629 \u0648\u0627\u062d\u062f\u0629\" \/>\n<script type=\"application\/ld+json\" class=\"yoast-schema-graph\">{\"@context\":\"https:\\\/\\\/schema.org\",\"@graph\":[{\"@type\":\"WebPage\",\"@id\":\"https:\\\/\\\/tunisia-savory.com\\\/produit\\\/caroube-concassee\\\/\",\"url\":\"https:\\\/\\\/tunisia-savory.com\\\/produit\\\/caroube-concassee\\\/\",\"name\":\"Caroube concass\u00e9e - Achat en ligne | Tunisia Savory\",\"isPartOf\":{\"@id\":\"https:\\\/\\\/tunisia-savory.com\\\/#website\"},\"primaryImageOfPage\":{\"@id\":\"https:\\\/\\\/tunisia-savory.com\\\/produit\\\/caroube-concassee\\\/#primaryimage\"},\"image\":{\"@id\":\"https:\\\/\\\/tunisia-savory.com\\\/produit\\\/caroube-concassee\\\/#primaryimage\"},\"thumbnailUrl\":\"https:\\\/\\\/tunisia-savory.com\\\/wp-content\\\/uploads\\\/2024\\\/06\\\/537608183_122139356060729423_6540459521476387057_n.jpg\",\"datePublished\":\"2024-06-07T11:03:56+00:00\",\"dateModified\":\"2026-03-22T10:01:02+00:00\",\"description\":\"Achetez en ligne votre caroube concass\u00e9e sur Tunisia Savory. Un produit naturel et authentique pour enrichir vos pr\u00e9parations maison.\",\"breadcrumb\":{\"@id\":\"https:\\\/\\\/tunisia-savory.com\\\/produit\\\/caroube-concassee\\\/#breadcrumb\"},\"inLanguage\":\"ar\",\"potentialAction\":[{\"@type\":\"ReadAction\",\"target\":[\"https:\\\/\\\/tunisia-savory.com\\\/produit\\\/caroube-concassee\\\/\"]}]},{\"@type\":\"ImageObject\",\"inLanguage\":\"ar\",\"@id\":\"https:\\\/\\\/tunisia-savory.com\\\/produit\\\/caroube-concassee\\\/#primaryimage\",\"url\":\"https:\\\/\\\/tunisia-savory.com\\\/wp-content\\\/uploads\\\/2024\\\/06\\\/537608183_122139356060729423_6540459521476387057_n.jpg\",\"contentUrl\":\"https:\\\/\\\/tunisia-savory.com\\\/wp-content\\\/uploads\\\/2024\\\/06\\\/537608183_122139356060729423_6540459521476387057_n.jpg\",\"width\":600,\"height\":600},{\"@type\":\"BreadcrumbList\",\"@id\":\"https:\\\/\\\/tunisia-savory.com\\\/produit\\\/caroube-concassee\\\/#breadcrumb\",\"itemListElement\":[{\"@type\":\"ListItem\",\"position\":1,\"name\":\"Accueil\",\"item\":\"https:\\\/\\\/tunisia-savory.com\\\/\"},{\"@type\":\"ListItem\",\"position\":2,\"name\":\"Boutique\",\"item\":\"https:\\\/\\\/tunisia-savory.com\\\/boutique-epicerie-tunisie\\\/\"},{\"@type\":\"ListItem\",\"position\":3,\"name\":\"Caroube Concass\u00e9e &#8211; Morceaux de Caroube Naturels\"}]},{\"@type\":\"WebSite\",\"@id\":\"https:\\\/\\\/tunisia-savory.com\\\/#website\",\"url\":\"https:\\\/\\\/tunisia-savory.com\\\/\",\"name\":\"Tunisia-savory.com\",\"description\":\"Tunisia-savory.com\",\"publisher\":{\"@id\":\"https:\\\/\\\/tunisia-savory.com\\\/#organization\"},\"potentialAction\":[{\"@type\":\"SearchAction\",\"target\":{\"@type\":\"EntryPoint\",\"urlTemplate\":\"https:\\\/\\\/tunisia-savory.com\\\/?s={search_term_string}\"},\"query-input\":{\"@type\":\"PropertyValueSpecification\",\"valueRequired\":true,\"valueName\":\"search_term_string\"}}],\"inLanguage\":\"ar\"},{\"@type\":\"Organization\",\"@id\":\"https:\\\/\\\/tunisia-savory.com\\\/#organization\",\"name\":\"Tunisia-savory.com\",\"url\":\"https:\\\/\\\/tunisia-savory.com\\\/\",\"logo\":{\"@type\":\"ImageObject\",\"inLanguage\":\"ar\",\"@id\":\"https:\\\/\\\/tunisia-savory.com\\\/#\\\/schema\\\/logo\\\/image\\\/\",\"url\":\"https:\\\/\\\/tunisia-savory.com\\\/wp-content\\\/uploads\\\/2026\\\/01\\\/logo-dark.png\",\"contentUrl\":\"https:\\\/\\\/tunisia-savory.com\\\/wp-content\\\/uploads\\\/2026\\\/01\\\/logo-dark.png\",\"width\":552,\"height\":132,\"caption\":\"Tunisia-savory.com\"},\"image\":{\"@id\":\"https:\\\/\\\/tunisia-savory.com\\\/#\\\/schema\\\/logo\\\/image\\\/\"},\"sameAs\":[\"https:\\\/\\\/www.facebook.com\\\/profile.php?id=61584505435972\",\"https:\\\/\\\/www.instagram.com\\\/tunisiasavory\\\/\"]}]}<\/script>\n<!-- \/ Yoast SEO plugin. -->","yoast_head_json":{"title":"Caroube concass\u00e9e - Achat en ligne | Tunisia Savory","description":"Achetez en ligne votre caroube concass\u00e9e sur Tunisia Savory. Un produit naturel et authentique pour enrichir vos pr\u00e9parations maison.","robots":{"index":"index","follow":"follow","max-snippet":"max-snippet:-1","max-image-preview":"max-image-preview:large","max-video-preview":"max-video-preview:-1"},"canonical":"https:\/\/tunisia-savory.com\/ar\/product\/caroube-concassee\/","og_locale":"ar_AR","og_type":"article","og_title":"Caroube concass\u00e9e - Achat en ligne | Tunisia Savory","og_description":"Achetez en ligne votre caroube concass\u00e9e sur Tunisia Savory. Un produit naturel et authentique pour enrichir vos pr\u00e9parations maison.","og_url":"https:\/\/tunisia-savory.com\/ar\/product\/caroube-concassee\/","og_site_name":"Tunisia-savory.com","article_publisher":"https:\/\/www.facebook.com\/profile.php?id=61584505435972","article_modified_time":"2026-03-22T10:01:02+00:00","og_image":[{"width":600,"height":600,"url":"https:\/\/tunisia-savory.com\/wp-content\/uploads\/2024\/06\/537608183_122139356060729423_6540459521476387057_n.jpg","type":"image\/jpeg"}],"twitter_card":"summary_large_image","twitter_misc":{"\u0648\u0642\u062a \u0627\u0644\u0642\u0631\u0627\u0621\u0629 \u0627\u0644\u0645\u064f\u0642\u062f\u0651\u0631":"\u062f\u0642\u064a\u0642\u0629 \u0648\u0627\u062d\u062f\u0629"},"schema":{"@context":"https:\/\/schema.org","@graph":[{"@type":"WebPage","@id":"https:\/\/tunisia-savory.com\/produit\/caroube-concassee\/","url":"https:\/\/tunisia-savory.com\/produit\/caroube-concassee\/","name":"Caroube concass\u00e9e - Achat en ligne | Tunisia Savory","isPartOf":{"@id":"https:\/\/tunisia-savory.com\/#website"},"primaryImageOfPage":{"@id":"https:\/\/tunisia-savory.com\/produit\/caroube-concassee\/#primaryimage"},"image":{"@id":"https:\/\/tunisia-savory.com\/produit\/caroube-concassee\/#primaryimage"},"thumbnailUrl":"https:\/\/tunisia-savory.com\/wp-content\/uploads\/2024\/06\/537608183_122139356060729423_6540459521476387057_n.jpg","datePublished":"2024-06-07T11:03:56+00:00","dateModified":"2026-03-22T10:01:02+00:00","description":"Achetez en ligne votre caroube concass\u00e9e sur Tunisia Savory. Un produit naturel et authentique pour enrichir vos pr\u00e9parations maison.","breadcrumb":{"@id":"https:\/\/tunisia-savory.com\/produit\/caroube-concassee\/#breadcrumb"},"inLanguage":"ar","potentialAction":[{"@type":"ReadAction","target":["https:\/\/tunisia-savory.com\/produit\/caroube-concassee\/"]}]},{"@type":"ImageObject","inLanguage":"ar","@id":"https:\/\/tunisia-savory.com\/produit\/caroube-concassee\/#primaryimage","url":"https:\/\/tunisia-savory.com\/wp-content\/uploads\/2024\/06\/537608183_122139356060729423_6540459521476387057_n.jpg","contentUrl":"https:\/\/tunisia-savory.com\/wp-content\/uploads\/2024\/06\/537608183_122139356060729423_6540459521476387057_n.jpg","width":600,"height":600},{"@type":"BreadcrumbList","@id":"https:\/\/tunisia-savory.com\/produit\/caroube-concassee\/#breadcrumb","itemListElement":[{"@type":"ListItem","position":1,"name":"Accueil","item":"https:\/\/tunisia-savory.com\/"},{"@type":"ListItem","position":2,"name":"Boutique","item":"https:\/\/tunisia-savory.com\/boutique-epicerie-tunisie\/"},{"@type":"ListItem","position":3,"name":"Caroube Concass\u00e9e &#8211; Morceaux de Caroube Naturels"}]},{"@type":"WebSite","@id":"https:\/\/tunisia-savory.com\/#website","url":"https:\/\/tunisia-savory.com\/","name":"Tunisia-savory.com","description":"Tunisia-savory.com","publisher":{"@id":"https:\/\/tunisia-savory.com\/#organization"},"potentialAction":[{"@type":"SearchAction","target":{"@type":"EntryPoint","urlTemplate":"https:\/\/tunisia-savory.com\/?s={search_term_string}"},"query-input":{"@type":"PropertyValueSpecification","valueRequired":true,"valueName":"search_term_string"}}],"inLanguage":"ar"},{"@type":"Organization","@id":"https:\/\/tunisia-savory.com\/#organization","name":"Tunisia-savory.com","url":"https:\/\/tunisia-savory.com\/","logo":{"@type":"ImageObject","inLanguage":"ar","@id":"https:\/\/tunisia-savory.com\/#\/schema\/logo\/image\/","url":"https:\/\/tunisia-savory.com\/wp-content\/uploads\/2026\/01\/logo-dark.png","contentUrl":"https:\/\/tunisia-savory.com\/wp-content\/uploads\/2026\/01\/logo-dark.png","width":552,"height":132,"caption":"Tunisia-savory.com"},"image":{"@id":"https:\/\/tunisia-savory.com\/#\/schema\/logo\/image\/"},"sameAs":["https:\/\/www.facebook.com\/profile.php?id=61584505435972","https:\/\/www.instagram.com\/tunisiasavory\/"]}]}},"_links":{"self":[{"href":"https:\/\/tunisia-savory.com\/ar\/wp-json\/wp\/v2\/product\/199","targetHints":{"allow":["GET"]}}],"collection":[{"href":"https:\/\/tunisia-savory.com\/ar\/wp-json\/wp\/v2\/product"}],"about":[{"href":"https:\/\/tunisia-savory.com\/ar\/wp-json\/wp\/v2\/types\/product"}],"replies":[{"embeddable":true,"href":"https:\/\/tunisia-savory.com\/ar\/wp-json\/wp\/v2\/comments?post=199"}],"version-history":[{"count":4,"href":"https:\/\/tunisia-savory.com\/ar\/wp-json\/wp\/v2\/product\/199\/revisions"}],"predecessor-version":[{"id":7324,"href":"https:\/\/tunisia-savory.com\/ar\/wp-json\/wp\/v2\/product\/199\/revisions\/7324"}],"wp:featuredmedia":[{"embeddable":true,"href":"https:\/\/tunisia-savory.com\/ar\/wp-json\/wp\/v2\/media\/3733"}],"wp:attachment":[{"href":"https:\/\/tunisia-savory.com\/ar\/wp-json\/wp\/v2\/media?parent=199"}],"wp:term":[{"taxonomy":"product_brand","embeddable":true,"href":"https:\/\/tunisia-savory.com\/ar\/wp-json\/wp\/v2\/product_brand?post=199"},{"taxonomy":"product_cat","embeddable":true,"href":"https:\/\/tunisia-savory.com\/ar\/wp-json\/wp\/v2\/product_cat?post=199"},{"taxonomy":"product_tag","embeddable":true,"href":"https:\/\/tunisia-savory.com\/ar\/wp-json\/wp\/v2\/product_tag?post=199"}],"curies":[{"name":"wp","href":"https:\/\/api.w.org\/{rel}","templated":true}]}}