{"id":197,"date":"2024-06-07T10:49:51","date_gmt":"2024-06-07T10:49:51","guid":{"rendered":"http:\/\/demo.woothemes.com\/woocommerce\/?post_type=product&#038;p=31"},"modified":"2026-04-30T12:49:16","modified_gmt":"2026-04-30T12:49:16","slug":"thym-poudre-bio","status":"publish","type":"product","link":"https:\/\/tunisia-savory.com\/ar\/product\/thym-poudre-bio\/","title":{"rendered":"\u0632\u0639\u062a\u0631 \u0645\u0637\u062d\u0648\u0646"},"content":{"rendered":"<ul>\n<li>\n<p class=\"ds-markdown-paragraph\"><strong>Origine &amp; Savoir-Faire :<\/strong><br \/>\nLe thym est r\u00e9colt\u00e9 \u00e0 la main dans les collines tunisiennes, puis s\u00e9ch\u00e9 naturellement au soleil avant d&rsquo;\u00eatre moulu avec soin pour pr\u00e9server ses huiles essentielles.<\/p>\n<\/li>\n<li>\n<p class=\"ds-markdown-paragraph\"><strong>Profil Sensoriel :<\/strong><\/p>\n<ul>\n<li>\n<p class=\"ds-markdown-paragraph\"><strong>Ar\u00f4me :<\/strong>\u00a0Chaud et camphr\u00e9, avec des notes bois\u00e9es et l\u00e9g\u00e8rement menthol\u00e9es.<\/p>\n<\/li>\n<li>\n<p class=\"ds-markdown-paragraph\"><strong>Go\u00fbt :<\/strong>\u00a0Intense et l\u00e9g\u00e8rement amer, caract\u00e9ristique du thym sauvage.<\/p>\n<\/li>\n<li>\n<p class=\"ds-markdown-paragraph\"><strong>Couleur :<\/strong>\u00a0Vert-gris typique.<\/p>\n<\/li>\n<\/ul>\n<\/li>\n<li>\n<p class=\"ds-markdown-paragraph\"><strong>Bienfaits :<\/strong><\/p>\n<ul>\n<li>\n<p class=\"ds-markdown-paragraph\"><strong>Digestif :<\/strong>\u00a0Facilite la digestion et r\u00e9duit les ballonnements.<\/p>\n<\/li>\n<li>\n<p class=\"ds-markdown-paragraph\"><strong>Antioxydant :<\/strong>\u00a0Riche en thymol, un compos\u00e9 aux propri\u00e9t\u00e9s antiseptiques.<\/p>\n<\/li>\n<li>\n<p class=\"ds-markdown-paragraph\"><strong>Sans Additifs :<\/strong>\u00a0100% thym moulu.<\/p>\n<\/li>\n<\/ul>\n<\/li>\n<li>\n<p class=\"ds-markdown-paragraph\"><strong>Utilisations :<\/strong><\/p>\n<ul>\n<li>\n<p class=\"ds-markdown-paragraph\"><strong>Grillades :<\/strong>\u00a0Saupoudrer sur viandes, poissons et l\u00e9gumes grill\u00e9s.<\/p>\n<\/li>\n<li>\n<p class=\"ds-markdown-paragraph\"><strong>Sauces :<\/strong>\u00a0Incorporer dans les sauces tomate ou les rago\u00fbts.<\/p>\n<\/li>\n<li>\n<p class=\"ds-markdown-paragraph\"><strong>Infusions :<\/strong>\u00a0M\u00e9langer \u00e0 d&rsquo;autres herbes pour une tisane revitalisante.<\/p>\n<\/li>\n<li>\n<p class=\"ds-markdown-paragraph\"><strong>Marinades :<\/strong>\u00a0Associer \u00e0 l&rsquo;huile d&rsquo;olive et \u00e0 l&rsquo;ail pour des marinades savoureuses.<\/p>\n<\/li>\n<\/ul>\n<\/li>\n<\/ul>\n<h1><strong>\u00a0 . Informations Techniques :<\/strong><\/h1>\n<ul>\n<li>\n<p class=\"ds-markdown-paragraph\"><strong>Poids Net :<\/strong>\u00a050g, 100g (sachet kraft avec fen\u00eatre).<\/p>\n<\/li>\n<li>\n<p class=\"ds-markdown-paragraph\"><strong>Ingr\u00e9dients :<\/strong>\u00a0100% thym moulu (<em>Thymus vulgaris<\/em>).<\/p>\n<\/li>\n<li>\n<p class=\"ds-markdown-paragraph\"><strong>Conservation :<\/strong>\u00a0\u00c0 l&rsquo;abri de la lumi\u00e8re et de l&rsquo;humidit\u00e9.<\/p>\n<\/li>\n<li>\n<p class=\"ds-markdown-paragraph\"><strong>Allerg\u00e8nes :<\/strong>\u00a0Aucun.<\/p>\n<\/li>\n<li>\n<p class=\"ds-markdown-paragraph\"><strong>Origine :<\/strong>\u00a0Tunisie<\/p>\n<\/li>\n<\/ul>","protected":false},"excerpt":{"rendered":"<p>\u0632\u0639\u062a\u0631\u0646\u0627 \u0627\u0644\u062a\u0648\u0646\u0633\u064a \u0627\u0644\u0645\u0637\u062d\u0648\u0646 \u0646\u0627\u0639\u0645\u0627\u064b \u064a\u0642\u062f\u0651\u0645 \u0631\u0648\u0627\u0626\u062d \u0642\u0648\u064a\u0629 \u0648\u062f\u0627\u0641\u0626\u0629. \u0645\u062b\u0627\u0644\u064a \u0644\u0625\u0636\u0641\u0627\u0621 \u0627\u0644\u0639\u0637\u0631 \u0639\u0644\u0649 \u0627\u0644\u0645\u0634\u0627\u0648\u064a \u0648\u0627\u0644\u064a\u062e\u0646\u0627\u062a \u0648\u0627\u0644\u0623\u0637\u0628\u0627\u0642 \u0627\u0644\u0645\u062a\u0648\u0633\u0637\u064a\u0629 \u0645\u0639 \u0644\u0645\u0633\u0629 \u0645\u0646 \u0627\u0644\u0623\u0635\u0627\u0644\u0629.<\/p>","protected":false},"featured_media":3744,"comment_status":"open","ping_status":"closed","template":"","meta":[],"product_brand":[111],"product_cat":[19],"product_tag":[57,65,82,71],"class_list":{"0":"post-197","1":"product","2":"type-product","3":"status-publish","4":"has-post-thumbnail","6":"product_brand-tunisiasavory","7":"product_cat-epices-melanges","8":"product_tag-epices-assaisonnements","9":"product_tag-feuilles-herbes-sechees","10":"product_tag-organic","11":"product_tag-poudre-100-naturelle","13":"first","14":"instock","15":"sale","16":"shipping-taxable","17":"purchasable","18":"product-type-variable","19":"has-default-attributes"},"yoast_head":"<!-- This site is optimized with the Yoast SEO plugin v27.4 - https:\/\/yoast.com\/product\/yoast-seo-wordpress\/ -->\n<title>Thym en Poudre | Acheter en ligne en Tunisie - Tunisia-savory.com<\/title>\n<meta name=\"robots\" content=\"index, follow, max-snippet:-1, max-image-preview:large, max-video-preview:-1\" \/>\n<link rel=\"canonical\" href=\"https:\/\/tunisia-savory.com\/ar\/product\/thym-poudre-bio\/\" \/>\n<meta property=\"og:locale\" content=\"ar_AR\" \/>\n<meta property=\"og:type\" content=\"article\" \/>\n<meta property=\"og:title\" content=\"Thym en Poudre | Acheter en ligne en Tunisie - Tunisia-savory.com\" \/>\n<meta property=\"og:description\" content=\"Notre thym tunisien finement moulu d\u00e9livre des ar\u00f4mes puissants et chaleureux. Id\u00e9al pour parfumer grillades, rago\u00fbts et plats m\u00e9diterran\u00e9ens avec une touche d&#039;authenticit\u00e9.\" \/>\n<meta property=\"og:url\" content=\"https:\/\/tunisia-savory.com\/ar\/product\/thym-poudre-bio\/\" \/>\n<meta property=\"og:site_name\" content=\"Tunisia-savory.com\" \/>\n<meta property=\"article:publisher\" content=\"https:\/\/www.facebook.com\/profile.php?id=61584505435972\" \/>\n<meta property=\"article:modified_time\" content=\"2026-04-30T12:49:16+00:00\" \/>\n<meta property=\"og:image\" content=\"https:\/\/tunisia-savory.com\/wp-content\/uploads\/2024\/06\/thym-poudre.jpg\" \/>\n\t<meta property=\"og:image:width\" content=\"600\" \/>\n\t<meta property=\"og:image:height\" content=\"600\" \/>\n\t<meta property=\"og:image:type\" content=\"image\/jpeg\" \/>\n<meta name=\"twitter:card\" content=\"summary_large_image\" \/>\n<meta name=\"twitter:label1\" content=\"\u0648\u0642\u062a \u0627\u0644\u0642\u0631\u0627\u0621\u0629 \u0627\u0644\u0645\u064f\u0642\u062f\u0651\u0631\" \/>\n\t<meta name=\"twitter:data1\" content=\"\u062f\u0642\u064a\u0642\u0629 \u0648\u0627\u062d\u062f\u0629\" \/>\n<script type=\"application\/ld+json\" class=\"yoast-schema-graph\">{\"@context\":\"https:\\\/\\\/schema.org\",\"@graph\":[{\"@type\":\"WebPage\",\"@id\":\"https:\\\/\\\/tunisia-savory.com\\\/produit\\\/thym-poudre-bio\\\/\",\"url\":\"https:\\\/\\\/tunisia-savory.com\\\/produit\\\/thym-poudre-bio\\\/\",\"name\":\"Thym en Poudre | Acheter en ligne en Tunisie - Tunisia-savory.com\",\"isPartOf\":{\"@id\":\"https:\\\/\\\/tunisia-savory.com\\\/#website\"},\"primaryImageOfPage\":{\"@id\":\"https:\\\/\\\/tunisia-savory.com\\\/produit\\\/thym-poudre-bio\\\/#primaryimage\"},\"image\":{\"@id\":\"https:\\\/\\\/tunisia-savory.com\\\/produit\\\/thym-poudre-bio\\\/#primaryimage\"},\"thumbnailUrl\":\"https:\\\/\\\/tunisia-savory.com\\\/wp-content\\\/uploads\\\/2024\\\/06\\\/thym-poudre.jpg\",\"datePublished\":\"2024-06-07T10:49:51+00:00\",\"dateModified\":\"2026-04-30T12:49:16+00:00\",\"breadcrumb\":{\"@id\":\"https:\\\/\\\/tunisia-savory.com\\\/produit\\\/thym-poudre-bio\\\/#breadcrumb\"},\"inLanguage\":\"ar\",\"potentialAction\":[{\"@type\":\"ReadAction\",\"target\":[\"https:\\\/\\\/tunisia-savory.com\\\/produit\\\/thym-poudre-bio\\\/\"]}]},{\"@type\":\"ImageObject\",\"inLanguage\":\"ar\",\"@id\":\"https:\\\/\\\/tunisia-savory.com\\\/produit\\\/thym-poudre-bio\\\/#primaryimage\",\"url\":\"https:\\\/\\\/tunisia-savory.com\\\/wp-content\\\/uploads\\\/2024\\\/06\\\/thym-poudre.jpg\",\"contentUrl\":\"https:\\\/\\\/tunisia-savory.com\\\/wp-content\\\/uploads\\\/2024\\\/06\\\/thym-poudre.jpg\",\"width\":600,\"height\":600},{\"@type\":\"BreadcrumbList\",\"@id\":\"https:\\\/\\\/tunisia-savory.com\\\/produit\\\/thym-poudre-bio\\\/#breadcrumb\",\"itemListElement\":[{\"@type\":\"ListItem\",\"position\":1,\"name\":\"Accueil\",\"item\":\"https:\\\/\\\/tunisia-savory.com\\\/\"},{\"@type\":\"ListItem\",\"position\":2,\"name\":\"Boutique\",\"item\":\"https:\\\/\\\/tunisia-savory.com\\\/boutique-epicerie-tunisie\\\/\"},{\"@type\":\"ListItem\",\"position\":3,\"name\":\"Thym en Poudre\"}]},{\"@type\":\"WebSite\",\"@id\":\"https:\\\/\\\/tunisia-savory.com\\\/#website\",\"url\":\"https:\\\/\\\/tunisia-savory.com\\\/\",\"name\":\"Tunisia-savory.com\",\"description\":\"Tunisia-savory.com\",\"publisher\":{\"@id\":\"https:\\\/\\\/tunisia-savory.com\\\/#organization\"},\"potentialAction\":[{\"@type\":\"SearchAction\",\"target\":{\"@type\":\"EntryPoint\",\"urlTemplate\":\"https:\\\/\\\/tunisia-savory.com\\\/?s={search_term_string}\"},\"query-input\":{\"@type\":\"PropertyValueSpecification\",\"valueRequired\":true,\"valueName\":\"search_term_string\"}}],\"inLanguage\":\"ar\"},{\"@type\":\"Organization\",\"@id\":\"https:\\\/\\\/tunisia-savory.com\\\/#organization\",\"name\":\"Tunisia-savory.com\",\"url\":\"https:\\\/\\\/tunisia-savory.com\\\/\",\"logo\":{\"@type\":\"ImageObject\",\"inLanguage\":\"ar\",\"@id\":\"https:\\\/\\\/tunisia-savory.com\\\/#\\\/schema\\\/logo\\\/image\\\/\",\"url\":\"https:\\\/\\\/tunisia-savory.com\\\/wp-content\\\/uploads\\\/2026\\\/01\\\/logo-dark.png\",\"contentUrl\":\"https:\\\/\\\/tunisia-savory.com\\\/wp-content\\\/uploads\\\/2026\\\/01\\\/logo-dark.png\",\"width\":552,\"height\":132,\"caption\":\"Tunisia-savory.com\"},\"image\":{\"@id\":\"https:\\\/\\\/tunisia-savory.com\\\/#\\\/schema\\\/logo\\\/image\\\/\"},\"sameAs\":[\"https:\\\/\\\/www.facebook.com\\\/profile.php?id=61584505435972\",\"https:\\\/\\\/www.instagram.com\\\/tunisiasavory\\\/\"]}]}<\/script>\n<!-- \/ Yoast SEO plugin. -->","yoast_head_json":{"title":"Thym en Poudre | Acheter en ligne en Tunisie - Tunisia-savory.com","robots":{"index":"index","follow":"follow","max-snippet":"max-snippet:-1","max-image-preview":"max-image-preview:large","max-video-preview":"max-video-preview:-1"},"canonical":"https:\/\/tunisia-savory.com\/ar\/product\/thym-poudre-bio\/","og_locale":"ar_AR","og_type":"article","og_title":"Thym en Poudre | Acheter en ligne en Tunisie - Tunisia-savory.com","og_description":"Notre thym tunisien finement moulu d\u00e9livre des ar\u00f4mes puissants et chaleureux. Id\u00e9al pour parfumer grillades, rago\u00fbts et plats m\u00e9diterran\u00e9ens avec une touche d'authenticit\u00e9.","og_url":"https:\/\/tunisia-savory.com\/ar\/product\/thym-poudre-bio\/","og_site_name":"Tunisia-savory.com","article_publisher":"https:\/\/www.facebook.com\/profile.php?id=61584505435972","article_modified_time":"2026-04-30T12:49:16+00:00","og_image":[{"width":600,"height":600,"url":"https:\/\/tunisia-savory.com\/wp-content\/uploads\/2024\/06\/thym-poudre.jpg","type":"image\/jpeg"}],"twitter_card":"summary_large_image","twitter_misc":{"\u0648\u0642\u062a \u0627\u0644\u0642\u0631\u0627\u0621\u0629 \u0627\u0644\u0645\u064f\u0642\u062f\u0651\u0631":"\u062f\u0642\u064a\u0642\u0629 \u0648\u0627\u062d\u062f\u0629"},"schema":{"@context":"https:\/\/schema.org","@graph":[{"@type":"WebPage","@id":"https:\/\/tunisia-savory.com\/produit\/thym-poudre-bio\/","url":"https:\/\/tunisia-savory.com\/produit\/thym-poudre-bio\/","name":"Thym en Poudre | Acheter en ligne en Tunisie - Tunisia-savory.com","isPartOf":{"@id":"https:\/\/tunisia-savory.com\/#website"},"primaryImageOfPage":{"@id":"https:\/\/tunisia-savory.com\/produit\/thym-poudre-bio\/#primaryimage"},"image":{"@id":"https:\/\/tunisia-savory.com\/produit\/thym-poudre-bio\/#primaryimage"},"thumbnailUrl":"https:\/\/tunisia-savory.com\/wp-content\/uploads\/2024\/06\/thym-poudre.jpg","datePublished":"2024-06-07T10:49:51+00:00","dateModified":"2026-04-30T12:49:16+00:00","breadcrumb":{"@id":"https:\/\/tunisia-savory.com\/produit\/thym-poudre-bio\/#breadcrumb"},"inLanguage":"ar","potentialAction":[{"@type":"ReadAction","target":["https:\/\/tunisia-savory.com\/produit\/thym-poudre-bio\/"]}]},{"@type":"ImageObject","inLanguage":"ar","@id":"https:\/\/tunisia-savory.com\/produit\/thym-poudre-bio\/#primaryimage","url":"https:\/\/tunisia-savory.com\/wp-content\/uploads\/2024\/06\/thym-poudre.jpg","contentUrl":"https:\/\/tunisia-savory.com\/wp-content\/uploads\/2024\/06\/thym-poudre.jpg","width":600,"height":600},{"@type":"BreadcrumbList","@id":"https:\/\/tunisia-savory.com\/produit\/thym-poudre-bio\/#breadcrumb","itemListElement":[{"@type":"ListItem","position":1,"name":"Accueil","item":"https:\/\/tunisia-savory.com\/"},{"@type":"ListItem","position":2,"name":"Boutique","item":"https:\/\/tunisia-savory.com\/boutique-epicerie-tunisie\/"},{"@type":"ListItem","position":3,"name":"Thym en Poudre"}]},{"@type":"WebSite","@id":"https:\/\/tunisia-savory.com\/#website","url":"https:\/\/tunisia-savory.com\/","name":"Tunisia-savory.com","description":"Tunisia-savory.com","publisher":{"@id":"https:\/\/tunisia-savory.com\/#organization"},"potentialAction":[{"@type":"SearchAction","target":{"@type":"EntryPoint","urlTemplate":"https:\/\/tunisia-savory.com\/?s={search_term_string}"},"query-input":{"@type":"PropertyValueSpecification","valueRequired":true,"valueName":"search_term_string"}}],"inLanguage":"ar"},{"@type":"Organization","@id":"https:\/\/tunisia-savory.com\/#organization","name":"Tunisia-savory.com","url":"https:\/\/tunisia-savory.com\/","logo":{"@type":"ImageObject","inLanguage":"ar","@id":"https:\/\/tunisia-savory.com\/#\/schema\/logo\/image\/","url":"https:\/\/tunisia-savory.com\/wp-content\/uploads\/2026\/01\/logo-dark.png","contentUrl":"https:\/\/tunisia-savory.com\/wp-content\/uploads\/2026\/01\/logo-dark.png","width":552,"height":132,"caption":"Tunisia-savory.com"},"image":{"@id":"https:\/\/tunisia-savory.com\/#\/schema\/logo\/image\/"},"sameAs":["https:\/\/www.facebook.com\/profile.php?id=61584505435972","https:\/\/www.instagram.com\/tunisiasavory\/"]}]}},"_links":{"self":[{"href":"https:\/\/tunisia-savory.com\/ar\/wp-json\/wp\/v2\/product\/197","targetHints":{"allow":["GET"]}}],"collection":[{"href":"https:\/\/tunisia-savory.com\/ar\/wp-json\/wp\/v2\/product"}],"about":[{"href":"https:\/\/tunisia-savory.com\/ar\/wp-json\/wp\/v2\/types\/product"}],"replies":[{"embeddable":true,"href":"https:\/\/tunisia-savory.com\/ar\/wp-json\/wp\/v2\/comments?post=197"}],"version-history":[{"count":3,"href":"https:\/\/tunisia-savory.com\/ar\/wp-json\/wp\/v2\/product\/197\/revisions"}],"predecessor-version":[{"id":7389,"href":"https:\/\/tunisia-savory.com\/ar\/wp-json\/wp\/v2\/product\/197\/revisions\/7389"}],"wp:featuredmedia":[{"embeddable":true,"href":"https:\/\/tunisia-savory.com\/ar\/wp-json\/wp\/v2\/media\/3744"}],"wp:attachment":[{"href":"https:\/\/tunisia-savory.com\/ar\/wp-json\/wp\/v2\/media?parent=197"}],"wp:term":[{"taxonomy":"product_brand","embeddable":true,"href":"https:\/\/tunisia-savory.com\/ar\/wp-json\/wp\/v2\/product_brand?post=197"},{"taxonomy":"product_cat","embeddable":true,"href":"https:\/\/tunisia-savory.com\/ar\/wp-json\/wp\/v2\/product_cat?post=197"},{"taxonomy":"product_tag","embeddable":true,"href":"https:\/\/tunisia-savory.com\/ar\/wp-json\/wp\/v2\/product_tag?post=197"}],"curies":[{"name":"wp","href":"https:\/\/api.w.org\/{rel}","templated":true}]}}