{"id":1198,"date":"2024-06-20T11:00:52","date_gmt":"2024-06-20T11:00:52","guid":{"rendered":"https:\/\/xtratheme.com\/book-shop\/?post_type=product&#038;p=1198"},"modified":"2026-04-30T17:20:22","modified_gmt":"2026-04-30T17:20:22","slug":"poudre-de-tomate-sechee","status":"publish","type":"product","link":"https:\/\/tunisia-savory.com\/ar\/product\/poudre-de-tomate-sechee\/","title":{"rendered":"\u0628\u0648\u062f\u0631\u0629 \u0627\u0644\u0637\u0645\u0627\u0637\u0645 \u0627\u0644\u0645\u062c\u0641\u0641\u0629"},"content":{"rendered":"<p>La Poudre de Tomate S\u00e9ch\u00e9e Tunisia Savory est \u00e9labor\u00e9e \u00e0 partir de tomates tunisiennes soigneusement s\u00e9lectionn\u00e9es, s\u00e9ch\u00e9es naturellement au soleil pour concentrer toute leur saveur, couleur et ar\u00f4me. Ce produit authentique apporte une intensit\u00e9 gustative unique \u00e0 vos sauces, soupes, plats cuisin\u00e9s et recettes m\u00e9diterran\u00e9ennes, tout en conservant les bienfaits nutritionnels de la tomate.<\/p>\n<p>Sans conservateurs ni additifs, la poudre de tomate s\u00e9ch\u00e9e Tunisie est un produit 100 % naturel, riche en lycop\u00e8ne, vitamines et antioxydants, parfait pour enrichir vos pr\u00e9parations tout en respectant une alimentation saine. Sa texture fine et son go\u00fbt concentr\u00e9 en font un substitut id\u00e9al au concentr\u00e9 de tomate ou \u00e0 la tomate fra\u00eeche.<\/p>\n<p>La marque Tunisia Savory garantit une livraison rapide dans toute la Tunisie, assurant fra\u00eecheur, qualit\u00e9 et satisfaction \u00e0 chaque commande.<\/p>\n<h3>Les atouts de la Poudre de Tomate S\u00e9ch\u00e9e Tunisia Savory<\/h3>\n<ul>\n<li>Poudre de tomate s\u00e9ch\u00e9e Tunisie issue de tomates locales de qualit\u00e9<\/li>\n<li>Produit 100 % naturel, sans conservateurs ni additifs<\/li>\n<li>Go\u00fbt concentr\u00e9 et ar\u00f4me intense<\/li>\n<li>Riche en lycop\u00e8ne, vitamines et antioxydants<\/li>\n<li>Polyvalente : sauces, soupes, plats cuisin\u00e9s et recettes m\u00e9diterran\u00e9ennes<\/li>\n<li>Livraison rapide dans toute la Tunisie<\/li>\n<\/ul>","protected":false},"excerpt":{"rendered":"<p class=\"x1vvvo52 x1uxerd5 x1xlr1w8 xrohxju xbsr9hj xuxw1ft x6ikm8r x10wlt62 xlyipyv x1h4wwuj xeuugli\" style=\"text-align: left;\" role=\"heading\" aria-level=\"3\">\u0628\u0648\u062f\u0631\u0629 \u0627\u0644\u0637\u0645\u0627\u0637\u0645 \u0627\u0644\u0645\u062c\u0641\u0641\u0629 \u0627\u0644\u062a\u0648\u0646\u0633\u064a\u0629 Savory\u060c \u0627\u0644\u0645\u064f\u062d\u0636\u0631\u0629 \u0645\u0646 \u0627\u0644\u0637\u0645\u0627\u0637\u0645 \u0627\u0644\u062a\u0648\u0646\u0633\u064a\u0629 \u0627\u0644\u0645\u062c\u0641\u0641\u0629 \u0628\u0627\u0644\u0634\u0645\u0633\u060c \u062a\u0642\u062f\u0651\u0645 \u0646\u0643\u0647\u0629 \u0645\u0631\u0643\u0651\u0632\u0629 \u0648\u0637\u0628\u064a\u0639\u064a\u0629 \u0648\u063a\u0646\u064a\u0629 \u0628\u0627\u0644\u0644\u064a\u0643\u0648\u0628\u064a\u0646. \u0645\u062b\u0627\u0644\u064a\u0629 \u0644\u0644\u0635\u0644\u0635\u0627\u062a\u060c \u0627\u0644\u0634\u0648\u0631\u0628\u0627\u062a \u0648\u0627\u0644\u0623\u0637\u0628\u0627\u0642 \u0627\u0644\u0645\u062a\u0648\u0633\u0637\u064a\u0629\u060c \u0647\u0630\u0647 \u0627\u0644\u0628\u0648\u062f\u0631\u0629 \u0627\u0644\u062a\u0648\u0646\u0633\u064a\u0629 \u0645\u0646 \u0627\u0644\u0637\u0645\u0627\u0637\u0645 \u0627\u0644\u0645\u062c\u0641\u0641\u0629 \u0637\u0628\u064a\u0639\u064a\u0629 100\u066a\u060c \u062e\u0627\u0644\u064a\u0629 \u0645\u0646 \u0627\u0644\u0645\u0648\u0627\u062f \u0627\u0644\u062d\u0627\u0641\u0638\u0629\u060c \u0648\u0645\u062a\u0627\u062d\u0629 \u0645\u0639 \u062e\u062f\u0645\u0629 \u0627\u0644\u062a\u0648\u0635\u064a\u0644 \u0627\u0644\u0633\u0631\u064a\u0639 \u0641\u064a \u0643\u0627\u0645\u0644 \u062a\u0648\u0646\u0633.<\/p>","protected":false},"featured_media":6205,"comment_status":"open","ping_status":"closed","template":"","meta":[],"product_brand":[111],"product_cat":[340,343],"product_tag":[57,82,71,46,73,96],"class_list":{"0":"post-1198","1":"product","2":"type-product","3":"status-publish","4":"has-post-thumbnail","6":"product_brand-tunisiasavory","7":"product_cat-produits-phares-tunisia-savory","8":"product_cat-tomates-sechees","9":"product_tag-epices-assaisonnements","10":"product_tag-organic","11":"product_tag-poudre-100-naturelle","12":"product_tag-recette-artisanale","13":"product_tag-specialites-tunisiennes","14":"product_tag-tresors-naturels-de-tunisie","16":"first","17":"instock","18":"shipping-taxable","19":"purchasable","20":"product-type-variable","21":"has-default-attributes"},"yoast_head":"<!-- This site is optimized with the Yoast SEO plugin v27.4 - https:\/\/yoast.com\/product\/yoast-seo-wordpress\/ -->\n<title>Poudre de tomate s\u00e9ch\u00e9e - Saveur naturelle | Tunisia Savory<\/title>\n<meta name=\"description\" content=\"D\u00e9couvrez la poudre de tomate s\u00e9ch\u00e9e Tunisia Savory, une poudre tomate s\u00e9ch\u00e9e naturelle id\u00e9ale pour relever vos plats et recettes m\u00e9diterran\u00e9ennes.\" \/>\n<meta name=\"robots\" content=\"index, follow, max-snippet:-1, max-image-preview:large, max-video-preview:-1\" \/>\n<link rel=\"canonical\" href=\"https:\/\/tunisia-savory.com\/ar\/product\/poudre-de-tomate-sechee\/\" \/>\n<meta property=\"og:locale\" content=\"ar_AR\" \/>\n<meta property=\"og:type\" content=\"article\" \/>\n<meta property=\"og:title\" content=\"Poudre de tomate s\u00e9ch\u00e9e - Saveur naturelle | Tunisia Savory\" \/>\n<meta property=\"og:description\" content=\"D\u00e9couvrez la poudre de tomate s\u00e9ch\u00e9e Tunisia Savory, une poudre tomate s\u00e9ch\u00e9e naturelle id\u00e9ale pour relever vos plats et recettes m\u00e9diterran\u00e9ennes.\" \/>\n<meta property=\"og:url\" content=\"https:\/\/tunisia-savory.com\/ar\/product\/poudre-de-tomate-sechee\/\" \/>\n<meta property=\"og:site_name\" content=\"Tunisia-savory.com\" \/>\n<meta property=\"article:publisher\" content=\"https:\/\/www.facebook.com\/profile.php?id=61584505435972\" \/>\n<meta property=\"article:modified_time\" content=\"2026-04-30T17:20:22+00:00\" \/>\n<meta property=\"og:image\" content=\"https:\/\/tunisia-savory.com\/wp-content\/uploads\/2024\/06\/poudre-de-tomates-sechees.jpg\" \/>\n\t<meta property=\"og:image:width\" content=\"1279\" \/>\n\t<meta property=\"og:image:height\" content=\"1600\" \/>\n\t<meta property=\"og:image:type\" content=\"image\/jpeg\" \/>\n<meta name=\"twitter:card\" content=\"summary_large_image\" \/>\n<meta name=\"twitter:label1\" content=\"\u0648\u0642\u062a \u0627\u0644\u0642\u0631\u0627\u0621\u0629 \u0627\u0644\u0645\u064f\u0642\u062f\u0651\u0631\" \/>\n\t<meta name=\"twitter:data1\" content=\"\u062f\u0642\u064a\u0642\u062a\u0627\u0646\" \/>\n<script type=\"application\/ld+json\" class=\"yoast-schema-graph\">{\"@context\":\"https:\\\/\\\/schema.org\",\"@graph\":[{\"@type\":\"WebPage\",\"@id\":\"https:\\\/\\\/tunisia-savory.com\\\/produit\\\/poudre-de-tomate-sechee\\\/\",\"url\":\"https:\\\/\\\/tunisia-savory.com\\\/produit\\\/poudre-de-tomate-sechee\\\/\",\"name\":\"Poudre de tomate s\u00e9ch\u00e9e - Saveur naturelle | Tunisia Savory\",\"isPartOf\":{\"@id\":\"https:\\\/\\\/tunisia-savory.com\\\/#website\"},\"primaryImageOfPage\":{\"@id\":\"https:\\\/\\\/tunisia-savory.com\\\/produit\\\/poudre-de-tomate-sechee\\\/#primaryimage\"},\"image\":{\"@id\":\"https:\\\/\\\/tunisia-savory.com\\\/produit\\\/poudre-de-tomate-sechee\\\/#primaryimage\"},\"thumbnailUrl\":\"https:\\\/\\\/tunisia-savory.com\\\/wp-content\\\/uploads\\\/2024\\\/06\\\/poudre-de-tomates-sechees.jpg\",\"datePublished\":\"2024-06-20T11:00:52+00:00\",\"dateModified\":\"2026-04-30T17:20:22+00:00\",\"description\":\"D\u00e9couvrez la poudre de tomate s\u00e9ch\u00e9e Tunisia Savory, une poudre tomate s\u00e9ch\u00e9e naturelle id\u00e9ale pour relever vos plats et recettes m\u00e9diterran\u00e9ennes.\",\"breadcrumb\":{\"@id\":\"https:\\\/\\\/tunisia-savory.com\\\/produit\\\/poudre-de-tomate-sechee\\\/#breadcrumb\"},\"inLanguage\":\"ar\",\"potentialAction\":[{\"@type\":\"ReadAction\",\"target\":[\"https:\\\/\\\/tunisia-savory.com\\\/produit\\\/poudre-de-tomate-sechee\\\/\"]}]},{\"@type\":\"ImageObject\",\"inLanguage\":\"ar\",\"@id\":\"https:\\\/\\\/tunisia-savory.com\\\/produit\\\/poudre-de-tomate-sechee\\\/#primaryimage\",\"url\":\"https:\\\/\\\/tunisia-savory.com\\\/wp-content\\\/uploads\\\/2024\\\/06\\\/poudre-de-tomates-sechees.jpg\",\"contentUrl\":\"https:\\\/\\\/tunisia-savory.com\\\/wp-content\\\/uploads\\\/2024\\\/06\\\/poudre-de-tomates-sechees.jpg\",\"width\":1279,\"height\":1600},{\"@type\":\"BreadcrumbList\",\"@id\":\"https:\\\/\\\/tunisia-savory.com\\\/produit\\\/poudre-de-tomate-sechee\\\/#breadcrumb\",\"itemListElement\":[{\"@type\":\"ListItem\",\"position\":1,\"name\":\"Accueil\",\"item\":\"https:\\\/\\\/tunisia-savory.com\\\/\"},{\"@type\":\"ListItem\",\"position\":2,\"name\":\"Boutique\",\"item\":\"https:\\\/\\\/tunisia-savory.com\\\/boutique-epicerie-tunisie\\\/\"},{\"@type\":\"ListItem\",\"position\":3,\"name\":\"Poudre de Tomate S\u00e9ch\u00e9e\"}]},{\"@type\":\"WebSite\",\"@id\":\"https:\\\/\\\/tunisia-savory.com\\\/#website\",\"url\":\"https:\\\/\\\/tunisia-savory.com\\\/\",\"name\":\"Tunisia-savory.com\",\"description\":\"Tunisia-savory.com\",\"publisher\":{\"@id\":\"https:\\\/\\\/tunisia-savory.com\\\/#organization\"},\"potentialAction\":[{\"@type\":\"SearchAction\",\"target\":{\"@type\":\"EntryPoint\",\"urlTemplate\":\"https:\\\/\\\/tunisia-savory.com\\\/?s={search_term_string}\"},\"query-input\":{\"@type\":\"PropertyValueSpecification\",\"valueRequired\":true,\"valueName\":\"search_term_string\"}}],\"inLanguage\":\"ar\"},{\"@type\":\"Organization\",\"@id\":\"https:\\\/\\\/tunisia-savory.com\\\/#organization\",\"name\":\"Tunisia-savory.com\",\"url\":\"https:\\\/\\\/tunisia-savory.com\\\/\",\"logo\":{\"@type\":\"ImageObject\",\"inLanguage\":\"ar\",\"@id\":\"https:\\\/\\\/tunisia-savory.com\\\/#\\\/schema\\\/logo\\\/image\\\/\",\"url\":\"https:\\\/\\\/tunisia-savory.com\\\/wp-content\\\/uploads\\\/2026\\\/01\\\/logo-dark.png\",\"contentUrl\":\"https:\\\/\\\/tunisia-savory.com\\\/wp-content\\\/uploads\\\/2026\\\/01\\\/logo-dark.png\",\"width\":552,\"height\":132,\"caption\":\"Tunisia-savory.com\"},\"image\":{\"@id\":\"https:\\\/\\\/tunisia-savory.com\\\/#\\\/schema\\\/logo\\\/image\\\/\"},\"sameAs\":[\"https:\\\/\\\/www.facebook.com\\\/profile.php?id=61584505435972\",\"https:\\\/\\\/www.instagram.com\\\/tunisiasavory\\\/\"]}]}<\/script>\n<!-- \/ Yoast SEO plugin. -->","yoast_head_json":{"title":"Poudre de tomate s\u00e9ch\u00e9e - Saveur naturelle | Tunisia Savory","description":"D\u00e9couvrez la poudre de tomate s\u00e9ch\u00e9e Tunisia Savory, une poudre tomate s\u00e9ch\u00e9e naturelle id\u00e9ale pour relever vos plats et recettes m\u00e9diterran\u00e9ennes.","robots":{"index":"index","follow":"follow","max-snippet":"max-snippet:-1","max-image-preview":"max-image-preview:large","max-video-preview":"max-video-preview:-1"},"canonical":"https:\/\/tunisia-savory.com\/ar\/product\/poudre-de-tomate-sechee\/","og_locale":"ar_AR","og_type":"article","og_title":"Poudre de tomate s\u00e9ch\u00e9e - Saveur naturelle | Tunisia Savory","og_description":"D\u00e9couvrez la poudre de tomate s\u00e9ch\u00e9e Tunisia Savory, une poudre tomate s\u00e9ch\u00e9e naturelle id\u00e9ale pour relever vos plats et recettes m\u00e9diterran\u00e9ennes.","og_url":"https:\/\/tunisia-savory.com\/ar\/product\/poudre-de-tomate-sechee\/","og_site_name":"Tunisia-savory.com","article_publisher":"https:\/\/www.facebook.com\/profile.php?id=61584505435972","article_modified_time":"2026-04-30T17:20:22+00:00","og_image":[{"width":1279,"height":1600,"url":"https:\/\/tunisia-savory.com\/wp-content\/uploads\/2024\/06\/poudre-de-tomates-sechees.jpg","type":"image\/jpeg"}],"twitter_card":"summary_large_image","twitter_misc":{"\u0648\u0642\u062a \u0627\u0644\u0642\u0631\u0627\u0621\u0629 \u0627\u0644\u0645\u064f\u0642\u062f\u0651\u0631":"\u062f\u0642\u064a\u0642\u062a\u0627\u0646"},"schema":{"@context":"https:\/\/schema.org","@graph":[{"@type":"WebPage","@id":"https:\/\/tunisia-savory.com\/produit\/poudre-de-tomate-sechee\/","url":"https:\/\/tunisia-savory.com\/produit\/poudre-de-tomate-sechee\/","name":"Poudre de tomate s\u00e9ch\u00e9e - Saveur naturelle | Tunisia Savory","isPartOf":{"@id":"https:\/\/tunisia-savory.com\/#website"},"primaryImageOfPage":{"@id":"https:\/\/tunisia-savory.com\/produit\/poudre-de-tomate-sechee\/#primaryimage"},"image":{"@id":"https:\/\/tunisia-savory.com\/produit\/poudre-de-tomate-sechee\/#primaryimage"},"thumbnailUrl":"https:\/\/tunisia-savory.com\/wp-content\/uploads\/2024\/06\/poudre-de-tomates-sechees.jpg","datePublished":"2024-06-20T11:00:52+00:00","dateModified":"2026-04-30T17:20:22+00:00","description":"D\u00e9couvrez la poudre de tomate s\u00e9ch\u00e9e Tunisia Savory, une poudre tomate s\u00e9ch\u00e9e naturelle id\u00e9ale pour relever vos plats et recettes m\u00e9diterran\u00e9ennes.","breadcrumb":{"@id":"https:\/\/tunisia-savory.com\/produit\/poudre-de-tomate-sechee\/#breadcrumb"},"inLanguage":"ar","potentialAction":[{"@type":"ReadAction","target":["https:\/\/tunisia-savory.com\/produit\/poudre-de-tomate-sechee\/"]}]},{"@type":"ImageObject","inLanguage":"ar","@id":"https:\/\/tunisia-savory.com\/produit\/poudre-de-tomate-sechee\/#primaryimage","url":"https:\/\/tunisia-savory.com\/wp-content\/uploads\/2024\/06\/poudre-de-tomates-sechees.jpg","contentUrl":"https:\/\/tunisia-savory.com\/wp-content\/uploads\/2024\/06\/poudre-de-tomates-sechees.jpg","width":1279,"height":1600},{"@type":"BreadcrumbList","@id":"https:\/\/tunisia-savory.com\/produit\/poudre-de-tomate-sechee\/#breadcrumb","itemListElement":[{"@type":"ListItem","position":1,"name":"Accueil","item":"https:\/\/tunisia-savory.com\/"},{"@type":"ListItem","position":2,"name":"Boutique","item":"https:\/\/tunisia-savory.com\/boutique-epicerie-tunisie\/"},{"@type":"ListItem","position":3,"name":"Poudre de Tomate S\u00e9ch\u00e9e"}]},{"@type":"WebSite","@id":"https:\/\/tunisia-savory.com\/#website","url":"https:\/\/tunisia-savory.com\/","name":"Tunisia-savory.com","description":"Tunisia-savory.com","publisher":{"@id":"https:\/\/tunisia-savory.com\/#organization"},"potentialAction":[{"@type":"SearchAction","target":{"@type":"EntryPoint","urlTemplate":"https:\/\/tunisia-savory.com\/?s={search_term_string}"},"query-input":{"@type":"PropertyValueSpecification","valueRequired":true,"valueName":"search_term_string"}}],"inLanguage":"ar"},{"@type":"Organization","@id":"https:\/\/tunisia-savory.com\/#organization","name":"Tunisia-savory.com","url":"https:\/\/tunisia-savory.com\/","logo":{"@type":"ImageObject","inLanguage":"ar","@id":"https:\/\/tunisia-savory.com\/#\/schema\/logo\/image\/","url":"https:\/\/tunisia-savory.com\/wp-content\/uploads\/2026\/01\/logo-dark.png","contentUrl":"https:\/\/tunisia-savory.com\/wp-content\/uploads\/2026\/01\/logo-dark.png","width":552,"height":132,"caption":"Tunisia-savory.com"},"image":{"@id":"https:\/\/tunisia-savory.com\/#\/schema\/logo\/image\/"},"sameAs":["https:\/\/www.facebook.com\/profile.php?id=61584505435972","https:\/\/www.instagram.com\/tunisiasavory\/"]}]}},"_links":{"self":[{"href":"https:\/\/tunisia-savory.com\/ar\/wp-json\/wp\/v2\/product\/1198","targetHints":{"allow":["GET"]}}],"collection":[{"href":"https:\/\/tunisia-savory.com\/ar\/wp-json\/wp\/v2\/product"}],"about":[{"href":"https:\/\/tunisia-savory.com\/ar\/wp-json\/wp\/v2\/types\/product"}],"replies":[{"embeddable":true,"href":"https:\/\/tunisia-savory.com\/ar\/wp-json\/wp\/v2\/comments?post=1198"}],"version-history":[{"count":16,"href":"https:\/\/tunisia-savory.com\/ar\/wp-json\/wp\/v2\/product\/1198\/revisions"}],"predecessor-version":[{"id":7319,"href":"https:\/\/tunisia-savory.com\/ar\/wp-json\/wp\/v2\/product\/1198\/revisions\/7319"}],"wp:featuredmedia":[{"embeddable":true,"href":"https:\/\/tunisia-savory.com\/ar\/wp-json\/wp\/v2\/media\/6205"}],"wp:attachment":[{"href":"https:\/\/tunisia-savory.com\/ar\/wp-json\/wp\/v2\/media?parent=1198"}],"wp:term":[{"taxonomy":"product_brand","embeddable":true,"href":"https:\/\/tunisia-savory.com\/ar\/wp-json\/wp\/v2\/product_brand?post=1198"},{"taxonomy":"product_cat","embeddable":true,"href":"https:\/\/tunisia-savory.com\/ar\/wp-json\/wp\/v2\/product_cat?post=1198"},{"taxonomy":"product_tag","embeddable":true,"href":"https:\/\/tunisia-savory.com\/ar\/wp-json\/wp\/v2\/product_tag?post=1198"}],"curies":[{"name":"wp","href":"https:\/\/api.w.org\/{rel}","templated":true}]}}