{"id":1196,"date":"2024-06-20T10:54:53","date_gmt":"2024-06-20T10:54:53","guid":{"rendered":"https:\/\/xtratheme.com\/book-shop\/?post_type=product&#038;p=1196"},"modified":"2026-03-11T16:35:59","modified_gmt":"2026-03-11T16:35:59","slug":"concasse-de-tomate-sechee","status":"publish","type":"product","link":"https:\/\/tunisia-savory.com\/ar\/product\/concasse-de-tomate-sechee\/","title":{"rendered":"\u0637\u0645\u0627\u0637\u0645 \u0634\u0631\u064a\u062d\u0629"},"content":{"rendered":"<p>Le Concass\u00e9 de Tomate S\u00e9ch\u00e9e Tunisia Savory est \u00e9labor\u00e9 \u00e0 partir de tomates tunisiennes soigneusement s\u00e9lectionn\u00e9es, s\u00e9ch\u00e9es au soleil puis coup\u00e9es en morceaux pour pr\u00e9server leur texture moelleuse et leur go\u00fbt concentr\u00e9. Ce produit artisanal apporte une saveur riche et fruit\u00e9e, id\u00e9ale pour salades, p\u00e2tes, pizzas, focaccias ou antipasti.<\/p>\n<p>100 % naturel et sans additifs, le concass\u00e9 de tomate s\u00e9ch\u00e9e conserve toutes les qualit\u00e9s nutritionnelles de la tomate s\u00e9ch\u00e9e, avec une texture fondante et une saveur \u00e9quilibr\u00e9e entre sucr\u00e9 et acidul\u00e9. Polyvalent en cuisine, il peut \u00eatre utilis\u00e9 directement ou r\u00e9hydrat\u00e9 pour un r\u00e9sultat encore plus tendre.<\/p>\n<p>La marque Tunisia Savory assure une livraison rapide dans toute la Tunisie, garantissant fra\u00eecheur et qualit\u00e9 pour toutes vos commandes.<\/p>\n<p><strong>Points forts<\/strong><\/p>\n<ul>\n<li>Tomate S\u00e9ch\u00e9e Tunisie de qualit\u00e9 sup\u00e9rieure<\/li>\n<li>Concass\u00e9 de Tomate S\u00e9ch\u00e9e 100 % naturel, sans additifs<\/li>\n<li>Texture moelleuse, go\u00fbt riche et fruit\u00e9<\/li>\n<li>Polyvalent : salades, pizzas, p\u00e2tes, focaccias et antipasti<\/li>\n<li>Livraison rapide dans toute la Tunisie<\/li>\n<\/ul>\n<p><strong>Ingr\u00e9dients :<\/strong> 100 % tomates s\u00e9ch\u00e9es coup\u00e9es en morceaux<\/p>","protected":false},"excerpt":{"rendered":"<p>\u0637\u0645\u0627\u0637\u0645 \u0645\u062c\u0641\u0641\u0629 \u0645\u0641\u0631\u0648\u0645\u0629 \u062a\u0648\u0646\u0633\u064a\u0629 Savory\u060c \u0627\u0644\u0645\u064f\u062d\u0636\u0651\u0631\u0629 \u0645\u0646 \u0627\u0644\u0637\u0645\u0627\u0637\u0645 \u0627\u0644\u062a\u0648\u0646\u0633\u064a\u0629 \u0627\u0644\u0645\u062c\u0641\u0641\u0629 \u0648\u0627\u0644\u0645\u0642\u0637\u0651\u0639\u0629 \u0625\u0644\u0649 \u0642\u0637\u0639\u060c \u062a\u0642\u062f\u0651\u0645 \u0646\u0643\u0647\u0629 \u063a\u0646\u064a\u0629 \u0648\u0641\u0627\u0643\u0647\u064a\u0629. \u0647\u0630\u0627 \u0627\u0644\u0645\u0646\u062a\u062c \u0637\u0628\u064a\u0639\u064a 100\u066a\u060c \u0645\u062b\u0627\u0644\u064a \u0644\u0644\u0633\u0644\u0637\u0627\u062a\u060c \u0627\u0644\u0645\u0639\u0643\u0631\u0648\u0646\u0629\u060c \u0627\u0644\u0628\u064a\u062a\u0632\u0627 \u0623\u0648 \u0627\u0644\u0645\u0642\u0628\u0644\u0627\u062a\u060c \u0648\u0645\u062a\u0648\u0641\u0651\u0631 \u0645\u0639 \u062e\u062f\u0645\u0629 \u0627\u0644\u062a\u0648\u0635\u064a\u0644 \u0627\u0644\u0633\u0631\u064a\u0639 \u0641\u064a \u0643\u0627\u0645\u0644 \u062a\u0648\u0646\u0633.<\/p>","protected":false},"featured_media":6206,"comment_status":"open","ping_status":"closed","template":"","meta":[],"product_brand":[111],"product_cat":[340,343],"product_tag":[57,50,93,73,96],"class_list":{"0":"post-1196","1":"product","2":"type-product","3":"status-publish","4":"has-post-thumbnail","6":"product_brand-tunisiasavory","7":"product_cat-produits-phares-tunisia-savory","8":"product_cat-tomates-sechees","9":"product_tag-epices-assaisonnements","10":"product_tag-pates-condiments","11":"product_tag-preparations-culinaires","12":"product_tag-specialites-tunisiennes","13":"product_tag-tresors-naturels-de-tunisie","15":"first","16":"instock","17":"shipping-taxable","18":"purchasable","19":"product-type-variable","20":"has-default-attributes"},"yoast_head":"<!-- This site is optimized with the Yoast SEO plugin v27.4 - https:\/\/yoast.com\/product\/yoast-seo-wordpress\/ -->\n<title>Tomate s\u00e9ch\u00e9e - Concass\u00e9 de tomates s\u00e9ch\u00e9es | Tunisia Savory<\/title>\n<meta name=\"description\" content=\"D\u00e9couvrez la tomate s\u00e9ch\u00e9e concass\u00e9e Tunisia Savory, pr\u00e9par\u00e9e \u00e0 partir de tomates s\u00e9ch\u00e9es de qualit\u00e9 pour sublimer vos recettes m\u00e9diterran\u00e9ennes.\" \/>\n<meta name=\"robots\" content=\"index, follow, max-snippet:-1, max-image-preview:large, max-video-preview:-1\" \/>\n<link rel=\"canonical\" href=\"https:\/\/tunisia-savory.com\/ar\/product\/concasse-de-tomate-sechee\/\" \/>\n<meta property=\"og:locale\" content=\"ar_AR\" \/>\n<meta property=\"og:type\" content=\"article\" \/>\n<meta property=\"og:title\" content=\"Tomate s\u00e9ch\u00e9e - Concass\u00e9 de tomates s\u00e9ch\u00e9es | Tunisia Savory\" \/>\n<meta property=\"og:description\" content=\"D\u00e9couvrez la tomate s\u00e9ch\u00e9e concass\u00e9e Tunisia Savory, pr\u00e9par\u00e9e \u00e0 partir de tomates s\u00e9ch\u00e9es de qualit\u00e9 pour sublimer vos recettes m\u00e9diterran\u00e9ennes.\" \/>\n<meta property=\"og:url\" content=\"https:\/\/tunisia-savory.com\/ar\/product\/concasse-de-tomate-sechee\/\" \/>\n<meta property=\"og:site_name\" content=\"Tunisia-savory.com\" \/>\n<meta property=\"article:publisher\" content=\"https:\/\/www.facebook.com\/profile.php?id=61584505435972\" \/>\n<meta property=\"article:modified_time\" content=\"2026-03-11T16:35:59+00:00\" \/>\n<meta property=\"og:image\" content=\"https:\/\/tunisia-savory.com\/wp-content\/uploads\/2024\/06\/tomates-sechees-entieres-naturellement-au-soleil.jpg\" \/>\n\t<meta property=\"og:image:width\" content=\"1279\" \/>\n\t<meta property=\"og:image:height\" content=\"1600\" \/>\n\t<meta property=\"og:image:type\" content=\"image\/jpeg\" \/>\n<meta name=\"twitter:card\" content=\"summary_large_image\" \/>\n<meta name=\"twitter:label1\" content=\"\u0648\u0642\u062a \u0627\u0644\u0642\u0631\u0627\u0621\u0629 \u0627\u0644\u0645\u064f\u0642\u062f\u0651\u0631\" \/>\n\t<meta name=\"twitter:data1\" content=\"\u062f\u0642\u064a\u0642\u062a\u0627\u0646\" \/>\n<script type=\"application\/ld+json\" class=\"yoast-schema-graph\">{\"@context\":\"https:\\\/\\\/schema.org\",\"@graph\":[{\"@type\":\"WebPage\",\"@id\":\"https:\\\/\\\/tunisia-savory.com\\\/produit\\\/concasse-de-tomate-sechee\\\/\",\"url\":\"https:\\\/\\\/tunisia-savory.com\\\/produit\\\/concasse-de-tomate-sechee\\\/\",\"name\":\"Tomate s\u00e9ch\u00e9e - Concass\u00e9 de tomates s\u00e9ch\u00e9es | Tunisia Savory\",\"isPartOf\":{\"@id\":\"https:\\\/\\\/tunisia-savory.com\\\/#website\"},\"primaryImageOfPage\":{\"@id\":\"https:\\\/\\\/tunisia-savory.com\\\/produit\\\/concasse-de-tomate-sechee\\\/#primaryimage\"},\"image\":{\"@id\":\"https:\\\/\\\/tunisia-savory.com\\\/produit\\\/concasse-de-tomate-sechee\\\/#primaryimage\"},\"thumbnailUrl\":\"https:\\\/\\\/tunisia-savory.com\\\/wp-content\\\/uploads\\\/2024\\\/06\\\/tomates-sechees-entieres-naturellement-au-soleil.jpg\",\"datePublished\":\"2024-06-20T10:54:53+00:00\",\"dateModified\":\"2026-03-11T16:35:59+00:00\",\"description\":\"D\u00e9couvrez la tomate s\u00e9ch\u00e9e concass\u00e9e Tunisia Savory, pr\u00e9par\u00e9e \u00e0 partir de tomates s\u00e9ch\u00e9es de qualit\u00e9 pour sublimer vos recettes m\u00e9diterran\u00e9ennes.\",\"breadcrumb\":{\"@id\":\"https:\\\/\\\/tunisia-savory.com\\\/produit\\\/concasse-de-tomate-sechee\\\/#breadcrumb\"},\"inLanguage\":\"ar\",\"potentialAction\":[{\"@type\":\"ReadAction\",\"target\":[\"https:\\\/\\\/tunisia-savory.com\\\/produit\\\/concasse-de-tomate-sechee\\\/\"]}]},{\"@type\":\"ImageObject\",\"inLanguage\":\"ar\",\"@id\":\"https:\\\/\\\/tunisia-savory.com\\\/produit\\\/concasse-de-tomate-sechee\\\/#primaryimage\",\"url\":\"https:\\\/\\\/tunisia-savory.com\\\/wp-content\\\/uploads\\\/2024\\\/06\\\/tomates-sechees-entieres-naturellement-au-soleil.jpg\",\"contentUrl\":\"https:\\\/\\\/tunisia-savory.com\\\/wp-content\\\/uploads\\\/2024\\\/06\\\/tomates-sechees-entieres-naturellement-au-soleil.jpg\",\"width\":1279,\"height\":1600},{\"@type\":\"BreadcrumbList\",\"@id\":\"https:\\\/\\\/tunisia-savory.com\\\/produit\\\/concasse-de-tomate-sechee\\\/#breadcrumb\",\"itemListElement\":[{\"@type\":\"ListItem\",\"position\":1,\"name\":\"Accueil\",\"item\":\"https:\\\/\\\/tunisia-savory.com\\\/\"},{\"@type\":\"ListItem\",\"position\":2,\"name\":\"Boutique\",\"item\":\"https:\\\/\\\/tunisia-savory.com\\\/boutique-epicerie-tunisie\\\/\"},{\"@type\":\"ListItem\",\"position\":3,\"name\":\"Concass\u00e9 de Tomate S\u00e9ch\u00e9e\"}]},{\"@type\":\"WebSite\",\"@id\":\"https:\\\/\\\/tunisia-savory.com\\\/#website\",\"url\":\"https:\\\/\\\/tunisia-savory.com\\\/\",\"name\":\"Tunisia-savory.com\",\"description\":\"Tunisia-savory.com\",\"publisher\":{\"@id\":\"https:\\\/\\\/tunisia-savory.com\\\/#organization\"},\"potentialAction\":[{\"@type\":\"SearchAction\",\"target\":{\"@type\":\"EntryPoint\",\"urlTemplate\":\"https:\\\/\\\/tunisia-savory.com\\\/?s={search_term_string}\"},\"query-input\":{\"@type\":\"PropertyValueSpecification\",\"valueRequired\":true,\"valueName\":\"search_term_string\"}}],\"inLanguage\":\"ar\"},{\"@type\":\"Organization\",\"@id\":\"https:\\\/\\\/tunisia-savory.com\\\/#organization\",\"name\":\"Tunisia-savory.com\",\"url\":\"https:\\\/\\\/tunisia-savory.com\\\/\",\"logo\":{\"@type\":\"ImageObject\",\"inLanguage\":\"ar\",\"@id\":\"https:\\\/\\\/tunisia-savory.com\\\/#\\\/schema\\\/logo\\\/image\\\/\",\"url\":\"https:\\\/\\\/tunisia-savory.com\\\/wp-content\\\/uploads\\\/2026\\\/01\\\/logo-dark.png\",\"contentUrl\":\"https:\\\/\\\/tunisia-savory.com\\\/wp-content\\\/uploads\\\/2026\\\/01\\\/logo-dark.png\",\"width\":552,\"height\":132,\"caption\":\"Tunisia-savory.com\"},\"image\":{\"@id\":\"https:\\\/\\\/tunisia-savory.com\\\/#\\\/schema\\\/logo\\\/image\\\/\"},\"sameAs\":[\"https:\\\/\\\/www.facebook.com\\\/profile.php?id=61584505435972\",\"https:\\\/\\\/www.instagram.com\\\/tunisiasavory\\\/\"]}]}<\/script>\n<!-- \/ Yoast SEO plugin. -->","yoast_head_json":{"title":"Tomate s\u00e9ch\u00e9e - Concass\u00e9 de tomates s\u00e9ch\u00e9es | Tunisia Savory","description":"D\u00e9couvrez la tomate s\u00e9ch\u00e9e concass\u00e9e Tunisia Savory, pr\u00e9par\u00e9e \u00e0 partir de tomates s\u00e9ch\u00e9es de qualit\u00e9 pour sublimer vos recettes m\u00e9diterran\u00e9ennes.","robots":{"index":"index","follow":"follow","max-snippet":"max-snippet:-1","max-image-preview":"max-image-preview:large","max-video-preview":"max-video-preview:-1"},"canonical":"https:\/\/tunisia-savory.com\/ar\/product\/concasse-de-tomate-sechee\/","og_locale":"ar_AR","og_type":"article","og_title":"Tomate s\u00e9ch\u00e9e - Concass\u00e9 de tomates s\u00e9ch\u00e9es | Tunisia Savory","og_description":"D\u00e9couvrez la tomate s\u00e9ch\u00e9e concass\u00e9e Tunisia Savory, pr\u00e9par\u00e9e \u00e0 partir de tomates s\u00e9ch\u00e9es de qualit\u00e9 pour sublimer vos recettes m\u00e9diterran\u00e9ennes.","og_url":"https:\/\/tunisia-savory.com\/ar\/product\/concasse-de-tomate-sechee\/","og_site_name":"Tunisia-savory.com","article_publisher":"https:\/\/www.facebook.com\/profile.php?id=61584505435972","article_modified_time":"2026-03-11T16:35:59+00:00","og_image":[{"width":1279,"height":1600,"url":"https:\/\/tunisia-savory.com\/wp-content\/uploads\/2024\/06\/tomates-sechees-entieres-naturellement-au-soleil.jpg","type":"image\/jpeg"}],"twitter_card":"summary_large_image","twitter_misc":{"\u0648\u0642\u062a \u0627\u0644\u0642\u0631\u0627\u0621\u0629 \u0627\u0644\u0645\u064f\u0642\u062f\u0651\u0631":"\u062f\u0642\u064a\u0642\u062a\u0627\u0646"},"schema":{"@context":"https:\/\/schema.org","@graph":[{"@type":"WebPage","@id":"https:\/\/tunisia-savory.com\/produit\/concasse-de-tomate-sechee\/","url":"https:\/\/tunisia-savory.com\/produit\/concasse-de-tomate-sechee\/","name":"Tomate s\u00e9ch\u00e9e - Concass\u00e9 de tomates s\u00e9ch\u00e9es | Tunisia Savory","isPartOf":{"@id":"https:\/\/tunisia-savory.com\/#website"},"primaryImageOfPage":{"@id":"https:\/\/tunisia-savory.com\/produit\/concasse-de-tomate-sechee\/#primaryimage"},"image":{"@id":"https:\/\/tunisia-savory.com\/produit\/concasse-de-tomate-sechee\/#primaryimage"},"thumbnailUrl":"https:\/\/tunisia-savory.com\/wp-content\/uploads\/2024\/06\/tomates-sechees-entieres-naturellement-au-soleil.jpg","datePublished":"2024-06-20T10:54:53+00:00","dateModified":"2026-03-11T16:35:59+00:00","description":"D\u00e9couvrez la tomate s\u00e9ch\u00e9e concass\u00e9e Tunisia Savory, pr\u00e9par\u00e9e \u00e0 partir de tomates s\u00e9ch\u00e9es de qualit\u00e9 pour sublimer vos recettes m\u00e9diterran\u00e9ennes.","breadcrumb":{"@id":"https:\/\/tunisia-savory.com\/produit\/concasse-de-tomate-sechee\/#breadcrumb"},"inLanguage":"ar","potentialAction":[{"@type":"ReadAction","target":["https:\/\/tunisia-savory.com\/produit\/concasse-de-tomate-sechee\/"]}]},{"@type":"ImageObject","inLanguage":"ar","@id":"https:\/\/tunisia-savory.com\/produit\/concasse-de-tomate-sechee\/#primaryimage","url":"https:\/\/tunisia-savory.com\/wp-content\/uploads\/2024\/06\/tomates-sechees-entieres-naturellement-au-soleil.jpg","contentUrl":"https:\/\/tunisia-savory.com\/wp-content\/uploads\/2024\/06\/tomates-sechees-entieres-naturellement-au-soleil.jpg","width":1279,"height":1600},{"@type":"BreadcrumbList","@id":"https:\/\/tunisia-savory.com\/produit\/concasse-de-tomate-sechee\/#breadcrumb","itemListElement":[{"@type":"ListItem","position":1,"name":"Accueil","item":"https:\/\/tunisia-savory.com\/"},{"@type":"ListItem","position":2,"name":"Boutique","item":"https:\/\/tunisia-savory.com\/boutique-epicerie-tunisie\/"},{"@type":"ListItem","position":3,"name":"Concass\u00e9 de Tomate S\u00e9ch\u00e9e"}]},{"@type":"WebSite","@id":"https:\/\/tunisia-savory.com\/#website","url":"https:\/\/tunisia-savory.com\/","name":"Tunisia-savory.com","description":"Tunisia-savory.com","publisher":{"@id":"https:\/\/tunisia-savory.com\/#organization"},"potentialAction":[{"@type":"SearchAction","target":{"@type":"EntryPoint","urlTemplate":"https:\/\/tunisia-savory.com\/?s={search_term_string}"},"query-input":{"@type":"PropertyValueSpecification","valueRequired":true,"valueName":"search_term_string"}}],"inLanguage":"ar"},{"@type":"Organization","@id":"https:\/\/tunisia-savory.com\/#organization","name":"Tunisia-savory.com","url":"https:\/\/tunisia-savory.com\/","logo":{"@type":"ImageObject","inLanguage":"ar","@id":"https:\/\/tunisia-savory.com\/#\/schema\/logo\/image\/","url":"https:\/\/tunisia-savory.com\/wp-content\/uploads\/2026\/01\/logo-dark.png","contentUrl":"https:\/\/tunisia-savory.com\/wp-content\/uploads\/2026\/01\/logo-dark.png","width":552,"height":132,"caption":"Tunisia-savory.com"},"image":{"@id":"https:\/\/tunisia-savory.com\/#\/schema\/logo\/image\/"},"sameAs":["https:\/\/www.facebook.com\/profile.php?id=61584505435972","https:\/\/www.instagram.com\/tunisiasavory\/"]}]}},"_links":{"self":[{"href":"https:\/\/tunisia-savory.com\/ar\/wp-json\/wp\/v2\/product\/1196","targetHints":{"allow":["GET"]}}],"collection":[{"href":"https:\/\/tunisia-savory.com\/ar\/wp-json\/wp\/v2\/product"}],"about":[{"href":"https:\/\/tunisia-savory.com\/ar\/wp-json\/wp\/v2\/types\/product"}],"replies":[{"embeddable":true,"href":"https:\/\/tunisia-savory.com\/ar\/wp-json\/wp\/v2\/comments?post=1196"}],"version-history":[{"count":4,"href":"https:\/\/tunisia-savory.com\/ar\/wp-json\/wp\/v2\/product\/1196\/revisions"}],"predecessor-version":[{"id":7321,"href":"https:\/\/tunisia-savory.com\/ar\/wp-json\/wp\/v2\/product\/1196\/revisions\/7321"}],"wp:featuredmedia":[{"embeddable":true,"href":"https:\/\/tunisia-savory.com\/ar\/wp-json\/wp\/v2\/media\/6206"}],"wp:attachment":[{"href":"https:\/\/tunisia-savory.com\/ar\/wp-json\/wp\/v2\/media?parent=1196"}],"wp:term":[{"taxonomy":"product_brand","embeddable":true,"href":"https:\/\/tunisia-savory.com\/ar\/wp-json\/wp\/v2\/product_brand?post=1196"},{"taxonomy":"product_cat","embeddable":true,"href":"https:\/\/tunisia-savory.com\/ar\/wp-json\/wp\/v2\/product_cat?post=1196"},{"taxonomy":"product_tag","embeddable":true,"href":"https:\/\/tunisia-savory.com\/ar\/wp-json\/wp\/v2\/product_tag?post=1196"}],"curies":[{"name":"wp","href":"https:\/\/api.w.org\/{rel}","templated":true}]}}