{"id":1194,"date":"2024-06-20T10:53:39","date_gmt":"2024-06-20T10:53:39","guid":{"rendered":"https:\/\/xtratheme.com\/book-shop\/?post_type=product&#038;p=1194"},"modified":"2026-04-05T12:45:53","modified_gmt":"2026-04-05T12:45:53","slug":"caviar-de-tomate-sechee-pate","status":"publish","type":"product","link":"https:\/\/tunisia-savory.com\/ar\/product\/caviar-de-tomate-sechee-pate\/","title":{"rendered":"\u0645\u0639\u062c\u0648\u0646 \u0637\u0645\u0627\u0637\u0645 \u0634\u0627\u064a\u062d\u0629"},"content":{"rendered":"<p>La p\u00e2te de tomates s\u00e9ch\u00e9es Tunisia Savory est pr\u00e9par\u00e9e \u00e0 partir de tomates s\u00e9ch\u00e9es au soleil en Tunisie, soigneusement s\u00e9lectionn\u00e9es, puis m\u00e9lang\u00e9es avec de l\u2019huile d\u2019olive vierge extra, de l\u2019ail et des \u00e9pices naturelles. Cette pr\u00e9paration artisanale offre une texture onctueuse et un go\u00fbt concentr\u00e9, id\u00e9al pour sublimer vos sauces, tartines, pizzas ou plats m\u00e9diterran\u00e9ens.<\/p>\n<p>Sans conservateurs ni colorants, la p\u00e2te tomates s\u00e9ch\u00e9es Tunisie est un produit 100 % naturel, riche en saveurs et en nutriments, fid\u00e8le aux traditions culinaires tunisiennes. Sa polyvalence en cuisine permet de pr\u00e9parer rapidement des recettes savoureuses tout en conservant un go\u00fbt authentique.<\/p>\n<p>La marque Tunisia Savory assure une livraison rapide dans toute la Tunisie, garantissant fra\u00eecheur et qualit\u00e9 \u00e0 chaque commande.<\/p>\n<h2>Points forts<\/h2>\n<ul>\n<li>Tomates s\u00e9ch\u00e9es Tunisie soigneusement s\u00e9lectionn\u00e9es<\/li>\n<li>P\u00e2te onctueuse et aromatique, 100 % naturelle<\/li>\n<li>Sans conservateurs ni colorants<\/li>\n<li>Id\u00e9ale pour sauces, tartines, pizzas et plats m\u00e9diterran\u00e9ens<\/li>\n<li>Livraison rapide dans toute la Tunisie<\/li>\n<\/ul>","protected":false},"excerpt":{"rendered":"<p>\u0645\u0639\u062c\u0648\u0646 \u0627\u0644\u0637\u0645\u0627\u0637\u0645 \u0627\u0644\u0645\u062c\u0641\u0641\u0629 \u0627\u0644\u062a\u0648\u0646\u0633\u064a\u0629 Savory\u060c \u0627\u0644\u0645\u064f\u062d\u0636\u0651\u0631 \u0645\u0646 \u0627\u0644\u0637\u0645\u0627\u0637\u0645 \u0627\u0644\u0645\u062c\u0641\u0641\u0629 \u0628\u0627\u0644\u0634\u0645\u0633 \u0641\u064a \u062a\u0648\u0646\u0633 \u0645\u0639 \u0632\u064a\u062a \u0627\u0644\u0632\u064a\u062a\u0648\u0646 \u0648\u0627\u0644\u062b\u0648\u0645 \u0648\u0627\u0644\u062a\u0648\u0627\u0628\u0644 \u0627\u0644\u0637\u0628\u064a\u0639\u064a\u0629\u060c \u064a\u0642\u062f\u0651\u0645 \u0646\u0643\u0647\u0629 \u063a\u0646\u064a\u0629 \u0648\u0643\u0631\u064a\u0645\u064a\u0629. \u0647\u0630\u0627 \u0627\u0644\u0645\u0646\u062a\u062c \u0637\u0628\u064a\u0639\u064a 100\u066a\u060c \u062c\u0627\u0647\u0632 \u0644\u0644\u0627\u0633\u062a\u062e\u062f\u0627\u0645\u060c \u0648\u0645\u062a\u0648\u0641\u0651\u0631 \u0645\u0639 \u062e\u062f\u0645\u0629 \u0627\u0644\u062a\u0648\u0635\u064a\u0644 \u0627\u0644\u0633\u0631\u064a\u0639 \u0641\u064a \u0643\u0627\u0645\u0644 \u062a\u0648\u0646\u0633.<\/p>","protected":false},"featured_media":7016,"comment_status":"open","ping_status":"closed","template":"","meta":[],"product_brand":[111],"product_cat":[340,343],"product_tag":[57,50,93,64,46,96],"class_list":{"0":"post-1194","1":"product","2":"type-product","3":"status-publish","4":"has-post-thumbnail","6":"product_brand-tunisiasavory","7":"product_cat-produits-phares-tunisia-savory","8":"product_cat-tomates-sechees","9":"product_tag-epices-assaisonnements","10":"product_tag-pates-condiments","11":"product_tag-preparations-culinaires","12":"product_tag-produits-naturels","13":"product_tag-recette-artisanale","14":"product_tag-tresors-naturels-de-tunisie","16":"first","17":"instock","18":"shipping-taxable","19":"purchasable","20":"product-type-variable","21":"has-default-attributes"},"yoast_head":"<!-- This site is optimized with the Yoast SEO plugin v27.4 - https:\/\/yoast.com\/product\/yoast-seo-wordpress\/ -->\n<title>P\u00e2te tomate s\u00e9ch\u00e9e - Caviar de tomates s\u00e9ch\u00e9es | Tunisia Savory<\/title>\n<meta name=\"description\" content=\"D\u00e9couvrez la p\u00e2te de tomate s\u00e9ch\u00e9e Tunisia Savory, une sauce tomate s\u00e9ch\u00e9e gourmande \u00e0 base de tomates s\u00e9ch\u00e9es, id\u00e9ale pour p\u00e2tes et toasts.\" \/>\n<meta name=\"robots\" content=\"index, follow, max-snippet:-1, max-image-preview:large, max-video-preview:-1\" \/>\n<link rel=\"canonical\" href=\"https:\/\/tunisia-savory.com\/ar\/product\/caviar-de-tomate-sechee-pate\/\" \/>\n<meta property=\"og:locale\" content=\"ar_AR\" \/>\n<meta property=\"og:type\" content=\"article\" \/>\n<meta property=\"og:title\" content=\"P\u00e2te tomate s\u00e9ch\u00e9e - Caviar de tomates s\u00e9ch\u00e9es | Tunisia Savory\" \/>\n<meta property=\"og:description\" content=\"D\u00e9couvrez la p\u00e2te de tomate s\u00e9ch\u00e9e Tunisia Savory, une sauce tomate s\u00e9ch\u00e9e gourmande \u00e0 base de tomates s\u00e9ch\u00e9es, id\u00e9ale pour p\u00e2tes et toasts.\" \/>\n<meta property=\"og:url\" content=\"https:\/\/tunisia-savory.com\/ar\/product\/caviar-de-tomate-sechee-pate\/\" \/>\n<meta property=\"og:site_name\" content=\"Tunisia-savory.com\" \/>\n<meta property=\"article:publisher\" content=\"https:\/\/www.facebook.com\/profile.php?id=61584505435972\" \/>\n<meta property=\"article:modified_time\" content=\"2026-04-05T12:45:53+00:00\" \/>\n<meta property=\"og:image\" content=\"https:\/\/tunisia-savory.com\/wp-content\/uploads\/2024\/06\/IMG_2420-scaled.webp\" \/>\n\t<meta property=\"og:image:width\" content=\"2560\" \/>\n\t<meta property=\"og:image:height\" content=\"2560\" \/>\n\t<meta property=\"og:image:type\" content=\"image\/webp\" \/>\n<meta name=\"twitter:card\" content=\"summary_large_image\" \/>\n<meta name=\"twitter:label1\" content=\"\u0648\u0642\u062a \u0627\u0644\u0642\u0631\u0627\u0621\u0629 \u0627\u0644\u0645\u064f\u0642\u062f\u0651\u0631\" \/>\n\t<meta name=\"twitter:data1\" content=\"\u062f\u0642\u064a\u0642\u0629 \u0648\u0627\u062d\u062f\u0629\" \/>\n<script type=\"application\/ld+json\" class=\"yoast-schema-graph\">{\"@context\":\"https:\\\/\\\/schema.org\",\"@graph\":[{\"@type\":\"WebPage\",\"@id\":\"https:\\\/\\\/tunisia-savory.com\\\/produit\\\/caviar-de-tomate-sechee-pate\\\/\",\"url\":\"https:\\\/\\\/tunisia-savory.com\\\/produit\\\/caviar-de-tomate-sechee-pate\\\/\",\"name\":\"P\u00e2te tomate s\u00e9ch\u00e9e - Caviar de tomates s\u00e9ch\u00e9es | Tunisia Savory\",\"isPartOf\":{\"@id\":\"https:\\\/\\\/tunisia-savory.com\\\/#website\"},\"primaryImageOfPage\":{\"@id\":\"https:\\\/\\\/tunisia-savory.com\\\/produit\\\/caviar-de-tomate-sechee-pate\\\/#primaryimage\"},\"image\":{\"@id\":\"https:\\\/\\\/tunisia-savory.com\\\/produit\\\/caviar-de-tomate-sechee-pate\\\/#primaryimage\"},\"thumbnailUrl\":\"https:\\\/\\\/tunisia-savory.com\\\/wp-content\\\/uploads\\\/2024\\\/06\\\/IMG_2420-scaled.webp\",\"datePublished\":\"2024-06-20T10:53:39+00:00\",\"dateModified\":\"2026-04-05T12:45:53+00:00\",\"description\":\"D\u00e9couvrez la p\u00e2te de tomate s\u00e9ch\u00e9e Tunisia Savory, une sauce tomate s\u00e9ch\u00e9e gourmande \u00e0 base de tomates s\u00e9ch\u00e9es, id\u00e9ale pour p\u00e2tes et toasts.\",\"breadcrumb\":{\"@id\":\"https:\\\/\\\/tunisia-savory.com\\\/produit\\\/caviar-de-tomate-sechee-pate\\\/#breadcrumb\"},\"inLanguage\":\"ar\",\"potentialAction\":[{\"@type\":\"ReadAction\",\"target\":[\"https:\\\/\\\/tunisia-savory.com\\\/produit\\\/caviar-de-tomate-sechee-pate\\\/\"]}]},{\"@type\":\"ImageObject\",\"inLanguage\":\"ar\",\"@id\":\"https:\\\/\\\/tunisia-savory.com\\\/produit\\\/caviar-de-tomate-sechee-pate\\\/#primaryimage\",\"url\":\"https:\\\/\\\/tunisia-savory.com\\\/wp-content\\\/uploads\\\/2024\\\/06\\\/IMG_2420-scaled.webp\",\"contentUrl\":\"https:\\\/\\\/tunisia-savory.com\\\/wp-content\\\/uploads\\\/2024\\\/06\\\/IMG_2420-scaled.webp\",\"width\":2560,\"height\":2560,\"caption\":\"tomates s\u00e9ch\u00e9es\"},{\"@type\":\"BreadcrumbList\",\"@id\":\"https:\\\/\\\/tunisia-savory.com\\\/produit\\\/caviar-de-tomate-sechee-pate\\\/#breadcrumb\",\"itemListElement\":[{\"@type\":\"ListItem\",\"position\":1,\"name\":\"Accueil\",\"item\":\"https:\\\/\\\/tunisia-savory.com\\\/\"},{\"@type\":\"ListItem\",\"position\":2,\"name\":\"Boutique\",\"item\":\"https:\\\/\\\/tunisia-savory.com\\\/boutique-epicerie-tunisie\\\/\"},{\"@type\":\"ListItem\",\"position\":3,\"name\":\"P\u00e2te de Tomate S\u00e9ch\u00e9e\"}]},{\"@type\":\"WebSite\",\"@id\":\"https:\\\/\\\/tunisia-savory.com\\\/#website\",\"url\":\"https:\\\/\\\/tunisia-savory.com\\\/\",\"name\":\"Tunisia-savory.com\",\"description\":\"Tunisia-savory.com\",\"publisher\":{\"@id\":\"https:\\\/\\\/tunisia-savory.com\\\/#organization\"},\"potentialAction\":[{\"@type\":\"SearchAction\",\"target\":{\"@type\":\"EntryPoint\",\"urlTemplate\":\"https:\\\/\\\/tunisia-savory.com\\\/?s={search_term_string}\"},\"query-input\":{\"@type\":\"PropertyValueSpecification\",\"valueRequired\":true,\"valueName\":\"search_term_string\"}}],\"inLanguage\":\"ar\"},{\"@type\":\"Organization\",\"@id\":\"https:\\\/\\\/tunisia-savory.com\\\/#organization\",\"name\":\"Tunisia-savory.com\",\"url\":\"https:\\\/\\\/tunisia-savory.com\\\/\",\"logo\":{\"@type\":\"ImageObject\",\"inLanguage\":\"ar\",\"@id\":\"https:\\\/\\\/tunisia-savory.com\\\/#\\\/schema\\\/logo\\\/image\\\/\",\"url\":\"https:\\\/\\\/tunisia-savory.com\\\/wp-content\\\/uploads\\\/2026\\\/01\\\/logo-dark.png\",\"contentUrl\":\"https:\\\/\\\/tunisia-savory.com\\\/wp-content\\\/uploads\\\/2026\\\/01\\\/logo-dark.png\",\"width\":552,\"height\":132,\"caption\":\"Tunisia-savory.com\"},\"image\":{\"@id\":\"https:\\\/\\\/tunisia-savory.com\\\/#\\\/schema\\\/logo\\\/image\\\/\"},\"sameAs\":[\"https:\\\/\\\/www.facebook.com\\\/profile.php?id=61584505435972\",\"https:\\\/\\\/www.instagram.com\\\/tunisiasavory\\\/\"]}]}<\/script>\n<!-- \/ Yoast SEO plugin. -->","yoast_head_json":{"title":"P\u00e2te tomate s\u00e9ch\u00e9e - Caviar de tomates s\u00e9ch\u00e9es | Tunisia Savory","description":"D\u00e9couvrez la p\u00e2te de tomate s\u00e9ch\u00e9e Tunisia Savory, une sauce tomate s\u00e9ch\u00e9e gourmande \u00e0 base de tomates s\u00e9ch\u00e9es, id\u00e9ale pour p\u00e2tes et toasts.","robots":{"index":"index","follow":"follow","max-snippet":"max-snippet:-1","max-image-preview":"max-image-preview:large","max-video-preview":"max-video-preview:-1"},"canonical":"https:\/\/tunisia-savory.com\/ar\/product\/caviar-de-tomate-sechee-pate\/","og_locale":"ar_AR","og_type":"article","og_title":"P\u00e2te tomate s\u00e9ch\u00e9e - Caviar de tomates s\u00e9ch\u00e9es | Tunisia Savory","og_description":"D\u00e9couvrez la p\u00e2te de tomate s\u00e9ch\u00e9e Tunisia Savory, une sauce tomate s\u00e9ch\u00e9e gourmande \u00e0 base de tomates s\u00e9ch\u00e9es, id\u00e9ale pour p\u00e2tes et toasts.","og_url":"https:\/\/tunisia-savory.com\/ar\/product\/caviar-de-tomate-sechee-pate\/","og_site_name":"Tunisia-savory.com","article_publisher":"https:\/\/www.facebook.com\/profile.php?id=61584505435972","article_modified_time":"2026-04-05T12:45:53+00:00","og_image":[{"width":2560,"height":2560,"url":"https:\/\/tunisia-savory.com\/wp-content\/uploads\/2024\/06\/IMG_2420-scaled.webp","type":"image\/webp"}],"twitter_card":"summary_large_image","twitter_misc":{"\u0648\u0642\u062a \u0627\u0644\u0642\u0631\u0627\u0621\u0629 \u0627\u0644\u0645\u064f\u0642\u062f\u0651\u0631":"\u062f\u0642\u064a\u0642\u0629 \u0648\u0627\u062d\u062f\u0629"},"schema":{"@context":"https:\/\/schema.org","@graph":[{"@type":"WebPage","@id":"https:\/\/tunisia-savory.com\/produit\/caviar-de-tomate-sechee-pate\/","url":"https:\/\/tunisia-savory.com\/produit\/caviar-de-tomate-sechee-pate\/","name":"P\u00e2te tomate s\u00e9ch\u00e9e - Caviar de tomates s\u00e9ch\u00e9es | Tunisia Savory","isPartOf":{"@id":"https:\/\/tunisia-savory.com\/#website"},"primaryImageOfPage":{"@id":"https:\/\/tunisia-savory.com\/produit\/caviar-de-tomate-sechee-pate\/#primaryimage"},"image":{"@id":"https:\/\/tunisia-savory.com\/produit\/caviar-de-tomate-sechee-pate\/#primaryimage"},"thumbnailUrl":"https:\/\/tunisia-savory.com\/wp-content\/uploads\/2024\/06\/IMG_2420-scaled.webp","datePublished":"2024-06-20T10:53:39+00:00","dateModified":"2026-04-05T12:45:53+00:00","description":"D\u00e9couvrez la p\u00e2te de tomate s\u00e9ch\u00e9e Tunisia Savory, une sauce tomate s\u00e9ch\u00e9e gourmande \u00e0 base de tomates s\u00e9ch\u00e9es, id\u00e9ale pour p\u00e2tes et toasts.","breadcrumb":{"@id":"https:\/\/tunisia-savory.com\/produit\/caviar-de-tomate-sechee-pate\/#breadcrumb"},"inLanguage":"ar","potentialAction":[{"@type":"ReadAction","target":["https:\/\/tunisia-savory.com\/produit\/caviar-de-tomate-sechee-pate\/"]}]},{"@type":"ImageObject","inLanguage":"ar","@id":"https:\/\/tunisia-savory.com\/produit\/caviar-de-tomate-sechee-pate\/#primaryimage","url":"https:\/\/tunisia-savory.com\/wp-content\/uploads\/2024\/06\/IMG_2420-scaled.webp","contentUrl":"https:\/\/tunisia-savory.com\/wp-content\/uploads\/2024\/06\/IMG_2420-scaled.webp","width":2560,"height":2560,"caption":"tomates s\u00e9ch\u00e9es"},{"@type":"BreadcrumbList","@id":"https:\/\/tunisia-savory.com\/produit\/caviar-de-tomate-sechee-pate\/#breadcrumb","itemListElement":[{"@type":"ListItem","position":1,"name":"Accueil","item":"https:\/\/tunisia-savory.com\/"},{"@type":"ListItem","position":2,"name":"Boutique","item":"https:\/\/tunisia-savory.com\/boutique-epicerie-tunisie\/"},{"@type":"ListItem","position":3,"name":"P\u00e2te de Tomate S\u00e9ch\u00e9e"}]},{"@type":"WebSite","@id":"https:\/\/tunisia-savory.com\/#website","url":"https:\/\/tunisia-savory.com\/","name":"Tunisia-savory.com","description":"Tunisia-savory.com","publisher":{"@id":"https:\/\/tunisia-savory.com\/#organization"},"potentialAction":[{"@type":"SearchAction","target":{"@type":"EntryPoint","urlTemplate":"https:\/\/tunisia-savory.com\/?s={search_term_string}"},"query-input":{"@type":"PropertyValueSpecification","valueRequired":true,"valueName":"search_term_string"}}],"inLanguage":"ar"},{"@type":"Organization","@id":"https:\/\/tunisia-savory.com\/#organization","name":"Tunisia-savory.com","url":"https:\/\/tunisia-savory.com\/","logo":{"@type":"ImageObject","inLanguage":"ar","@id":"https:\/\/tunisia-savory.com\/#\/schema\/logo\/image\/","url":"https:\/\/tunisia-savory.com\/wp-content\/uploads\/2026\/01\/logo-dark.png","contentUrl":"https:\/\/tunisia-savory.com\/wp-content\/uploads\/2026\/01\/logo-dark.png","width":552,"height":132,"caption":"Tunisia-savory.com"},"image":{"@id":"https:\/\/tunisia-savory.com\/#\/schema\/logo\/image\/"},"sameAs":["https:\/\/www.facebook.com\/profile.php?id=61584505435972","https:\/\/www.instagram.com\/tunisiasavory\/"]}]}},"_links":{"self":[{"href":"https:\/\/tunisia-savory.com\/ar\/wp-json\/wp\/v2\/product\/1194","targetHints":{"allow":["GET"]}}],"collection":[{"href":"https:\/\/tunisia-savory.com\/ar\/wp-json\/wp\/v2\/product"}],"about":[{"href":"https:\/\/tunisia-savory.com\/ar\/wp-json\/wp\/v2\/types\/product"}],"replies":[{"embeddable":true,"href":"https:\/\/tunisia-savory.com\/ar\/wp-json\/wp\/v2\/comments?post=1194"}],"version-history":[{"count":10,"href":"https:\/\/tunisia-savory.com\/ar\/wp-json\/wp\/v2\/product\/1194\/revisions"}],"predecessor-version":[{"id":7320,"href":"https:\/\/tunisia-savory.com\/ar\/wp-json\/wp\/v2\/product\/1194\/revisions\/7320"}],"wp:featuredmedia":[{"embeddable":true,"href":"https:\/\/tunisia-savory.com\/ar\/wp-json\/wp\/v2\/media\/7016"}],"wp:attachment":[{"href":"https:\/\/tunisia-savory.com\/ar\/wp-json\/wp\/v2\/media?parent=1194"}],"wp:term":[{"taxonomy":"product_brand","embeddable":true,"href":"https:\/\/tunisia-savory.com\/ar\/wp-json\/wp\/v2\/product_brand?post=1194"},{"taxonomy":"product_cat","embeddable":true,"href":"https:\/\/tunisia-savory.com\/ar\/wp-json\/wp\/v2\/product_cat?post=1194"},{"taxonomy":"product_tag","embeddable":true,"href":"https:\/\/tunisia-savory.com\/ar\/wp-json\/wp\/v2\/product_tag?post=1194"}],"curies":[{"name":"wp","href":"https:\/\/api.w.org\/{rel}","templated":true}]}}