{"id":10103,"date":"2026-05-04T13:49:41","date_gmt":"2026-05-04T13:49:41","guid":{"rendered":"https:\/\/tunisia-savory.com\/?post_type=product&#038;p=10103"},"modified":"2026-05-04T14:16:44","modified_gmt":"2026-05-04T14:16:44","slug":"melange-grillades-mechoui","status":"publish","type":"product","link":"https:\/\/tunisia-savory.com\/ar\/product\/melange-grillades-mechoui\/","title":{"rendered":"M\u00e9lange Grillades &#038; M\u00e9choui"},"content":{"rendered":"<p>Apportez une touche authentique \u00e0 vos grillades avec notre m\u00e9lange d\u2019\u00e9pices sp\u00e9cialement con\u00e7u pour le m\u00e9choui et les viandes grill\u00e9es.<\/p>\n<p>\u2714 Paprika<br \/>\n\u2714 Ail en poudre<br \/>\n\u2714 Thym<br \/>\n\u2714 Piment<\/p>\n<p>Un \u00e9quilibre parfait pour des saveurs intenses et gourmandes. Id\u00e9al pour viandes, poulet et barbecue.<\/p>\n<p>Parfait pour vos repas en famille ou entre amis.<\/p>","protected":false},"excerpt":{"rendered":"<p>Un m\u00e9lange d\u2019\u00e9pices signature pour sublimer vos grillades et m\u00e9choui avec des saveurs riches et intenses.<\/p>","protected":false},"featured_media":10109,"comment_status":"closed","ping_status":"closed","template":"","meta":[],"product_brand":[111],"product_cat":[355],"product_tag":[403,402,400,401,406,395,405,404,382],"class_list":{"0":"post-10103","1":"product","2":"type-product","3":"status-publish","4":"has-post-thumbnail","6":"product_brand-tunisiasavory","7":"product_cat-packs-coffrets","8":"product_tag-ail","9":"product_tag-barbecue","10":"product_tag-epices-grillades","11":"product_tag-mechoui","12":"product_tag-melange-epices","13":"product_tag-paprika","14":"product_tag-piment","15":"product_tag-thym","16":"product_tag-tunisie","18":"first","19":"instock","20":"shipping-taxable","21":"product-type-variable"},"yoast_head":"<!-- This site is optimized with the Yoast SEO plugin v27.4 - https:\/\/yoast.com\/product\/yoast-seo-wordpress\/ -->\n<title>\u00c9pices Grillades &amp; M\u00e9choui | M\u00e9lange Intense Tunisie<\/title>\n<meta name=\"description\" content=\"M\u00e9lange d\u2019\u00e9pices pour grillades et m\u00e9choui avec paprika, ail, thym et piment. Id\u00e9al pour barbecue et cuisine tunisienne.\" \/>\n<meta name=\"robots\" content=\"index, follow, max-snippet:-1, max-image-preview:large, max-video-preview:-1\" \/>\n<link rel=\"canonical\" href=\"https:\/\/tunisia-savory.com\/ar\/product\/melange-grillades-mechoui\/\" \/>\n<meta property=\"og:locale\" content=\"ar_AR\" \/>\n<meta property=\"og:type\" content=\"article\" \/>\n<meta property=\"og:title\" content=\"\u00c9pices Grillades &amp; M\u00e9choui | M\u00e9lange Intense Tunisie\" \/>\n<meta property=\"og:description\" content=\"M\u00e9lange d\u2019\u00e9pices pour grillades et m\u00e9choui avec paprika, ail, thym et piment. Id\u00e9al pour barbecue et cuisine tunisienne.\" \/>\n<meta property=\"og:url\" content=\"https:\/\/tunisia-savory.com\/ar\/product\/melange-grillades-mechoui\/\" \/>\n<meta property=\"og:site_name\" content=\"Tunisia-savory.com\" \/>\n<meta property=\"article:publisher\" content=\"https:\/\/www.facebook.com\/profile.php?id=61584505435972\" \/>\n<meta property=\"article:modified_time\" content=\"2026-05-04T14:16:44+00:00\" \/>\n<meta property=\"og:image\" content=\"https:\/\/tunisia-savory.com\/wp-content\/uploads\/2026\/05\/Melange-Grillades-Mechoui.png\" \/>\n\t<meta property=\"og:image:width\" content=\"800\" \/>\n\t<meta property=\"og:image:height\" content=\"900\" \/>\n\t<meta property=\"og:image:type\" content=\"image\/png\" \/>\n<meta name=\"twitter:card\" content=\"summary_large_image\" \/>\n<meta name=\"twitter:label1\" content=\"\u0648\u0642\u062a \u0627\u0644\u0642\u0631\u0627\u0621\u0629 \u0627\u0644\u0645\u064f\u0642\u062f\u0651\u0631\" \/>\n\t<meta name=\"twitter:data1\" content=\"\u062f\u0642\u064a\u0642\u0629 \u0648\u0627\u062d\u062f\u0629\" \/>\n<script type=\"application\/ld+json\" class=\"yoast-schema-graph\">{\"@context\":\"https:\\\/\\\/schema.org\",\"@graph\":[{\"@type\":\"WebPage\",\"@id\":\"https:\\\/\\\/tunisia-savory.com\\\/produit\\\/melange-grillades-mechoui\\\/\",\"url\":\"https:\\\/\\\/tunisia-savory.com\\\/produit\\\/melange-grillades-mechoui\\\/\",\"name\":\"\u00c9pices Grillades & M\u00e9choui | M\u00e9lange Intense Tunisie\",\"isPartOf\":{\"@id\":\"https:\\\/\\\/tunisia-savory.com\\\/#website\"},\"primaryImageOfPage\":{\"@id\":\"https:\\\/\\\/tunisia-savory.com\\\/produit\\\/melange-grillades-mechoui\\\/#primaryimage\"},\"image\":{\"@id\":\"https:\\\/\\\/tunisia-savory.com\\\/produit\\\/melange-grillades-mechoui\\\/#primaryimage\"},\"thumbnailUrl\":\"https:\\\/\\\/tunisia-savory.com\\\/wp-content\\\/uploads\\\/2026\\\/05\\\/Melange-Grillades-Mechoui.png\",\"datePublished\":\"2026-05-04T13:49:41+00:00\",\"dateModified\":\"2026-05-04T14:16:44+00:00\",\"description\":\"M\u00e9lange d\u2019\u00e9pices pour grillades et m\u00e9choui avec paprika, ail, thym et piment. Id\u00e9al pour barbecue et cuisine tunisienne.\",\"breadcrumb\":{\"@id\":\"https:\\\/\\\/tunisia-savory.com\\\/produit\\\/melange-grillades-mechoui\\\/#breadcrumb\"},\"inLanguage\":\"ar\",\"potentialAction\":[{\"@type\":\"ReadAction\",\"target\":[\"https:\\\/\\\/tunisia-savory.com\\\/produit\\\/melange-grillades-mechoui\\\/\"]}]},{\"@type\":\"ImageObject\",\"inLanguage\":\"ar\",\"@id\":\"https:\\\/\\\/tunisia-savory.com\\\/produit\\\/melange-grillades-mechoui\\\/#primaryimage\",\"url\":\"https:\\\/\\\/tunisia-savory.com\\\/wp-content\\\/uploads\\\/2026\\\/05\\\/Melange-Grillades-Mechoui.png\",\"contentUrl\":\"https:\\\/\\\/tunisia-savory.com\\\/wp-content\\\/uploads\\\/2026\\\/05\\\/Melange-Grillades-Mechoui.png\",\"width\":800,\"height\":900,\"caption\":\"M\u00e9lange \u00e9pices grillades m\u00e9choui paprika ail thym piment\"},{\"@type\":\"BreadcrumbList\",\"@id\":\"https:\\\/\\\/tunisia-savory.com\\\/produit\\\/melange-grillades-mechoui\\\/#breadcrumb\",\"itemListElement\":[{\"@type\":\"ListItem\",\"position\":1,\"name\":\"Accueil\",\"item\":\"https:\\\/\\\/tunisia-savory.com\\\/\"},{\"@type\":\"ListItem\",\"position\":2,\"name\":\"Boutique\",\"item\":\"https:\\\/\\\/tunisia-savory.com\\\/boutique-epicerie-tunisie\\\/\"},{\"@type\":\"ListItem\",\"position\":3,\"name\":\"M\u00e9lange Grillades &#038; M\u00e9choui\"}]},{\"@type\":\"WebSite\",\"@id\":\"https:\\\/\\\/tunisia-savory.com\\\/#website\",\"url\":\"https:\\\/\\\/tunisia-savory.com\\\/\",\"name\":\"Tunisia-savory.com\",\"description\":\"Tunisia-savory.com\",\"publisher\":{\"@id\":\"https:\\\/\\\/tunisia-savory.com\\\/#organization\"},\"potentialAction\":[{\"@type\":\"SearchAction\",\"target\":{\"@type\":\"EntryPoint\",\"urlTemplate\":\"https:\\\/\\\/tunisia-savory.com\\\/?s={search_term_string}\"},\"query-input\":{\"@type\":\"PropertyValueSpecification\",\"valueRequired\":true,\"valueName\":\"search_term_string\"}}],\"inLanguage\":\"ar\"},{\"@type\":\"Organization\",\"@id\":\"https:\\\/\\\/tunisia-savory.com\\\/#organization\",\"name\":\"Tunisia-savory.com\",\"url\":\"https:\\\/\\\/tunisia-savory.com\\\/\",\"logo\":{\"@type\":\"ImageObject\",\"inLanguage\":\"ar\",\"@id\":\"https:\\\/\\\/tunisia-savory.com\\\/#\\\/schema\\\/logo\\\/image\\\/\",\"url\":\"https:\\\/\\\/tunisia-savory.com\\\/wp-content\\\/uploads\\\/2026\\\/01\\\/logo-dark.png\",\"contentUrl\":\"https:\\\/\\\/tunisia-savory.com\\\/wp-content\\\/uploads\\\/2026\\\/01\\\/logo-dark.png\",\"width\":552,\"height\":132,\"caption\":\"Tunisia-savory.com\"},\"image\":{\"@id\":\"https:\\\/\\\/tunisia-savory.com\\\/#\\\/schema\\\/logo\\\/image\\\/\"},\"sameAs\":[\"https:\\\/\\\/www.facebook.com\\\/profile.php?id=61584505435972\",\"https:\\\/\\\/www.instagram.com\\\/tunisiasavory\\\/\"]}]}<\/script>\n<!-- \/ Yoast SEO plugin. -->","yoast_head_json":{"title":"\u00c9pices Grillades & M\u00e9choui | M\u00e9lange Intense Tunisie","description":"M\u00e9lange d\u2019\u00e9pices pour grillades et m\u00e9choui avec paprika, ail, thym et piment. Id\u00e9al pour barbecue et cuisine tunisienne.","robots":{"index":"index","follow":"follow","max-snippet":"max-snippet:-1","max-image-preview":"max-image-preview:large","max-video-preview":"max-video-preview:-1"},"canonical":"https:\/\/tunisia-savory.com\/ar\/product\/melange-grillades-mechoui\/","og_locale":"ar_AR","og_type":"article","og_title":"\u00c9pices Grillades & M\u00e9choui | M\u00e9lange Intense Tunisie","og_description":"M\u00e9lange d\u2019\u00e9pices pour grillades et m\u00e9choui avec paprika, ail, thym et piment. Id\u00e9al pour barbecue et cuisine tunisienne.","og_url":"https:\/\/tunisia-savory.com\/ar\/product\/melange-grillades-mechoui\/","og_site_name":"Tunisia-savory.com","article_publisher":"https:\/\/www.facebook.com\/profile.php?id=61584505435972","article_modified_time":"2026-05-04T14:16:44+00:00","og_image":[{"width":800,"height":900,"url":"https:\/\/tunisia-savory.com\/wp-content\/uploads\/2026\/05\/Melange-Grillades-Mechoui.png","type":"image\/png"}],"twitter_card":"summary_large_image","twitter_misc":{"\u0648\u0642\u062a \u0627\u0644\u0642\u0631\u0627\u0621\u0629 \u0627\u0644\u0645\u064f\u0642\u062f\u0651\u0631":"\u062f\u0642\u064a\u0642\u0629 \u0648\u0627\u062d\u062f\u0629"},"schema":{"@context":"https:\/\/schema.org","@graph":[{"@type":"WebPage","@id":"https:\/\/tunisia-savory.com\/produit\/melange-grillades-mechoui\/","url":"https:\/\/tunisia-savory.com\/produit\/melange-grillades-mechoui\/","name":"\u00c9pices Grillades & M\u00e9choui | M\u00e9lange Intense Tunisie","isPartOf":{"@id":"https:\/\/tunisia-savory.com\/#website"},"primaryImageOfPage":{"@id":"https:\/\/tunisia-savory.com\/produit\/melange-grillades-mechoui\/#primaryimage"},"image":{"@id":"https:\/\/tunisia-savory.com\/produit\/melange-grillades-mechoui\/#primaryimage"},"thumbnailUrl":"https:\/\/tunisia-savory.com\/wp-content\/uploads\/2026\/05\/Melange-Grillades-Mechoui.png","datePublished":"2026-05-04T13:49:41+00:00","dateModified":"2026-05-04T14:16:44+00:00","description":"M\u00e9lange d\u2019\u00e9pices pour grillades et m\u00e9choui avec paprika, ail, thym et piment. Id\u00e9al pour barbecue et cuisine tunisienne.","breadcrumb":{"@id":"https:\/\/tunisia-savory.com\/produit\/melange-grillades-mechoui\/#breadcrumb"},"inLanguage":"ar","potentialAction":[{"@type":"ReadAction","target":["https:\/\/tunisia-savory.com\/produit\/melange-grillades-mechoui\/"]}]},{"@type":"ImageObject","inLanguage":"ar","@id":"https:\/\/tunisia-savory.com\/produit\/melange-grillades-mechoui\/#primaryimage","url":"https:\/\/tunisia-savory.com\/wp-content\/uploads\/2026\/05\/Melange-Grillades-Mechoui.png","contentUrl":"https:\/\/tunisia-savory.com\/wp-content\/uploads\/2026\/05\/Melange-Grillades-Mechoui.png","width":800,"height":900,"caption":"M\u00e9lange \u00e9pices grillades m\u00e9choui paprika ail thym piment"},{"@type":"BreadcrumbList","@id":"https:\/\/tunisia-savory.com\/produit\/melange-grillades-mechoui\/#breadcrumb","itemListElement":[{"@type":"ListItem","position":1,"name":"Accueil","item":"https:\/\/tunisia-savory.com\/"},{"@type":"ListItem","position":2,"name":"Boutique","item":"https:\/\/tunisia-savory.com\/boutique-epicerie-tunisie\/"},{"@type":"ListItem","position":3,"name":"M\u00e9lange Grillades &#038; M\u00e9choui"}]},{"@type":"WebSite","@id":"https:\/\/tunisia-savory.com\/#website","url":"https:\/\/tunisia-savory.com\/","name":"Tunisia-savory.com","description":"Tunisia-savory.com","publisher":{"@id":"https:\/\/tunisia-savory.com\/#organization"},"potentialAction":[{"@type":"SearchAction","target":{"@type":"EntryPoint","urlTemplate":"https:\/\/tunisia-savory.com\/?s={search_term_string}"},"query-input":{"@type":"PropertyValueSpecification","valueRequired":true,"valueName":"search_term_string"}}],"inLanguage":"ar"},{"@type":"Organization","@id":"https:\/\/tunisia-savory.com\/#organization","name":"Tunisia-savory.com","url":"https:\/\/tunisia-savory.com\/","logo":{"@type":"ImageObject","inLanguage":"ar","@id":"https:\/\/tunisia-savory.com\/#\/schema\/logo\/image\/","url":"https:\/\/tunisia-savory.com\/wp-content\/uploads\/2026\/01\/logo-dark.png","contentUrl":"https:\/\/tunisia-savory.com\/wp-content\/uploads\/2026\/01\/logo-dark.png","width":552,"height":132,"caption":"Tunisia-savory.com"},"image":{"@id":"https:\/\/tunisia-savory.com\/#\/schema\/logo\/image\/"},"sameAs":["https:\/\/www.facebook.com\/profile.php?id=61584505435972","https:\/\/www.instagram.com\/tunisiasavory\/"]}]}},"_links":{"self":[{"href":"https:\/\/tunisia-savory.com\/ar\/wp-json\/wp\/v2\/product\/10103","targetHints":{"allow":["GET"]}}],"collection":[{"href":"https:\/\/tunisia-savory.com\/ar\/wp-json\/wp\/v2\/product"}],"about":[{"href":"https:\/\/tunisia-savory.com\/ar\/wp-json\/wp\/v2\/types\/product"}],"replies":[{"embeddable":true,"href":"https:\/\/tunisia-savory.com\/ar\/wp-json\/wp\/v2\/comments?post=10103"}],"version-history":[{"count":1,"href":"https:\/\/tunisia-savory.com\/ar\/wp-json\/wp\/v2\/product\/10103\/revisions"}],"predecessor-version":[{"id":10110,"href":"https:\/\/tunisia-savory.com\/ar\/wp-json\/wp\/v2\/product\/10103\/revisions\/10110"}],"wp:featuredmedia":[{"embeddable":true,"href":"https:\/\/tunisia-savory.com\/ar\/wp-json\/wp\/v2\/media\/10109"}],"wp:attachment":[{"href":"https:\/\/tunisia-savory.com\/ar\/wp-json\/wp\/v2\/media?parent=10103"}],"wp:term":[{"taxonomy":"product_brand","embeddable":true,"href":"https:\/\/tunisia-savory.com\/ar\/wp-json\/wp\/v2\/product_brand?post=10103"},{"taxonomy":"product_cat","embeddable":true,"href":"https:\/\/tunisia-savory.com\/ar\/wp-json\/wp\/v2\/product_cat?post=10103"},{"taxonomy":"product_tag","embeddable":true,"href":"https:\/\/tunisia-savory.com\/ar\/wp-json\/wp\/v2\/product_tag?post=10103"}],"curies":[{"name":"wp","href":"https:\/\/api.w.org\/{rel}","templated":true}]}}