{"id":10089,"date":"2026-05-04T13:08:59","date_gmt":"2026-05-04T13:08:59","guid":{"rendered":"https:\/\/tunisia-savory.com\/?post_type=product&#038;p=10089"},"modified":"2026-05-04T19:58:26","modified_gmt":"2026-05-04T19:58:26","slug":"roules-danchois-capres-fruits-secs","status":"publish","type":"product","link":"https:\/\/tunisia-savory.com\/ar\/product\/roules-danchois-capres-fruits-secs\/","title":{"rendered":"Roul\u00e9s d\u2019Anchois \u2013 C\u00e2pres &#038; Fruits Secs"},"content":{"rendered":"<p>D\u00e9couvrez nos roul\u00e9s d\u2019anchois pr\u00e9par\u00e9s avec soin, associ\u00e9s \u00e0 des c\u00e2pres et des fruits secs pour un m\u00e9lange sucr\u00e9-sal\u00e9 unique.<\/p>\n<p>\u2714 Saveur m\u00e9diterran\u00e9enne authentique<br \/>\n\u2714 Id\u00e9al pour ap\u00e9ritifs et entr\u00e9es<br \/>\n\u2714 Produit riche en go\u00fbt et pr\u00eat \u00e0 consommer<\/p>\n<p>Parfait pour accompagner vos plats ou sublimer vos buffets.<\/p>","protected":false},"excerpt":{"rendered":"<p>D\u00e9licieux roul\u00e9s d\u2019anchois garnis de c\u00e2pres et fruits secs, une sp\u00e9cialit\u00e9 m\u00e9diterran\u00e9enne savoureuse et raffin\u00e9e.<\/p>","protected":false},"featured_media":10193,"comment_status":"closed","ping_status":"closed","template":"","meta":[],"product_brand":[111],"product_cat":[390],"product_tag":[383,387,385,386,389,384,388,382],"class_list":{"0":"post-10089","1":"product","2":"type-product","3":"status-publish","4":"has-post-thumbnail","6":"product_brand-tunisiasavory","7":"product_cat-mer-tradition","8":"product_tag-anchois","9":"product_tag-aperitif","10":"product_tag-capres","11":"product_tag-fruits-secs","12":"product_tag-produits-mediterraneens","13":"product_tag-roules-danchois","14":"product_tag-tapas","15":"product_tag-tunisie","17":"first","18":"instock","19":"shipping-taxable","20":"purchasable","21":"product-type-variable","22":"has-default-attributes"},"yoast_head":"<!-- This site is optimized with the Yoast SEO plugin v27.4 - https:\/\/yoast.com\/product\/yoast-seo-wordpress\/ -->\n<title>Roul\u00e9s d\u2019Anchois C\u00e2pres &amp; Fruits Secs | Tunisia Savory<\/title>\n<meta name=\"description\" content=\"Roul\u00e9s d\u2019anchois garnis de c\u00e2pres et fruits secs, une sp\u00e9cialit\u00e9 m\u00e9diterran\u00e9enne savoureuse id\u00e9ale pour ap\u00e9ritifs. Disponible en Tunisie.\" \/>\n<meta name=\"robots\" content=\"index, follow, max-snippet:-1, max-image-preview:large, max-video-preview:-1\" \/>\n<link rel=\"canonical\" href=\"https:\/\/tunisia-savory.com\/ar\/product\/roules-danchois-capres-fruits-secs\/\" \/>\n<meta property=\"og:locale\" content=\"ar_AR\" \/>\n<meta property=\"og:type\" content=\"article\" \/>\n<meta property=\"og:title\" content=\"Roul\u00e9s d\u2019Anchois C\u00e2pres &amp; Fruits Secs | Tunisia Savory\" \/>\n<meta property=\"og:description\" content=\"Roul\u00e9s d\u2019anchois garnis de c\u00e2pres et fruits secs, une sp\u00e9cialit\u00e9 m\u00e9diterran\u00e9enne savoureuse id\u00e9ale pour ap\u00e9ritifs. Disponible en Tunisie.\" \/>\n<meta property=\"og:url\" content=\"https:\/\/tunisia-savory.com\/ar\/product\/roules-danchois-capres-fruits-secs\/\" \/>\n<meta property=\"og:site_name\" content=\"Tunisia-savory.com\" \/>\n<meta property=\"article:publisher\" content=\"https:\/\/www.facebook.com\/profile.php?id=61584505435972\" \/>\n<meta property=\"article:modified_time\" content=\"2026-05-04T19:58:26+00:00\" \/>\n<meta property=\"og:image\" content=\"https:\/\/tunisia-savory.com\/wp-content\/uploads\/2026\/05\/Gemini_Generated_Image_9c9pmn9c9pmn9c9p.png\" \/>\n\t<meta property=\"og:image:width\" content=\"1024\" \/>\n\t<meta property=\"og:image:height\" content=\"1024\" \/>\n\t<meta property=\"og:image:type\" content=\"image\/png\" \/>\n<meta name=\"twitter:card\" content=\"summary_large_image\" \/>\n<meta name=\"twitter:label1\" content=\"\u0648\u0642\u062a \u0627\u0644\u0642\u0631\u0627\u0621\u0629 \u0627\u0644\u0645\u064f\u0642\u062f\u0651\u0631\" \/>\n\t<meta name=\"twitter:data1\" content=\"\u062f\u0642\u064a\u0642\u0629 \u0648\u0627\u062d\u062f\u0629\" \/>\n<script type=\"application\/ld+json\" class=\"yoast-schema-graph\">{\"@context\":\"https:\\\/\\\/schema.org\",\"@graph\":[{\"@type\":\"WebPage\",\"@id\":\"https:\\\/\\\/tunisia-savory.com\\\/produit\\\/roules-danchois-capres-fruits-secs\\\/\",\"url\":\"https:\\\/\\\/tunisia-savory.com\\\/produit\\\/roules-danchois-capres-fruits-secs\\\/\",\"name\":\"Roul\u00e9s d\u2019Anchois C\u00e2pres & Fruits Secs | Tunisia Savory\",\"isPartOf\":{\"@id\":\"https:\\\/\\\/tunisia-savory.com\\\/#website\"},\"primaryImageOfPage\":{\"@id\":\"https:\\\/\\\/tunisia-savory.com\\\/produit\\\/roules-danchois-capres-fruits-secs\\\/#primaryimage\"},\"image\":{\"@id\":\"https:\\\/\\\/tunisia-savory.com\\\/produit\\\/roules-danchois-capres-fruits-secs\\\/#primaryimage\"},\"thumbnailUrl\":\"https:\\\/\\\/tunisia-savory.com\\\/wp-content\\\/uploads\\\/2026\\\/05\\\/Gemini_Generated_Image_9c9pmn9c9pmn9c9p.png\",\"datePublished\":\"2026-05-04T13:08:59+00:00\",\"dateModified\":\"2026-05-04T19:58:26+00:00\",\"description\":\"Roul\u00e9s d\u2019anchois garnis de c\u00e2pres et fruits secs, une sp\u00e9cialit\u00e9 m\u00e9diterran\u00e9enne savoureuse id\u00e9ale pour ap\u00e9ritifs. Disponible en Tunisie.\",\"breadcrumb\":{\"@id\":\"https:\\\/\\\/tunisia-savory.com\\\/produit\\\/roules-danchois-capres-fruits-secs\\\/#breadcrumb\"},\"inLanguage\":\"ar\",\"potentialAction\":[{\"@type\":\"ReadAction\",\"target\":[\"https:\\\/\\\/tunisia-savory.com\\\/produit\\\/roules-danchois-capres-fruits-secs\\\/\"]}]},{\"@type\":\"ImageObject\",\"inLanguage\":\"ar\",\"@id\":\"https:\\\/\\\/tunisia-savory.com\\\/produit\\\/roules-danchois-capres-fruits-secs\\\/#primaryimage\",\"url\":\"https:\\\/\\\/tunisia-savory.com\\\/wp-content\\\/uploads\\\/2026\\\/05\\\/Gemini_Generated_Image_9c9pmn9c9pmn9c9p.png\",\"contentUrl\":\"https:\\\/\\\/tunisia-savory.com\\\/wp-content\\\/uploads\\\/2026\\\/05\\\/Gemini_Generated_Image_9c9pmn9c9pmn9c9p.png\",\"width\":1024,\"height\":1024},{\"@type\":\"BreadcrumbList\",\"@id\":\"https:\\\/\\\/tunisia-savory.com\\\/produit\\\/roules-danchois-capres-fruits-secs\\\/#breadcrumb\",\"itemListElement\":[{\"@type\":\"ListItem\",\"position\":1,\"name\":\"Accueil\",\"item\":\"https:\\\/\\\/tunisia-savory.com\\\/\"},{\"@type\":\"ListItem\",\"position\":2,\"name\":\"Boutique\",\"item\":\"https:\\\/\\\/tunisia-savory.com\\\/boutique-epicerie-tunisie\\\/\"},{\"@type\":\"ListItem\",\"position\":3,\"name\":\"Roul\u00e9s d\u2019Anchois \u2013 C\u00e2pres &#038; Fruits Secs\"}]},{\"@type\":\"WebSite\",\"@id\":\"https:\\\/\\\/tunisia-savory.com\\\/#website\",\"url\":\"https:\\\/\\\/tunisia-savory.com\\\/\",\"name\":\"Tunisia-savory.com\",\"description\":\"Tunisia-savory.com\",\"publisher\":{\"@id\":\"https:\\\/\\\/tunisia-savory.com\\\/#organization\"},\"potentialAction\":[{\"@type\":\"SearchAction\",\"target\":{\"@type\":\"EntryPoint\",\"urlTemplate\":\"https:\\\/\\\/tunisia-savory.com\\\/?s={search_term_string}\"},\"query-input\":{\"@type\":\"PropertyValueSpecification\",\"valueRequired\":true,\"valueName\":\"search_term_string\"}}],\"inLanguage\":\"ar\"},{\"@type\":\"Organization\",\"@id\":\"https:\\\/\\\/tunisia-savory.com\\\/#organization\",\"name\":\"Tunisia-savory.com\",\"url\":\"https:\\\/\\\/tunisia-savory.com\\\/\",\"logo\":{\"@type\":\"ImageObject\",\"inLanguage\":\"ar\",\"@id\":\"https:\\\/\\\/tunisia-savory.com\\\/#\\\/schema\\\/logo\\\/image\\\/\",\"url\":\"https:\\\/\\\/tunisia-savory.com\\\/wp-content\\\/uploads\\\/2026\\\/01\\\/logo-dark.png\",\"contentUrl\":\"https:\\\/\\\/tunisia-savory.com\\\/wp-content\\\/uploads\\\/2026\\\/01\\\/logo-dark.png\",\"width\":552,\"height\":132,\"caption\":\"Tunisia-savory.com\"},\"image\":{\"@id\":\"https:\\\/\\\/tunisia-savory.com\\\/#\\\/schema\\\/logo\\\/image\\\/\"},\"sameAs\":[\"https:\\\/\\\/www.facebook.com\\\/profile.php?id=61584505435972\",\"https:\\\/\\\/www.instagram.com\\\/tunisiasavory\\\/\"]}]}<\/script>\n<!-- \/ Yoast SEO plugin. -->","yoast_head_json":{"title":"Roul\u00e9s d\u2019Anchois C\u00e2pres & Fruits Secs | Tunisia Savory","description":"Roul\u00e9s d\u2019anchois garnis de c\u00e2pres et fruits secs, une sp\u00e9cialit\u00e9 m\u00e9diterran\u00e9enne savoureuse id\u00e9ale pour ap\u00e9ritifs. Disponible en Tunisie.","robots":{"index":"index","follow":"follow","max-snippet":"max-snippet:-1","max-image-preview":"max-image-preview:large","max-video-preview":"max-video-preview:-1"},"canonical":"https:\/\/tunisia-savory.com\/ar\/product\/roules-danchois-capres-fruits-secs\/","og_locale":"ar_AR","og_type":"article","og_title":"Roul\u00e9s d\u2019Anchois C\u00e2pres & Fruits Secs | Tunisia Savory","og_description":"Roul\u00e9s d\u2019anchois garnis de c\u00e2pres et fruits secs, une sp\u00e9cialit\u00e9 m\u00e9diterran\u00e9enne savoureuse id\u00e9ale pour ap\u00e9ritifs. Disponible en Tunisie.","og_url":"https:\/\/tunisia-savory.com\/ar\/product\/roules-danchois-capres-fruits-secs\/","og_site_name":"Tunisia-savory.com","article_publisher":"https:\/\/www.facebook.com\/profile.php?id=61584505435972","article_modified_time":"2026-05-04T19:58:26+00:00","og_image":[{"width":1024,"height":1024,"url":"https:\/\/tunisia-savory.com\/wp-content\/uploads\/2026\/05\/Gemini_Generated_Image_9c9pmn9c9pmn9c9p.png","type":"image\/png"}],"twitter_card":"summary_large_image","twitter_misc":{"\u0648\u0642\u062a \u0627\u0644\u0642\u0631\u0627\u0621\u0629 \u0627\u0644\u0645\u064f\u0642\u062f\u0651\u0631":"\u062f\u0642\u064a\u0642\u0629 \u0648\u0627\u062d\u062f\u0629"},"schema":{"@context":"https:\/\/schema.org","@graph":[{"@type":"WebPage","@id":"https:\/\/tunisia-savory.com\/produit\/roules-danchois-capres-fruits-secs\/","url":"https:\/\/tunisia-savory.com\/produit\/roules-danchois-capres-fruits-secs\/","name":"Roul\u00e9s d\u2019Anchois C\u00e2pres & Fruits Secs | Tunisia Savory","isPartOf":{"@id":"https:\/\/tunisia-savory.com\/#website"},"primaryImageOfPage":{"@id":"https:\/\/tunisia-savory.com\/produit\/roules-danchois-capres-fruits-secs\/#primaryimage"},"image":{"@id":"https:\/\/tunisia-savory.com\/produit\/roules-danchois-capres-fruits-secs\/#primaryimage"},"thumbnailUrl":"https:\/\/tunisia-savory.com\/wp-content\/uploads\/2026\/05\/Gemini_Generated_Image_9c9pmn9c9pmn9c9p.png","datePublished":"2026-05-04T13:08:59+00:00","dateModified":"2026-05-04T19:58:26+00:00","description":"Roul\u00e9s d\u2019anchois garnis de c\u00e2pres et fruits secs, une sp\u00e9cialit\u00e9 m\u00e9diterran\u00e9enne savoureuse id\u00e9ale pour ap\u00e9ritifs. Disponible en Tunisie.","breadcrumb":{"@id":"https:\/\/tunisia-savory.com\/produit\/roules-danchois-capres-fruits-secs\/#breadcrumb"},"inLanguage":"ar","potentialAction":[{"@type":"ReadAction","target":["https:\/\/tunisia-savory.com\/produit\/roules-danchois-capres-fruits-secs\/"]}]},{"@type":"ImageObject","inLanguage":"ar","@id":"https:\/\/tunisia-savory.com\/produit\/roules-danchois-capres-fruits-secs\/#primaryimage","url":"https:\/\/tunisia-savory.com\/wp-content\/uploads\/2026\/05\/Gemini_Generated_Image_9c9pmn9c9pmn9c9p.png","contentUrl":"https:\/\/tunisia-savory.com\/wp-content\/uploads\/2026\/05\/Gemini_Generated_Image_9c9pmn9c9pmn9c9p.png","width":1024,"height":1024},{"@type":"BreadcrumbList","@id":"https:\/\/tunisia-savory.com\/produit\/roules-danchois-capres-fruits-secs\/#breadcrumb","itemListElement":[{"@type":"ListItem","position":1,"name":"Accueil","item":"https:\/\/tunisia-savory.com\/"},{"@type":"ListItem","position":2,"name":"Boutique","item":"https:\/\/tunisia-savory.com\/boutique-epicerie-tunisie\/"},{"@type":"ListItem","position":3,"name":"Roul\u00e9s d\u2019Anchois \u2013 C\u00e2pres &#038; Fruits Secs"}]},{"@type":"WebSite","@id":"https:\/\/tunisia-savory.com\/#website","url":"https:\/\/tunisia-savory.com\/","name":"Tunisia-savory.com","description":"Tunisia-savory.com","publisher":{"@id":"https:\/\/tunisia-savory.com\/#organization"},"potentialAction":[{"@type":"SearchAction","target":{"@type":"EntryPoint","urlTemplate":"https:\/\/tunisia-savory.com\/?s={search_term_string}"},"query-input":{"@type":"PropertyValueSpecification","valueRequired":true,"valueName":"search_term_string"}}],"inLanguage":"ar"},{"@type":"Organization","@id":"https:\/\/tunisia-savory.com\/#organization","name":"Tunisia-savory.com","url":"https:\/\/tunisia-savory.com\/","logo":{"@type":"ImageObject","inLanguage":"ar","@id":"https:\/\/tunisia-savory.com\/#\/schema\/logo\/image\/","url":"https:\/\/tunisia-savory.com\/wp-content\/uploads\/2026\/01\/logo-dark.png","contentUrl":"https:\/\/tunisia-savory.com\/wp-content\/uploads\/2026\/01\/logo-dark.png","width":552,"height":132,"caption":"Tunisia-savory.com"},"image":{"@id":"https:\/\/tunisia-savory.com\/#\/schema\/logo\/image\/"},"sameAs":["https:\/\/www.facebook.com\/profile.php?id=61584505435972","https:\/\/www.instagram.com\/tunisiasavory\/"]}]}},"_links":{"self":[{"href":"https:\/\/tunisia-savory.com\/ar\/wp-json\/wp\/v2\/product\/10089","targetHints":{"allow":["GET"]}}],"collection":[{"href":"https:\/\/tunisia-savory.com\/ar\/wp-json\/wp\/v2\/product"}],"about":[{"href":"https:\/\/tunisia-savory.com\/ar\/wp-json\/wp\/v2\/types\/product"}],"replies":[{"embeddable":true,"href":"https:\/\/tunisia-savory.com\/ar\/wp-json\/wp\/v2\/comments?post=10089"}],"version-history":[{"count":1,"href":"https:\/\/tunisia-savory.com\/ar\/wp-json\/wp\/v2\/product\/10089\/revisions"}],"predecessor-version":[{"id":10095,"href":"https:\/\/tunisia-savory.com\/ar\/wp-json\/wp\/v2\/product\/10089\/revisions\/10095"}],"wp:featuredmedia":[{"embeddable":true,"href":"https:\/\/tunisia-savory.com\/ar\/wp-json\/wp\/v2\/media\/10193"}],"wp:attachment":[{"href":"https:\/\/tunisia-savory.com\/ar\/wp-json\/wp\/v2\/media?parent=10089"}],"wp:term":[{"taxonomy":"product_brand","embeddable":true,"href":"https:\/\/tunisia-savory.com\/ar\/wp-json\/wp\/v2\/product_brand?post=10089"},{"taxonomy":"product_cat","embeddable":true,"href":"https:\/\/tunisia-savory.com\/ar\/wp-json\/wp\/v2\/product_cat?post=10089"},{"taxonomy":"product_tag","embeddable":true,"href":"https:\/\/tunisia-savory.com\/ar\/wp-json\/wp\/v2\/product_tag?post=10089"}],"curies":[{"name":"wp","href":"https:\/\/api.w.org\/{rel}","templated":true}]}}