{"id":10083,"date":"2026-05-04T12:59:32","date_gmt":"2026-05-04T12:59:32","guid":{"rendered":"https:\/\/tunisia-savory.com\/?post_type=product&#038;p=10083"},"modified":"2026-05-04T19:44:02","modified_gmt":"2026-05-04T19:44:02","slug":"filet-de-sardines-marinees","status":"publish","type":"product","link":"https:\/\/tunisia-savory.com\/ar\/product\/filet-de-sardines-marinees\/","title":{"rendered":"Filet de Sardines Marin\u00e9es"},"content":{"rendered":"<p>Savourez nos filets de sardines marin\u00e9es, pr\u00e9par\u00e9s avec soin pour garantir une texture tendre et un go\u00fbt authentique.<\/p>\n<p>\u2714 Produit riche en prot\u00e9ines<br \/>\n\u2714 Marinade savoureuse et \u00e9quilibr\u00e9e<br \/>\n\u2714 Id\u00e9al pour salades, sandwiches ou plats rapides<\/p>\n<p>Disponible en plusieurs formats pour plus de flexibilit\u00e9.<\/p>","protected":false},"excerpt":{"rendered":"<p>D\u00e9licieux filets de sardines marin\u00e9es, riches en go\u00fbt et pr\u00eats \u00e0 consommer. Disponibles en plusieurs formats pour s\u2019adapter \u00e0 vos besoins.<\/p>","protected":false},"featured_media":10191,"comment_status":"closed","ping_status":"closed","template":"","meta":[],"product_brand":[111],"product_cat":[390],"product_tag":[376,379,380,381,374,382],"class_list":{"0":"post-10083","1":"product","2":"type-product","3":"status-publish","4":"has-post-thumbnail","6":"product_brand-tunisiasavory","7":"product_cat-mer-tradition","8":"product_tag-conserve","9":"product_tag-filet-de-sardines","10":"product_tag-poisson-marine","11":"product_tag-produits-de-la-mer","12":"product_tag-sardines","13":"product_tag-tunisie","15":"first","16":"instock","17":"shipping-taxable","18":"purchasable","19":"product-type-variable"},"yoast_head":"<!-- This site is optimized with the Yoast SEO plugin v27.4 - https:\/\/yoast.com\/product\/yoast-seo-wordpress\/ -->\n<title>Filet de Sardines Marin\u00e9es | Acheter en ligne en Tunisie - Tunisia-savory.com<\/title>\n<meta name=\"description\" content=\"Filets de sardines marin\u00e9es disponibles en 220g, 0.5kg et 1kg. Produit savoureux et riche en prot\u00e9ines au meilleur prix en Tunisie.\" \/>\n<meta name=\"robots\" content=\"index, follow, max-snippet:-1, max-image-preview:large, max-video-preview:-1\" \/>\n<link rel=\"canonical\" href=\"https:\/\/tunisia-savory.com\/ar\/product\/filet-de-sardines-marinees\/\" \/>\n<meta property=\"og:locale\" content=\"ar_AR\" \/>\n<meta property=\"og:type\" content=\"article\" \/>\n<meta property=\"og:title\" content=\"Filet de Sardines Marin\u00e9es | Acheter en ligne en Tunisie - Tunisia-savory.com\" \/>\n<meta property=\"og:description\" content=\"Filets de sardines marin\u00e9es disponibles en 220g, 0.5kg et 1kg. Produit savoureux et riche en prot\u00e9ines au meilleur prix en Tunisie.\" \/>\n<meta property=\"og:url\" content=\"https:\/\/tunisia-savory.com\/ar\/product\/filet-de-sardines-marinees\/\" \/>\n<meta property=\"og:site_name\" content=\"Tunisia-savory.com\" \/>\n<meta property=\"article:publisher\" content=\"https:\/\/www.facebook.com\/profile.php?id=61584505435972\" \/>\n<meta property=\"article:modified_time\" content=\"2026-05-04T19:44:02+00:00\" \/>\n<meta property=\"og:image\" content=\"https:\/\/tunisia-savory.com\/wp-content\/uploads\/2026\/05\/Gemini_Generated_Image_q558guq558guq558-1-800x800.png\" \/>\n\t<meta property=\"og:image:width\" content=\"800\" \/>\n\t<meta property=\"og:image:height\" content=\"800\" \/>\n\t<meta property=\"og:image:type\" content=\"image\/png\" \/>\n<meta name=\"twitter:card\" content=\"summary_large_image\" \/>\n<meta name=\"twitter:label1\" content=\"\u0648\u0642\u062a \u0627\u0644\u0642\u0631\u0627\u0621\u0629 \u0627\u0644\u0645\u064f\u0642\u062f\u0651\u0631\" \/>\n\t<meta name=\"twitter:data1\" content=\"\u062f\u0642\u064a\u0642\u0629 \u0648\u0627\u062d\u062f\u0629\" \/>\n<script type=\"application\/ld+json\" class=\"yoast-schema-graph\">{\"@context\":\"https:\\\/\\\/schema.org\",\"@graph\":[{\"@type\":\"WebPage\",\"@id\":\"https:\\\/\\\/tunisia-savory.com\\\/produit\\\/filet-de-sardines-marinees\\\/\",\"url\":\"https:\\\/\\\/tunisia-savory.com\\\/produit\\\/filet-de-sardines-marinees\\\/\",\"name\":\"Filet de Sardines Marin\u00e9es | Acheter en ligne en Tunisie - Tunisia-savory.com\",\"isPartOf\":{\"@id\":\"https:\\\/\\\/tunisia-savory.com\\\/#website\"},\"primaryImageOfPage\":{\"@id\":\"https:\\\/\\\/tunisia-savory.com\\\/produit\\\/filet-de-sardines-marinees\\\/#primaryimage\"},\"image\":{\"@id\":\"https:\\\/\\\/tunisia-savory.com\\\/produit\\\/filet-de-sardines-marinees\\\/#primaryimage\"},\"thumbnailUrl\":\"https:\\\/\\\/tunisia-savory.com\\\/wp-content\\\/uploads\\\/2026\\\/05\\\/Gemini_Generated_Image_q558guq558guq558-1.png\",\"datePublished\":\"2026-05-04T12:59:32+00:00\",\"dateModified\":\"2026-05-04T19:44:02+00:00\",\"description\":\"Filets de sardines marin\u00e9es disponibles en 220g, 0.5kg et 1kg. Produit savoureux et riche en prot\u00e9ines au meilleur prix en Tunisie.\",\"breadcrumb\":{\"@id\":\"https:\\\/\\\/tunisia-savory.com\\\/produit\\\/filet-de-sardines-marinees\\\/#breadcrumb\"},\"inLanguage\":\"ar\",\"potentialAction\":[{\"@type\":\"ReadAction\",\"target\":[\"https:\\\/\\\/tunisia-savory.com\\\/produit\\\/filet-de-sardines-marinees\\\/\"]}]},{\"@type\":\"ImageObject\",\"inLanguage\":\"ar\",\"@id\":\"https:\\\/\\\/tunisia-savory.com\\\/produit\\\/filet-de-sardines-marinees\\\/#primaryimage\",\"url\":\"https:\\\/\\\/tunisia-savory.com\\\/wp-content\\\/uploads\\\/2026\\\/05\\\/Gemini_Generated_Image_q558guq558guq558-1.png\",\"contentUrl\":\"https:\\\/\\\/tunisia-savory.com\\\/wp-content\\\/uploads\\\/2026\\\/05\\\/Gemini_Generated_Image_q558guq558guq558-1.png\",\"width\":1024,\"height\":1024},{\"@type\":\"BreadcrumbList\",\"@id\":\"https:\\\/\\\/tunisia-savory.com\\\/produit\\\/filet-de-sardines-marinees\\\/#breadcrumb\",\"itemListElement\":[{\"@type\":\"ListItem\",\"position\":1,\"name\":\"Accueil\",\"item\":\"https:\\\/\\\/tunisia-savory.com\\\/\"},{\"@type\":\"ListItem\",\"position\":2,\"name\":\"Boutique\",\"item\":\"https:\\\/\\\/tunisia-savory.com\\\/boutique-epicerie-tunisie\\\/\"},{\"@type\":\"ListItem\",\"position\":3,\"name\":\"Filet de Sardines Marin\u00e9es\"}]},{\"@type\":\"WebSite\",\"@id\":\"https:\\\/\\\/tunisia-savory.com\\\/#website\",\"url\":\"https:\\\/\\\/tunisia-savory.com\\\/\",\"name\":\"Tunisia-savory.com\",\"description\":\"Tunisia-savory.com\",\"publisher\":{\"@id\":\"https:\\\/\\\/tunisia-savory.com\\\/#organization\"},\"potentialAction\":[{\"@type\":\"SearchAction\",\"target\":{\"@type\":\"EntryPoint\",\"urlTemplate\":\"https:\\\/\\\/tunisia-savory.com\\\/?s={search_term_string}\"},\"query-input\":{\"@type\":\"PropertyValueSpecification\",\"valueRequired\":true,\"valueName\":\"search_term_string\"}}],\"inLanguage\":\"ar\"},{\"@type\":\"Organization\",\"@id\":\"https:\\\/\\\/tunisia-savory.com\\\/#organization\",\"name\":\"Tunisia-savory.com\",\"url\":\"https:\\\/\\\/tunisia-savory.com\\\/\",\"logo\":{\"@type\":\"ImageObject\",\"inLanguage\":\"ar\",\"@id\":\"https:\\\/\\\/tunisia-savory.com\\\/#\\\/schema\\\/logo\\\/image\\\/\",\"url\":\"https:\\\/\\\/tunisia-savory.com\\\/wp-content\\\/uploads\\\/2026\\\/01\\\/logo-dark.png\",\"contentUrl\":\"https:\\\/\\\/tunisia-savory.com\\\/wp-content\\\/uploads\\\/2026\\\/01\\\/logo-dark.png\",\"width\":552,\"height\":132,\"caption\":\"Tunisia-savory.com\"},\"image\":{\"@id\":\"https:\\\/\\\/tunisia-savory.com\\\/#\\\/schema\\\/logo\\\/image\\\/\"},\"sameAs\":[\"https:\\\/\\\/www.facebook.com\\\/profile.php?id=61584505435972\",\"https:\\\/\\\/www.instagram.com\\\/tunisiasavory\\\/\"]}]}<\/script>\n<!-- \/ Yoast SEO plugin. -->","yoast_head_json":{"title":"Filet de Sardines Marin\u00e9es | Acheter en ligne en Tunisie - Tunisia-savory.com","description":"Filets de sardines marin\u00e9es disponibles en 220g, 0.5kg et 1kg. Produit savoureux et riche en prot\u00e9ines au meilleur prix en Tunisie.","robots":{"index":"index","follow":"follow","max-snippet":"max-snippet:-1","max-image-preview":"max-image-preview:large","max-video-preview":"max-video-preview:-1"},"canonical":"https:\/\/tunisia-savory.com\/ar\/product\/filet-de-sardines-marinees\/","og_locale":"ar_AR","og_type":"article","og_title":"Filet de Sardines Marin\u00e9es | Acheter en ligne en Tunisie - Tunisia-savory.com","og_description":"Filets de sardines marin\u00e9es disponibles en 220g, 0.5kg et 1kg. Produit savoureux et riche en prot\u00e9ines au meilleur prix en Tunisie.","og_url":"https:\/\/tunisia-savory.com\/ar\/product\/filet-de-sardines-marinees\/","og_site_name":"Tunisia-savory.com","article_publisher":"https:\/\/www.facebook.com\/profile.php?id=61584505435972","article_modified_time":"2026-05-04T19:44:02+00:00","og_image":[{"width":800,"height":800,"url":"https:\/\/tunisia-savory.com\/wp-content\/uploads\/2026\/05\/Gemini_Generated_Image_q558guq558guq558-1-800x800.png","type":"image\/png"}],"twitter_card":"summary_large_image","twitter_misc":{"\u0648\u0642\u062a \u0627\u0644\u0642\u0631\u0627\u0621\u0629 \u0627\u0644\u0645\u064f\u0642\u062f\u0651\u0631":"\u062f\u0642\u064a\u0642\u0629 \u0648\u0627\u062d\u062f\u0629"},"schema":{"@context":"https:\/\/schema.org","@graph":[{"@type":"WebPage","@id":"https:\/\/tunisia-savory.com\/produit\/filet-de-sardines-marinees\/","url":"https:\/\/tunisia-savory.com\/produit\/filet-de-sardines-marinees\/","name":"Filet de Sardines Marin\u00e9es | Acheter en ligne en Tunisie - Tunisia-savory.com","isPartOf":{"@id":"https:\/\/tunisia-savory.com\/#website"},"primaryImageOfPage":{"@id":"https:\/\/tunisia-savory.com\/produit\/filet-de-sardines-marinees\/#primaryimage"},"image":{"@id":"https:\/\/tunisia-savory.com\/produit\/filet-de-sardines-marinees\/#primaryimage"},"thumbnailUrl":"https:\/\/tunisia-savory.com\/wp-content\/uploads\/2026\/05\/Gemini_Generated_Image_q558guq558guq558-1.png","datePublished":"2026-05-04T12:59:32+00:00","dateModified":"2026-05-04T19:44:02+00:00","description":"Filets de sardines marin\u00e9es disponibles en 220g, 0.5kg et 1kg. Produit savoureux et riche en prot\u00e9ines au meilleur prix en Tunisie.","breadcrumb":{"@id":"https:\/\/tunisia-savory.com\/produit\/filet-de-sardines-marinees\/#breadcrumb"},"inLanguage":"ar","potentialAction":[{"@type":"ReadAction","target":["https:\/\/tunisia-savory.com\/produit\/filet-de-sardines-marinees\/"]}]},{"@type":"ImageObject","inLanguage":"ar","@id":"https:\/\/tunisia-savory.com\/produit\/filet-de-sardines-marinees\/#primaryimage","url":"https:\/\/tunisia-savory.com\/wp-content\/uploads\/2026\/05\/Gemini_Generated_Image_q558guq558guq558-1.png","contentUrl":"https:\/\/tunisia-savory.com\/wp-content\/uploads\/2026\/05\/Gemini_Generated_Image_q558guq558guq558-1.png","width":1024,"height":1024},{"@type":"BreadcrumbList","@id":"https:\/\/tunisia-savory.com\/produit\/filet-de-sardines-marinees\/#breadcrumb","itemListElement":[{"@type":"ListItem","position":1,"name":"Accueil","item":"https:\/\/tunisia-savory.com\/"},{"@type":"ListItem","position":2,"name":"Boutique","item":"https:\/\/tunisia-savory.com\/boutique-epicerie-tunisie\/"},{"@type":"ListItem","position":3,"name":"Filet de Sardines Marin\u00e9es"}]},{"@type":"WebSite","@id":"https:\/\/tunisia-savory.com\/#website","url":"https:\/\/tunisia-savory.com\/","name":"Tunisia-savory.com","description":"Tunisia-savory.com","publisher":{"@id":"https:\/\/tunisia-savory.com\/#organization"},"potentialAction":[{"@type":"SearchAction","target":{"@type":"EntryPoint","urlTemplate":"https:\/\/tunisia-savory.com\/?s={search_term_string}"},"query-input":{"@type":"PropertyValueSpecification","valueRequired":true,"valueName":"search_term_string"}}],"inLanguage":"ar"},{"@type":"Organization","@id":"https:\/\/tunisia-savory.com\/#organization","name":"Tunisia-savory.com","url":"https:\/\/tunisia-savory.com\/","logo":{"@type":"ImageObject","inLanguage":"ar","@id":"https:\/\/tunisia-savory.com\/#\/schema\/logo\/image\/","url":"https:\/\/tunisia-savory.com\/wp-content\/uploads\/2026\/01\/logo-dark.png","contentUrl":"https:\/\/tunisia-savory.com\/wp-content\/uploads\/2026\/01\/logo-dark.png","width":552,"height":132,"caption":"Tunisia-savory.com"},"image":{"@id":"https:\/\/tunisia-savory.com\/#\/schema\/logo\/image\/"},"sameAs":["https:\/\/www.facebook.com\/profile.php?id=61584505435972","https:\/\/www.instagram.com\/tunisiasavory\/"]}]}},"_links":{"self":[{"href":"https:\/\/tunisia-savory.com\/ar\/wp-json\/wp\/v2\/product\/10083","targetHints":{"allow":["GET"]}}],"collection":[{"href":"https:\/\/tunisia-savory.com\/ar\/wp-json\/wp\/v2\/product"}],"about":[{"href":"https:\/\/tunisia-savory.com\/ar\/wp-json\/wp\/v2\/types\/product"}],"replies":[{"embeddable":true,"href":"https:\/\/tunisia-savory.com\/ar\/wp-json\/wp\/v2\/comments?post=10083"}],"version-history":[{"count":2,"href":"https:\/\/tunisia-savory.com\/ar\/wp-json\/wp\/v2\/product\/10083\/revisions"}],"predecessor-version":[{"id":10090,"href":"https:\/\/tunisia-savory.com\/ar\/wp-json\/wp\/v2\/product\/10083\/revisions\/10090"}],"wp:featuredmedia":[{"embeddable":true,"href":"https:\/\/tunisia-savory.com\/ar\/wp-json\/wp\/v2\/media\/10191"}],"wp:attachment":[{"href":"https:\/\/tunisia-savory.com\/ar\/wp-json\/wp\/v2\/media?parent=10083"}],"wp:term":[{"taxonomy":"product_brand","embeddable":true,"href":"https:\/\/tunisia-savory.com\/ar\/wp-json\/wp\/v2\/product_brand?post=10083"},{"taxonomy":"product_cat","embeddable":true,"href":"https:\/\/tunisia-savory.com\/ar\/wp-json\/wp\/v2\/product_cat?post=10083"},{"taxonomy":"product_tag","embeddable":true,"href":"https:\/\/tunisia-savory.com\/ar\/wp-json\/wp\/v2\/product_tag?post=10083"}],"curies":[{"name":"wp","href":"https:\/\/api.w.org\/{rel}","templated":true}]}}