{"id":6039,"date":"2025-12-13T21:38:56","date_gmt":"2025-12-13T21:38:56","guid":{"rendered":"https:\/\/tunisia-savory.com\/?page_id=6039"},"modified":"2026-04-26T13:37:47","modified_gmt":"2026-04-26T13:37:47","slug":"avis-des-clients","status":"publish","type":"page","link":"https:\/\/tunisia-savory.com\/ar\/avis-des-clients\/","title":{"rendered":"\u0622\u0631\u0627\u0621 \u0627\u0644\u0639\u0645\u0644\u0627\u0621"},"content":{"rendered":"<div data-elementor-type=\"wp-page\" data-elementor-id=\"6039\" class=\"elementor elementor-6039\">\n\t\t\t\t<div class=\"wd-negative-gap elementor-element elementor-element-1dd31a7 e-flex e-con-boxed e-con e-parent\" data-id=\"1dd31a7\" data-element_type=\"container\" data-e-type=\"container\">\n\t\t\t\t\t<div class=\"e-con-inner\">\n\t\t<div class=\"elementor-element elementor-element-d29eb0d e-con-full e-flex e-con e-child\" data-id=\"d29eb0d\" data-element_type=\"container\" data-e-type=\"container\">\n\t\t\t\t<\/div>\n\t\t<div class=\"elementor-element elementor-element-43b3331 e-con-full e-flex e-con e-child\" data-id=\"43b3331\" data-element_type=\"container\" data-e-type=\"container\">\n\t\t\t\t<div class=\"elementor-element elementor-element-4cb55f9 wd-width-100 elementor-widget elementor-widget-wd_video\" data-id=\"4cb55f9\" data-element_type=\"widget\" data-e-type=\"widget\" data-widget_type=\"wd_video.default\">\n\t\t\t\t<div class=\"elementor-widget-container\">\n\t\t\t\t\t\n\t\t<div class=\"wd-el-video wd-action-without wd-video-hosted\">\n\t\t\t\t\t\t\t<video src=\"http:\/\/tunisia-savory.com\/wp-content\/uploads\/2025\/12\/tesyt-111.mp4\" playsinline loop muted controls autoplay><\/video>\t\t\t\n\t\t\t\n\t\t\t\n\t\t\t\t\t<\/div>\n\t\t\t\t\t\t<\/div>\n\t\t\t\t<\/div>\n\t\t\t\t<div class=\"elementor-element elementor-element-81aa3c3 elementor-widget elementor-widget-spacer\" data-id=\"81aa3c3\" data-element_type=\"widget\" data-e-type=\"widget\" data-widget_type=\"spacer.default\">\n\t\t\t\t\t\t\t<div class=\"elementor-spacer\">\n\t\t\t<div class=\"elementor-spacer-inner\"><\/div>\n\t\t<\/div>\n\t\t\t\t\t\t<\/div>\n\t\t\t\t<\/div>\n\t\t<div class=\"elementor-element elementor-element-fa55f4d e-con-full e-flex e-con e-child\" data-id=\"fa55f4d\" data-element_type=\"container\" data-e-type=\"container\">\n\t\t\t\t<\/div>\n\t\t\t\t\t<\/div>\n\t\t\t\t<\/div>\n\t\t<div class=\"wd-negative-gap elementor-element elementor-element-7fc8e4c e-flex e-con-boxed e-con e-parent\" data-id=\"7fc8e4c\" data-element_type=\"container\" data-e-type=\"container\">\n\t\t\t\t\t<div class=\"e-con-inner\">\n\t\t\t\t<div class=\"elementor-element elementor-element-9831350 elementor-widget elementor-widget-image-gallery\" data-id=\"9831350\" data-element_type=\"widget\" data-e-type=\"widget\" data-widget_type=\"image-gallery.default\">\n\t\t\t\t\t\t\t<div class=\"elementor-image-gallery\">\n\t\t\t\n\t\t<style type=\"text\/css\">\n\t\t\t#gallery-1 {\n\t\t\t\tmargin: auto;\n\t\t\t}\n\t\t\t#gallery-1 .gallery-item {\n\t\t\t\tfloat: right;\n\t\t\t\tmargin-top: 10px;\n\t\t\t\ttext-align: center;\n\t\t\t\twidth: 33%;\n\t\t\t}\n\t\t\t#gallery-1 img {\n\t\t\t\tborder: 2px solid #cfcfcf;\n\t\t\t}\n\t\t\t#gallery-1 .gallery-caption {\n\t\t\t\tmargin-left: 0;\n\t\t\t}\n\t\t\t\/* see gallery_shortcode() in wp-includes\/media.php *\/\n\t\t<\/style>\n\t\t<div id='gallery-1' class='gallery galleryid-6039 gallery-columns-3 gallery-size-full'><dl class='gallery-item'>\n\t\t\t<dt class='gallery-icon landscape'>\n\t\t\t\t<a data-elementor-open-lightbox=\"yes\" data-elementor-lightbox-slideshow=\"9831350\" data-elementor-lightbox-title=\"3\" data-e-action-hash=\"#elementor-action%3Aaction%3Dlightbox%26settings%3DeyJpZCI6NjA1OCwidXJsIjoiaHR0cHM6XC9cL3R1bmlzaWEtc2F2b3J5LmNvbVwvd3AtY29udGVudFwvdXBsb2Fkc1wvMjAyNVwvMTJcLzMtMS5wbmciLCJzbGlkZXNob3ciOiI5ODMxMzUwIn0%3D\" href='https:\/\/tunisia-savory.com\/wp-content\/uploads\/2025\/12\/3-1.png'><img loading=\"lazy\" decoding=\"async\" width=\"1000\" height=\"750\" src=\"https:\/\/tunisia-savory.com\/wp-content\/uploads\/2025\/12\/3-1.png\" class=\"attachment-full size-full\" alt=\"\" srcset=\"https:\/\/tunisia-savory.com\/wp-content\/uploads\/2025\/12\/3-1.png 1000w, https:\/\/tunisia-savory.com\/wp-content\/uploads\/2025\/12\/3-1-400x300.png 400w, https:\/\/tunisia-savory.com\/wp-content\/uploads\/2025\/12\/3-1-768x576.png 768w, https:\/\/tunisia-savory.com\/wp-content\/uploads\/2025\/12\/3-1-600x450.png 600w, https:\/\/tunisia-savory.com\/wp-content\/uploads\/2025\/12\/3-1-213x160.png 213w, https:\/\/tunisia-savory.com\/wp-content\/uploads\/2025\/12\/3-1-430x323.png 430w, https:\/\/tunisia-savory.com\/wp-content\/uploads\/2025\/12\/3-1-700x525.png 700w, https:\/\/tunisia-savory.com\/wp-content\/uploads\/2025\/12\/3-1-150x113.png 150w\" sizes=\"auto, (max-width: 1000px) 100vw, 1000px\" \/><\/a>\n\t\t\t<\/dt><\/dl><dl class='gallery-item'>\n\t\t\t<dt class='gallery-icon landscape'>\n\t\t\t\t<a data-elementor-open-lightbox=\"yes\" data-elementor-lightbox-slideshow=\"9831350\" data-elementor-lightbox-title=\"2\" data-e-action-hash=\"#elementor-action%3Aaction%3Dlightbox%26settings%3DeyJpZCI6NjA1NywidXJsIjoiaHR0cHM6XC9cL3R1bmlzaWEtc2F2b3J5LmNvbVwvd3AtY29udGVudFwvdXBsb2Fkc1wvMjAyNVwvMTJcLzItMS5wbmciLCJzbGlkZXNob3ciOiI5ODMxMzUwIn0%3D\" href='https:\/\/tunisia-savory.com\/wp-content\/uploads\/2025\/12\/2-1.png'><img loading=\"lazy\" decoding=\"async\" width=\"1000\" height=\"750\" src=\"https:\/\/tunisia-savory.com\/wp-content\/uploads\/2025\/12\/2-1.png\" class=\"attachment-full size-full\" alt=\"\" srcset=\"https:\/\/tunisia-savory.com\/wp-content\/uploads\/2025\/12\/2-1.png 1000w, https:\/\/tunisia-savory.com\/wp-content\/uploads\/2025\/12\/2-1-400x300.png 400w, https:\/\/tunisia-savory.com\/wp-content\/uploads\/2025\/12\/2-1-768x576.png 768w, https:\/\/tunisia-savory.com\/wp-content\/uploads\/2025\/12\/2-1-600x450.png 600w, https:\/\/tunisia-savory.com\/wp-content\/uploads\/2025\/12\/2-1-213x160.png 213w, https:\/\/tunisia-savory.com\/wp-content\/uploads\/2025\/12\/2-1-430x323.png 430w, https:\/\/tunisia-savory.com\/wp-content\/uploads\/2025\/12\/2-1-700x525.png 700w, https:\/\/tunisia-savory.com\/wp-content\/uploads\/2025\/12\/2-1-150x113.png 150w\" sizes=\"auto, (max-width: 1000px) 100vw, 1000px\" \/><\/a>\n\t\t\t<\/dt><\/dl><dl class='gallery-item'>\n\t\t\t<dt class='gallery-icon landscape'>\n\t\t\t\t<a data-elementor-open-lightbox=\"yes\" data-elementor-lightbox-slideshow=\"9831350\" data-elementor-lightbox-title=\"1\" data-e-action-hash=\"#elementor-action%3Aaction%3Dlightbox%26settings%3DeyJpZCI6NjA1NiwidXJsIjoiaHR0cHM6XC9cL3R1bmlzaWEtc2F2b3J5LmNvbVwvd3AtY29udGVudFwvdXBsb2Fkc1wvMjAyNVwvMTJcLzEtMS5wbmciLCJzbGlkZXNob3ciOiI5ODMxMzUwIn0%3D\" href='https:\/\/tunisia-savory.com\/wp-content\/uploads\/2025\/12\/1-1.png'><img loading=\"lazy\" decoding=\"async\" width=\"1000\" height=\"750\" src=\"https:\/\/tunisia-savory.com\/wp-content\/uploads\/2025\/12\/1-1.png\" class=\"attachment-full size-full\" alt=\"\" srcset=\"https:\/\/tunisia-savory.com\/wp-content\/uploads\/2025\/12\/1-1.png 1000w, https:\/\/tunisia-savory.com\/wp-content\/uploads\/2025\/12\/1-1-400x300.png 400w, https:\/\/tunisia-savory.com\/wp-content\/uploads\/2025\/12\/1-1-768x576.png 768w, https:\/\/tunisia-savory.com\/wp-content\/uploads\/2025\/12\/1-1-600x450.png 600w, https:\/\/tunisia-savory.com\/wp-content\/uploads\/2025\/12\/1-1-213x160.png 213w, https:\/\/tunisia-savory.com\/wp-content\/uploads\/2025\/12\/1-1-430x323.png 430w, https:\/\/tunisia-savory.com\/wp-content\/uploads\/2025\/12\/1-1-700x525.png 700w, https:\/\/tunisia-savory.com\/wp-content\/uploads\/2025\/12\/1-1-150x113.png 150w\" sizes=\"auto, (max-width: 1000px) 100vw, 1000px\" \/><\/a>\n\t\t\t<\/dt><\/dl><br style=\"clear: both\" \/><dl class='gallery-item'>\n\t\t\t<dt class='gallery-icon landscape'>\n\t\t\t\t<a data-elementor-open-lightbox=\"yes\" data-elementor-lightbox-slideshow=\"9831350\" data-elementor-lightbox-title=\"4\" data-e-action-hash=\"#elementor-action%3Aaction%3Dlightbox%26settings%3DeyJpZCI6NjA1OSwidXJsIjoiaHR0cHM6XC9cL3R1bmlzaWEtc2F2b3J5LmNvbVwvd3AtY29udGVudFwvdXBsb2Fkc1wvMjAyNVwvMTJcLzQtMS5wbmciLCJzbGlkZXNob3ciOiI5ODMxMzUwIn0%3D\" href='https:\/\/tunisia-savory.com\/wp-content\/uploads\/2025\/12\/4-1.png'><img loading=\"lazy\" decoding=\"async\" width=\"1000\" height=\"750\" src=\"https:\/\/tunisia-savory.com\/wp-content\/uploads\/2025\/12\/4-1.png\" class=\"attachment-full size-full\" alt=\"\" srcset=\"https:\/\/tunisia-savory.com\/wp-content\/uploads\/2025\/12\/4-1.png 1000w, https:\/\/tunisia-savory.com\/wp-content\/uploads\/2025\/12\/4-1-400x300.png 400w, https:\/\/tunisia-savory.com\/wp-content\/uploads\/2025\/12\/4-1-768x576.png 768w, https:\/\/tunisia-savory.com\/wp-content\/uploads\/2025\/12\/4-1-600x450.png 600w, https:\/\/tunisia-savory.com\/wp-content\/uploads\/2025\/12\/4-1-213x160.png 213w, https:\/\/tunisia-savory.com\/wp-content\/uploads\/2025\/12\/4-1-430x323.png 430w, https:\/\/tunisia-savory.com\/wp-content\/uploads\/2025\/12\/4-1-700x525.png 700w, https:\/\/tunisia-savory.com\/wp-content\/uploads\/2025\/12\/4-1-150x113.png 150w\" sizes=\"auto, (max-width: 1000px) 100vw, 1000px\" \/><\/a>\n\t\t\t<\/dt><\/dl><dl class='gallery-item'>\n\t\t\t<dt class='gallery-icon landscape'>\n\t\t\t\t<a data-elementor-open-lightbox=\"yes\" data-elementor-lightbox-slideshow=\"9831350\" data-elementor-lightbox-title=\"5\" data-e-action-hash=\"#elementor-action%3Aaction%3Dlightbox%26settings%3DeyJpZCI6NjA2MCwidXJsIjoiaHR0cHM6XC9cL3R1bmlzaWEtc2F2b3J5LmNvbVwvd3AtY29udGVudFwvdXBsb2Fkc1wvMjAyNVwvMTJcLzUtMS5wbmciLCJzbGlkZXNob3ciOiI5ODMxMzUwIn0%3D\" href='https:\/\/tunisia-savory.com\/wp-content\/uploads\/2025\/12\/5-1.png'><img loading=\"lazy\" decoding=\"async\" width=\"1000\" height=\"750\" src=\"https:\/\/tunisia-savory.com\/wp-content\/uploads\/2025\/12\/5-1.png\" class=\"attachment-full size-full\" alt=\"\" srcset=\"https:\/\/tunisia-savory.com\/wp-content\/uploads\/2025\/12\/5-1.png 1000w, https:\/\/tunisia-savory.com\/wp-content\/uploads\/2025\/12\/5-1-400x300.png 400w, https:\/\/tunisia-savory.com\/wp-content\/uploads\/2025\/12\/5-1-768x576.png 768w, https:\/\/tunisia-savory.com\/wp-content\/uploads\/2025\/12\/5-1-600x450.png 600w, https:\/\/tunisia-savory.com\/wp-content\/uploads\/2025\/12\/5-1-213x160.png 213w, https:\/\/tunisia-savory.com\/wp-content\/uploads\/2025\/12\/5-1-430x323.png 430w, https:\/\/tunisia-savory.com\/wp-content\/uploads\/2025\/12\/5-1-700x525.png 700w, https:\/\/tunisia-savory.com\/wp-content\/uploads\/2025\/12\/5-1-150x113.png 150w\" sizes=\"auto, (max-width: 1000px) 100vw, 1000px\" \/><\/a>\n\t\t\t<\/dt><\/dl><dl class='gallery-item'>\n\t\t\t<dt class='gallery-icon landscape'>\n\t\t\t\t<a data-elementor-open-lightbox=\"yes\" data-elementor-lightbox-slideshow=\"9831350\" data-elementor-lightbox-title=\"6\" data-e-action-hash=\"#elementor-action%3Aaction%3Dlightbox%26settings%3DeyJpZCI6NjA2MSwidXJsIjoiaHR0cHM6XC9cL3R1bmlzaWEtc2F2b3J5LmNvbVwvd3AtY29udGVudFwvdXBsb2Fkc1wvMjAyNVwvMTJcLzYtMS5wbmciLCJzbGlkZXNob3ciOiI5ODMxMzUwIn0%3D\" href='https:\/\/tunisia-savory.com\/wp-content\/uploads\/2025\/12\/6-1.png'><img loading=\"lazy\" decoding=\"async\" width=\"1000\" height=\"750\" src=\"https:\/\/tunisia-savory.com\/wp-content\/uploads\/2025\/12\/6-1.png\" class=\"attachment-full size-full\" alt=\"\" srcset=\"https:\/\/tunisia-savory.com\/wp-content\/uploads\/2025\/12\/6-1.png 1000w, https:\/\/tunisia-savory.com\/wp-content\/uploads\/2025\/12\/6-1-400x300.png 400w, https:\/\/tunisia-savory.com\/wp-content\/uploads\/2025\/12\/6-1-768x576.png 768w, https:\/\/tunisia-savory.com\/wp-content\/uploads\/2025\/12\/6-1-600x450.png 600w, https:\/\/tunisia-savory.com\/wp-content\/uploads\/2025\/12\/6-1-213x160.png 213w, https:\/\/tunisia-savory.com\/wp-content\/uploads\/2025\/12\/6-1-430x323.png 430w, https:\/\/tunisia-savory.com\/wp-content\/uploads\/2025\/12\/6-1-700x525.png 700w, https:\/\/tunisia-savory.com\/wp-content\/uploads\/2025\/12\/6-1-150x113.png 150w\" sizes=\"auto, (max-width: 1000px) 100vw, 1000px\" \/><\/a>\n\t\t\t<\/dt><\/dl><br style=\"clear: both\" \/>\n\t\t<\/div>\n\t\t<\/div>\n\t\t\t\t\t\t<\/div>\n\t\t\t\t\t<\/div>\n\t\t\t\t<\/div>\n\t\t\t\t<\/div>","protected":false},"excerpt":{"rendered":"","protected":false},"author":1,"featured_media":0,"parent":0,"menu_order":0,"comment_status":"closed","ping_status":"closed","template":"","meta":{"footnotes":""},"class_list":["post-6039","page","type-page","status-publish","hentry"],"yoast_head":"<!-- This site is optimized with the Yoast SEO plugin v27.4 - https:\/\/yoast.com\/product\/yoast-seo-wordpress\/ -->\n<title>Avis Clients Tunisia Savory | Ce que Disent nos Acheteurs<\/title>\n<meta name=\"description\" content=\"Lisez les avis authentiques de nos clients sur Tunisia Savory. Des produits artisanaux appr\u00e9ci\u00e9s pour leur qualit\u00e9 et leur authenticit\u00e9.\" \/>\n<meta name=\"robots\" content=\"index, follow, max-snippet:-1, max-image-preview:large, max-video-preview:-1\" \/>\n<link rel=\"canonical\" href=\"https:\/\/tunisia-savory.com\/ar\/avis-des-clients\/\" \/>\n<meta property=\"og:locale\" content=\"ar_AR\" \/>\n<meta property=\"og:type\" content=\"article\" \/>\n<meta property=\"og:title\" content=\"Avis Clients Tunisia Savory | Ce que Disent nos Acheteurs\" \/>\n<meta property=\"og:description\" content=\"Lisez les avis authentiques de nos clients sur Tunisia Savory. Des produits artisanaux appr\u00e9ci\u00e9s pour leur qualit\u00e9 et leur authenticit\u00e9.\" \/>\n<meta property=\"og:url\" content=\"https:\/\/tunisia-savory.com\/ar\/avis-des-clients\/\" \/>\n<meta property=\"og:site_name\" content=\"Tunisia-savory.com\" \/>\n<meta property=\"article:publisher\" content=\"https:\/\/www.facebook.com\/profile.php?id=61584505435972\" \/>\n<meta property=\"article:modified_time\" content=\"2026-04-26T13:37:47+00:00\" \/>\n<meta property=\"og:image\" content=\"http:\/\/tunisia-savory.com\/wp-content\/uploads\/2025\/12\/3-1.png\" \/>\n<meta name=\"twitter:card\" content=\"summary_large_image\" \/>\n<meta name=\"twitter:label1\" content=\"\u0648\u0642\u062a \u0627\u0644\u0642\u0631\u0627\u0621\u0629 \u0627\u0644\u0645\u064f\u0642\u062f\u0651\u0631\" \/>\n\t<meta name=\"twitter:data1\" content=\"\u062f\u0642\u064a\u0642\u062a\u0627\u0646\" \/>\n<script type=\"application\/ld+json\" class=\"yoast-schema-graph\">{\"@context\":\"https:\\\/\\\/schema.org\",\"@graph\":[{\"@type\":\"WebPage\",\"@id\":\"https:\\\/\\\/tunisia-savory.com\\\/avis-des-clients\\\/\",\"url\":\"https:\\\/\\\/tunisia-savory.com\\\/avis-des-clients\\\/\",\"name\":\"Avis Clients Tunisia Savory | Ce que Disent nos Acheteurs\",\"isPartOf\":{\"@id\":\"https:\\\/\\\/tunisia-savory.com\\\/#website\"},\"primaryImageOfPage\":{\"@id\":\"https:\\\/\\\/tunisia-savory.com\\\/avis-des-clients\\\/#primaryimage\"},\"image\":{\"@id\":\"https:\\\/\\\/tunisia-savory.com\\\/avis-des-clients\\\/#primaryimage\"},\"thumbnailUrl\":\"http:\\\/\\\/tunisia-savory.com\\\/wp-content\\\/uploads\\\/2025\\\/12\\\/3-1.png\",\"datePublished\":\"2025-12-13T21:38:56+00:00\",\"dateModified\":\"2026-04-26T13:37:47+00:00\",\"description\":\"Lisez les avis authentiques de nos clients sur Tunisia Savory. Des produits artisanaux appr\u00e9ci\u00e9s pour leur qualit\u00e9 et leur authenticit\u00e9.\",\"breadcrumb\":{\"@id\":\"https:\\\/\\\/tunisia-savory.com\\\/avis-des-clients\\\/#breadcrumb\"},\"inLanguage\":\"ar\",\"potentialAction\":[{\"@type\":\"ReadAction\",\"target\":[\"https:\\\/\\\/tunisia-savory.com\\\/avis-des-clients\\\/\"]}]},{\"@type\":\"ImageObject\",\"inLanguage\":\"ar\",\"@id\":\"https:\\\/\\\/tunisia-savory.com\\\/avis-des-clients\\\/#primaryimage\",\"url\":\"http:\\\/\\\/tunisia-savory.com\\\/wp-content\\\/uploads\\\/2025\\\/12\\\/3-1.png\",\"contentUrl\":\"http:\\\/\\\/tunisia-savory.com\\\/wp-content\\\/uploads\\\/2025\\\/12\\\/3-1.png\"},{\"@type\":\"BreadcrumbList\",\"@id\":\"https:\\\/\\\/tunisia-savory.com\\\/avis-des-clients\\\/#breadcrumb\",\"itemListElement\":[{\"@type\":\"ListItem\",\"position\":1,\"name\":\"Accueil\",\"item\":\"https:\\\/\\\/tunisia-savory.com\\\/\"},{\"@type\":\"ListItem\",\"position\":2,\"name\":\"Avis des Clients\"}]},{\"@type\":\"WebSite\",\"@id\":\"https:\\\/\\\/tunisia-savory.com\\\/#website\",\"url\":\"https:\\\/\\\/tunisia-savory.com\\\/\",\"name\":\"Tunisia-savory.com\",\"description\":\"Tunisia-savory.com\",\"publisher\":{\"@id\":\"https:\\\/\\\/tunisia-savory.com\\\/#organization\"},\"potentialAction\":[{\"@type\":\"SearchAction\",\"target\":{\"@type\":\"EntryPoint\",\"urlTemplate\":\"https:\\\/\\\/tunisia-savory.com\\\/?s={search_term_string}\"},\"query-input\":{\"@type\":\"PropertyValueSpecification\",\"valueRequired\":true,\"valueName\":\"search_term_string\"}}],\"inLanguage\":\"ar\"},{\"@type\":\"Organization\",\"@id\":\"https:\\\/\\\/tunisia-savory.com\\\/#organization\",\"name\":\"Tunisia-savory.com\",\"url\":\"https:\\\/\\\/tunisia-savory.com\\\/\",\"logo\":{\"@type\":\"ImageObject\",\"inLanguage\":\"ar\",\"@id\":\"https:\\\/\\\/tunisia-savory.com\\\/#\\\/schema\\\/logo\\\/image\\\/\",\"url\":\"https:\\\/\\\/tunisia-savory.com\\\/wp-content\\\/uploads\\\/2026\\\/01\\\/logo-dark.png\",\"contentUrl\":\"https:\\\/\\\/tunisia-savory.com\\\/wp-content\\\/uploads\\\/2026\\\/01\\\/logo-dark.png\",\"width\":552,\"height\":132,\"caption\":\"Tunisia-savory.com\"},\"image\":{\"@id\":\"https:\\\/\\\/tunisia-savory.com\\\/#\\\/schema\\\/logo\\\/image\\\/\"},\"sameAs\":[\"https:\\\/\\\/www.facebook.com\\\/profile.php?id=61584505435972\",\"https:\\\/\\\/www.instagram.com\\\/tunisiasavory\\\/\"]}]}<\/script>\n<!-- \/ Yoast SEO plugin. -->","yoast_head_json":{"title":"Avis Clients Tunisia Savory | Ce que Disent nos Acheteurs","description":"Lisez les avis authentiques de nos clients sur Tunisia Savory. Des produits artisanaux appr\u00e9ci\u00e9s pour leur qualit\u00e9 et leur authenticit\u00e9.","robots":{"index":"index","follow":"follow","max-snippet":"max-snippet:-1","max-image-preview":"max-image-preview:large","max-video-preview":"max-video-preview:-1"},"canonical":"https:\/\/tunisia-savory.com\/ar\/avis-des-clients\/","og_locale":"ar_AR","og_type":"article","og_title":"Avis Clients Tunisia Savory | Ce que Disent nos Acheteurs","og_description":"Lisez les avis authentiques de nos clients sur Tunisia Savory. Des produits artisanaux appr\u00e9ci\u00e9s pour leur qualit\u00e9 et leur authenticit\u00e9.","og_url":"https:\/\/tunisia-savory.com\/ar\/avis-des-clients\/","og_site_name":"Tunisia-savory.com","article_publisher":"https:\/\/www.facebook.com\/profile.php?id=61584505435972","article_modified_time":"2026-04-26T13:37:47+00:00","og_image":[{"url":"http:\/\/tunisia-savory.com\/wp-content\/uploads\/2025\/12\/3-1.png","type":"","width":"","height":""}],"twitter_card":"summary_large_image","twitter_misc":{"\u0648\u0642\u062a \u0627\u0644\u0642\u0631\u0627\u0621\u0629 \u0627\u0644\u0645\u064f\u0642\u062f\u0651\u0631":"\u062f\u0642\u064a\u0642\u062a\u0627\u0646"},"schema":{"@context":"https:\/\/schema.org","@graph":[{"@type":"WebPage","@id":"https:\/\/tunisia-savory.com\/avis-des-clients\/","url":"https:\/\/tunisia-savory.com\/avis-des-clients\/","name":"Avis Clients Tunisia Savory | Ce que Disent nos Acheteurs","isPartOf":{"@id":"https:\/\/tunisia-savory.com\/#website"},"primaryImageOfPage":{"@id":"https:\/\/tunisia-savory.com\/avis-des-clients\/#primaryimage"},"image":{"@id":"https:\/\/tunisia-savory.com\/avis-des-clients\/#primaryimage"},"thumbnailUrl":"http:\/\/tunisia-savory.com\/wp-content\/uploads\/2025\/12\/3-1.png","datePublished":"2025-12-13T21:38:56+00:00","dateModified":"2026-04-26T13:37:47+00:00","description":"Lisez les avis authentiques de nos clients sur Tunisia Savory. Des produits artisanaux appr\u00e9ci\u00e9s pour leur qualit\u00e9 et leur authenticit\u00e9.","breadcrumb":{"@id":"https:\/\/tunisia-savory.com\/avis-des-clients\/#breadcrumb"},"inLanguage":"ar","potentialAction":[{"@type":"ReadAction","target":["https:\/\/tunisia-savory.com\/avis-des-clients\/"]}]},{"@type":"ImageObject","inLanguage":"ar","@id":"https:\/\/tunisia-savory.com\/avis-des-clients\/#primaryimage","url":"http:\/\/tunisia-savory.com\/wp-content\/uploads\/2025\/12\/3-1.png","contentUrl":"http:\/\/tunisia-savory.com\/wp-content\/uploads\/2025\/12\/3-1.png"},{"@type":"BreadcrumbList","@id":"https:\/\/tunisia-savory.com\/avis-des-clients\/#breadcrumb","itemListElement":[{"@type":"ListItem","position":1,"name":"Accueil","item":"https:\/\/tunisia-savory.com\/"},{"@type":"ListItem","position":2,"name":"Avis des Clients"}]},{"@type":"WebSite","@id":"https:\/\/tunisia-savory.com\/#website","url":"https:\/\/tunisia-savory.com\/","name":"Tunisia-savory.com","description":"Tunisia-savory.com","publisher":{"@id":"https:\/\/tunisia-savory.com\/#organization"},"potentialAction":[{"@type":"SearchAction","target":{"@type":"EntryPoint","urlTemplate":"https:\/\/tunisia-savory.com\/?s={search_term_string}"},"query-input":{"@type":"PropertyValueSpecification","valueRequired":true,"valueName":"search_term_string"}}],"inLanguage":"ar"},{"@type":"Organization","@id":"https:\/\/tunisia-savory.com\/#organization","name":"Tunisia-savory.com","url":"https:\/\/tunisia-savory.com\/","logo":{"@type":"ImageObject","inLanguage":"ar","@id":"https:\/\/tunisia-savory.com\/#\/schema\/logo\/image\/","url":"https:\/\/tunisia-savory.com\/wp-content\/uploads\/2026\/01\/logo-dark.png","contentUrl":"https:\/\/tunisia-savory.com\/wp-content\/uploads\/2026\/01\/logo-dark.png","width":552,"height":132,"caption":"Tunisia-savory.com"},"image":{"@id":"https:\/\/tunisia-savory.com\/#\/schema\/logo\/image\/"},"sameAs":["https:\/\/www.facebook.com\/profile.php?id=61584505435972","https:\/\/www.instagram.com\/tunisiasavory\/"]}]}},"_links":{"self":[{"href":"https:\/\/tunisia-savory.com\/ar\/wp-json\/wp\/v2\/pages\/6039","targetHints":{"allow":["GET"]}}],"collection":[{"href":"https:\/\/tunisia-savory.com\/ar\/wp-json\/wp\/v2\/pages"}],"about":[{"href":"https:\/\/tunisia-savory.com\/ar\/wp-json\/wp\/v2\/types\/page"}],"author":[{"embeddable":true,"href":"https:\/\/tunisia-savory.com\/ar\/wp-json\/wp\/v2\/users\/1"}],"replies":[{"embeddable":true,"href":"https:\/\/tunisia-savory.com\/ar\/wp-json\/wp\/v2\/comments?post=6039"}],"version-history":[{"count":13,"href":"https:\/\/tunisia-savory.com\/ar\/wp-json\/wp\/v2\/pages\/6039\/revisions"}],"predecessor-version":[{"id":6067,"href":"https:\/\/tunisia-savory.com\/ar\/wp-json\/wp\/v2\/pages\/6039\/revisions\/6067"}],"wp:attachment":[{"href":"https:\/\/tunisia-savory.com\/ar\/wp-json\/wp\/v2\/media?parent=6039"}],"curies":[{"name":"wp","href":"https:\/\/api.w.org\/{rel}","templated":true}]}}